{"id":1012,"date":"2019-09-27T14:34:30","date_gmt":"2019-09-27T17:34:30","guid":{"rendered":"http:\/\/videira.ifc.edu.br\/fice\/?page_id=1012"},"modified":"2020-08-20T14:19:16","modified_gmt":"2020-08-20T17:19:16","slug":"anais","status":"publish","type":"page","link":"https:\/\/videira.ifc.edu.br\/fice\/edicoes-anteriores\/2019-8a-edicao\/anais\/","title":{"rendered":"Anais"},"content":{"rendered":"\n<h1 class=\"wp-block-heading\">Anais do Evento (ISSN \u2013 2317-9716)<\/h1>\n\n\n\n<p><strong>PROJETOS EXTENS\u00c3O CONCLU\u00cdDO<\/strong><\/p>\n\n\n\n<div class=\"wp-block-file\"><a href=\"https:\/\/videira.ifc.edu.br\/fice\/wp-content\/uploads\/sites\/27\/2019\/09\/1-Constru\u00e7\u00e3o-Impressora3D.pdf\">1-Constru\u00e7\u00e3o-Impressora3D<\/a><a href=\"https:\/\/videira.ifc.edu.br\/fice\/wp-content\/uploads\/sites\/27\/2019\/09\/1-Constru\u00e7\u00e3o-Impressora3D.pdf\" class=\"wp-block-file__button\" download><\/a><\/div>\n\n\n\n<div class=\"wp-block-file\"><a href=\"https:\/\/videira.ifc.edu.br\/fice\/wp-content\/uploads\/sites\/27\/2019\/09\/2-Horta-artesanato-e-jardinagem-como-terapia-no-CAPS.pdf\">2-Horta-artesanato-e-jardinagem-como-terapia-no-CAPS<\/a><a href=\"https:\/\/videira.ifc.edu.br\/fice\/wp-content\/uploads\/sites\/27\/2019\/09\/2-Horta-artesanato-e-jardinagem-como-terapia-no-CAPS.pdf\" class=\"wp-block-file__button\" download><\/a><\/div>\n\n\n\n<div class=\"wp-block-file\"><a href=\"https:\/\/videira.ifc.edu.br\/fice\/wp-content\/uploads\/sites\/27\/2019\/09\/3-Apoio-a-organiza\u00e7\u00e3o-da-gest\u00e3o-de-propriedades.pdf\">3-Apoio-a-organiza\u00e7\u00e3o-da-gest\u00e3o-de-propriedades<\/a><a href=\"https:\/\/videira.ifc.edu.br\/fice\/wp-content\/uploads\/sites\/27\/2019\/09\/3-Apoio-a-organiza\u00e7\u00e3o-da-gest\u00e3o-de-propriedades.pdf\" class=\"wp-block-file__button\" download><\/a><\/div>\n\n\n\n<div class=\"wp-block-file\"><a href=\"https:\/\/videira.ifc.edu.br\/fice\/wp-content\/uploads\/sites\/27\/2019\/09\/4-Reutiliza\u00e7\u00e3o-do-\u00f3leo-de-cozinha-para-a-fabrica\u00e7\u00e3o-de-sab\u00e3o-em-barra.pdf\">4-Reutiliza\u00e7\u00e3o-do-\u00f3leo-de-cozinha-para-a-fabrica\u00e7\u00e3o-de-sab\u00e3o-em-barra<\/a><a href=\"https:\/\/videira.ifc.edu.br\/fice\/wp-content\/uploads\/sites\/27\/2019\/09\/4-Reutiliza\u00e7\u00e3o-do-\u00f3leo-de-cozinha-para-a-fabrica\u00e7\u00e3o-de-sab\u00e3o-em-barra.pdf\" class=\"wp-block-file__button\" download><\/a><\/div>\n\n\n\n<div class=\"wp-block-file\"><a href=\"https:\/\/videira.ifc.edu.br\/fice\/wp-content\/uploads\/sites\/27\/2019\/09\/5-Chocadeira-de-baixo-custo.pdf\">5-Chocadeira-de-baixo-custo<\/a><a href=\"https:\/\/videira.ifc.edu.br\/fice\/wp-content\/uploads\/sites\/27\/2019\/09\/5-Chocadeira-de-baixo-custo.pdf\" class=\"wp-block-file__button\" download><\/a><\/div>\n\n\n\n<div class=\"wp-block-file\"><a href=\"https:\/\/videira.ifc.edu.br\/fice\/wp-content\/uploads\/sites\/27\/2019\/09\/6-Intervalo-Cultural.pdf\">6-Intervalo-Cultural<\/a><a href=\"https:\/\/videira.ifc.edu.br\/fice\/wp-content\/uploads\/sites\/27\/2019\/09\/6-Intervalo-Cultural.pdf\" class=\"wp-block-file__button\" download><\/a><\/div>\n\n\n\n<div class=\"wp-block-file\"><a href=\"https:\/\/videira.ifc.edu.br\/fice\/wp-content\/uploads\/sites\/27\/2019\/09\/7-Ensino-de-l\u00f3gica-e-programa\u00e7\u00e3o.pdf\">7-Ensino-de-l\u00f3gica-e-programa\u00e7\u00e3o<\/a><a href=\"https:\/\/videira.ifc.edu.br\/fice\/wp-content\/uploads\/sites\/27\/2019\/09\/7-Ensino-de-l\u00f3gica-e-programa\u00e7\u00e3o.pdf\" class=\"wp-block-file__button\" download><\/a><\/div>\n\n\n\n<div class=\"wp-block-file\"><a href=\"https:\/\/videira.ifc.edu.br\/fice\/wp-content\/uploads\/sites\/27\/2019\/09\/8-Manejo-de-florestas-plantadas.pdf\">8-Manejo-de-florestas-plantadas<\/a><a href=\"https:\/\/videira.ifc.edu.br\/fice\/wp-content\/uploads\/sites\/27\/2019\/09\/8-Manejo-de-florestas-plantadas.pdf\" class=\"wp-block-file__button\" download><\/a><\/div>\n\n\n\n<div class=\"wp-block-file\"><a href=\"https:\/\/videira.ifc.edu.br\/fice\/wp-content\/uploads\/sites\/27\/2019\/09\/9-Atividades-Culturais-no-IFC-Videira-Canto-Italiano-e-Infantil.pdf\">9-Atividades-Culturais-no-IFC-Videira-Canto-Italiano-e-Infantil<\/a><a href=\"https:\/\/videira.ifc.edu.br\/fice\/wp-content\/uploads\/sites\/27\/2019\/09\/9-Atividades-Culturais-no-IFC-Videira-Canto-Italiano-e-Infantil.pdf\" class=\"wp-block-file__button\" download><\/a><\/div>\n\n\n\n<div class=\"wp-block-file\"><a href=\"https:\/\/videira.ifc.edu.br\/fice\/wp-content\/uploads\/sites\/27\/2019\/09\/10-Olimpiada-Brasileira-de-Inform\u00e1tica-OBI-2018.pdf\">10-Olimpiada-Brasileira-de-Inform\u00e1tica-OBI-2018<\/a><a href=\"https:\/\/videira.ifc.edu.br\/fice\/wp-content\/uploads\/sites\/27\/2019\/09\/10-Olimpiada-Brasileira-de-Inform\u00e1tica-OBI-2018.pdf\" class=\"wp-block-file__button\" download><\/a><\/div>\n\n\n\n<div class=\"wp-block-file\"><a href=\"https:\/\/videira.ifc.edu.br\/fice\/wp-content\/uploads\/sites\/27\/2019\/09\/11-Horta-escolar-na-rede-p\u00fablica.pdf\">11-Horta-escolar-na-rede-p\u00fablica<\/a><a href=\"https:\/\/videira.ifc.edu.br\/fice\/wp-content\/uploads\/sites\/27\/2019\/09\/11-Horta-escolar-na-rede-p\u00fablica.pdf\" class=\"wp-block-file__button\" download><\/a><\/div>\n\n\n\n<div class=\"wp-block-file\"><a href=\"https:\/\/videira.ifc.edu.br\/fice\/wp-content\/uploads\/sites\/27\/2019\/09\/12-CTG-Herdeiros-do-Pago.pdf\">12-CTG-Herdeiros-do-Pago<\/a><a href=\"https:\/\/videira.ifc.edu.br\/fice\/wp-content\/uploads\/sites\/27\/2019\/09\/12-CTG-Herdeiros-do-Pago.pdf\" class=\"wp-block-file__button\" download><\/a><\/div>\n\n\n\n<div class=\"wp-block-file\"><a href=\"https:\/\/videira.ifc.edu.br\/fice\/wp-content\/uploads\/sites\/27\/2019\/09\/13-IFlosofia.pdf\">13-IFlosofia<\/a><a href=\"https:\/\/videira.ifc.edu.br\/fice\/wp-content\/uploads\/sites\/27\/2019\/09\/13-IFlosofia.pdf\" class=\"wp-block-file__button\" download><\/a><\/div>\n\n\n\n<div class=\"wp-block-file\"><a href=\"https:\/\/videira.ifc.edu.br\/fice\/wp-content\/uploads\/sites\/27\/2019\/09\/14-T\u00e9cnico-em-Agropecu\u00e1ria-na-Escola.pdf\">14-T\u00e9cnico-em-Agropecu\u00e1ria-na-Escola<\/a><a href=\"https:\/\/videira.ifc.edu.br\/fice\/wp-content\/uploads\/sites\/27\/2019\/09\/14-T\u00e9cnico-em-Agropecu\u00e1ria-na-Escola.pdf\" class=\"wp-block-file__button\" download><\/a><\/div>\n\n\n\n<p><strong>PROJETOS PESQUISA CONCLU\u00cdDO<\/strong><\/p>\n\n\n\n<div class=\"wp-block-file\"><a href=\"https:\/\/videira.ifc.edu.br\/fice\/wp-content\/uploads\/sites\/27\/2019\/10\/ADRIANA-ARTIGO-8-FICE-19.pdf\">ADRIANA-ARTIGO-8-FICE-19<\/a><a href=\"https:\/\/videira.ifc.edu.br\/fice\/wp-content\/uploads\/sites\/27\/2019\/10\/ADRIANA-ARTIGO-8-FICE-19.pdf\" class=\"wp-block-file__button\" download><\/a><\/div>\n\n\n\n<div class=\"wp-block-file\"><a href=\"https:\/\/videira.ifc.edu.br\/fice\/wp-content\/uploads\/sites\/27\/2019\/10\/ADRIANO-ARTIGO-8-FICE-19.pdf\">ADRIANO-ARTIGO-8-FICE-19<\/a><a href=\"https:\/\/videira.ifc.edu.br\/fice\/wp-content\/uploads\/sites\/27\/2019\/10\/ADRIANO-ARTIGO-8-FICE-19.pdf\" class=\"wp-block-file__button\" download><\/a><\/div>\n\n\n\n<div class=\"wp-block-file\"><a href=\"https:\/\/videira.ifc.edu.br\/fice\/wp-content\/uploads\/sites\/27\/2019\/10\/ALEDSON-ARTIGO-8-FICE-19.pdf\">ALEDSON-ARTIGO-8-FICE-19<\/a><a href=\"https:\/\/videira.ifc.edu.br\/fice\/wp-content\/uploads\/sites\/27\/2019\/10\/ALEDSON-ARTIGO-8-FICE-19.pdf\" class=\"wp-block-file__button\" download><\/a><\/div>\n\n\n\n<div class=\"wp-block-file\"><a href=\"https:\/\/videira.ifc.edu.br\/fice\/wp-content\/uploads\/sites\/27\/2019\/10\/ALLAN-2-ARTIGO-8-FICE-19.pdf\">ALLAN-2-ARTIGO-8-FICE-19<\/a><a href=\"https:\/\/videira.ifc.edu.br\/fice\/wp-content\/uploads\/sites\/27\/2019\/10\/ALLAN-2-ARTIGO-8-FICE-19.pdf\" class=\"wp-block-file__button\" download><\/a><\/div>\n\n\n\n<div class=\"wp-block-file\"><a href=\"https:\/\/videira.ifc.edu.br\/fice\/wp-content\/uploads\/sites\/27\/2019\/10\/ALLAN-4-ARTIGO-8-FICE-19.pdf\">ALLAN-4-ARTIGO-8-FICE-19<\/a><a href=\"https:\/\/videira.ifc.edu.br\/fice\/wp-content\/uploads\/sites\/27\/2019\/10\/ALLAN-4-ARTIGO-8-FICE-19.pdf\" class=\"wp-block-file__button\" download><\/a><\/div>\n\n\n\n<div class=\"wp-block-file\"><a href=\"https:\/\/videira.ifc.edu.br\/fice\/wp-content\/uploads\/sites\/27\/2019\/10\/ALLAN-ARTIGO-8-FICE-19.pdf\">ALLAN-ARTIGO-8-FICE-19<\/a><a href=\"https:\/\/videira.ifc.edu.br\/fice\/wp-content\/uploads\/sites\/27\/2019\/10\/ALLAN-ARTIGO-8-FICE-19.pdf\" class=\"wp-block-file__button\" download><\/a><\/div>\n\n\n\n<div class=\"wp-block-file\"><a href=\"https:\/\/videira.ifc.edu.br\/fice\/wp-content\/uploads\/sites\/27\/2019\/10\/ANDRESSA-2-ARTIGO-8-FICE-19.pdf\">ANDRESSA-2-ARTIGO-8-FICE-19<\/a><a href=\"https:\/\/videira.ifc.edu.br\/fice\/wp-content\/uploads\/sites\/27\/2019\/10\/ANDRESSA-2-ARTIGO-8-FICE-19.pdf\" class=\"wp-block-file__button\" download><\/a><\/div>\n\n\n\n<div class=\"wp-block-file\"><a href=\"https:\/\/videira.ifc.edu.br\/fice\/wp-content\/uploads\/sites\/27\/2019\/10\/ANDRESSA-ARTIGO-8-FICE-19.pdf\">ANDRESSA-ARTIGO-8-FICE-19<\/a><a href=\"https:\/\/videira.ifc.edu.br\/fice\/wp-content\/uploads\/sites\/27\/2019\/10\/ANDRESSA-ARTIGO-8-FICE-19.pdf\" class=\"wp-block-file__button\" download><\/a><\/div>\n\n\n\n<div class=\"wp-block-file\"><a href=\"https:\/\/videira.ifc.edu.br\/fice\/wp-content\/uploads\/sites\/27\/2019\/10\/ELIANA-ARTIGO-8-FICE-19.pdf\">ELIANA-ARTIGO-8-FICE-19<\/a><a href=\"https:\/\/videira.ifc.edu.br\/fice\/wp-content\/uploads\/sites\/27\/2019\/10\/ELIANA-ARTIGO-8-FICE-19.pdf\" class=\"wp-block-file__button\" download><\/a><\/div>\n\n\n\n<div class=\"wp-block-file\"><a href=\"https:\/\/videira.ifc.edu.br\/fice\/wp-content\/uploads\/sites\/27\/2019\/10\/FRANCINI-ARTIGO-8-FICE-19.pdf\">FRANCINI-ARTIGO-8-FICE-19<\/a><a href=\"https:\/\/videira.ifc.edu.br\/fice\/wp-content\/uploads\/sites\/27\/2019\/10\/FRANCINI-ARTIGO-8-FICE-19.pdf\" class=\"wp-block-file__button\" download><\/a><\/div>\n\n\n\n<div class=\"wp-block-file\"><a href=\"https:\/\/videira.ifc.edu.br\/fice\/wp-content\/uploads\/sites\/27\/2019\/10\/JONATAN-ARTIGO-8-FICE-19.pdf\">JONATAN-ARTIGO-8-FICE-19<\/a><a href=\"https:\/\/videira.ifc.edu.br\/fice\/wp-content\/uploads\/sites\/27\/2019\/10\/JONATAN-ARTIGO-8-FICE-19.pdf\" class=\"wp-block-file__button\" download><\/a><\/div>\n\n\n\n<div class=\"wp-block-file\"><a href=\"https:\/\/videira.ifc.edu.br\/fice\/wp-content\/uploads\/sites\/27\/2019\/10\/JOSY-ARTIGO-8-FICE-19.pdf\">JOSY-ARTIGO-8-FICE-19<\/a><a href=\"https:\/\/videira.ifc.edu.br\/fice\/wp-content\/uploads\/sites\/27\/2019\/10\/JOSY-ARTIGO-8-FICE-19.pdf\" class=\"wp-block-file__button\" download><\/a><\/div>\n\n\n\n<div class=\"wp-block-file\"><a href=\"https:\/\/videira.ifc.edu.br\/fice\/wp-content\/uploads\/sites\/27\/2019\/10\/LEILA-ARTIGO-2-8\u00aa-FICE-19.pdf\">LEILA-ARTIGO-2-8\u00aa-FICE-19<\/a><a href=\"https:\/\/videira.ifc.edu.br\/fice\/wp-content\/uploads\/sites\/27\/2019\/10\/LEILA-ARTIGO-2-8\u00aa-FICE-19.pdf\" class=\"wp-block-file__button\" download><\/a><\/div>\n\n\n\n<div class=\"wp-block-file\"><a href=\"https:\/\/videira.ifc.edu.br\/fice\/wp-content\/uploads\/sites\/27\/2019\/10\/LEILA-ARTIGO-8-FICE-19.pdf\">LEILA-ARTIGO-8-FICE-19<\/a><a href=\"https:\/\/videira.ifc.edu.br\/fice\/wp-content\/uploads\/sites\/27\/2019\/10\/LEILA-ARTIGO-8-FICE-19.pdf\" class=\"wp-block-file__button\" download><\/a><\/div>\n\n\n\n<div class=\"wp-block-file\"><a href=\"https:\/\/videira.ifc.edu.br\/fice\/wp-content\/uploads\/sites\/27\/2019\/10\/LUCIANE-2-ARTIGO-8-FICE-19.pdf\">LUCIANE-2-ARTIGO-8-FICE-19<\/a><a href=\"https:\/\/videira.ifc.edu.br\/fice\/wp-content\/uploads\/sites\/27\/2019\/10\/LUCIANE-2-ARTIGO-8-FICE-19.pdf\" class=\"wp-block-file__button\" download><\/a><\/div>\n\n\n\n<div class=\"wp-block-file\"><a href=\"https:\/\/videira.ifc.edu.br\/fice\/wp-content\/uploads\/sites\/27\/2019\/10\/MANASSES-2-ARTIGO-8-FICE-19.pdf\">MANASSES-2-ARTIGO-8-FICE-19<\/a><a href=\"https:\/\/videira.ifc.edu.br\/fice\/wp-content\/uploads\/sites\/27\/2019\/10\/MANASSES-2-ARTIGO-8-FICE-19.pdf\" class=\"wp-block-file__button\" download><\/a><\/div>\n\n\n\n<div class=\"wp-block-file\"><a href=\"https:\/\/videira.ifc.edu.br\/fice\/wp-content\/uploads\/sites\/27\/2019\/10\/MANASSES-ARTIGO-8-FICE-19.pdf\">MANASSES-ARTIGO-8-FICE-19<\/a><a href=\"https:\/\/videira.ifc.edu.br\/fice\/wp-content\/uploads\/sites\/27\/2019\/10\/MANASSES-ARTIGO-8-FICE-19.pdf\" class=\"wp-block-file__button\" download><\/a><\/div>\n\n\n\n<div class=\"wp-block-file\"><a href=\"https:\/\/videira.ifc.edu.br\/fice\/wp-content\/uploads\/sites\/27\/2019\/10\/MARCOS-ARTIGO-8-FICE-19.pdf\">MARCOS-ARTIGO-8-FICE-19<\/a><a href=\"https:\/\/videira.ifc.edu.br\/fice\/wp-content\/uploads\/sites\/27\/2019\/10\/MARCOS-ARTIGO-8-FICE-19.pdf\" class=\"wp-block-file__button\" download><\/a><\/div>\n\n\n\n<div class=\"wp-block-file\"><a href=\"https:\/\/videira.ifc.edu.br\/fice\/wp-content\/uploads\/sites\/27\/2019\/10\/REINALDO-ARTIGO-8-FICE-19.pdf\">REINALDO-ARTIGO-8-FICE-19<\/a><a href=\"https:\/\/videira.ifc.edu.br\/fice\/wp-content\/uploads\/sites\/27\/2019\/10\/REINALDO-ARTIGO-8-FICE-19.pdf\" class=\"wp-block-file__button\" download><\/a><\/div>\n\n\n\n<div class=\"wp-block-file\"><a href=\"https:\/\/videira.ifc.edu.br\/fice\/wp-content\/uploads\/sites\/27\/2019\/10\/REINALDO-ARTIGO-8-FICE-19-1.pdf\">REINALDO-ARTIGO-8-FICE-19-1<\/a><a href=\"https:\/\/videira.ifc.edu.br\/fice\/wp-content\/uploads\/sites\/27\/2019\/10\/REINALDO-ARTIGO-8-FICE-19-1.pdf\" class=\"wp-block-file__button\" download><\/a><\/div>\n\n\n\n<div class=\"wp-block-file\"><a href=\"https:\/\/videira.ifc.edu.br\/fice\/wp-content\/uploads\/sites\/27\/2019\/10\/RENAN-ARTIGO-8-FICE-19.pdf\">RENAN-ARTIGO-8-FICE-19<\/a><a href=\"https:\/\/videira.ifc.edu.br\/fice\/wp-content\/uploads\/sites\/27\/2019\/10\/RENAN-ARTIGO-8-FICE-19.pdf\" class=\"wp-block-file__button\" download><\/a><\/div>\n\n\n\n<div class=\"wp-block-file\"><a href=\"https:\/\/videira.ifc.edu.br\/fice\/wp-content\/uploads\/sites\/27\/2019\/10\/VERA-ARTIGO-8-FICE-19.pdf\">VERA-ARTIGO-8-FICE-19<\/a><a href=\"https:\/\/videira.ifc.edu.br\/fice\/wp-content\/uploads\/sites\/27\/2019\/10\/VERA-ARTIGO-8-FICE-19.pdf\" class=\"wp-block-file__button\" download><\/a><\/div>\n\n\n\n<p><\/p>\n\n\n\n<p><strong>PROJETOS EXTENS\u00c3O EM ANDAMENTO<\/strong><\/p>\n\n\n\n<div class=\"wp-block-file\"><a href=\"https:\/\/videira.ifc.edu.br\/fice\/wp-content\/uploads\/sites\/27\/2020\/01\/1-Ensinar-a-Aprender.pdf\">1-Ensinar-a-Aprender<\/a><a href=\"https:\/\/videira.ifc.edu.br\/fice\/wp-content\/uploads\/sites\/27\/2020\/01\/1-Ensinar-a-Aprender.pdf\" class=\"wp-block-file__button\" download><br><\/a><\/div>\n\n\n\n<div class=\"wp-block-file\"><a href=\"https:\/\/videira.ifc.edu.br\/fice\/wp-content\/uploads\/sites\/27\/2020\/01\/2-AgroMirim.pdf\">2-AgroMirim<\/a><a href=\"https:\/\/videira.ifc.edu.br\/fice\/wp-content\/uploads\/sites\/27\/2020\/01\/2-AgroMirim.pdf\" class=\"wp-block-file__button\" download><br><\/a><\/div>\n\n\n\n<div class=\"wp-block-file\"><a href=\"https:\/\/videira.ifc.edu.br\/fice\/wp-content\/uploads\/sites\/27\/2020\/01\/3-Apoio-a-coordena\u00e7\u00e3o-de-extens\u00e3o.pdf\">3-Apoio-a-coordena\u00e7\u00e3o-de-extens\u00e3o<\/a><a href=\"https:\/\/videira.ifc.edu.br\/fice\/wp-content\/uploads\/sites\/27\/2020\/01\/3-Apoio-a-coordena\u00e7\u00e3o-de-extens\u00e3o.pdf\" class=\"wp-block-file__button\" download><\/a><\/div>\n\n\n\n<div class=\"wp-block-file\"><a href=\"https:\/\/videira.ifc.edu.br\/fice\/wp-content\/uploads\/sites\/27\/2020\/01\/4-Integrando-a-comunidade-ao-IFC-atrav\u00e9s-do-esporte.pdf\">4-Integrando-a-comunidade-ao-IFC-atrav\u00e9s-do-esporte<\/a><a href=\"https:\/\/videira.ifc.edu.br\/fice\/wp-content\/uploads\/sites\/27\/2020\/01\/4-Integrando-a-comunidade-ao-IFC-atrav\u00e9s-do-esporte.pdf\" class=\"wp-block-file__button\" download><br><\/a><\/div>\n\n\n\n<div class=\"wp-block-file\"><a href=\"https:\/\/videira.ifc.edu.br\/fice\/wp-content\/uploads\/sites\/27\/2020\/01\/5-Lideres-de-Torcida.pdf\">5-Lideres-de-Torcida<\/a><a href=\"https:\/\/videira.ifc.edu.br\/fice\/wp-content\/uploads\/sites\/27\/2020\/01\/5-Lideres-de-Torcida.pdf\" class=\"wp-block-file__button\" download><br><\/a><\/div>\n\n\n\n<div class=\"wp-block-file\"><a href=\"https:\/\/videira.ifc.edu.br\/fice\/wp-content\/uploads\/sites\/27\/2020\/01\/6-Ensino-de-l\u00f3gica-e-programa\u00e7\u00e3o-para-alunos-do-Ensino-Fundamental-II.pdf\">6-Ensino-de-l\u00f3gica-e-programa\u00e7\u00e3o-para-alunos-do-Ensino-Fundamental-II<\/a><a href=\"https:\/\/videira.ifc.edu.br\/fice\/wp-content\/uploads\/sites\/27\/2020\/01\/6-Ensino-de-l\u00f3gica-e-programa\u00e7\u00e3o-para-alunos-do-Ensino-Fundamental-II.pdf\" class=\"wp-block-file__button\" download><br><\/a><\/div>\n\n\n\n<div class=\"wp-block-file\"><a href=\"https:\/\/videira.ifc.edu.br\/fice\/wp-content\/uploads\/sites\/27\/2020\/01\/7-Ensino-de-l\u00f3gica-de-programa\u00e7\u00e3o-para-alunos-do-ensino-fundamental-II.pdf\">7-Ensino-de-l\u00f3gica-de-programa\u00e7\u00e3o-para-alunos-do-ensino-fundamental-II<\/a><a href=\"https:\/\/videira.ifc.edu.br\/fice\/wp-content\/uploads\/sites\/27\/2020\/01\/7-Ensino-de-l\u00f3gica-de-programa\u00e7\u00e3o-para-alunos-do-ensino-fundamental-II.pdf\" class=\"wp-block-file__button\" download><br><\/a><\/div>\n\n\n\n<div class=\"wp-block-file\"><a href=\"https:\/\/videira.ifc.edu.br\/fice\/wp-content\/uploads\/sites\/27\/2020\/01\/8-Uso-de-jogos-l\u00f3gicos.pdf\">8-Uso-de-jogos-l\u00f3gicos<\/a><a href=\"https:\/\/videira.ifc.edu.br\/fice\/wp-content\/uploads\/sites\/27\/2020\/01\/8-Uso-de-jogos-l\u00f3gicos.pdf\" class=\"wp-block-file__button\" download><br><\/a><\/div>\n\n\n\n<div class=\"wp-block-file\"><a href=\"https:\/\/videira.ifc.edu.br\/fice\/wp-content\/uploads\/sites\/27\/2020\/01\/9-Ensino-de-l\u00f3gica-de-programa\u00e7\u00e3o-para-alunos-do-ensino-fundamental.pdf\">9-Ensino-de-l\u00f3gica-de-programa\u00e7\u00e3o-para-alunos-do-ensino-fundamental<\/a><a href=\"https:\/\/videira.ifc.edu.br\/fice\/wp-content\/uploads\/sites\/27\/2020\/01\/9-Ensino-de-l\u00f3gica-de-programa\u00e7\u00e3o-para-alunos-do-ensino-fundamental.pdf\" class=\"wp-block-file__button\" download><br><\/a><\/div>\n\n\n\n<div class=\"wp-block-file\"><a href=\"https:\/\/videira.ifc.edu.br\/fice\/wp-content\/uploads\/sites\/27\/2020\/01\/10-Atividades-Culturais-no-IFC-Videira-Canto-Italiano.pdf\">10-Atividades-Culturais-no-IFC-Videira-Canto-Italiano<\/a><a href=\"https:\/\/videira.ifc.edu.br\/fice\/wp-content\/uploads\/sites\/27\/2020\/01\/10-Atividades-Culturais-no-IFC-Videira-Canto-Italiano.pdf\" class=\"wp-block-file__button\" download><br><\/a><\/div>\n\n\n\n<div class=\"wp-block-file\"><a href=\"https:\/\/videira.ifc.edu.br\/fice\/wp-content\/uploads\/sites\/27\/2020\/01\/11-Olimpiada-Brasileira-de-Inform\u00e1tica-2019.pdf\">11-Olimpiada-Brasileira-de-Inform\u00e1tica-2019<\/a><a href=\"https:\/\/videira.ifc.edu.br\/fice\/wp-content\/uploads\/sites\/27\/2020\/01\/11-Olimpiada-Brasileira-de-Inform\u00e1tica-2019.pdf\" class=\"wp-block-file__button\" download><br><\/a><\/div>\n\n\n\n<div class=\"wp-block-file\"><a href=\"https:\/\/videira.ifc.edu.br\/fice\/wp-content\/uploads\/sites\/27\/2020\/01\/13-N\u00facleo-de-Estudos-do-Contestado.pdf\">13-N\u00facleo-de-Estudos-do-Contestado<\/a><a href=\"https:\/\/videira.ifc.edu.br\/fice\/wp-content\/uploads\/sites\/27\/2020\/01\/13-N\u00facleo-de-Estudos-do-Contestado.pdf\" class=\"wp-block-file__button\" download><br><\/a><\/div>\n\n\n\n<div class=\"wp-block-file\"><a href=\"https:\/\/videira.ifc.edu.br\/fice\/wp-content\/uploads\/sites\/27\/2020\/01\/14-Uso-de-modelos-did\u00e1ticos-para-Ensino-de-Ci\u00eancias-e-Biologia.pdf\">14-Uso-de-modelos-did\u00e1ticos-para-Ensino-de-Ci\u00eancias-e-Biologia<\/a><a href=\"https:\/\/videira.ifc.edu.br\/fice\/wp-content\/uploads\/sites\/27\/2020\/01\/14-Uso-de-modelos-did\u00e1ticos-para-Ensino-de-Ci\u00eancias-e-Biologia.pdf\" class=\"wp-block-file__button\" download><\/a><\/div>\n\n\n\n<p><br><strong>PROJETOS PESQUISA EM ANDAMENTO<\/strong><\/p>\n\n\n\n<div class=\"wp-block-file\"><a href=\"https:\/\/videira.ifc.edu.br\/fice\/wp-content\/uploads\/sites\/27\/2020\/01\/ADRIANA-RESUMO-8-FICE-19.pdf\">ADRIANA-RESUMO-8-FICE-19<\/a><a href=\"https:\/\/videira.ifc.edu.br\/fice\/wp-content\/uploads\/sites\/27\/2020\/01\/ADRIANA-RESUMO-8-FICE-19.pdf\" class=\"wp-block-file__button\" download><br><\/a><\/div>\n\n\n\n<div class=\"wp-block-file\"><a href=\"https:\/\/videira.ifc.edu.br\/fice\/wp-content\/uploads\/sites\/27\/2020\/01\/ALLAN-RESUMO-8-FICE-19.pdf\">ALLAN-RESUMO-8-FICE-19<\/a><a href=\"https:\/\/videira.ifc.edu.br\/fice\/wp-content\/uploads\/sites\/27\/2020\/01\/ALLAN-RESUMO-8-FICE-19.pdf\" class=\"wp-block-file__button\" download><br><\/a><\/div>\n\n\n\n<div class=\"wp-block-file\"><a href=\"https:\/\/videira.ifc.edu.br\/fice\/wp-content\/uploads\/sites\/27\/2020\/01\/ANDRESSA-RESUMO-8-FICE-19.pdf\">ANDRESSA-RESUMO-8-FICE-19<\/a><a href=\"https:\/\/videira.ifc.edu.br\/fice\/wp-content\/uploads\/sites\/27\/2020\/01\/ANDRESSA-RESUMO-8-FICE-19.pdf\" class=\"wp-block-file__button\" download><br><\/a><\/div>\n\n\n\n<div class=\"wp-block-file\"><a href=\"https:\/\/videira.ifc.edu.br\/fice\/wp-content\/uploads\/sites\/27\/2020\/01\/CARLOS-RESUMO-8-FICE-19.pdf\">CARLOS-RESUMO-8-FICE-19<\/a><a href=\"https:\/\/videira.ifc.edu.br\/fice\/wp-content\/uploads\/sites\/27\/2020\/01\/CARLOS-RESUMO-8-FICE-19.pdf\" class=\"wp-block-file__button\" download><br><\/a><\/div>\n\n\n\n<div class=\"wp-block-file\"><a href=\"https:\/\/videira.ifc.edu.br\/fice\/wp-content\/uploads\/sites\/27\/2020\/01\/CLAUDIA-RESUMO-8-FICE-19.pdf\">CLAUDIA-RESUMO-8-FICE-19<\/a><a href=\"https:\/\/videira.ifc.edu.br\/fice\/wp-content\/uploads\/sites\/27\/2020\/01\/CLAUDIA-RESUMO-8-FICE-19.pdf\" class=\"wp-block-file__button\" download><br><\/a><\/div>\n\n\n\n<div class=\"wp-block-file\"><a href=\"https:\/\/videira.ifc.edu.br\/fice\/wp-content\/uploads\/sites\/27\/2020\/01\/JONATAN-RESUMO-8-FICE-19.pdf\">JONATAN-RESUMO-8-FICE-19<\/a><a href=\"https:\/\/videira.ifc.edu.br\/fice\/wp-content\/uploads\/sites\/27\/2020\/01\/JONATAN-RESUMO-8-FICE-19.pdf\" class=\"wp-block-file__button\" download><br><\/a><\/div>\n\n\n\n<div class=\"wp-block-file\"><a href=\"https:\/\/videira.ifc.edu.br\/fice\/wp-content\/uploads\/sites\/27\/2020\/01\/LEILA-RESUMO-8-FICE-19.pdf\">LEILA-RESUMO-8-FICE-19<\/a><a href=\"https:\/\/videira.ifc.edu.br\/fice\/wp-content\/uploads\/sites\/27\/2020\/01\/LEILA-RESUMO-8-FICE-19.pdf\" class=\"wp-block-file__button\" download><br><\/a><\/div>\n\n\n\n<div class=\"wp-block-file\"><a href=\"https:\/\/videira.ifc.edu.br\/fice\/wp-content\/uploads\/sites\/27\/2020\/01\/MARCOS-RESUMO-8-FICE-19.pdf\">MARCOS-RESUMO-8-FICE-19<\/a><a href=\"https:\/\/videira.ifc.edu.br\/fice\/wp-content\/uploads\/sites\/27\/2020\/01\/MARCOS-RESUMO-8-FICE-19.pdf\" class=\"wp-block-file__button\" download><br><\/a><\/div>\n","protected":false},"excerpt":{"rendered":"<p>Anais do Evento (ISSN \u2013 2317-9716) PROJETOS EXTENS\u00c3O CONCLU\u00cdDO PROJETOS PESQUISA CONCLU\u00cdDO PROJETOS EXTENS\u00c3O EM ANDAMENTO PROJETOS PESQUISA EM ANDAMENTO<\/p>\n","protected":false},"author":26,"featured_media":0,"parent":1089,"menu_order":0,"comment_status":"closed","ping_status":"closed","template":"","meta":{"footnotes":""},"class_list":["post-1012","page","type-page","status-publish","hentry"],"_links":{"self":[{"href":"https:\/\/videira.ifc.edu.br\/fice\/wp-json\/wp\/v2\/pages\/1012","targetHints":{"allow":["GET"]}}],"collection":[{"href":"https:\/\/videira.ifc.edu.br\/fice\/wp-json\/wp\/v2\/pages"}],"about":[{"href":"https:\/\/videira.ifc.edu.br\/fice\/wp-json\/wp\/v2\/types\/page"}],"author":[{"embeddable":true,"href":"https:\/\/videira.ifc.edu.br\/fice\/wp-json\/wp\/v2\/users\/26"}],"replies":[{"embeddable":true,"href":"https:\/\/videira.ifc.edu.br\/fice\/wp-json\/wp\/v2\/comments?post=1012"}],"version-history":[{"count":6,"href":"https:\/\/videira.ifc.edu.br\/fice\/wp-json\/wp\/v2\/pages\/1012\/revisions"}],"predecessor-version":[{"id":1087,"href":"https:\/\/videira.ifc.edu.br\/fice\/wp-json\/wp\/v2\/pages\/1012\/revisions\/1087"}],"up":[{"embeddable":true,"href":"https:\/\/videira.ifc.edu.br\/fice\/wp-json\/wp\/v2\/pages\/1089"}],"wp:attachment":[{"href":"https:\/\/videira.ifc.edu.br\/fice\/wp-json\/wp\/v2\/media?parent=1012"}],"curies":[{"name":"wp","href":"https:\/\/api.w.org\/{rel}","templated":true}]}}