{"id":1108,"date":"2020-08-20T14:45:10","date_gmt":"2020-08-20T17:45:10","guid":{"rendered":"http:\/\/videira.ifc.edu.br\/fice\/?page_id=1108"},"modified":"2021-09-16T09:30:34","modified_gmt":"2021-09-16T12:30:34","slug":"cronograma","status":"publish","type":"page","link":"https:\/\/videira.ifc.edu.br\/fice\/edicoes-anteriores\/2020-9a-edicao\/cronograma\/","title":{"rendered":"Cronograma"},"content":{"rendered":"\n<p>a) Per\u00edodo de Submiss\u00e3o dos trabalhos (inscri\u00e7\u00e3o pela internet): de 17 a 31 de Agosto de 2020;<\/p>\n\n\n\n<p>b) Divulga\u00e7\u00e3o dos resumos selecionados: at\u00e9 02 de setembro;<\/p>\n\n\n\n<p>c) Entrega final dos trabalhos (resumo ou artigo completo e v\u00eddeo com no m\u00e1ximo 5 minutos): at\u00e9 18 de Setembro;<\/p>\n\n\n\n<p>d) Exposi\u00e7\u00e3o ao p\u00fablico:<\/p>\n\n\n\n<p>&#8211; 21\/10 (quarta-feira): das 14h \u00e0s 17h e das 19h \u00e0s 22h \u2013 Live online<\/p>\n","protected":false},"excerpt":{"rendered":"<p>a) Per\u00edodo de Submiss\u00e3o dos trabalhos (inscri\u00e7\u00e3o pela internet): de 17 a 31 de Agosto de 2020; b) Divulga\u00e7\u00e3o dos resumos selecionados: at\u00e9 02 de setembro; c) Entrega final dos trabalhos (resumo ou artigo completo e v\u00eddeo com no m\u00e1ximo &hellip; <a href=\"https:\/\/videira.ifc.edu.br\/fice\/edicoes-anteriores\/2020-9a-edicao\/cronograma\/\">Continuar lendo <span class=\"meta-nav\">&rarr;<\/span><\/a><\/p>\n","protected":false},"author":26,"featured_media":0,"parent":1192,"menu_order":0,"comment_status":"closed","ping_status":"closed","template":"","meta":{"footnotes":""},"class_list":["post-1108","page","type-page","status-publish","hentry"],"_links":{"self":[{"href":"https:\/\/videira.ifc.edu.br\/fice\/wp-json\/wp\/v2\/pages\/1108","targetHints":{"allow":["GET"]}}],"collection":[{"href":"https:\/\/videira.ifc.edu.br\/fice\/wp-json\/wp\/v2\/pages"}],"about":[{"href":"https:\/\/videira.ifc.edu.br\/fice\/wp-json\/wp\/v2\/types\/page"}],"author":[{"embeddable":true,"href":"https:\/\/videira.ifc.edu.br\/fice\/wp-json\/wp\/v2\/users\/26"}],"replies":[{"embeddable":true,"href":"https:\/\/videira.ifc.edu.br\/fice\/wp-json\/wp\/v2\/comments?post=1108"}],"version-history":[{"count":2,"href":"https:\/\/videira.ifc.edu.br\/fice\/wp-json\/wp\/v2\/pages\/1108\/revisions"}],"predecessor-version":[{"id":1137,"href":"https:\/\/videira.ifc.edu.br\/fice\/wp-json\/wp\/v2\/pages\/1108\/revisions\/1137"}],"up":[{"embeddable":true,"href":"https:\/\/videira.ifc.edu.br\/fice\/wp-json\/wp\/v2\/pages\/1192"}],"wp:attachment":[{"href":"https:\/\/videira.ifc.edu.br\/fice\/wp-json\/wp\/v2\/media?parent=1108"}],"curies":[{"name":"wp","href":"https:\/\/api.w.org\/{rel}","templated":true}]}}