{"id":1192,"date":"2021-09-16T09:29:04","date_gmt":"2021-09-16T12:29:04","guid":{"rendered":"https:\/\/videira.ifc.edu.br\/fice\/?page_id=1192"},"modified":"2021-09-16T09:37:06","modified_gmt":"2021-09-16T12:37:06","slug":"2020-9a-edicao","status":"publish","type":"page","link":"https:\/\/videira.ifc.edu.br\/fice\/edicoes-anteriores\/2020-9a-edicao\/","title":{"rendered":"2020 &#8211; 9\u00aa edi\u00e7\u00e3o"},"content":{"rendered":"\n<p><strong>PUBLICA\u00c7\u00c3O DE LIVROS<\/strong><\/p>\n\n\n\n<p>Um dos projetos de pesquisa apresentados na 9\u00aa FICE, &#8220;Reencantando Malba Tahan, articula\u00e7\u00f5es entre literatura e matem\u00e1tica&#8221; desenvolvido pelas alunas Francielle Bandt e Clariane Wisniewski e orientado pela servidora Sandra Rostirola, resultou na publica\u00e7\u00e3o de tr\u00eas livros. Os arquivos digitais podem ser visualizados abaixo:<\/p>\n\n\n\n<div class=\"wp-block-file\"><a href=\"https:\/\/videira.ifc.edu.br\/fice\/wp-content\/uploads\/sites\/27\/2020\/11\/Circulus_circulando-atraves-das-linhas-compactado.pdf\">Circulus_circulando-atraves-das-linhas-compactado<\/a><a href=\"https:\/\/videira.ifc.edu.br\/fice\/wp-content\/uploads\/sites\/27\/2020\/11\/Circulus_circulando-atraves-das-linhas-compactado.pdf\" class=\"wp-block-file__button\" download>Baixar<\/a><\/div>\n\n\n\n<div class=\"wp-block-file\"><a href=\"https:\/\/videira.ifc.edu.br\/fice\/wp-content\/uploads\/sites\/27\/2020\/11\/4-gatos-malhados-compactado.pdf\">4 gatos malhados-compactado<\/a><a href=\"https:\/\/videira.ifc.edu.br\/fice\/wp-content\/uploads\/sites\/27\/2020\/11\/4-gatos-malhados-compactado.pdf\" class=\"wp-block-file__button\" download>Baixar<\/a><\/div>\n\n\n\n<div class=\"wp-block-file\"><a href=\"https:\/\/videira.ifc.edu.br\/fice\/wp-content\/uploads\/sites\/27\/2020\/11\/Joaquim-e-as-ferias-com-a-probabilidade-na-fazenda-da-avo-1.pdf\">Joaquim-e-as-ferias-com-a-probabilidade-na-fazenda-da-avo-1<\/a><a href=\"https:\/\/videira.ifc.edu.br\/fice\/wp-content\/uploads\/sites\/27\/2020\/11\/Joaquim-e-as-ferias-com-a-probabilidade-na-fazenda-da-avo-1.pdf\" class=\"wp-block-file__button\" download>Baixar<\/a><\/div>\n\n\n\n<p><\/p>\n","protected":false},"excerpt":{"rendered":"<p>PUBLICA\u00c7\u00c3O DE LIVROS Um dos projetos de pesquisa apresentados na 9\u00aa FICE, &#8220;Reencantando Malba Tahan, articula\u00e7\u00f5es entre literatura e matem\u00e1tica&#8221; desenvolvido pelas alunas Francielle Bandt e Clariane Wisniewski e orientado pela servidora Sandra Rostirola, resultou na publica\u00e7\u00e3o de tr\u00eas livros. &hellip; <a href=\"https:\/\/videira.ifc.edu.br\/fice\/edicoes-anteriores\/2020-9a-edicao\/\">Continuar lendo <span class=\"meta-nav\">&rarr;<\/span><\/a><\/p>\n","protected":false},"author":26,"featured_media":0,"parent":21,"menu_order":0,"comment_status":"closed","ping_status":"closed","template":"","meta":{"footnotes":""},"class_list":["post-1192","page","type-page","status-publish","hentry"],"_links":{"self":[{"href":"https:\/\/videira.ifc.edu.br\/fice\/wp-json\/wp\/v2\/pages\/1192","targetHints":{"allow":["GET"]}}],"collection":[{"href":"https:\/\/videira.ifc.edu.br\/fice\/wp-json\/wp\/v2\/pages"}],"about":[{"href":"https:\/\/videira.ifc.edu.br\/fice\/wp-json\/wp\/v2\/types\/page"}],"author":[{"embeddable":true,"href":"https:\/\/videira.ifc.edu.br\/fice\/wp-json\/wp\/v2\/users\/26"}],"replies":[{"embeddable":true,"href":"https:\/\/videira.ifc.edu.br\/fice\/wp-json\/wp\/v2\/comments?post=1192"}],"version-history":[{"count":2,"href":"https:\/\/videira.ifc.edu.br\/fice\/wp-json\/wp\/v2\/pages\/1192\/revisions"}],"predecessor-version":[{"id":1197,"href":"https:\/\/videira.ifc.edu.br\/fice\/wp-json\/wp\/v2\/pages\/1192\/revisions\/1197"}],"up":[{"embeddable":true,"href":"https:\/\/videira.ifc.edu.br\/fice\/wp-json\/wp\/v2\/pages\/21"}],"wp:attachment":[{"href":"https:\/\/videira.ifc.edu.br\/fice\/wp-json\/wp\/v2\/media?parent=1192"}],"curies":[{"name":"wp","href":"https:\/\/api.w.org\/{rel}","templated":true}]}}