{"id":1201,"date":"2021-09-16T09:43:02","date_gmt":"2021-09-16T12:43:02","guid":{"rendered":"https:\/\/videira.ifc.edu.br\/fice\/?page_id=1201"},"modified":"2022-06-15T08:50:58","modified_gmt":"2022-06-15T11:50:58","slug":"cronograma","status":"publish","type":"page","link":"https:\/\/videira.ifc.edu.br\/fice\/edicoes-anteriores\/2021-10a-edicao\/cronograma\/","title":{"rendered":"Cronograma"},"content":{"rendered":"\n<p>a) Per\u00edodo de Submiss\u00e3o dos trabalhos (inscri\u00e7\u00e3o pela internet): de 16 a 30 de Setembro de 2021;<\/p>\n\n\n\n<p>b) Divulga\u00e7\u00e3o dos resumos selecionados: at\u00e9 01 de outubro;<\/p>\n\n\n\n<p>c) Entrega final dos trabalhos (resumo e v\u00eddeo com no m\u00e1ximo 7 minutos): at\u00e9 15 de Outubro;<\/p>\n\n\n\n<p>d) Exposi\u00e7\u00e3o ao p\u00fablico:<\/p>\n\n\n\n<p>\u2013 21\/10 (quinta-feira): das 14h \u00e0s 17h e das 19h \u00e0s 21h \u2013 Live online<\/p>\n","protected":false},"excerpt":{"rendered":"<p>a) Per\u00edodo de Submiss\u00e3o dos trabalhos (inscri\u00e7\u00e3o pela internet): de 16 a 30 de Setembro de 2021; b) Divulga\u00e7\u00e3o dos resumos selecionados: at\u00e9 01 de outubro; c) Entrega final dos trabalhos (resumo e v\u00eddeo com no m\u00e1ximo 7 minutos): at\u00e9 &hellip; <a href=\"https:\/\/videira.ifc.edu.br\/fice\/edicoes-anteriores\/2021-10a-edicao\/cronograma\/\">Continuar lendo <span class=\"meta-nav\">&rarr;<\/span><\/a><\/p>\n","protected":false},"author":26,"featured_media":0,"parent":1260,"menu_order":0,"comment_status":"closed","ping_status":"closed","template":"","meta":{"footnotes":""},"class_list":["post-1201","page","type-page","status-publish","hentry"],"_links":{"self":[{"href":"https:\/\/videira.ifc.edu.br\/fice\/wp-json\/wp\/v2\/pages\/1201","targetHints":{"allow":["GET"]}}],"collection":[{"href":"https:\/\/videira.ifc.edu.br\/fice\/wp-json\/wp\/v2\/pages"}],"about":[{"href":"https:\/\/videira.ifc.edu.br\/fice\/wp-json\/wp\/v2\/types\/page"}],"author":[{"embeddable":true,"href":"https:\/\/videira.ifc.edu.br\/fice\/wp-json\/wp\/v2\/users\/26"}],"replies":[{"embeddable":true,"href":"https:\/\/videira.ifc.edu.br\/fice\/wp-json\/wp\/v2\/comments?post=1201"}],"version-history":[{"count":2,"href":"https:\/\/videira.ifc.edu.br\/fice\/wp-json\/wp\/v2\/pages\/1201\/revisions"}],"predecessor-version":[{"id":1215,"href":"https:\/\/videira.ifc.edu.br\/fice\/wp-json\/wp\/v2\/pages\/1201\/revisions\/1215"}],"up":[{"embeddable":true,"href":"https:\/\/videira.ifc.edu.br\/fice\/wp-json\/wp\/v2\/pages\/1260"}],"wp:attachment":[{"href":"https:\/\/videira.ifc.edu.br\/fice\/wp-json\/wp\/v2\/media?parent=1201"}],"curies":[{"name":"wp","href":"https:\/\/api.w.org\/{rel}","templated":true}]}}