{"id":1208,"date":"2021-09-17T08:58:30","date_gmt":"2021-09-17T11:58:30","guid":{"rendered":"https:\/\/videira.ifc.edu.br\/fice\/?page_id=1208"},"modified":"2022-06-15T08:52:09","modified_gmt":"2022-06-15T11:52:09","slug":"downloads","status":"publish","type":"page","link":"https:\/\/videira.ifc.edu.br\/fice\/edicoes-anteriores\/2021-10a-edicao\/downloads\/","title":{"rendered":"Downloads"},"content":{"rendered":"\n<p>Abaixo est\u00e1 dispon\u00edvel o modelo para submiss\u00e3o do Resumo. Nesse ano seguiremos o modelo exigido para inscri\u00e7\u00e3o na MICTI, sendo Resumo tanto para os projetos em andamento como para os conclu\u00eddos.<\/p>\n\n\n\n<p><\/p>\n\n\n\n<p>Formato Edit\u00e1vel: <\/p>\n\n\n\n<div class=\"wp-block-file\"><a id=\"wp-block-file--media-0dee12e4-31e7-4f47-a446-1b3dd410fa44\" href=\"https:\/\/videira.ifc.edu.br\/fice\/wp-content\/uploads\/sites\/27\/2021\/09\/Modelo-Resumo-10a-FICE-Videira-2021-2.doc\">Modelo-Resumo-10a-FICE-Videira-2021-2<\/a><a href=\"https:\/\/videira.ifc.edu.br\/fice\/wp-content\/uploads\/sites\/27\/2021\/09\/Modelo-Resumo-10a-FICE-Videira-2021-2.doc\" class=\"wp-block-file__button\" download aria-describedby=\"wp-block-file--media-0dee12e4-31e7-4f47-a446-1b3dd410fa44\">Baixar<\/a><\/div>\n\n\n\n<hr class=\"wp-block-separator\" \/>\n\n\n\n<div class=\"wp-block-file\"><a href=\"https:\/\/videira.ifc.edu.br\/fice\/wp-content\/uploads\/sites\/27\/2021\/09\/Modelo-Resumo-10a-FICE-Videira-2021-3.pdf\">Modelo-Resumo-10a-FICE-Videira-2021-3<\/a><a href=\"https:\/\/videira.ifc.edu.br\/fice\/wp-content\/uploads\/sites\/27\/2021\/09\/Modelo-Resumo-10a-FICE-Videira-2021-3.pdf\" class=\"wp-block-file__button\" download>Baixar<\/a><\/div>\n","protected":false},"excerpt":{"rendered":"<p>Abaixo est\u00e1 dispon\u00edvel o modelo para submiss\u00e3o do Resumo. Nesse ano seguiremos o modelo exigido para inscri\u00e7\u00e3o na MICTI, sendo Resumo tanto para os projetos em andamento como para os conclu\u00eddos. Formato Edit\u00e1vel:<\/p>\n","protected":false},"author":26,"featured_media":0,"parent":1260,"menu_order":0,"comment_status":"closed","ping_status":"closed","template":"","meta":{"footnotes":""},"class_list":["post-1208","page","type-page","status-publish","hentry"],"_links":{"self":[{"href":"https:\/\/videira.ifc.edu.br\/fice\/wp-json\/wp\/v2\/pages\/1208","targetHints":{"allow":["GET"]}}],"collection":[{"href":"https:\/\/videira.ifc.edu.br\/fice\/wp-json\/wp\/v2\/pages"}],"about":[{"href":"https:\/\/videira.ifc.edu.br\/fice\/wp-json\/wp\/v2\/types\/page"}],"author":[{"embeddable":true,"href":"https:\/\/videira.ifc.edu.br\/fice\/wp-json\/wp\/v2\/users\/26"}],"replies":[{"embeddable":true,"href":"https:\/\/videira.ifc.edu.br\/fice\/wp-json\/wp\/v2\/comments?post=1208"}],"version-history":[{"count":6,"href":"https:\/\/videira.ifc.edu.br\/fice\/wp-json\/wp\/v2\/pages\/1208\/revisions"}],"predecessor-version":[{"id":1264,"href":"https:\/\/videira.ifc.edu.br\/fice\/wp-json\/wp\/v2\/pages\/1208\/revisions\/1264"}],"up":[{"embeddable":true,"href":"https:\/\/videira.ifc.edu.br\/fice\/wp-json\/wp\/v2\/pages\/1260"}],"wp:attachment":[{"href":"https:\/\/videira.ifc.edu.br\/fice\/wp-json\/wp\/v2\/media?parent=1208"}],"curies":[{"name":"wp","href":"https:\/\/api.w.org\/{rel}","templated":true}]}}