{"id":1212,"date":"2021-09-17T09:00:07","date_gmt":"2021-09-17T12:00:07","guid":{"rendered":"https:\/\/videira.ifc.edu.br\/fice\/?page_id=1212"},"modified":"2022-07-05T14:44:01","modified_gmt":"2022-07-05T17:44:01","slug":"regulamento","status":"publish","type":"page","link":"https:\/\/videira.ifc.edu.br\/fice\/edicoes-anteriores\/2021-10a-edicao\/regulamento\/","title":{"rendered":"Regulamento"},"content":{"rendered":"\n<p>Abaixo est\u00e1 dispon\u00edvel o Regulamento Geral da 10\u00aa FICE &#8211; Feira de Inicia\u00e7\u00e3o Cient\u00edfica e Extens\u00e3o do IFC &#8211; Campus Videira.<\/p>\n\n\n\n<p> <\/p>\n\n\n\n<div class=\"wp-block-file\"><a href=\"https:\/\/videira.ifc.edu.br\/fice\/wp-content\/uploads\/sites\/27\/2021\/09\/Regulamento-X-FICE-1.pdf\">Regulamento-X-FICE-1<\/a><a href=\"https:\/\/videira.ifc.edu.br\/fice\/wp-content\/uploads\/sites\/27\/2021\/09\/Regulamento-X-FICE-1.pdf\" class=\"wp-block-file__button\" download>Baixar<\/a><\/div>\n","protected":false},"excerpt":{"rendered":"<p>Abaixo est\u00e1 dispon\u00edvel o Regulamento Geral da 10\u00aa FICE &#8211; Feira de Inicia\u00e7\u00e3o Cient\u00edfica e Extens\u00e3o do IFC &#8211; Campus Videira.<\/p>\n","protected":false},"author":26,"featured_media":0,"parent":1260,"menu_order":0,"comment_status":"closed","ping_status":"closed","template":"","meta":{"footnotes":""},"class_list":["post-1212","page","type-page","status-publish","hentry"],"_links":{"self":[{"href":"https:\/\/videira.ifc.edu.br\/fice\/wp-json\/wp\/v2\/pages\/1212","targetHints":{"allow":["GET"]}}],"collection":[{"href":"https:\/\/videira.ifc.edu.br\/fice\/wp-json\/wp\/v2\/pages"}],"about":[{"href":"https:\/\/videira.ifc.edu.br\/fice\/wp-json\/wp\/v2\/types\/page"}],"author":[{"embeddable":true,"href":"https:\/\/videira.ifc.edu.br\/fice\/wp-json\/wp\/v2\/users\/26"}],"replies":[{"embeddable":true,"href":"https:\/\/videira.ifc.edu.br\/fice\/wp-json\/wp\/v2\/comments?post=1212"}],"version-history":[{"count":2,"href":"https:\/\/videira.ifc.edu.br\/fice\/wp-json\/wp\/v2\/pages\/1212\/revisions"}],"predecessor-version":[{"id":1217,"href":"https:\/\/videira.ifc.edu.br\/fice\/wp-json\/wp\/v2\/pages\/1212\/revisions\/1217"}],"up":[{"embeddable":true,"href":"https:\/\/videira.ifc.edu.br\/fice\/wp-json\/wp\/v2\/pages\/1260"}],"wp:attachment":[{"href":"https:\/\/videira.ifc.edu.br\/fice\/wp-json\/wp\/v2\/media?parent=1212"}],"curies":[{"name":"wp","href":"https:\/\/api.w.org\/{rel}","templated":true}]}}