{"id":1282,"date":"2022-07-11T16:10:32","date_gmt":"2022-07-11T19:10:32","guid":{"rendered":"https:\/\/videira.ifc.edu.br\/fice\/?page_id=1282"},"modified":"2023-06-13T08:11:45","modified_gmt":"2023-06-13T11:11:45","slug":"programacao","status":"publish","type":"page","link":"https:\/\/videira.ifc.edu.br\/fice\/edicoes-anteriores\/2022-11a-edicao\/programacao\/","title":{"rendered":"Programa\u00e7\u00e3o"},"content":{"rendered":"\n<p>a) Per\u00edodo de Submiss\u00e3o dos trabalhos (inscri\u00e7\u00e3o pela internet): de 11 de Julho a 12 de Agosto;<\/p>\n\n\n\n<p>b) Divulga\u00e7\u00e3o dos resumos selecionados: at\u00e9 15 de Agosto;<\/p>\n\n\n\n<p>c) Entrega final dos trabalhos (resumo ou artigo completo e banner para Coordena\u00e7\u00e3o de Pesquisa e\/ou Extens\u00e3o): at\u00e9 18 de Agosto;<\/p>\n\n\n\n<p>d) Montagem dos estandes no local do evento: 31\/08, das 8h \u00e0s 11h e das 13h30min \u00e0s 17h;<\/p>\n\n\n\n<p>e) Exposi\u00e7\u00e3o ao p\u00fablico:<\/p>\n\n\n\n<p>&#8211; 01\/09 (quinta-feira): das 13h30 \u00e0s 17h30 e das 18h30 \u00e0s 22h.<\/p>\n\n\n\n<p>&#8211; 02\/09 (sexta-feira): das 8h \u00e0s 11h45.<\/p>\n\n\n\n<p><strong>f) Encerramento e premia\u00e7\u00e3o: 02\/09, \u00e0s 13h15, no Audit\u00f3rio.<\/strong><\/p>\n\n\n\n<p><a><\/a> g) Desmontagem dos estandes: 02\/09, ap\u00f3s o encerramento.<\/p>\n","protected":false},"excerpt":{"rendered":"<p>a) Per\u00edodo de Submiss\u00e3o dos trabalhos (inscri\u00e7\u00e3o pela internet): de 11 de Julho a 12 de Agosto; b) Divulga\u00e7\u00e3o dos resumos selecionados: at\u00e9 15 de Agosto; c) Entrega final dos trabalhos (resumo ou artigo completo e banner para Coordena\u00e7\u00e3o de &hellip; <a href=\"https:\/\/videira.ifc.edu.br\/fice\/edicoes-anteriores\/2022-11a-edicao\/programacao\/\">Continuar lendo <span class=\"meta-nav\">&rarr;<\/span><\/a><\/p>\n","protected":false},"author":26,"featured_media":0,"parent":1319,"menu_order":0,"comment_status":"closed","ping_status":"closed","template":"","meta":{"footnotes":""},"class_list":["post-1282","page","type-page","status-publish","hentry"],"_links":{"self":[{"href":"https:\/\/videira.ifc.edu.br\/fice\/wp-json\/wp\/v2\/pages\/1282","targetHints":{"allow":["GET"]}}],"collection":[{"href":"https:\/\/videira.ifc.edu.br\/fice\/wp-json\/wp\/v2\/pages"}],"about":[{"href":"https:\/\/videira.ifc.edu.br\/fice\/wp-json\/wp\/v2\/types\/page"}],"author":[{"embeddable":true,"href":"https:\/\/videira.ifc.edu.br\/fice\/wp-json\/wp\/v2\/users\/26"}],"replies":[{"embeddable":true,"href":"https:\/\/videira.ifc.edu.br\/fice\/wp-json\/wp\/v2\/comments?post=1282"}],"version-history":[{"count":1,"href":"https:\/\/videira.ifc.edu.br\/fice\/wp-json\/wp\/v2\/pages\/1282\/revisions"}],"predecessor-version":[{"id":1283,"href":"https:\/\/videira.ifc.edu.br\/fice\/wp-json\/wp\/v2\/pages\/1282\/revisions\/1283"}],"up":[{"embeddable":true,"href":"https:\/\/videira.ifc.edu.br\/fice\/wp-json\/wp\/v2\/pages\/1319"}],"wp:attachment":[{"href":"https:\/\/videira.ifc.edu.br\/fice\/wp-json\/wp\/v2\/media?parent=1282"}],"curies":[{"name":"wp","href":"https:\/\/api.w.org\/{rel}","templated":true}]}}