{"id":1290,"date":"2022-09-22T09:11:07","date_gmt":"2022-09-22T12:11:07","guid":{"rendered":"https:\/\/videira.ifc.edu.br\/fice\/?page_id=1290"},"modified":"2023-06-13T08:11:04","modified_gmt":"2023-06-13T11:11:04","slug":"anais-do-evento","status":"publish","type":"page","link":"https:\/\/videira.ifc.edu.br\/fice\/edicoes-anteriores\/2022-11a-edicao\/anais-do-evento\/","title":{"rendered":"Anais do Evento"},"content":{"rendered":"\n<p>(ISSN \u2013 2317-9716)<\/p>\n\n\n\n<p>Abaixo est\u00e3o dispon\u00edveis os projetos apresentados durante a 10\u00aa FICE do IFC Campus Videira, realizada em 21 de Outubro de 2021.<\/p>\n\n\n\n<p><strong>PESQUISA CONCLU\u00cdDO<\/strong><\/p>\n\n\n\n<div data-wp-interactive=\"core\/file\" class=\"wp-block-file\"><object data-wp-bind--hidden=\"!state.hasPdfPreview\" hidden class=\"wp-block-file__embed\" data=\"https:\/\/videira.ifc.edu.br\/fice\/wp-content\/uploads\/sites\/27\/2022\/09\/USO-DE-REDES-NEURAIS-ARTIFICIAIS.pdf\" type=\"application\/pdf\" style=\"width:100%;height:600px\" aria-label=\"Incorporado de USO-DE-REDES-NEURAIS-ARTIFICIAIS.\"><\/object><a id=\"wp-block-file--media-15856257-d741-48b5-978b-a659888c77c0\" href=\"https:\/\/videira.ifc.edu.br\/fice\/wp-content\/uploads\/sites\/27\/2022\/09\/USO-DE-REDES-NEURAIS-ARTIFICIAIS.pdf\">USO-DE-REDES-NEURAIS-ARTIFICIAIS<\/a><a href=\"https:\/\/videira.ifc.edu.br\/fice\/wp-content\/uploads\/sites\/27\/2022\/09\/USO-DE-REDES-NEURAIS-ARTIFICIAIS.pdf\" class=\"wp-block-file__button wp-element-button\" download aria-describedby=\"wp-block-file--media-15856257-d741-48b5-978b-a659888c77c0\">Baixar<\/a><\/div>\n\n\n\n<div data-wp-interactive=\"core\/file\" class=\"wp-block-file\"><object data-wp-bind--hidden=\"!state.hasPdfPreview\" hidden class=\"wp-block-file__embed\" data=\"https:\/\/videira.ifc.edu.br\/fice\/wp-content\/uploads\/sites\/27\/2022\/09\/USO-DE-LUZ-ARTIFICIAL-SUPLEMENTAR-NA-PRODUCAO-DE-MINI-TUBERCULO-DE-BATATA-SEMENTE.pdf\" type=\"application\/pdf\" style=\"width:100%;height:600px\" aria-label=\"Incorporado de USO-DE-LUZ-ARTIFICIAL-SUPLEMENTAR-NA-PRODUCAO-DE-MINI-TUBERCULO-DE-BATATA-SEMENTE.\"><\/object><a id=\"wp-block-file--media-968e615f-2892-44cf-9040-905f4cefe44a\" href=\"https:\/\/videira.ifc.edu.br\/fice\/wp-content\/uploads\/sites\/27\/2022\/09\/USO-DE-LUZ-ARTIFICIAL-SUPLEMENTAR-NA-PRODUCAO-DE-MINI-TUBERCULO-DE-BATATA-SEMENTE.pdf\">USO-DE-LUZ-ARTIFICIAL-SUPLEMENTAR-NA-PRODUCAO-DE-MINI-TUBERCULO-DE-BATATA-SEMENTE<\/a><a href=\"https:\/\/videira.ifc.edu.br\/fice\/wp-content\/uploads\/sites\/27\/2022\/09\/USO-DE-LUZ-ARTIFICIAL-SUPLEMENTAR-NA-PRODUCAO-DE-MINI-TUBERCULO-DE-BATATA-SEMENTE.pdf\" class=\"wp-block-file__button wp-element-button\" download aria-describedby=\"wp-block-file--media-968e615f-2892-44cf-9040-905f4cefe44a\">Baixar<\/a><\/div>\n\n\n\n<div data-wp-interactive=\"core\/file\" class=\"wp-block-file\"><object data-wp-bind--hidden=\"!state.hasPdfPreview\" hidden class=\"wp-block-file__embed\" data=\"https:\/\/videira.ifc.edu.br\/fice\/wp-content\/uploads\/sites\/27\/2022\/09\/Politicas-de-Diversidade.pdf\" type=\"application\/pdf\" style=\"width:100%;height:600px\" aria-label=\"Incorporado de Politicas-de-Diversidade.\"><\/object><a id=\"wp-block-file--media-a4aba6c0-0549-46eb-b32f-cd8b30840339\" href=\"https:\/\/videira.ifc.edu.br\/fice\/wp-content\/uploads\/sites\/27\/2022\/09\/Politicas-de-Diversidade.pdf\">Politicas-de-Diversidade<\/a><a href=\"https:\/\/videira.ifc.edu.br\/fice\/wp-content\/uploads\/sites\/27\/2022\/09\/Politicas-de-Diversidade.pdf\" class=\"wp-block-file__button wp-element-button\" download aria-describedby=\"wp-block-file--media-a4aba6c0-0549-46eb-b32f-cd8b30840339\">Baixar<\/a><\/div>\n\n\n\n<div data-wp-interactive=\"core\/file\" class=\"wp-block-file\"><object data-wp-bind--hidden=\"!state.hasPdfPreview\" hidden class=\"wp-block-file__embed\" data=\"https:\/\/videira.ifc.edu.br\/fice\/wp-content\/uploads\/sites\/27\/2022\/09\/EFEITOS-DE-DIFERENTES-CONCENTRACOES-DE-ETHEFHON-NO-RALEIO-DA-AMEIXEIRA.pdf\" type=\"application\/pdf\" style=\"width:100%;height:600px\" aria-label=\"Incorporado de EFEITOS-DE-DIFERENTES-CONCENTRACOES-DE-ETHEFHON-NO-RALEIO-DA-AMEIXEIRA.\"><\/object><a id=\"wp-block-file--media-61261f22-1785-4dc0-8522-dec8dbc672e2\" href=\"https:\/\/videira.ifc.edu.br\/fice\/wp-content\/uploads\/sites\/27\/2022\/09\/EFEITOS-DE-DIFERENTES-CONCENTRACOES-DE-ETHEFHON-NO-RALEIO-DA-AMEIXEIRA.pdf\">EFEITOS-DE-DIFERENTES-CONCENTRACOES-DE-ETHEFHON-NO-RALEIO-DA-AMEIXEIRA<\/a><a href=\"https:\/\/videira.ifc.edu.br\/fice\/wp-content\/uploads\/sites\/27\/2022\/09\/EFEITOS-DE-DIFERENTES-CONCENTRACOES-DE-ETHEFHON-NO-RALEIO-DA-AMEIXEIRA.pdf\" class=\"wp-block-file__button wp-element-button\" download aria-describedby=\"wp-block-file--media-61261f22-1785-4dc0-8522-dec8dbc672e2\">Baixar<\/a><\/div>\n\n\n\n<div data-wp-interactive=\"core\/file\" class=\"wp-block-file\"><object data-wp-bind--hidden=\"!state.hasPdfPreview\" hidden class=\"wp-block-file__embed\" data=\"https:\/\/videira.ifc.edu.br\/fice\/wp-content\/uploads\/sites\/27\/2022\/09\/CENSO-AGROPECUARIO-DE-2017_-Conheca-o-perfil-dos-estabelecimentos-e-dos-produtores-rurais-de-Videira-\u2013-SC.pdf\" type=\"application\/pdf\" style=\"width:100%;height:600px\" aria-label=\"Incorporado de CENSO-AGROPECUARIO-DE-2017_-Conheca-o-perfil-dos-estabelecimentos-e-dos-produtores-rurais-de-Videira-\u2013-SC.\"><\/object><a id=\"wp-block-file--media-5bc14c68-297e-49fb-906d-db5e34566eb1\" href=\"https:\/\/videira.ifc.edu.br\/fice\/wp-content\/uploads\/sites\/27\/2022\/09\/CENSO-AGROPECUARIO-DE-2017_-Conheca-o-perfil-dos-estabelecimentos-e-dos-produtores-rurais-de-Videira-\u2013-SC.pdf\">CENSO-AGROPECUARIO-DE-2017_-Conheca-o-perfil-dos-estabelecimentos-e-dos-produtores-rurais-de-Videira-\u2013-SC<\/a><a href=\"https:\/\/videira.ifc.edu.br\/fice\/wp-content\/uploads\/sites\/27\/2022\/09\/CENSO-AGROPECUARIO-DE-2017_-Conheca-o-perfil-dos-estabelecimentos-e-dos-produtores-rurais-de-Videira-\u2013-SC.pdf\" class=\"wp-block-file__button wp-element-button\" download aria-describedby=\"wp-block-file--media-5bc14c68-297e-49fb-906d-db5e34566eb1\">Baixar<\/a><\/div>\n\n\n\n<p><\/p>\n\n\n\n<p>________________________________________________________________________<\/p>\n\n\n\n<p><strong>EXTENS\u00c3O CONCLU\u00cdDO<\/strong><\/p>\n\n\n\n<div data-wp-interactive=\"core\/file\" class=\"wp-block-file\"><object data-wp-bind--hidden=\"!state.hasPdfPreview\" hidden class=\"wp-block-file__embed\" data=\"https:\/\/videira.ifc.edu.br\/fice\/wp-content\/uploads\/sites\/27\/2022\/09\/LABORATORIO-DE-DEMONSTRACAO-DESENVOLVIMENTO-E0AEXPERIMENTACAO-DE-FISICA-LABDDEF-Um-instrumento-de-divulgacao0Acientifica.pdf\" type=\"application\/pdf\" style=\"width:100%;height:600px\" aria-label=\"Incorporado de LABORATORIO-DE-DEMONSTRACAO-DESENVOLVIMENTO-E0AEXPERIMENTACAO-DE-FISICA-LABDDEF-Um-instrumento-de-divulgacao0Acientifica.\"><\/object><a id=\"wp-block-file--media-06ca6012-5355-4d0e-951b-937bf93f1ef2\" href=\"https:\/\/videira.ifc.edu.br\/fice\/wp-content\/uploads\/sites\/27\/2022\/09\/LABORATORIO-DE-DEMONSTRACAO-DESENVOLVIMENTO-E0AEXPERIMENTACAO-DE-FISICA-LABDDEF-Um-instrumento-de-divulgacao0Acientifica.pdf\">LABORATORIO-DE-DEMONSTRACAO-DESENVOLVIMENTO-E0AEXPERIMENTACAO-DE-FISICA-LABDDEF-Um-instrumento-de-divulgacao0Acientifica<\/a><a href=\"https:\/\/videira.ifc.edu.br\/fice\/wp-content\/uploads\/sites\/27\/2022\/09\/LABORATORIO-DE-DEMONSTRACAO-DESENVOLVIMENTO-E0AEXPERIMENTACAO-DE-FISICA-LABDDEF-Um-instrumento-de-divulgacao0Acientifica.pdf\" class=\"wp-block-file__button wp-element-button\" download aria-describedby=\"wp-block-file--media-06ca6012-5355-4d0e-951b-937bf93f1ef2\">Baixar<\/a><\/div>\n\n\n\n<div data-wp-interactive=\"core\/file\" class=\"wp-block-file\"><object data-wp-bind--hidden=\"!state.hasPdfPreview\" hidden class=\"wp-block-file__embed\" data=\"https:\/\/videira.ifc.edu.br\/fice\/wp-content\/uploads\/sites\/27\/2022\/09\/Integrando-a-comunidade-ao-IFC-atraves-do-Esporte-2022.pdf\" type=\"application\/pdf\" style=\"width:100%;height:600px\" aria-label=\"Incorporado de Integrando-a-comunidade-ao-IFC-atraves-do-Esporte-2022.\"><\/object><a id=\"wp-block-file--media-dadac54c-dae7-4678-9e34-ef38bb972760\" href=\"https:\/\/videira.ifc.edu.br\/fice\/wp-content\/uploads\/sites\/27\/2022\/09\/Integrando-a-comunidade-ao-IFC-atraves-do-Esporte-2022.pdf\">Integrando-a-comunidade-ao-IFC-atraves-do-Esporte-2022<\/a><a href=\"https:\/\/videira.ifc.edu.br\/fice\/wp-content\/uploads\/sites\/27\/2022\/09\/Integrando-a-comunidade-ao-IFC-atraves-do-Esporte-2022.pdf\" class=\"wp-block-file__button wp-element-button\" download aria-describedby=\"wp-block-file--media-dadac54c-dae7-4678-9e34-ef38bb972760\">Baixar<\/a><\/div>\n\n\n\n<div data-wp-interactive=\"core\/file\" class=\"wp-block-file\"><object data-wp-bind--hidden=\"!state.hasPdfPreview\" hidden class=\"wp-block-file__embed\" data=\"https:\/\/videira.ifc.edu.br\/fice\/wp-content\/uploads\/sites\/27\/2022\/09\/CTG-Herdeiros-do-Pago-2022.pdf\" type=\"application\/pdf\" style=\"width:100%;height:600px\" aria-label=\"Incorporado de CTG-Herdeiros-do-Pago-2022.\"><\/object><a id=\"wp-block-file--media-4129df12-5196-4f4e-8177-8673f9abd90b\" href=\"https:\/\/videira.ifc.edu.br\/fice\/wp-content\/uploads\/sites\/27\/2022\/09\/CTG-Herdeiros-do-Pago-2022.pdf\">CTG-Herdeiros-do-Pago-2022<\/a><a href=\"https:\/\/videira.ifc.edu.br\/fice\/wp-content\/uploads\/sites\/27\/2022\/09\/CTG-Herdeiros-do-Pago-2022.pdf\" class=\"wp-block-file__button wp-element-button\" download aria-describedby=\"wp-block-file--media-4129df12-5196-4f4e-8177-8673f9abd90b\">Baixar<\/a><\/div>\n\n\n\n<p>________________________________________________________________________<\/p>\n\n\n\n<p><strong>PESQUISA EM ANDAMENTO<\/strong><\/p>\n\n\n\n<div data-wp-interactive=\"core\/file\" class=\"wp-block-file\"><object data-wp-bind--hidden=\"!state.hasPdfPreview\" hidden class=\"wp-block-file__embed\" data=\"https:\/\/videira.ifc.edu.br\/fice\/wp-content\/uploads\/sites\/27\/2022\/09\/ROCK-SOCIEDADE-E-CRITICA-SOCIAL.pdf\" type=\"application\/pdf\" style=\"width:100%;height:600px\" aria-label=\"Incorporado de ROCK-SOCIEDADE-E-CRITICA-SOCIAL.\"><\/object><a id=\"wp-block-file--media-cf25712f-d92c-43af-ad6c-cd4082ee95c9\" href=\"https:\/\/videira.ifc.edu.br\/fice\/wp-content\/uploads\/sites\/27\/2022\/09\/ROCK-SOCIEDADE-E-CRITICA-SOCIAL.pdf\">ROCK-SOCIEDADE-E-CRITICA-SOCIAL<\/a><a href=\"https:\/\/videira.ifc.edu.br\/fice\/wp-content\/uploads\/sites\/27\/2022\/09\/ROCK-SOCIEDADE-E-CRITICA-SOCIAL.pdf\" class=\"wp-block-file__button wp-element-button\" download aria-describedby=\"wp-block-file--media-cf25712f-d92c-43af-ad6c-cd4082ee95c9\">Baixar<\/a><\/div>\n\n\n\n<div data-wp-interactive=\"core\/file\" class=\"wp-block-file\"><object data-wp-bind--hidden=\"!state.hasPdfPreview\" hidden class=\"wp-block-file__embed\" data=\"https:\/\/videira.ifc.edu.br\/fice\/wp-content\/uploads\/sites\/27\/2022\/09\/Perfil-dos-participantes-piano.pdf\" type=\"application\/pdf\" style=\"width:100%;height:600px\" aria-label=\"Incorporado de Perfil-dos-participantes-piano.\"><\/object><a id=\"wp-block-file--media-b44daf46-eda6-4ab2-a41c-eda7e4b3d6d9\" href=\"https:\/\/videira.ifc.edu.br\/fice\/wp-content\/uploads\/sites\/27\/2022\/09\/Perfil-dos-participantes-piano.pdf\">Perfil-dos-participantes-piano<\/a><a href=\"https:\/\/videira.ifc.edu.br\/fice\/wp-content\/uploads\/sites\/27\/2022\/09\/Perfil-dos-participantes-piano.pdf\" class=\"wp-block-file__button wp-element-button\" download aria-describedby=\"wp-block-file--media-b44daf46-eda6-4ab2-a41c-eda7e4b3d6d9\">Baixar<\/a><\/div>\n\n\n\n<div data-wp-interactive=\"core\/file\" class=\"wp-block-file\"><object data-wp-bind--hidden=\"!state.hasPdfPreview\" hidden class=\"wp-block-file__embed\" data=\"https:\/\/videira.ifc.edu.br\/fice\/wp-content\/uploads\/sites\/27\/2022\/09\/ISOLAMENTO-CULTIVO-E-IDENTIFICACAO-DE-FUNGOS-FITOPATOGENICOS.pdf\" type=\"application\/pdf\" style=\"width:100%;height:600px\" aria-label=\"Incorporado de ISOLAMENTO-CULTIVO-E-IDENTIFICACAO-DE-FUNGOS-FITOPATOGENICOS.\"><\/object><a id=\"wp-block-file--media-04c2c008-4565-4a4a-93d1-a5303a6f27b6\" href=\"https:\/\/videira.ifc.edu.br\/fice\/wp-content\/uploads\/sites\/27\/2022\/09\/ISOLAMENTO-CULTIVO-E-IDENTIFICACAO-DE-FUNGOS-FITOPATOGENICOS.pdf\">ISOLAMENTO-CULTIVO-E-IDENTIFICACAO-DE-FUNGOS-FITOPATOGENICOS<\/a><a href=\"https:\/\/videira.ifc.edu.br\/fice\/wp-content\/uploads\/sites\/27\/2022\/09\/ISOLAMENTO-CULTIVO-E-IDENTIFICACAO-DE-FUNGOS-FITOPATOGENICOS.pdf\" class=\"wp-block-file__button wp-element-button\" download aria-describedby=\"wp-block-file--media-04c2c008-4565-4a4a-93d1-a5303a6f27b6\">Baixar<\/a><\/div>\n\n\n\n<div data-wp-interactive=\"core\/file\" class=\"wp-block-file\"><object data-wp-bind--hidden=\"!state.hasPdfPreview\" hidden class=\"wp-block-file__embed\" data=\"https:\/\/videira.ifc.edu.br\/fice\/wp-content\/uploads\/sites\/27\/2022\/09\/Gestao-da-Diversidade.pdf\" type=\"application\/pdf\" style=\"width:100%;height:600px\" aria-label=\"Incorporado de Gestao-da-Diversidade.\"><\/object><a id=\"wp-block-file--media-4ff7c1b2-465e-41eb-9142-b55f84fdfae1\" href=\"https:\/\/videira.ifc.edu.br\/fice\/wp-content\/uploads\/sites\/27\/2022\/09\/Gestao-da-Diversidade.pdf\">Gestao-da-Diversidade<\/a><a href=\"https:\/\/videira.ifc.edu.br\/fice\/wp-content\/uploads\/sites\/27\/2022\/09\/Gestao-da-Diversidade.pdf\" class=\"wp-block-file__button wp-element-button\" download aria-describedby=\"wp-block-file--media-4ff7c1b2-465e-41eb-9142-b55f84fdfae1\">Baixar<\/a><\/div>\n\n\n\n<div data-wp-interactive=\"core\/file\" class=\"wp-block-file\"><object data-wp-bind--hidden=\"!state.hasPdfPreview\" hidden class=\"wp-block-file__embed\" data=\"https:\/\/videira.ifc.edu.br\/fice\/wp-content\/uploads\/sites\/27\/2022\/09\/EJA-E-MULTICULTURALIDADEl.pdf\" type=\"application\/pdf\" style=\"width:100%;height:600px\" aria-label=\"Incorporado de EJA-E-MULTICULTURALIDADEl.\"><\/object><a id=\"wp-block-file--media-824b7c54-6179-4b3e-93c9-18cc655b5801\" href=\"https:\/\/videira.ifc.edu.br\/fice\/wp-content\/uploads\/sites\/27\/2022\/09\/EJA-E-MULTICULTURALIDADEl.pdf\">EJA-E-MULTICULTURALIDADEl<\/a><a href=\"https:\/\/videira.ifc.edu.br\/fice\/wp-content\/uploads\/sites\/27\/2022\/09\/EJA-E-MULTICULTURALIDADEl.pdf\" class=\"wp-block-file__button wp-element-button\" download aria-describedby=\"wp-block-file--media-824b7c54-6179-4b3e-93c9-18cc655b5801\">Baixar<\/a><\/div>\n\n\n\n<div data-wp-interactive=\"core\/file\" class=\"wp-block-file\"><object data-wp-bind--hidden=\"!state.hasPdfPreview\" hidden class=\"wp-block-file__embed\" data=\"https:\/\/videira.ifc.edu.br\/fice\/wp-content\/uploads\/sites\/27\/2022\/09\/EDUCACAO-INFANTIL-E-TECNOLOGIA.pdf\" type=\"application\/pdf\" style=\"width:100%;height:600px\" aria-label=\"Incorporado de EDUCACAO-INFANTIL-E-TECNOLOGIA.\"><\/object><a id=\"wp-block-file--media-a747f360-9483-439a-a597-e2f31756e09c\" href=\"https:\/\/videira.ifc.edu.br\/fice\/wp-content\/uploads\/sites\/27\/2022\/09\/EDUCACAO-INFANTIL-E-TECNOLOGIA.pdf\">EDUCACAO-INFANTIL-E-TECNOLOGIA<\/a><a href=\"https:\/\/videira.ifc.edu.br\/fice\/wp-content\/uploads\/sites\/27\/2022\/09\/EDUCACAO-INFANTIL-E-TECNOLOGIA.pdf\" class=\"wp-block-file__button wp-element-button\" download aria-describedby=\"wp-block-file--media-a747f360-9483-439a-a597-e2f31756e09c\">Baixar<\/a><\/div>\n\n\n\n<div data-wp-interactive=\"core\/file\" class=\"wp-block-file\"><object data-wp-bind--hidden=\"!state.hasPdfPreview\" hidden class=\"wp-block-file__embed\" data=\"https:\/\/videira.ifc.edu.br\/fice\/wp-content\/uploads\/sites\/27\/2022\/09\/DESENVOLVIMENTO-DE-CMS-PARA-LOJA-ONLINE.pdf\" type=\"application\/pdf\" style=\"width:100%;height:600px\" aria-label=\"Incorporado de DESENVOLVIMENTO-DE-CMS-PARA-LOJA-ONLINE.\"><\/object><a id=\"wp-block-file--media-17dc8508-a37a-4831-a8e9-145670299ff9\" href=\"https:\/\/videira.ifc.edu.br\/fice\/wp-content\/uploads\/sites\/27\/2022\/09\/DESENVOLVIMENTO-DE-CMS-PARA-LOJA-ONLINE.pdf\">DESENVOLVIMENTO-DE-CMS-PARA-LOJA-ONLINE<\/a><a href=\"https:\/\/videira.ifc.edu.br\/fice\/wp-content\/uploads\/sites\/27\/2022\/09\/DESENVOLVIMENTO-DE-CMS-PARA-LOJA-ONLINE.pdf\" class=\"wp-block-file__button wp-element-button\" download aria-describedby=\"wp-block-file--media-17dc8508-a37a-4831-a8e9-145670299ff9\">Baixar<\/a><\/div>\n\n\n\n<div data-wp-interactive=\"core\/file\" class=\"wp-block-file\"><object data-wp-bind--hidden=\"!state.hasPdfPreview\" hidden class=\"wp-block-file__embed\" data=\"https:\/\/videira.ifc.edu.br\/fice\/wp-content\/uploads\/sites\/27\/2022\/09\/AUTENTICIDADE-E-EDUCACAO-NO-MULTICULTURALISMO.pdf\" type=\"application\/pdf\" style=\"width:100%;height:600px\" aria-label=\"Incorporado de AUTENTICIDADE-E-EDUCACAO-NO-MULTICULTURALISMO.\"><\/object><a id=\"wp-block-file--media-3fc55a81-6218-4ccf-a45c-e06586c2b59e\" href=\"https:\/\/videira.ifc.edu.br\/fice\/wp-content\/uploads\/sites\/27\/2022\/09\/AUTENTICIDADE-E-EDUCACAO-NO-MULTICULTURALISMO.pdf\">AUTENTICIDADE-E-EDUCACAO-NO-MULTICULTURALISMO<\/a><a href=\"https:\/\/videira.ifc.edu.br\/fice\/wp-content\/uploads\/sites\/27\/2022\/09\/AUTENTICIDADE-E-EDUCACAO-NO-MULTICULTURALISMO.pdf\" class=\"wp-block-file__button wp-element-button\" download aria-describedby=\"wp-block-file--media-3fc55a81-6218-4ccf-a45c-e06586c2b59e\">Baixar<\/a><\/div>\n\n\n\n<div data-wp-interactive=\"core\/file\" class=\"wp-block-file\"><object data-wp-bind--hidden=\"!state.hasPdfPreview\" hidden class=\"wp-block-file__embed\" data=\"https:\/\/videira.ifc.edu.br\/fice\/wp-content\/uploads\/sites\/27\/2022\/09\/ANALISE-DO-TEOR-DE-CLOROFILA-EM-FOLHAS.pdf\" type=\"application\/pdf\" style=\"width:100%;height:600px\" aria-label=\"Incorporado de ANALISE-DO-TEOR-DE-CLOROFILA-EM-FOLHAS.\"><\/object><a id=\"wp-block-file--media-9c9334d2-c04e-415b-8819-258cf42e1d49\" href=\"https:\/\/videira.ifc.edu.br\/fice\/wp-content\/uploads\/sites\/27\/2022\/09\/ANALISE-DO-TEOR-DE-CLOROFILA-EM-FOLHAS.pdf\">ANALISE-DO-TEOR-DE-CLOROFILA-EM-FOLHAS<\/a><a href=\"https:\/\/videira.ifc.edu.br\/fice\/wp-content\/uploads\/sites\/27\/2022\/09\/ANALISE-DO-TEOR-DE-CLOROFILA-EM-FOLHAS.pdf\" class=\"wp-block-file__button wp-element-button\" download aria-describedby=\"wp-block-file--media-9c9334d2-c04e-415b-8819-258cf42e1d49\">Baixar<\/a><\/div>\n\n\n\n<p>________________________________________________________________________<\/p>\n\n\n\n<p><strong>EXTENS\u00c3O EM ANDAMENTO<\/strong><\/p>\n\n\n\n<div data-wp-interactive=\"core\/file\" class=\"wp-block-file\"><object data-wp-bind--hidden=\"!state.hasPdfPreview\" hidden class=\"wp-block-file__embed\" data=\"https:\/\/videira.ifc.edu.br\/fice\/wp-content\/uploads\/sites\/27\/2022\/09\/Programa-de-ensino-de-logica-de-programacao-para-alunos-do-Ensino-Fundamental-II-em-escolas-publicas-de-Videira-SC.pdf\" type=\"application\/pdf\" style=\"width:100%;height:600px\" aria-label=\"Incorporado de Programa-de-ensino-de-logica-de-programacao-para-alunos-do-Ensino-Fundamental-II-em-escolas-publicas-de-Videira-SC.\"><\/object><a id=\"wp-block-file--media-817c89d1-1cb1-4f1f-b33e-81dc5475a3d8\" href=\"https:\/\/videira.ifc.edu.br\/fice\/wp-content\/uploads\/sites\/27\/2022\/09\/Programa-de-ensino-de-logica-de-programacao-para-alunos-do-Ensino-Fundamental-II-em-escolas-publicas-de-Videira-SC.pdf\">Programa-de-ensino-de-logica-de-programacao-para-alunos-do-Ensino-Fundamental-II-em-escolas-publicas-de-Videira-SC<\/a><a href=\"https:\/\/videira.ifc.edu.br\/fice\/wp-content\/uploads\/sites\/27\/2022\/09\/Programa-de-ensino-de-logica-de-programacao-para-alunos-do-Ensino-Fundamental-II-em-escolas-publicas-de-Videira-SC.pdf\" class=\"wp-block-file__button wp-element-button\" download aria-describedby=\"wp-block-file--media-817c89d1-1cb1-4f1f-b33e-81dc5475a3d8\">Baixar<\/a><\/div>\n\n\n\n<div data-wp-interactive=\"core\/file\" class=\"wp-block-file\"><object data-wp-bind--hidden=\"!state.hasPdfPreview\" hidden class=\"wp-block-file__embed\" data=\"https:\/\/videira.ifc.edu.br\/fice\/wp-content\/uploads\/sites\/27\/2022\/09\/Olimpiada-Brasileira-de-Informatica.pdf\" type=\"application\/pdf\" style=\"width:100%;height:600px\" aria-label=\"Incorporado de Olimpiada-Brasileira-de-Informatica.\"><\/object><a id=\"wp-block-file--media-f874e88c-dfbb-4137-a408-5687a5f4efb8\" href=\"https:\/\/videira.ifc.edu.br\/fice\/wp-content\/uploads\/sites\/27\/2022\/09\/Olimpiada-Brasileira-de-Informatica.pdf\">Olimpiada-Brasileira-de-Informatica<\/a><a href=\"https:\/\/videira.ifc.edu.br\/fice\/wp-content\/uploads\/sites\/27\/2022\/09\/Olimpiada-Brasileira-de-Informatica.pdf\" class=\"wp-block-file__button wp-element-button\" download aria-describedby=\"wp-block-file--media-f874e88c-dfbb-4137-a408-5687a5f4efb8\">Baixar<\/a><\/div>\n\n\n\n<div data-wp-interactive=\"core\/file\" class=\"wp-block-file\"><object data-wp-bind--hidden=\"!state.hasPdfPreview\" hidden class=\"wp-block-file__embed\" data=\"https:\/\/videira.ifc.edu.br\/fice\/wp-content\/uploads\/sites\/27\/2022\/09\/HORTICULTURA-E-JARDINAGEM-COMO-AUXILIO-A-ATIVIDADES.pdf\" type=\"application\/pdf\" style=\"width:100%;height:600px\" aria-label=\"Incorporado de HORTICULTURA-E-JARDINAGEM-COMO-AUXILIO-A-ATIVIDADES.\"><\/object><a id=\"wp-block-file--media-0b0ca473-db81-47eb-b1ef-61576aeb1135\" href=\"https:\/\/videira.ifc.edu.br\/fice\/wp-content\/uploads\/sites\/27\/2022\/09\/HORTICULTURA-E-JARDINAGEM-COMO-AUXILIO-A-ATIVIDADES.pdf\">HORTICULTURA-E-JARDINAGEM-COMO-AUXILIO-A-ATIVIDADES<\/a><a href=\"https:\/\/videira.ifc.edu.br\/fice\/wp-content\/uploads\/sites\/27\/2022\/09\/HORTICULTURA-E-JARDINAGEM-COMO-AUXILIO-A-ATIVIDADES.pdf\" class=\"wp-block-file__button wp-element-button\" download aria-describedby=\"wp-block-file--media-0b0ca473-db81-47eb-b1ef-61576aeb1135\">Baixar<\/a><\/div>\n\n\n\n<div data-wp-interactive=\"core\/file\" class=\"wp-block-file\"><object data-wp-bind--hidden=\"!state.hasPdfPreview\" hidden class=\"wp-block-file__embed\" data=\"https:\/\/videira.ifc.edu.br\/fice\/wp-content\/uploads\/sites\/27\/2022\/09\/Ensino-de-Logica-de-programacao-para-alunos-do-Ensino-Fundamental-II-de-escolas-municipais-de-Videira-SC.pdf\" type=\"application\/pdf\" style=\"width:100%;height:600px\" aria-label=\"Incorporado de Ensino-de-Logica-de-programacao-para-alunos-do-Ensino-Fundamental-II-de-escolas-municipais-de-Videira-SC.\"><\/object><a id=\"wp-block-file--media-4601dde7-49da-4685-8371-2b02992ec747\" href=\"https:\/\/videira.ifc.edu.br\/fice\/wp-content\/uploads\/sites\/27\/2022\/09\/Ensino-de-Logica-de-programacao-para-alunos-do-Ensino-Fundamental-II-de-escolas-municipais-de-Videira-SC.pdf\">Ensino-de-Logica-de-programacao-para-alunos-do-Ensino-Fundamental-II-de-escolas-municipais-de-Videira-SC<\/a><a href=\"https:\/\/videira.ifc.edu.br\/fice\/wp-content\/uploads\/sites\/27\/2022\/09\/Ensino-de-Logica-de-programacao-para-alunos-do-Ensino-Fundamental-II-de-escolas-municipais-de-Videira-SC.pdf\" class=\"wp-block-file__button wp-element-button\" download aria-describedby=\"wp-block-file--media-4601dde7-49da-4685-8371-2b02992ec747\">Baixar<\/a><\/div>\n\n\n\n<div data-wp-interactive=\"core\/file\" class=\"wp-block-file\"><object data-wp-bind--hidden=\"!state.hasPdfPreview\" hidden class=\"wp-block-file__embed\" data=\"https:\/\/videira.ifc.edu.br\/fice\/wp-content\/uploads\/sites\/27\/2022\/09\/Cafe-com-seguranca.pdf\" type=\"application\/pdf\" style=\"width:100%;height:600px\" aria-label=\"Incorporado de Cafe-com-seguranca.\"><\/object><a id=\"wp-block-file--media-0b0544bf-773b-4d0f-a769-a55090a3d583\" href=\"https:\/\/videira.ifc.edu.br\/fice\/wp-content\/uploads\/sites\/27\/2022\/09\/Cafe-com-seguranca.pdf\">Cafe-com-seguranca<\/a><a href=\"https:\/\/videira.ifc.edu.br\/fice\/wp-content\/uploads\/sites\/27\/2022\/09\/Cafe-com-seguranca.pdf\" class=\"wp-block-file__button wp-element-button\" download aria-describedby=\"wp-block-file--media-0b0544bf-773b-4d0f-a769-a55090a3d583\">Baixar<\/a><\/div>\n","protected":false},"excerpt":{"rendered":"<p>(ISSN \u2013 2317-9716) Abaixo est\u00e3o dispon\u00edveis os projetos apresentados durante a 10\u00aa FICE do IFC Campus Videira, realizada em 21 de Outubro de 2021. PESQUISA CONCLU\u00cdDO ________________________________________________________________________ EXTENS\u00c3O CONCLU\u00cdDO ________________________________________________________________________ PESQUISA EM ANDAMENTO ________________________________________________________________________ EXTENS\u00c3O EM ANDAMENTO<\/p>\n","protected":false},"author":26,"featured_media":0,"parent":1319,"menu_order":0,"comment_status":"closed","ping_status":"closed","template":"","meta":{"footnotes":""},"class_list":["post-1290","page","type-page","status-publish","hentry"],"_links":{"self":[{"href":"https:\/\/videira.ifc.edu.br\/fice\/wp-json\/wp\/v2\/pages\/1290","targetHints":{"allow":["GET"]}}],"collection":[{"href":"https:\/\/videira.ifc.edu.br\/fice\/wp-json\/wp\/v2\/pages"}],"about":[{"href":"https:\/\/videira.ifc.edu.br\/fice\/wp-json\/wp\/v2\/types\/page"}],"author":[{"embeddable":true,"href":"https:\/\/videira.ifc.edu.br\/fice\/wp-json\/wp\/v2\/users\/26"}],"replies":[{"embeddable":true,"href":"https:\/\/videira.ifc.edu.br\/fice\/wp-json\/wp\/v2\/comments?post=1290"}],"version-history":[{"count":6,"href":"https:\/\/videira.ifc.edu.br\/fice\/wp-json\/wp\/v2\/pages\/1290\/revisions"}],"predecessor-version":[{"id":1321,"href":"https:\/\/videira.ifc.edu.br\/fice\/wp-json\/wp\/v2\/pages\/1290\/revisions\/1321"}],"up":[{"embeddable":true,"href":"https:\/\/videira.ifc.edu.br\/fice\/wp-json\/wp\/v2\/pages\/1319"}],"wp:attachment":[{"href":"https:\/\/videira.ifc.edu.br\/fice\/wp-json\/wp\/v2\/media?parent=1290"}],"curies":[{"name":"wp","href":"https:\/\/api.w.org\/{rel}","templated":true}]}}