{"id":1398,"date":"2024-06-19T08:09:56","date_gmt":"2024-06-19T11:09:56","guid":{"rendered":"https:\/\/videira.ifc.edu.br\/fice\/?page_id=1398"},"modified":"2025-05-27T14:44:37","modified_gmt":"2025-05-27T17:44:37","slug":"regulamento","status":"publish","type":"page","link":"https:\/\/videira.ifc.edu.br\/fice\/edicoes-anteriores\/2024-13a-edicao\/regulamento\/","title":{"rendered":"Regulamento"},"content":{"rendered":"\n<p>Abaixo segue o Regulamento da 13\u00aa Feira de Inicia\u00e7\u00e3o Cient\u00edfica e extens\u00e3o do IFC &#8211; Campus Videira.<\/p>\n\n\n\n<div data-wp-interactive=\"core\/file\" class=\"wp-block-file\"><object data-wp-bind--hidden=\"!state.hasPdfPreview\" hidden class=\"wp-block-file__embed\" data=\"https:\/\/videira.ifc.edu.br\/fice\/wp-content\/uploads\/sites\/27\/2024\/06\/Regulamento-13a-FICE.docx.pdf\" type=\"application\/pdf\" style=\"width:100%;height:600px\" aria-label=\"Incorporado de Regulamento-13a-FICE.docx.\"><\/object><a id=\"wp-block-file--media-5e3f1014-9c85-46cf-86b9-8f546247d5d3\" href=\"https:\/\/videira.ifc.edu.br\/fice\/wp-content\/uploads\/sites\/27\/2024\/06\/Regulamento-13a-FICE.docx.pdf\">Regulamento-13a-FICE.docx<\/a><a href=\"https:\/\/videira.ifc.edu.br\/fice\/wp-content\/uploads\/sites\/27\/2024\/06\/Regulamento-13a-FICE.docx.pdf\" class=\"wp-block-file__button wp-element-button\" download aria-describedby=\"wp-block-file--media-5e3f1014-9c85-46cf-86b9-8f546247d5d3\">Baixar<\/a><\/div>\n","protected":false},"excerpt":{"rendered":"<p>Abaixo segue o Regulamento da 13\u00aa Feira de Inicia\u00e7\u00e3o Cient\u00edfica e extens\u00e3o do IFC &#8211; Campus Videira.<\/p>\n","protected":false},"author":26,"featured_media":0,"parent":1475,"menu_order":0,"comment_status":"closed","ping_status":"closed","template":"","meta":{"footnotes":""},"class_list":["post-1398","page","type-page","status-publish","hentry"],"_links":{"self":[{"href":"https:\/\/videira.ifc.edu.br\/fice\/wp-json\/wp\/v2\/pages\/1398","targetHints":{"allow":["GET"]}}],"collection":[{"href":"https:\/\/videira.ifc.edu.br\/fice\/wp-json\/wp\/v2\/pages"}],"about":[{"href":"https:\/\/videira.ifc.edu.br\/fice\/wp-json\/wp\/v2\/types\/page"}],"author":[{"embeddable":true,"href":"https:\/\/videira.ifc.edu.br\/fice\/wp-json\/wp\/v2\/users\/26"}],"replies":[{"embeddable":true,"href":"https:\/\/videira.ifc.edu.br\/fice\/wp-json\/wp\/v2\/comments?post=1398"}],"version-history":[{"count":1,"href":"https:\/\/videira.ifc.edu.br\/fice\/wp-json\/wp\/v2\/pages\/1398\/revisions"}],"predecessor-version":[{"id":1400,"href":"https:\/\/videira.ifc.edu.br\/fice\/wp-json\/wp\/v2\/pages\/1398\/revisions\/1400"}],"up":[{"embeddable":true,"href":"https:\/\/videira.ifc.edu.br\/fice\/wp-json\/wp\/v2\/pages\/1475"}],"wp:attachment":[{"href":"https:\/\/videira.ifc.edu.br\/fice\/wp-json\/wp\/v2\/media?parent=1398"}],"curies":[{"name":"wp","href":"https:\/\/api.w.org\/{rel}","templated":true}]}}