{"id":1401,"date":"2024-06-21T08:02:53","date_gmt":"2024-06-21T11:02:53","guid":{"rendered":"https:\/\/videira.ifc.edu.br\/fice\/?page_id=1401"},"modified":"2025-05-27T14:43:51","modified_gmt":"2025-05-27T17:43:51","slug":"downloads","status":"publish","type":"page","link":"https:\/\/videira.ifc.edu.br\/fice\/edicoes-anteriores\/2024-13a-edicao\/downloads\/","title":{"rendered":"Downloads"},"content":{"rendered":"\n<p>Abaixo est\u00e3o dispon\u00edveis os modelos de Banner (todos os projetos inscritos), Artigo (para os projetos conclu\u00eddos) e Resumo (para os projetos em andamento).<\/p>\n\n\n\n<div class=\"wp-block-file\"><a id=\"wp-block-file--media-afb26662-2946-4351-a441-b85b1cefc03c\" href=\"https:\/\/videira.ifc.edu.br\/fice\/wp-content\/uploads\/sites\/27\/2024\/06\/Modelo-Banner-13a-FICE-Videira-2024.ppt\">Modelo-Banner-13a-FICE-Videira-2024<\/a><a href=\"https:\/\/videira.ifc.edu.br\/fice\/wp-content\/uploads\/sites\/27\/2024\/06\/Modelo-Banner-13a-FICE-Videira-2024.ppt\" class=\"wp-block-file__button wp-element-button\" download aria-describedby=\"wp-block-file--media-afb26662-2946-4351-a441-b85b1cefc03c\">Baixar<\/a><\/div>\n\n\n\n<div class=\"wp-block-file\"><a id=\"wp-block-file--media-910e542e-b60f-4755-9001-16fc5fd1d9e5\" href=\"https:\/\/videira.ifc.edu.br\/fice\/wp-content\/uploads\/sites\/27\/2024\/06\/Modelo-Artigo-13a-FICE-Videira-2024.doc\">Modelo-Artigo-13a-FICE-Videira-2024<\/a><a href=\"https:\/\/videira.ifc.edu.br\/fice\/wp-content\/uploads\/sites\/27\/2024\/06\/Modelo-Artigo-13a-FICE-Videira-2024.doc\" class=\"wp-block-file__button wp-element-button\" download aria-describedby=\"wp-block-file--media-910e542e-b60f-4755-9001-16fc5fd1d9e5\">Baixar<\/a><\/div>\n\n\n\n<div class=\"wp-block-file\"><a id=\"wp-block-file--media-7c1eaa33-7330-47dd-88c8-66e5d8eb172e\" href=\"https:\/\/videira.ifc.edu.br\/fice\/wp-content\/uploads\/sites\/27\/2024\/07\/Modelo-Resumo-13a-FICE-Videira-2024.doc\">Modelo-Resumo-13a-FICE-Videira-2024<\/a><a href=\"https:\/\/videira.ifc.edu.br\/fice\/wp-content\/uploads\/sites\/27\/2024\/07\/Modelo-Resumo-13a-FICE-Videira-2024.doc\" class=\"wp-block-file__button wp-element-button\" download aria-describedby=\"wp-block-file--media-7c1eaa33-7330-47dd-88c8-66e5d8eb172e\">Baixar<\/a><\/div>\n","protected":false},"excerpt":{"rendered":"<p>Abaixo est\u00e3o dispon\u00edveis os modelos de Banner (todos os projetos inscritos), Artigo (para os projetos conclu\u00eddos) e Resumo (para os projetos em andamento).<\/p>\n","protected":false},"author":26,"featured_media":0,"parent":1475,"menu_order":0,"comment_status":"closed","ping_status":"closed","template":"","meta":{"footnotes":""},"class_list":["post-1401","page","type-page","status-publish","hentry"],"_links":{"self":[{"href":"https:\/\/videira.ifc.edu.br\/fice\/wp-json\/wp\/v2\/pages\/1401","targetHints":{"allow":["GET"]}}],"collection":[{"href":"https:\/\/videira.ifc.edu.br\/fice\/wp-json\/wp\/v2\/pages"}],"about":[{"href":"https:\/\/videira.ifc.edu.br\/fice\/wp-json\/wp\/v2\/types\/page"}],"author":[{"embeddable":true,"href":"https:\/\/videira.ifc.edu.br\/fice\/wp-json\/wp\/v2\/users\/26"}],"replies":[{"embeddable":true,"href":"https:\/\/videira.ifc.edu.br\/fice\/wp-json\/wp\/v2\/comments?post=1401"}],"version-history":[{"count":2,"href":"https:\/\/videira.ifc.edu.br\/fice\/wp-json\/wp\/v2\/pages\/1401\/revisions"}],"predecessor-version":[{"id":1411,"href":"https:\/\/videira.ifc.edu.br\/fice\/wp-json\/wp\/v2\/pages\/1401\/revisions\/1411"}],"up":[{"embeddable":true,"href":"https:\/\/videira.ifc.edu.br\/fice\/wp-json\/wp\/v2\/pages\/1475"}],"wp:attachment":[{"href":"https:\/\/videira.ifc.edu.br\/fice\/wp-json\/wp\/v2\/media?parent=1401"}],"curies":[{"name":"wp","href":"https:\/\/api.w.org\/{rel}","templated":true}]}}