{"id":1406,"date":"2024-06-26T14:25:02","date_gmt":"2024-06-26T17:25:02","guid":{"rendered":"https:\/\/videira.ifc.edu.br\/fice\/?page_id=1406"},"modified":"2025-05-27T14:44:24","modified_gmt":"2025-05-27T17:44:24","slug":"programacao","status":"publish","type":"page","link":"https:\/\/videira.ifc.edu.br\/fice\/edicoes-anteriores\/2024-13a-edicao\/programacao\/","title":{"rendered":"Programa\u00e7\u00e3o"},"content":{"rendered":"\n<p><strong>PROGRAMA\u00c7\u00c3O 13\u00aa FICE <\/strong><\/p>\n\n\n\n<p>a) Per\u00edodo de Submiss\u00e3o dos trabalhos (inscri\u00e7\u00e3o pela internet): de 01 a 31 de Julho;<br>b) Divulga\u00e7\u00e3o dos resumos selecionados: at\u00e9 02 de Agosto;<br>c) Entrega final dos trabalhos (resumo ou artigo completo e banner para Coordena\u00e7\u00e3o de Pesquisa e\/ou Extens\u00e3o): at\u00e9 09 de Agosto;<br>d) Montagem dos estandes no local do evento: 29\/08, das 8h \u00e0s 12;<br>e) Exposi\u00e7\u00e3o ao p\u00fablico:<\/p>\n\n\n\n<p>           *29\/08 (quinta-feira): das 18h30 \u00e0s 21h30.<\/p>\n\n\n\n<p>           *30\/08 (sexta-feira): das 8h \u00e0s 11h30.<\/p>\n\n\n\n<p>f) Encerramento e premia\u00e7\u00e3o: 30\/08, \u00e0s 13h30, no Audit\u00f3rio.<br>g) Desmontagem dos estandes: 30\/08, ap\u00f3s o encerramento.<\/p>\n\n\n\n<p><\/p>\n\n\n\n<p>\/\/\/\/\/\/\/\/\/\/\/\/\/\/\/\/\/\/\/\/\/\/\/\/\/\/\/\/\/\/\/\/\/\/\/\/\/\/\/\/\/\/\/\/\/\/\/\/\/\/\/\/\/\/\/\/\/\/\/\/\/\/\/\/\/\/<\/p>\n\n\n\n<p><strong>PROGRAMA\u00c7\u00c3O 2\u00ba IFCULTURA VIDEIRA<\/strong><\/p>\n\n\n\n<p>As apresenta\u00e7\u00f5es acontecer\u00e3o na tarde do dia 29 de Agosto. Os hor\u00e1rios de cada apresenta\u00e7\u00e3o ser\u00e3o informados ap\u00f3s o t\u00e9rmino das inscri\u00e7\u00f5es. <\/p>\n\n\n\n<p><\/p>\n\n\n\n<p><\/p>\n","protected":false},"excerpt":{"rendered":"<p>PROGRAMA\u00c7\u00c3O 13\u00aa FICE a) Per\u00edodo de Submiss\u00e3o dos trabalhos (inscri\u00e7\u00e3o pela internet): de 01 a 31 de Julho;b) Divulga\u00e7\u00e3o dos resumos selecionados: at\u00e9 02 de Agosto;c) Entrega final dos trabalhos (resumo ou artigo completo e banner para Coordena\u00e7\u00e3o de Pesquisa &hellip; <a href=\"https:\/\/videira.ifc.edu.br\/fice\/edicoes-anteriores\/2024-13a-edicao\/programacao\/\">Continuar lendo <span class=\"meta-nav\">&rarr;<\/span><\/a><\/p>\n","protected":false},"author":26,"featured_media":0,"parent":1475,"menu_order":0,"comment_status":"closed","ping_status":"closed","template":"","meta":{"footnotes":""},"class_list":["post-1406","page","type-page","status-publish","hentry"],"_links":{"self":[{"href":"https:\/\/videira.ifc.edu.br\/fice\/wp-json\/wp\/v2\/pages\/1406","targetHints":{"allow":["GET"]}}],"collection":[{"href":"https:\/\/videira.ifc.edu.br\/fice\/wp-json\/wp\/v2\/pages"}],"about":[{"href":"https:\/\/videira.ifc.edu.br\/fice\/wp-json\/wp\/v2\/types\/page"}],"author":[{"embeddable":true,"href":"https:\/\/videira.ifc.edu.br\/fice\/wp-json\/wp\/v2\/users\/26"}],"replies":[{"embeddable":true,"href":"https:\/\/videira.ifc.edu.br\/fice\/wp-json\/wp\/v2\/comments?post=1406"}],"version-history":[{"count":2,"href":"https:\/\/videira.ifc.edu.br\/fice\/wp-json\/wp\/v2\/pages\/1406\/revisions"}],"predecessor-version":[{"id":1409,"href":"https:\/\/videira.ifc.edu.br\/fice\/wp-json\/wp\/v2\/pages\/1406\/revisions\/1409"}],"up":[{"embeddable":true,"href":"https:\/\/videira.ifc.edu.br\/fice\/wp-json\/wp\/v2\/pages\/1475"}],"wp:attachment":[{"href":"https:\/\/videira.ifc.edu.br\/fice\/wp-json\/wp\/v2\/media?parent=1406"}],"curies":[{"name":"wp","href":"https:\/\/api.w.org\/{rel}","templated":true}]}}