{"id":1484,"date":"2025-05-30T14:49:45","date_gmt":"2025-05-30T17:49:45","guid":{"rendered":"https:\/\/videira.ifc.edu.br\/fice\/?page_id=1484"},"modified":"2025-06-11T16:16:45","modified_gmt":"2025-06-11T19:16:45","slug":"regulamento","status":"publish","type":"page","link":"https:\/\/videira.ifc.edu.br\/fice\/regulamento\/","title":{"rendered":"Regulamento"},"content":{"rendered":"\n<p>Abaixo segue o Regulamento da 14\u00aa Feira de Inicia\u00e7\u00e3o Cient\u00edfica e extens\u00e3o do IFC \u2013 Campus Videira.<\/p>\n\n\n\n<div data-wp-interactive=\"core\/file\" class=\"wp-block-file\"><object data-wp-bind--hidden=\"!state.hasPdfPreview\" hidden class=\"wp-block-file__embed\" data=\"https:\/\/videira.ifc.edu.br\/fice\/wp-content\/uploads\/sites\/27\/2025\/06\/Regulamento-14a-FICE.docx.pdf\" type=\"application\/pdf\" style=\"width:100%;height:600px\" aria-label=\"Incorporado de Regulamento 14\u00aa FICE.docx.\"><\/object><a id=\"wp-block-file--media-1e3e29ac-6f01-4f04-b415-1e29a80dd894\" href=\"https:\/\/videira.ifc.edu.br\/fice\/wp-content\/uploads\/sites\/27\/2025\/06\/Regulamento-14a-FICE.docx.pdf\">Regulamento 14\u00aa FICE.docx<\/a><a href=\"https:\/\/videira.ifc.edu.br\/fice\/wp-content\/uploads\/sites\/27\/2025\/06\/Regulamento-14a-FICE.docx.pdf\" class=\"wp-block-file__button wp-element-button\" download aria-describedby=\"wp-block-file--media-1e3e29ac-6f01-4f04-b415-1e29a80dd894\">Baixar<\/a><\/div>\n","protected":false},"excerpt":{"rendered":"<p>Abaixo segue o Regulamento da 14\u00aa Feira de Inicia\u00e7\u00e3o Cient\u00edfica e extens\u00e3o do IFC \u2013 Campus Videira.<\/p>\n","protected":false},"author":26,"featured_media":0,"parent":0,"menu_order":0,"comment_status":"closed","ping_status":"closed","template":"","meta":{"footnotes":""},"class_list":["post-1484","page","type-page","status-publish","hentry"],"_links":{"self":[{"href":"https:\/\/videira.ifc.edu.br\/fice\/wp-json\/wp\/v2\/pages\/1484","targetHints":{"allow":["GET"]}}],"collection":[{"href":"https:\/\/videira.ifc.edu.br\/fice\/wp-json\/wp\/v2\/pages"}],"about":[{"href":"https:\/\/videira.ifc.edu.br\/fice\/wp-json\/wp\/v2\/types\/page"}],"author":[{"embeddable":true,"href":"https:\/\/videira.ifc.edu.br\/fice\/wp-json\/wp\/v2\/users\/26"}],"replies":[{"embeddable":true,"href":"https:\/\/videira.ifc.edu.br\/fice\/wp-json\/wp\/v2\/comments?post=1484"}],"version-history":[{"count":2,"href":"https:\/\/videira.ifc.edu.br\/fice\/wp-json\/wp\/v2\/pages\/1484\/revisions"}],"predecessor-version":[{"id":1499,"href":"https:\/\/videira.ifc.edu.br\/fice\/wp-json\/wp\/v2\/pages\/1484\/revisions\/1499"}],"wp:attachment":[{"href":"https:\/\/videira.ifc.edu.br\/fice\/wp-json\/wp\/v2\/media?parent=1484"}],"curies":[{"name":"wp","href":"https:\/\/api.w.org\/{rel}","templated":true}]}}