{"id":1487,"date":"2025-05-30T15:05:55","date_gmt":"2025-05-30T18:05:55","guid":{"rendered":"https:\/\/videira.ifc.edu.br\/fice\/?page_id=1487"},"modified":"2025-06-11T16:20:38","modified_gmt":"2025-06-11T19:20:38","slug":"downloads","status":"publish","type":"page","link":"https:\/\/videira.ifc.edu.br\/fice\/downloads\/","title":{"rendered":"Downloads"},"content":{"rendered":"\n<p>Abaixo est\u00e3o dispon\u00edveis os modelos de Banner (todos os projetos inscritos), Artigo (para os projetos conclu\u00eddos) e Resumo (para os projetos em andamento).<\/p>\n\n\n\n<p><\/p>\n\n\n\n<div class=\"wp-block-file\"><a id=\"wp-block-file--media-3137f38e-5324-4c25-ad9f-20a3c8f57cfa\" href=\"https:\/\/videira.ifc.edu.br\/fice\/wp-content\/uploads\/sites\/27\/2025\/06\/Modelo-Banner-14a-FICE-Videira-2025.ppt\">Modelo-Banner-14a-FICE-Videira-2025<\/a><a href=\"https:\/\/videira.ifc.edu.br\/fice\/wp-content\/uploads\/sites\/27\/2025\/06\/Modelo-Banner-14a-FICE-Videira-2025.ppt\" class=\"wp-block-file__button wp-element-button\" download aria-describedby=\"wp-block-file--media-3137f38e-5324-4c25-ad9f-20a3c8f57cfa\">Baixar<\/a><\/div>\n\n\n\n<div class=\"wp-block-file\"><a id=\"wp-block-file--media-b6e1bccd-a7f2-4a34-9e66-5a255676414a\" href=\"https:\/\/videira.ifc.edu.br\/fice\/wp-content\/uploads\/sites\/27\/2025\/06\/Modelo-Artigo-14a-FICE-Videira-2025.docx\">Modelo-Artigo-14a-FICE-Videira-2025<\/a><a href=\"https:\/\/videira.ifc.edu.br\/fice\/wp-content\/uploads\/sites\/27\/2025\/06\/Modelo-Artigo-14a-FICE-Videira-2025.docx\" class=\"wp-block-file__button wp-element-button\" download aria-describedby=\"wp-block-file--media-b6e1bccd-a7f2-4a34-9e66-5a255676414a\">Baixar<\/a><\/div>\n\n\n\n<div class=\"wp-block-file\"><a id=\"wp-block-file--media-90ddf98e-bc83-4552-9ea9-bcb746dbcc71\" href=\"https:\/\/videira.ifc.edu.br\/fice\/wp-content\/uploads\/sites\/27\/2025\/06\/Modelo-Artigo-14a-FICE-Videira-2025.docx.odt\">Modelo-Artigo-14a-FICE-Videira-2025.docx<\/a><a href=\"https:\/\/videira.ifc.edu.br\/fice\/wp-content\/uploads\/sites\/27\/2025\/06\/Modelo-Artigo-14a-FICE-Videira-2025.docx.odt\" class=\"wp-block-file__button wp-element-button\" download aria-describedby=\"wp-block-file--media-90ddf98e-bc83-4552-9ea9-bcb746dbcc71\">Baixar<\/a><\/div>\n\n\n\n<div class=\"wp-block-file\"><a id=\"wp-block-file--media-80c9cd04-a14d-4abd-b5ab-43ee888dba3f\" href=\"https:\/\/videira.ifc.edu.br\/fice\/wp-content\/uploads\/sites\/27\/2025\/06\/Modelo-Resumo-14a-FICE-Videira-2025.docx\">Modelo-Resumo-14a-FICE-Videira-2025<\/a><a href=\"https:\/\/videira.ifc.edu.br\/fice\/wp-content\/uploads\/sites\/27\/2025\/06\/Modelo-Resumo-14a-FICE-Videira-2025.docx\" class=\"wp-block-file__button wp-element-button\" download aria-describedby=\"wp-block-file--media-80c9cd04-a14d-4abd-b5ab-43ee888dba3f\">Baixar<\/a><\/div>\n\n\n\n<div class=\"wp-block-file\"><a id=\"wp-block-file--media-c584b988-1374-4640-90ba-cf7f0d6c7c18\" href=\"https:\/\/videira.ifc.edu.br\/fice\/wp-content\/uploads\/sites\/27\/2025\/06\/Modelo-Resumo-14a-FICE-Videira-2025.docx.odt\">Modelo-Resumo-14a-FICE-Videira-2025.docx<\/a><a href=\"https:\/\/videira.ifc.edu.br\/fice\/wp-content\/uploads\/sites\/27\/2025\/06\/Modelo-Resumo-14a-FICE-Videira-2025.docx.odt\" class=\"wp-block-file__button wp-element-button\" download aria-describedby=\"wp-block-file--media-c584b988-1374-4640-90ba-cf7f0d6c7c18\">Baixar<\/a><\/div>\n","protected":false},"excerpt":{"rendered":"<p>Abaixo est\u00e3o dispon\u00edveis os modelos de Banner (todos os projetos inscritos), Artigo (para os projetos conclu\u00eddos) e Resumo (para os projetos em andamento).<\/p>\n","protected":false},"author":26,"featured_media":0,"parent":0,"menu_order":0,"comment_status":"closed","ping_status":"closed","template":"","meta":{"footnotes":""},"class_list":["post-1487","page","type-page","status-publish","hentry"],"_links":{"self":[{"href":"https:\/\/videira.ifc.edu.br\/fice\/wp-json\/wp\/v2\/pages\/1487","targetHints":{"allow":["GET"]}}],"collection":[{"href":"https:\/\/videira.ifc.edu.br\/fice\/wp-json\/wp\/v2\/pages"}],"about":[{"href":"https:\/\/videira.ifc.edu.br\/fice\/wp-json\/wp\/v2\/types\/page"}],"author":[{"embeddable":true,"href":"https:\/\/videira.ifc.edu.br\/fice\/wp-json\/wp\/v2\/users\/26"}],"replies":[{"embeddable":true,"href":"https:\/\/videira.ifc.edu.br\/fice\/wp-json\/wp\/v2\/comments?post=1487"}],"version-history":[{"count":3,"href":"https:\/\/videira.ifc.edu.br\/fice\/wp-json\/wp\/v2\/pages\/1487\/revisions"}],"predecessor-version":[{"id":1506,"href":"https:\/\/videira.ifc.edu.br\/fice\/wp-json\/wp\/v2\/pages\/1487\/revisions\/1506"}],"wp:attachment":[{"href":"https:\/\/videira.ifc.edu.br\/fice\/wp-json\/wp\/v2\/media?parent=1487"}],"curies":[{"name":"wp","href":"https:\/\/api.w.org\/{rel}","templated":true}]}}