{"id":1493,"date":"2025-06-03T09:22:22","date_gmt":"2025-06-03T12:22:22","guid":{"rendered":"https:\/\/videira.ifc.edu.br\/fice\/?page_id=1493"},"modified":"2025-06-03T09:22:22","modified_gmt":"2025-06-03T12:22:22","slug":"programacao","status":"publish","type":"page","link":"https:\/\/videira.ifc.edu.br\/fice\/programacao\/","title":{"rendered":"Programa\u00e7\u00e3o"},"content":{"rendered":"\n<p>a) Per\u00edodo de inscri\u00e7\u00e3o dos trabalhos (inscri\u00e7\u00e3o pela internet): de 02 a 30 de Junho;<br>b) Divulga\u00e7\u00e3o dos trabalhos inscritos: 01 de Julho;<br>c) Oficina sobre Escrita Cient\u00edfica (indicado para todos os alunos que submeterem<br>inscri\u00e7\u00e3o de trabalhos): 02 de Julho<br>d) Envio da 1\u00aa vers\u00e3o dos resumos e\/ou artigos para Coordena\u00e7\u00e3o de Pesquisa, Ensino<br>e\/ou Extens\u00e3o): at\u00e9 20 de Julho;<br>e) Entrega do banner (em formato pdf, conforme modelo dispon\u00edvel no site) para<br>Coordena\u00e7\u00e3o de Pesquisa, Ensino e\/ou Extens\u00e3o): at\u00e9 20 de Julho;<br>f) Per\u00edodo de revis\u00e3o ortogr\u00e1fica dos trabalhos (banners n\u00e3o ser\u00e3o revisados): de 21 de<br>Julho a 18 de Agosto<br>g) Entrega da vers\u00e3o final com as devidas corre\u00e7\u00f5es sugeridas: At\u00e9 25 de Agosto<br>h) Montagem dos estandes no local do evento: 28\/08, das 8h \u00e0s 12;<br>i) Exposi\u00e7\u00e3o ao p\u00fablico:<\/p>\n\n\n\n<p>28\/08 (quinta-feira): das 18h30 \u00e0s 21h30.<\/p>\n\n\n\n<p>29\/08 (sexta-feira): das 8h \u00e0s 11h30.<\/p>\n\n\n\n<p>j) Apresenta\u00e7\u00f5es IFCultura: 28\/08, das 13h30 \u00e0s 16h45<br>j) Encerramento e premia\u00e7\u00e3o: 29\/08, \u00e0s 15h30, no Audit\u00f3rio.<\/p>\n","protected":false},"excerpt":{"rendered":"<p>a) Per\u00edodo de inscri\u00e7\u00e3o dos trabalhos (inscri\u00e7\u00e3o pela internet): de 02 a 30 de Junho;b) Divulga\u00e7\u00e3o dos trabalhos inscritos: 01 de Julho;c) Oficina sobre Escrita Cient\u00edfica (indicado para todos os alunos que submetereminscri\u00e7\u00e3o de trabalhos): 02 de Julhod) Envio da &hellip; <a href=\"https:\/\/videira.ifc.edu.br\/fice\/programacao\/\">Continuar lendo <span class=\"meta-nav\">&rarr;<\/span><\/a><\/p>\n","protected":false},"author":26,"featured_media":0,"parent":0,"menu_order":0,"comment_status":"closed","ping_status":"closed","template":"","meta":{"footnotes":""},"class_list":["post-1493","page","type-page","status-publish","hentry"],"_links":{"self":[{"href":"https:\/\/videira.ifc.edu.br\/fice\/wp-json\/wp\/v2\/pages\/1493","targetHints":{"allow":["GET"]}}],"collection":[{"href":"https:\/\/videira.ifc.edu.br\/fice\/wp-json\/wp\/v2\/pages"}],"about":[{"href":"https:\/\/videira.ifc.edu.br\/fice\/wp-json\/wp\/v2\/types\/page"}],"author":[{"embeddable":true,"href":"https:\/\/videira.ifc.edu.br\/fice\/wp-json\/wp\/v2\/users\/26"}],"replies":[{"embeddable":true,"href":"https:\/\/videira.ifc.edu.br\/fice\/wp-json\/wp\/v2\/comments?post=1493"}],"version-history":[{"count":1,"href":"https:\/\/videira.ifc.edu.br\/fice\/wp-json\/wp\/v2\/pages\/1493\/revisions"}],"predecessor-version":[{"id":1494,"href":"https:\/\/videira.ifc.edu.br\/fice\/wp-json\/wp\/v2\/pages\/1493\/revisions\/1494"}],"wp:attachment":[{"href":"https:\/\/videira.ifc.edu.br\/fice\/wp-json\/wp\/v2\/media?parent=1493"}],"curies":[{"name":"wp","href":"https:\/\/api.w.org\/{rel}","templated":true}]}}