{"id":1511,"date":"2025-07-01T16:39:02","date_gmt":"2025-07-01T19:39:02","guid":{"rendered":"https:\/\/videira.ifc.edu.br\/fice\/?page_id=1511"},"modified":"2025-08-26T13:57:45","modified_gmt":"2025-08-26T16:57:45","slug":"apoiadores","status":"publish","type":"page","link":"https:\/\/videira.ifc.edu.br\/fice\/apoiadores\/","title":{"rendered":"Apoiadores"},"content":{"rendered":"\n<p>Pessoas f\u00edsicas ou jur\u00eddicas de direito privado, com ou sem fins lucrativos, que assume, no todo ou em parte, o apoio a um evento e desejam colaborar com a 14\u00aa Feira de Inicia\u00e7\u00e3o Cient\u00edfica e Extens\u00e3o do IFC &#8211; Campus Videira, podem contribuir atrav\u00e9s do preenchimento do formul\u00e1rio dispon\u00edvel no link: <a href=\"https:\/\/forms.gle\/rZ4G4EeRFUpPomee8\">https:\/\/forms.gle\/pM2CMa9eeaGjSLZ88<\/a><\/p>\n\n\n\n<div data-wp-interactive=\"core\/file\" class=\"wp-block-file\"><object data-wp-bind--hidden=\"!state.hasPdfPreview\" hidden class=\"wp-block-file__embed\" data=\"https:\/\/videira.ifc.edu.br\/fice\/wp-content\/uploads\/sites\/27\/2025\/08\/RESULTADO-FINAL-Retificado-Edital-013-2025.pdf\" type=\"application\/pdf\" style=\"width:100%;height:600px\" aria-label=\"Incorporado de RESULTADO FINAL - Retificado - Edital 013-2025.\"><\/object><a id=\"wp-block-file--media-756ec71e-1337-47bb-8fbe-355d66438a66\" href=\"https:\/\/videira.ifc.edu.br\/fice\/wp-content\/uploads\/sites\/27\/2025\/08\/RESULTADO-FINAL-Retificado-Edital-013-2025.pdf\">RESULTADO FINAL &#8211; Retificado &#8211; Edital 013-2025<\/a><a href=\"https:\/\/videira.ifc.edu.br\/fice\/wp-content\/uploads\/sites\/27\/2025\/08\/RESULTADO-FINAL-Retificado-Edital-013-2025.pdf\" class=\"wp-block-file__button wp-element-button\" download aria-describedby=\"wp-block-file--media-756ec71e-1337-47bb-8fbe-355d66438a66\">Baixar<\/a><\/div>\n\n\n\n<div data-wp-interactive=\"core\/file\" class=\"wp-block-file\"><object data-wp-bind--hidden=\"!state.hasPdfPreview\" hidden class=\"wp-block-file__embed\" data=\"https:\/\/videira.ifc.edu.br\/fice\/wp-content\/uploads\/sites\/27\/2025\/08\/RESULTADO-FINAL-Edital-de-Chamada-Publica-para-captacao-de-apoio-a-realizacao-de-eventos-do-IFC-Campus-Videira.pdf\" type=\"application\/pdf\" style=\"width:100%;height:600px\" aria-label=\"Incorporado de RESULTADO FINAL - Edital de Chamada P\u00fablica para capta\u00e7\u00e3o de apoio \u00e0 realiza\u00e7\u00e3o de eventos do IFC - Campus Videira.\"><\/object><a id=\"wp-block-file--media-1e75e946-63ed-489e-ad6f-aa1f440a9691\" href=\"https:\/\/videira.ifc.edu.br\/fice\/wp-content\/uploads\/sites\/27\/2025\/08\/RESULTADO-FINAL-Edital-de-Chamada-Publica-para-captacao-de-apoio-a-realizacao-de-eventos-do-IFC-Campus-Videira.pdf\">RESULTADO FINAL &#8211; Edital de Chamada P\u00fablica para capta\u00e7\u00e3o de apoio \u00e0 realiza\u00e7\u00e3o de eventos do IFC &#8211; Campus Videira<\/a><a href=\"https:\/\/videira.ifc.edu.br\/fice\/wp-content\/uploads\/sites\/27\/2025\/08\/RESULTADO-FINAL-Edital-de-Chamada-Publica-para-captacao-de-apoio-a-realizacao-de-eventos-do-IFC-Campus-Videira.pdf\" class=\"wp-block-file__button wp-element-button\" download aria-describedby=\"wp-block-file--media-1e75e946-63ed-489e-ad6f-aa1f440a9691\">Baixar<\/a><\/div>\n\n\n\n<div data-wp-interactive=\"core\/file\" class=\"wp-block-file\"><object data-wp-bind--hidden=\"!state.hasPdfPreview\" hidden class=\"wp-block-file__embed\" data=\"https:\/\/videira.ifc.edu.br\/fice\/wp-content\/uploads\/sites\/27\/2025\/08\/Resultado-Preliminar-Edital-13.2025-Chamada-Publica-para-captacao-de-apoio-a-realizacao-da-14a-FICE.pdf\" type=\"application\/pdf\" style=\"width:100%;height:600px\" aria-label=\"Incorporado de Resultado Preliminar - Edital-13.2025-Chamada-Publica-para-captacao-de-apoio-a-realizacao-da-14a-FICE.\"><\/object><a id=\"wp-block-file--media-7aa819b6-b65e-424d-a50c-0b9dcdeca9a5\" href=\"https:\/\/videira.ifc.edu.br\/fice\/wp-content\/uploads\/sites\/27\/2025\/08\/Resultado-Preliminar-Edital-13.2025-Chamada-Publica-para-captacao-de-apoio-a-realizacao-da-14a-FICE.pdf\">Resultado Preliminar &#8211; Edital-13.2025-Chamada-Publica-para-captacao-de-apoio-a-realizacao-da-14a-FICE<\/a><a href=\"https:\/\/videira.ifc.edu.br\/fice\/wp-content\/uploads\/sites\/27\/2025\/08\/Resultado-Preliminar-Edital-13.2025-Chamada-Publica-para-captacao-de-apoio-a-realizacao-da-14a-FICE.pdf\" class=\"wp-block-file__button wp-element-button\" download aria-describedby=\"wp-block-file--media-7aa819b6-b65e-424d-a50c-0b9dcdeca9a5\">Baixar<\/a><\/div>\n\n\n\n<div data-wp-interactive=\"core\/file\" class=\"wp-block-file\"><object data-wp-bind--hidden=\"!state.hasPdfPreview\" hidden class=\"wp-block-file__embed\" data=\"https:\/\/videira.ifc.edu.br\/fice\/wp-content\/uploads\/sites\/27\/2025\/07\/Edital-13.2025-Chamada-Publica-para-captacao-de-apoio-a-realizacao-da-14a-FICE.pdf\" type=\"application\/pdf\" style=\"width:100%;height:600px\" aria-label=\"Incorporado de Edital-13.2025-Chamada-Publica-para-captacao-de-apoio-a-realizacao-da-14a-FICE.\"><\/object><a id=\"wp-block-file--media-a27203f5-e5ce-445d-a1a9-2c4f2d4580d8\" href=\"https:\/\/videira.ifc.edu.br\/fice\/wp-content\/uploads\/sites\/27\/2025\/07\/Edital-13.2025-Chamada-Publica-para-captacao-de-apoio-a-realizacao-da-14a-FICE.pdf\">Edital-13.2025-Chamada-Publica-para-captacao-de-apoio-a-realizacao-da-14a-FICE<\/a><a href=\"https:\/\/videira.ifc.edu.br\/fice\/wp-content\/uploads\/sites\/27\/2025\/07\/Edital-13.2025-Chamada-Publica-para-captacao-de-apoio-a-realizacao-da-14a-FICE.pdf\" class=\"wp-block-file__button wp-element-button\" download aria-describedby=\"wp-block-file--media-a27203f5-e5ce-445d-a1a9-2c4f2d4580d8\">Baixar<\/a><\/div>\n\n\n\n<p><\/p>\n","protected":false},"excerpt":{"rendered":"<p>Pessoas f\u00edsicas ou jur\u00eddicas de direito privado, com ou sem fins lucrativos, que assume, no todo ou em parte, o apoio a um evento e desejam colaborar com a 14\u00aa Feira de Inicia\u00e7\u00e3o Cient\u00edfica e Extens\u00e3o do IFC &#8211; Campus &hellip; <a href=\"https:\/\/videira.ifc.edu.br\/fice\/apoiadores\/\">Continuar lendo <span class=\"meta-nav\">&rarr;<\/span><\/a><\/p>\n","protected":false},"author":26,"featured_media":0,"parent":0,"menu_order":0,"comment_status":"closed","ping_status":"closed","template":"","meta":{"footnotes":""},"class_list":["post-1511","page","type-page","status-publish","hentry"],"_links":{"self":[{"href":"https:\/\/videira.ifc.edu.br\/fice\/wp-json\/wp\/v2\/pages\/1511","targetHints":{"allow":["GET"]}}],"collection":[{"href":"https:\/\/videira.ifc.edu.br\/fice\/wp-json\/wp\/v2\/pages"}],"about":[{"href":"https:\/\/videira.ifc.edu.br\/fice\/wp-json\/wp\/v2\/types\/page"}],"author":[{"embeddable":true,"href":"https:\/\/videira.ifc.edu.br\/fice\/wp-json\/wp\/v2\/users\/26"}],"replies":[{"embeddable":true,"href":"https:\/\/videira.ifc.edu.br\/fice\/wp-json\/wp\/v2\/comments?post=1511"}],"version-history":[{"count":4,"href":"https:\/\/videira.ifc.edu.br\/fice\/wp-json\/wp\/v2\/pages\/1511\/revisions"}],"predecessor-version":[{"id":1519,"href":"https:\/\/videira.ifc.edu.br\/fice\/wp-json\/wp\/v2\/pages\/1511\/revisions\/1519"}],"wp:attachment":[{"href":"https:\/\/videira.ifc.edu.br\/fice\/wp-json\/wp\/v2\/media?parent=1511"}],"curies":[{"name":"wp","href":"https:\/\/api.w.org\/{rel}","templated":true}]}}