{"id":21,"date":"2013-06-19T11:27:28","date_gmt":"2013-06-19T11:27:28","guid":{"rendered":"http:\/\/eventos.videira.ifc.edu.br\/fice\/?page_id=21"},"modified":"2013-06-19T11:27:28","modified_gmt":"2013-06-19T11:27:28","slug":"edicoes-anteriores","status":"publish","type":"page","link":"https:\/\/videira.ifc.edu.br\/fice\/edicoes-anteriores\/","title":{"rendered":"Edi\u00e7\u00f5es Anteriores"},"content":{"rendered":"<p>Neste espa\u00e7o voc\u00ea pode conferir tudo sobre as edi\u00e7\u00f5es anteriores da FICE.<\/p>\n<p>Passe o mouse sobre a op\u00e7\u00e3o &#8220;Edi\u00e7\u00f5es Anteriores&#8221; do menu e escolha o evento que voc\u00ea gostaria de ver<\/p>\n","protected":false},"excerpt":{"rendered":"<p>Neste espa\u00e7o voc\u00ea pode conferir tudo sobre as edi\u00e7\u00f5es anteriores da FICE. Passe o mouse sobre a op\u00e7\u00e3o &#8220;Edi\u00e7\u00f5es Anteriores&#8221; do menu e escolha o evento que voc\u00ea gostaria de ver<\/p>\n","protected":false},"author":5,"featured_media":0,"parent":0,"menu_order":1000,"comment_status":"open","ping_status":"open","template":"","meta":{"footnotes":""},"class_list":["post-21","page","type-page","status-publish","hentry"],"_links":{"self":[{"href":"https:\/\/videira.ifc.edu.br\/fice\/wp-json\/wp\/v2\/pages\/21","targetHints":{"allow":["GET"]}}],"collection":[{"href":"https:\/\/videira.ifc.edu.br\/fice\/wp-json\/wp\/v2\/pages"}],"about":[{"href":"https:\/\/videira.ifc.edu.br\/fice\/wp-json\/wp\/v2\/types\/page"}],"author":[{"embeddable":true,"href":"https:\/\/videira.ifc.edu.br\/fice\/wp-json\/wp\/v2\/users\/5"}],"replies":[{"embeddable":true,"href":"https:\/\/videira.ifc.edu.br\/fice\/wp-json\/wp\/v2\/comments?post=21"}],"version-history":[{"count":0,"href":"https:\/\/videira.ifc.edu.br\/fice\/wp-json\/wp\/v2\/pages\/21\/revisions"}],"wp:attachment":[{"href":"https:\/\/videira.ifc.edu.br\/fice\/wp-json\/wp\/v2\/media?parent=21"}],"curies":[{"name":"wp","href":"https:\/\/api.w.org\/{rel}","templated":true}]}}