{"id":23,"date":"2013-06-19T11:36:35","date_gmt":"2013-06-19T11:36:35","guid":{"rendered":"http:\/\/eventos.videira.ifc.edu.br\/fice\/?page_id=23"},"modified":"2013-06-19T11:36:35","modified_gmt":"2013-06-19T11:36:35","slug":"2012-1a-edicao","status":"publish","type":"page","link":"https:\/\/videira.ifc.edu.br\/fice\/edicoes-anteriores\/2012-1a-edicao\/","title":{"rendered":"2012 &#8211; 1\u00aa Edi\u00e7\u00e3o"},"content":{"rendered":"<p>A I Feira de Inicia\u00e7\u00e3o Cient\u00edfica e Extens\u00e3o \u2013 I FICE, desenvolvida pelo Instituto Federal Catarinense (IFC) &#8211; C\u00e2mpus Videira, C\u00e2mpus Avan\u00e7ado de Luzerna e C\u00e2mpus Avan\u00e7ado de Fraiburgo, visa consolidar o espa\u00e7o de pesquisa cient\u00edfica multidisciplinar no Ensino M\u00e9dio, T\u00e9cnico e Superior da Institui\u00e7\u00e3o, estimulando a forma\u00e7\u00e3o de futuros pesquisadores, compartilhando experi\u00eancias e divulgando trabalhos de pesquisa e extens\u00e3o realizados nestes c\u00e2mpus. A I FICE faz parte das atividades curriculares previstas no IFC &#8211; C\u00e2mpus Videira.<\/p>\n","protected":false},"excerpt":{"rendered":"<p>A I Feira de Inicia\u00e7\u00e3o Cient\u00edfica e Extens\u00e3o \u2013 I FICE, desenvolvida pelo Instituto Federal Catarinense (IFC) &#8211; C\u00e2mpus Videira, C\u00e2mpus Avan\u00e7ado de Luzerna e C\u00e2mpus Avan\u00e7ado de Fraiburgo, visa consolidar o espa\u00e7o de pesquisa cient\u00edfica multidisciplinar no Ensino M\u00e9dio, &hellip; <a href=\"https:\/\/videira.ifc.edu.br\/fice\/edicoes-anteriores\/2012-1a-edicao\/\">Continuar lendo <span class=\"meta-nav\">&rarr;<\/span><\/a><\/p>\n","protected":false},"author":5,"featured_media":0,"parent":21,"menu_order":0,"comment_status":"open","ping_status":"open","template":"","meta":{"footnotes":""},"class_list":["post-23","page","type-page","status-publish","hentry"],"_links":{"self":[{"href":"https:\/\/videira.ifc.edu.br\/fice\/wp-json\/wp\/v2\/pages\/23","targetHints":{"allow":["GET"]}}],"collection":[{"href":"https:\/\/videira.ifc.edu.br\/fice\/wp-json\/wp\/v2\/pages"}],"about":[{"href":"https:\/\/videira.ifc.edu.br\/fice\/wp-json\/wp\/v2\/types\/page"}],"author":[{"embeddable":true,"href":"https:\/\/videira.ifc.edu.br\/fice\/wp-json\/wp\/v2\/users\/5"}],"replies":[{"embeddable":true,"href":"https:\/\/videira.ifc.edu.br\/fice\/wp-json\/wp\/v2\/comments?post=23"}],"version-history":[{"count":0,"href":"https:\/\/videira.ifc.edu.br\/fice\/wp-json\/wp\/v2\/pages\/23\/revisions"}],"up":[{"embeddable":true,"href":"https:\/\/videira.ifc.edu.br\/fice\/wp-json\/wp\/v2\/pages\/21"}],"wp:attachment":[{"href":"https:\/\/videira.ifc.edu.br\/fice\/wp-json\/wp\/v2\/media?parent=23"}],"curies":[{"name":"wp","href":"https:\/\/api.w.org\/{rel}","templated":true}]}}