{"id":25,"date":"2013-06-19T11:37:58","date_gmt":"2013-06-19T11:37:58","guid":{"rendered":"http:\/\/eventos.videira.ifc.edu.br\/fice\/?page_id=25"},"modified":"2013-06-19T11:37:58","modified_gmt":"2013-06-19T11:37:58","slug":"comissoes","status":"publish","type":"page","link":"https:\/\/videira.ifc.edu.br\/fice\/edicoes-anteriores\/2012-1a-edicao\/comissoes\/","title":{"rendered":"Comiss\u00f5es"},"content":{"rendered":"<p><strong>Coordena\u00e7\u00e3o Geral do Evento<\/strong><br \/>\nNadir Paula da Rosa<br \/>\nAngela Maria Crotti da Rosa<br \/>\nGilson Ribeiro Nacthtigall<\/p>\n<p><strong>Coordena\u00e7\u00e3o das Comiss\u00f5es da I FICE:<\/strong><br \/>\nCertifica\u00e7\u00e3o<br \/>\nGiovana Von Mecheln<\/p>\n<p><strong>Comiss\u00e3o Cient\u00edfica<\/strong><br \/>\nAngela Maria Crotti da Rosa<br \/>\nGilson Ribeiro Nacthtigall<\/p>\n<p><strong>Comiss\u00e3o de Atividades Culturais<\/strong><br \/>\nAngela Maria Crotti da Rosa<br \/>\nLidiane Silva Braga<\/p>\n<p><strong>Comiss\u00e3o de Avalia\u00e7\u00e3o<\/strong><br \/>\nGilson Ribeiro Nacthtigall<\/p>\n<p><strong>Comiss\u00e3o de Divulga\u00e7\u00e3o<\/strong><br \/>\nJuliana Carla Bauerle Motta<\/p>\n<p><strong>Comiss\u00e3o de Infraestrutura<\/strong><br \/>\nDaniel Manenti<br \/>\nGilson Ribeiro Nacthtigall<br \/>\nMarcos Colares Bina<\/p>\n<p><strong>Comiss\u00e3o de Capta\u00e7\u00e3o de recurso<\/strong><br \/>\nJosy Alvarenga Gardin<br \/>\nJuliana Carla Bauerle Motta<br \/>\nNadir Paula da Rosa<\/p>\n<p><strong>Comiss\u00e3o de Recep\u00e7\u00e3o e Coffee break<\/strong><br \/>\nGabriela Frizzo Patricio<br \/>\nLidiane Silva Braga<br \/>\nGiceli Peretti<\/p>\n<p><strong>Comiss\u00e3o de Visita\u00e7\u00e3o aos setores do IFC &#8211; C\u00e2mpus Videira<\/strong><br \/>\nMarizete Bortolanza Spessatto<br \/>\nRodrigo Zuffo<br \/>\nDemais professores<\/p>\n","protected":false},"excerpt":{"rendered":"<p>Coordena\u00e7\u00e3o Geral do Evento Nadir Paula da Rosa Angela Maria Crotti da Rosa Gilson Ribeiro Nacthtigall Coordena\u00e7\u00e3o das Comiss\u00f5es da I FICE: Certifica\u00e7\u00e3o Giovana Von Mecheln Comiss\u00e3o Cient\u00edfica Angela Maria Crotti da Rosa Gilson Ribeiro Nacthtigall Comiss\u00e3o de Atividades Culturais &hellip; <a href=\"https:\/\/videira.ifc.edu.br\/fice\/edicoes-anteriores\/2012-1a-edicao\/comissoes\/\">Continuar lendo <span class=\"meta-nav\">&rarr;<\/span><\/a><\/p>\n","protected":false},"author":5,"featured_media":0,"parent":23,"menu_order":50,"comment_status":"open","ping_status":"open","template":"","meta":{"footnotes":""},"class_list":["post-25","page","type-page","status-publish","hentry"],"_links":{"self":[{"href":"https:\/\/videira.ifc.edu.br\/fice\/wp-json\/wp\/v2\/pages\/25","targetHints":{"allow":["GET"]}}],"collection":[{"href":"https:\/\/videira.ifc.edu.br\/fice\/wp-json\/wp\/v2\/pages"}],"about":[{"href":"https:\/\/videira.ifc.edu.br\/fice\/wp-json\/wp\/v2\/types\/page"}],"author":[{"embeddable":true,"href":"https:\/\/videira.ifc.edu.br\/fice\/wp-json\/wp\/v2\/users\/5"}],"replies":[{"embeddable":true,"href":"https:\/\/videira.ifc.edu.br\/fice\/wp-json\/wp\/v2\/comments?post=25"}],"version-history":[{"count":0,"href":"https:\/\/videira.ifc.edu.br\/fice\/wp-json\/wp\/v2\/pages\/25\/revisions"}],"up":[{"embeddable":true,"href":"https:\/\/videira.ifc.edu.br\/fice\/wp-json\/wp\/v2\/pages\/23"}],"wp:attachment":[{"href":"https:\/\/videira.ifc.edu.br\/fice\/wp-json\/wp\/v2\/media?parent=25"}],"curies":[{"name":"wp","href":"https:\/\/api.w.org\/{rel}","templated":true}]}}