{"id":27,"date":"2013-06-19T11:38:51","date_gmt":"2013-06-19T11:38:51","guid":{"rendered":"http:\/\/eventos.videira.ifc.edu.br\/fice\/?page_id=27"},"modified":"2013-06-19T11:38:51","modified_gmt":"2013-06-19T11:38:51","slug":"objetivos-especificos","status":"publish","type":"page","link":"https:\/\/videira.ifc.edu.br\/fice\/edicoes-anteriores\/2012-1a-edicao\/objetivos-especificos\/","title":{"rendered":"Objetivos Espec\u00edficos"},"content":{"rendered":"<p>A I FICE tem como objetivo divulgar trabalhos de inicia\u00e7\u00e3o cient\u00edfica, extens\u00e3o e inova\u00e7\u00f5es tecnol\u00f3gicas desenvolvidos por alunos regularmente matriculados em cursos de n\u00edvel m\u00e9dio profissionalizante e gradua\u00e7\u00e3o do Instituto Federal Catarinense (IFC).<\/p>\n<h2>Objetivos Espec\u00edficos<\/h2>\n<ul>\n<li>a) incentivar a pesquisa, a extens\u00e3o, a inova\u00e7\u00e3o tecnol\u00f3gica e o desenvolvimento de projetos cient\u00edficos multidisciplinares;<\/li>\n<li>b) motivar a comunidade escolar para a pesquisa cient\u00edfica e para a busca de solu\u00e7\u00f5es para os problemas da realidade, na qual o educando est\u00e1 inserido;<\/li>\n<li>c) consolidar os grupos de pesquisa nas Institui\u00e7\u00f5es;<\/li>\n<li>d) motivar o interesse pela investiga\u00e7\u00e3o cient\u00edfica em todas as \u00e1reas da natureza t\u00e9cnica e human\u00edstica, objetivando o desenvolvimento de novos conhecimentos e tecnologias;<\/li>\n<li>e) proporcionar ao corpo discente, docente e t\u00e9cnico a oportunidade de aperfei\u00e7oar atividades de orienta\u00e7\u00e3o, de pesquisa e de extens\u00e3o;<\/li>\n<li>f) oportunizar o contato da comunidade regional com o meio cient\u00edfico, tecnol\u00f3gico e cultural.<\/li>\n<\/ul>\n","protected":false},"excerpt":{"rendered":"<p>A I FICE tem como objetivo divulgar trabalhos de inicia\u00e7\u00e3o cient\u00edfica, extens\u00e3o e inova\u00e7\u00f5es tecnol\u00f3gicas desenvolvidos por alunos regularmente matriculados em cursos de n\u00edvel m\u00e9dio profissionalizante e gradua\u00e7\u00e3o do Instituto Federal Catarinense (IFC). Objetivos Espec\u00edficos a) incentivar a pesquisa, a &hellip; <a href=\"https:\/\/videira.ifc.edu.br\/fice\/edicoes-anteriores\/2012-1a-edicao\/objetivos-especificos\/\">Continuar lendo <span class=\"meta-nav\">&rarr;<\/span><\/a><\/p>\n","protected":false},"author":5,"featured_media":0,"parent":23,"menu_order":5,"comment_status":"open","ping_status":"open","template":"","meta":{"footnotes":""},"class_list":["post-27","page","type-page","status-publish","hentry"],"_links":{"self":[{"href":"https:\/\/videira.ifc.edu.br\/fice\/wp-json\/wp\/v2\/pages\/27","targetHints":{"allow":["GET"]}}],"collection":[{"href":"https:\/\/videira.ifc.edu.br\/fice\/wp-json\/wp\/v2\/pages"}],"about":[{"href":"https:\/\/videira.ifc.edu.br\/fice\/wp-json\/wp\/v2\/types\/page"}],"author":[{"embeddable":true,"href":"https:\/\/videira.ifc.edu.br\/fice\/wp-json\/wp\/v2\/users\/5"}],"replies":[{"embeddable":true,"href":"https:\/\/videira.ifc.edu.br\/fice\/wp-json\/wp\/v2\/comments?post=27"}],"version-history":[{"count":0,"href":"https:\/\/videira.ifc.edu.br\/fice\/wp-json\/wp\/v2\/pages\/27\/revisions"}],"up":[{"embeddable":true,"href":"https:\/\/videira.ifc.edu.br\/fice\/wp-json\/wp\/v2\/pages\/23"}],"wp:attachment":[{"href":"https:\/\/videira.ifc.edu.br\/fice\/wp-json\/wp\/v2\/media?parent=27"}],"curies":[{"name":"wp","href":"https:\/\/api.w.org\/{rel}","templated":true}]}}