{"id":279,"date":"2014-06-12T13:45:42","date_gmt":"2014-06-12T13:45:42","guid":{"rendered":"http:\/\/eventos.videira.ifc.edu.br\/fice\/?page_id=279"},"modified":"2014-06-12T13:45:42","modified_gmt":"2014-06-12T13:45:42","slug":"2013-2a-edicao","status":"publish","type":"page","link":"https:\/\/videira.ifc.edu.br\/fice\/edicoes-anteriores\/2013-2a-edicao\/","title":{"rendered":"2013 &#8211; 2\u00aa edi\u00e7\u00e3o"},"content":{"rendered":"<p><span style=\"color: #373737\">A II Feira de Inicia\u00e7\u00e3o Cient\u00edfica e Extens\u00e3o \u2013 II FICE, desenvolvida pelo Instituto Federal Catarinense (IFC) \u2013 C\u00e2mpus Videira, visa consolidar o espa\u00e7o de pesquisa cient\u00edfica multidisciplinar no Ensino M\u00e9dio, T\u00e9cnico e Superior da Institui\u00e7\u00e3o, estimulando a forma\u00e7\u00e3o de futuros pesquisadores, compartilhando experi\u00eancias e divulgando trabalhos de pesquisa e extens\u00e3o realizados nestes c\u00e2mpus. A I FICE faz parte das atividades curriculares previstas no IFC \u2013 C\u00e2mpus Videira.<\/span><\/p>\n","protected":false},"excerpt":{"rendered":"<p>A II Feira de Inicia\u00e7\u00e3o Cient\u00edfica e Extens\u00e3o \u2013 II FICE, desenvolvida pelo Instituto Federal Catarinense (IFC) \u2013 C\u00e2mpus Videira, visa consolidar o espa\u00e7o de pesquisa cient\u00edfica multidisciplinar no Ensino M\u00e9dio, T\u00e9cnico e Superior da Institui\u00e7\u00e3o, estimulando a forma\u00e7\u00e3o de &hellip; <a href=\"https:\/\/videira.ifc.edu.br\/fice\/edicoes-anteriores\/2013-2a-edicao\/\">Continuar lendo <span class=\"meta-nav\">&rarr;<\/span><\/a><\/p>\n","protected":false},"author":5,"featured_media":0,"parent":21,"menu_order":0,"comment_status":"open","ping_status":"open","template":"","meta":{"footnotes":""},"class_list":["post-279","page","type-page","status-publish","hentry"],"_links":{"self":[{"href":"https:\/\/videira.ifc.edu.br\/fice\/wp-json\/wp\/v2\/pages\/279","targetHints":{"allow":["GET"]}}],"collection":[{"href":"https:\/\/videira.ifc.edu.br\/fice\/wp-json\/wp\/v2\/pages"}],"about":[{"href":"https:\/\/videira.ifc.edu.br\/fice\/wp-json\/wp\/v2\/types\/page"}],"author":[{"embeddable":true,"href":"https:\/\/videira.ifc.edu.br\/fice\/wp-json\/wp\/v2\/users\/5"}],"replies":[{"embeddable":true,"href":"https:\/\/videira.ifc.edu.br\/fice\/wp-json\/wp\/v2\/comments?post=279"}],"version-history":[{"count":0,"href":"https:\/\/videira.ifc.edu.br\/fice\/wp-json\/wp\/v2\/pages\/279\/revisions"}],"up":[{"embeddable":true,"href":"https:\/\/videira.ifc.edu.br\/fice\/wp-json\/wp\/v2\/pages\/21"}],"wp:attachment":[{"href":"https:\/\/videira.ifc.edu.br\/fice\/wp-json\/wp\/v2\/media?parent=279"}],"curies":[{"name":"wp","href":"https:\/\/api.w.org\/{rel}","templated":true}]}}