{"id":31,"date":"2013-06-19T11:42:07","date_gmt":"2013-06-19T11:42:07","guid":{"rendered":"http:\/\/eventos.videira.ifc.edu.br\/fice\/?page_id=31"},"modified":"2013-06-19T11:42:07","modified_gmt":"2013-06-19T11:42:07","slug":"local","status":"publish","type":"page","link":"https:\/\/videira.ifc.edu.br\/fice\/edicoes-anteriores\/2012-1a-edicao\/local\/","title":{"rendered":"Local"},"content":{"rendered":"<ul>\n<li>Gin\u00e1sio do Instituto Federal Catarinense &#8211; C\u00e2mpus Videira<\/li>\n<li>Rodovia SC 303 &#8211; km 05 &#8211; Videira &#8211; SC<\/li>\n<li>Fone\/Fax:Secretaria: (49) 3533-4918\n<p>Coordena\u00e7\u00e3o de Pesquisa: (49) 3533-4937<\/p>\n<p>Coordena\u00e7\u00e3o de Extens\u00e3o: (49) 3533-4926<\/li>\n<\/ul>\n<h2>Mapa de Localiza\u00e7\u00e3o<\/h2>\n<p><small><a style=\"color: #0000ff;text-align: left\" href=\"http:\/\/maps.google.com\/maps?f=q&amp;source=embed&amp;hl=pt-BR&amp;geocode=&amp;q=Instituto+Federal+Catarinense+-+C%C3%A2mpus+Videira,+Videira+-+Santa+Catarina,+Brasil&amp;aq=2&amp;oq=Institu&amp;sll=-27.026712,-51.145842&amp;sspn=0.009844,0.020063&amp;t=m&amp;g=-27.026712,+-51.145844&amp;ie=UTF8&amp;hq=Instituto+Federal+Catarinense+-+C%C3%A2mpus&amp;hnear=Aeroporto+(VIA)+-+Videira+-+Santa+Catarina,+Brasil&amp;ll=-27.008476,-51.142774&amp;spn=0.044214,0.038418\">Exibir mapa ampliado<\/a><\/small><\/p>\n","protected":false},"excerpt":{"rendered":"<p>Gin\u00e1sio do Instituto Federal Catarinense &#8211; C\u00e2mpus Videira Rodovia SC 303 &#8211; km 05 &#8211; Videira &#8211; SC Fone\/Fax:Secretaria: (49) 3533-4918 Coordena\u00e7\u00e3o de Pesquisa: (49) 3533-4937 Coordena\u00e7\u00e3o de Extens\u00e3o: (49) 3533-4926 Mapa de Localiza\u00e7\u00e3o Exibir mapa ampliado<\/p>\n","protected":false},"author":5,"featured_media":0,"parent":23,"menu_order":3,"comment_status":"open","ping_status":"open","template":"","meta":{"footnotes":""},"class_list":["post-31","page","type-page","status-publish","hentry"],"_links":{"self":[{"href":"https:\/\/videira.ifc.edu.br\/fice\/wp-json\/wp\/v2\/pages\/31","targetHints":{"allow":["GET"]}}],"collection":[{"href":"https:\/\/videira.ifc.edu.br\/fice\/wp-json\/wp\/v2\/pages"}],"about":[{"href":"https:\/\/videira.ifc.edu.br\/fice\/wp-json\/wp\/v2\/types\/page"}],"author":[{"embeddable":true,"href":"https:\/\/videira.ifc.edu.br\/fice\/wp-json\/wp\/v2\/users\/5"}],"replies":[{"embeddable":true,"href":"https:\/\/videira.ifc.edu.br\/fice\/wp-json\/wp\/v2\/comments?post=31"}],"version-history":[{"count":0,"href":"https:\/\/videira.ifc.edu.br\/fice\/wp-json\/wp\/v2\/pages\/31\/revisions"}],"up":[{"embeddable":true,"href":"https:\/\/videira.ifc.edu.br\/fice\/wp-json\/wp\/v2\/pages\/23"}],"wp:attachment":[{"href":"https:\/\/videira.ifc.edu.br\/fice\/wp-json\/wp\/v2\/media?parent=31"}],"curies":[{"name":"wp","href":"https:\/\/api.w.org\/{rel}","templated":true}]}}