{"id":33,"date":"2013-06-19T11:43:17","date_gmt":"2013-06-19T11:43:17","guid":{"rendered":"http:\/\/eventos.videira.ifc.edu.br\/fice\/?page_id=33"},"modified":"2013-06-19T11:43:17","modified_gmt":"2013-06-19T11:43:17","slug":"manual","status":"publish","type":"page","link":"https:\/\/videira.ifc.edu.br\/fice\/edicoes-anteriores\/2012-1a-edicao\/manual\/","title":{"rendered":"Manual"},"content":{"rendered":"<p>As inscri\u00e7\u00f5es para a I FICE do C\u00e2mpus Videira, Luzerna e Fraiburgo ser\u00e3o realizadas pela internet no per\u00edodo de 10 a 17 de agosto de 2012. A inscri\u00e7\u00e3o deve ser feita pelo orientador do projeto.<\/p>\n<p>As inscri\u00e7\u00f5es dever\u00e3o ser feitas via internet pelo orientador, mediante envio do resumo em formul\u00e1rio pr\u00f3prio, dispon\u00edvel no site do evento.<br \/>\nOs resumos dever\u00e3o enquadrar-se em uma das seguintes modalidades:<\/p>\n<ul>\n<li>a) projeto conclu\u00eddo (pesquisa ou extens\u00e3o);<\/li>\n<li>b) projeto em andamento (pesquisa ou extens\u00e3o);<\/li>\n<\/ul>\n<p>Poder\u00e3o inscrever-se na modalidade \u2018b\u2019 somente alunos do IFC, C\u00e2mpus Videira.<\/p>\n<p>&nbsp;<\/p>\n<p>O t\u00edtulo do resumo dever\u00e1 ser inserido em campo espec\u00edfico do formul\u00e1rio. IMPORTANTE: todos os trabalhos que se enquadram nas modalidades \u201cb\u201d dever\u00e3o ter como subt\u00edtulo: \u201cpesquisa em andamento\u201d ou \u201cextens\u00e3o em andamento\u201d.<br \/>\nO conte\u00fado textual do resumo dever\u00e1 conter at\u00e9 400 palavras contendo as seguintes informa\u00e7\u00f5es:<\/p>\n<ul>\n<li>a) resumo da modalidade \u201cA\u201d \u2013 projeto conclu\u00eddo: introdu\u00e7\u00e3o, justificativa, objetivos, metodologia, resultados e discuss\u00e3o e conclus\u00f5es;<\/li>\n<li>b) resumo da modalidade \u201cB\u201d \u2013 projeto em andamento: introdu\u00e7\u00e3o, justificativa, objetivos, metodologia e resultados esperados.<\/li>\n<\/ul>\n<p>O n\u00famero de trabalhos inscritos por alunos regularmente matriculados em cursos de n\u00edvel m\u00e9dio profissionalizante e\/ou gradua\u00e7\u00e3o do Instituto Federal Catarinense (IFC), que ser\u00e3o aceitos para a apresenta\u00e7\u00e3o na I FICE, depender\u00e1 da estrutura dispon\u00edvel e do n\u00famero total de projetos completos inscritos, sendo um m\u00e1ximo de 5 trabalhos por orientador.<\/p>\n","protected":false},"excerpt":{"rendered":"<p>As inscri\u00e7\u00f5es para a I FICE do C\u00e2mpus Videira, Luzerna e Fraiburgo ser\u00e3o realizadas pela internet no per\u00edodo de 10 a 17 de agosto de 2012. A inscri\u00e7\u00e3o deve ser feita pelo orientador do projeto. As inscri\u00e7\u00f5es dever\u00e3o ser feitas &hellip; <a href=\"https:\/\/videira.ifc.edu.br\/fice\/edicoes-anteriores\/2012-1a-edicao\/manual\/\">Continuar lendo <span class=\"meta-nav\">&rarr;<\/span><\/a><\/p>\n","protected":false},"author":5,"featured_media":0,"parent":23,"menu_order":0,"comment_status":"open","ping_status":"open","template":"","meta":{"footnotes":""},"class_list":["post-33","page","type-page","status-publish","hentry"],"_links":{"self":[{"href":"https:\/\/videira.ifc.edu.br\/fice\/wp-json\/wp\/v2\/pages\/33","targetHints":{"allow":["GET"]}}],"collection":[{"href":"https:\/\/videira.ifc.edu.br\/fice\/wp-json\/wp\/v2\/pages"}],"about":[{"href":"https:\/\/videira.ifc.edu.br\/fice\/wp-json\/wp\/v2\/types\/page"}],"author":[{"embeddable":true,"href":"https:\/\/videira.ifc.edu.br\/fice\/wp-json\/wp\/v2\/users\/5"}],"replies":[{"embeddable":true,"href":"https:\/\/videira.ifc.edu.br\/fice\/wp-json\/wp\/v2\/comments?post=33"}],"version-history":[{"count":0,"href":"https:\/\/videira.ifc.edu.br\/fice\/wp-json\/wp\/v2\/pages\/33\/revisions"}],"up":[{"embeddable":true,"href":"https:\/\/videira.ifc.edu.br\/fice\/wp-json\/wp\/v2\/pages\/23"}],"wp:attachment":[{"href":"https:\/\/videira.ifc.edu.br\/fice\/wp-json\/wp\/v2\/media?parent=33"}],"curies":[{"name":"wp","href":"https:\/\/api.w.org\/{rel}","templated":true}]}}