{"id":358,"date":"2015-03-23T17:01:48","date_gmt":"2015-03-23T20:01:48","guid":{"rendered":"http:\/\/videira.ifc.edu.br\/fice\/?page_id=358"},"modified":"2016-03-10T22:05:15","modified_gmt":"2016-03-11T01:05:15","slug":"cronograma","status":"publish","type":"page","link":"https:\/\/videira.ifc.edu.br\/fice\/edicoes-anteriores\/2015-4a-edicao\/cronograma\/","title":{"rendered":"Cronograma"},"content":{"rendered":"<p class=\"western\" align=\"JUSTIFY\"><span style=\"color: #000000\"><span style=\"font-family: Calibri, serif\">a) Per\u00edodo de Submiss\u00e3o dos trabalhos (inscri\u00e7\u00e3o pela internet): de 08 a 23 de Junho; <\/span><\/span><\/p>\n<p class=\"western\" align=\"JUSTIFY\"><span style=\"color: #000000\"><span style=\"font-family: Calibri, serif\">b) Divulga\u00e7\u00e3o dos resumos selecionados: at\u00e9 29 de Junho; <\/span><\/span><\/p>\n<p class=\"western\" align=\"JUSTIFY\"><span style=\"color: #000000\"><span style=\"font-family: Calibri, serif\">c) Entrega final dos trabalhos (resumo ou artigo completo e banner para Coordena\u00e7\u00e3o de Pesquisa e\/ou Extens\u00e3o): at\u00e9 15 de Julho; <\/span><\/span><\/p>\n<p class=\"western\" align=\"JUSTIFY\"><span style=\"color: #000000\"><span style=\"font-family: Calibri, serif\">d) Montagem dos estandes no local do evento: 14\/09, das 8h \u00e0s 11h e das 13h30min \u00e0s 17h; <\/span><\/span><\/p>\n<p class=\"western\" align=\"JUSTIFY\"><span style=\"color: #000000\"><span style=\"font-family: Calibri, serif\">e) Exposi\u00e7\u00e3o ao p\u00fablico: <\/span><\/span><\/p>\n<p class=\"western\" align=\"JUSTIFY\"><span style=\"color: #000000\"><span style=\"font-family: Calibri, serif\">&#8211; 15\/09 (ter\u00e7a-feira): das 13h30 \u00e0s 17h30 e das 18h30 \u00e0s 22h. <\/span><\/span><\/p>\n<p class=\"western\" align=\"JUSTIFY\"><span style=\"color: #000000\"><span style=\"font-family: Calibri, serif\">&#8211; 16\/09 (quarta-feira): das 8h \u00e0s 11h45. <\/span><\/span><\/p>\n","protected":false},"excerpt":{"rendered":"<p>a) Per\u00edodo de Submiss\u00e3o dos trabalhos (inscri\u00e7\u00e3o pela internet): de 08 a 23 de Junho; b) Divulga\u00e7\u00e3o dos resumos selecionados: at\u00e9 29 de Junho; c) Entrega final dos trabalhos (resumo ou artigo completo e banner para Coordena\u00e7\u00e3o de Pesquisa e\/ou &hellip; <a href=\"https:\/\/videira.ifc.edu.br\/fice\/edicoes-anteriores\/2015-4a-edicao\/cronograma\/\">Continuar lendo <span class=\"meta-nav\">&rarr;<\/span><\/a><\/p>\n","protected":false},"author":26,"featured_media":0,"parent":632,"menu_order":0,"comment_status":"open","ping_status":"open","template":"","meta":{"footnotes":""},"class_list":["post-358","page","type-page","status-publish","hentry"],"_links":{"self":[{"href":"https:\/\/videira.ifc.edu.br\/fice\/wp-json\/wp\/v2\/pages\/358","targetHints":{"allow":["GET"]}}],"collection":[{"href":"https:\/\/videira.ifc.edu.br\/fice\/wp-json\/wp\/v2\/pages"}],"about":[{"href":"https:\/\/videira.ifc.edu.br\/fice\/wp-json\/wp\/v2\/types\/page"}],"author":[{"embeddable":true,"href":"https:\/\/videira.ifc.edu.br\/fice\/wp-json\/wp\/v2\/users\/26"}],"replies":[{"embeddable":true,"href":"https:\/\/videira.ifc.edu.br\/fice\/wp-json\/wp\/v2\/comments?post=358"}],"version-history":[{"count":2,"href":"https:\/\/videira.ifc.edu.br\/fice\/wp-json\/wp\/v2\/pages\/358\/revisions"}],"predecessor-version":[{"id":402,"href":"https:\/\/videira.ifc.edu.br\/fice\/wp-json\/wp\/v2\/pages\/358\/revisions\/402"}],"up":[{"embeddable":true,"href":"https:\/\/videira.ifc.edu.br\/fice\/wp-json\/wp\/v2\/pages\/632"}],"wp:attachment":[{"href":"https:\/\/videira.ifc.edu.br\/fice\/wp-json\/wp\/v2\/media?parent=358"}],"curies":[{"name":"wp","href":"https:\/\/api.w.org\/{rel}","templated":true}]}}