{"id":414,"date":"2015-11-04T19:34:33","date_gmt":"2015-11-04T22:34:33","guid":{"rendered":"http:\/\/videira.ifc.edu.br\/fice\/?page_id=414"},"modified":"2016-03-10T22:05:02","modified_gmt":"2016-03-11T01:05:02","slug":"anais-do-evento","status":"publish","type":"page","link":"https:\/\/videira.ifc.edu.br\/fice\/edicoes-anteriores\/2015-4a-edicao\/anais-do-evento\/","title":{"rendered":"Anais do Evento"},"content":{"rendered":"<p>Confira abaixo todos os Projetos apresentados na IV FICE &#8211; Feira de Inicia\u00e7\u00e3o Cient\u00edfica e Extens\u00e3o do IFC Campus Videira.<\/p>\n<p>ISSN: 2317-9716<\/p>\n<p><strong>ARTIGOS EXTENS\u00c3O &#8211; CONCLU\u00cdDOS<\/strong><\/p>\n<p><a href=\"https:\/\/videira.ifc.edu.br\/fice\/wp-content\/uploads\/sites\/27\/2015\/11\/Aplicacao-de-robotica-no-auxilio-da-educacao-de-disciplinas-tecnicas.pdf\">Aplicacao de robotica no auxilio da educacao de disciplinas tecnicas<\/a><\/p>\n<p><a href=\"https:\/\/videira.ifc.edu.br\/fice\/wp-content\/uploads\/sites\/27\/2015\/11\/Aplicativo-Web-para-o-Setor-de-Extensao-IFC-Videira.pdf\">Aplicativo Web para o Setor de Extensao &#8211; IFC Videira<\/a><\/p>\n<p><a href=\"https:\/\/videira.ifc.edu.br\/fice\/wp-content\/uploads\/sites\/27\/2015\/11\/Criacao-de-minhocas-em-diferentes-compostos-organicos.pdf\">Criacao de minhocas em diferentes compostos organicos<\/a><\/p>\n<p><a href=\"https:\/\/videira.ifc.edu.br\/fice\/wp-content\/uploads\/sites\/27\/2015\/11\/Emissao-de-Certificados-Eletronicos-nos-eventos-do-IFC-Videira.pdf\">Emissao de Certificados Eletronicos nos eventos do IFC &#8211; Videira<\/a><\/p>\n<p><a href=\"https:\/\/videira.ifc.edu.br\/fice\/wp-content\/uploads\/sites\/27\/2015\/11\/Grupo-de-Danca-Tradicionalista-do-IFC-Campus-Videira.pdf\">Grupo de Danca Tradicionalista do IFC &#8211; Campus Videira<\/a><\/p>\n<p><a href=\"https:\/\/videira.ifc.edu.br\/fice\/wp-content\/uploads\/sites\/27\/2015\/11\/Literatura-na-rede.pdf\">Literatura na rede<\/a><\/p>\n<p><a href=\"https:\/\/videira.ifc.edu.br\/fice\/wp-content\/uploads\/sites\/27\/2015\/11\/Producao-de-mudas-de-arvores-nativas.pdf\">Producao de mudas de arvores nativas<\/a><\/p>\n<p><a href=\"https:\/\/videira.ifc.edu.br\/fice\/wp-content\/uploads\/sites\/27\/2015\/11\/Revestimento-termico-de-residencias-utilizando-embalagens-Tetra-Pak.pdf\">Revestimento termico de residencias utilizando embalagens Tetra Pak<\/a><\/p>\n<p><a href=\"https:\/\/videira.ifc.edu.br\/fice\/wp-content\/uploads\/sites\/27\/2015\/11\/Seguranca-da-informacao-como-prevenir-roubo-de-dados-pessoais.pdf\">Seguranca da informacao &#8211; como prevenir roubo de dados pessoais<\/a><\/p>\n<p><a href=\"https:\/\/videira.ifc.edu.br\/fice\/wp-content\/uploads\/sites\/27\/2015\/11\/Seguranca-no-trabalho-para-agricultores-das-comunidades-rurais-do-municipio-de-Videira.pdf\">Seguranca no trabalho para agricultores das comunidades rurais do municipio de Videira<\/a><\/p>\n<p><a href=\"https:\/\/videira.ifc.edu.br\/fice\/wp-content\/uploads\/sites\/27\/2015\/11\/Utilizacao-de-microcontrolador-de-alta-capacidade.pdf\">Utilizacao de microcontrolador de alta capacidade<\/a><\/p>\n<p>&nbsp;<\/p>\n<p><strong>ARTIGOS PESQUISA\u00a0&#8211; CONCLU\u00cdDOS<\/strong><\/p>\n<p><a href=\"https:\/\/videira.ifc.edu.br\/fice\/wp-content\/uploads\/sites\/27\/2015\/11\/A-CORAGEM-DE-TOMAR-A-PALAVRA-REPRESS\u00c3O-EDUCA\u00c7\u00c3O-E-PSICAN\u00c1LISE1.pdf\">A CORAGEM DE TOMAR A PALAVRA REPRESS\u00c3O, EDUCA\u00c7\u00c3O E PSICAN\u00c1LISE<\/a><\/p>\n<p><a href=\"https:\/\/videira.ifc.edu.br\/fice\/wp-content\/uploads\/sites\/27\/2015\/11\/APONTAMENTOS-CR\u00cdTICOS-SOBRE-ATIVIDADE-F\u00cdSICA-E-SA\u00daDE.pdf\">APONTAMENTOS CR\u00cdTICOS SOBRE ATIVIDADE F\u00cdSICA E SA\u00daDE<\/a><\/p>\n<p><a href=\"https:\/\/videira.ifc.edu.br\/fice\/wp-content\/uploads\/sites\/27\/2015\/11\/DETERMINA\u00c7\u00c3O-DA-CONCENTRA\u00c7\u00c3O-INIBIT\u00d3RIA-M\u00cdNIMA-DA-PR\u00d3POLIS-DE-ABELHAS-NATIVAS-T.-ang\u00fastula-e-M.-quadrifasciata-quadrifasciata.pdf\">DETERMINA\u00c7\u00c3O DA CONCENTRA\u00c7\u00c3O INIBIT\u00d3RIA M\u00cdNIMA DA PR\u00d3POLIS DE ABELHAS NATIVAS T. ang\u00fastula e M. quadrifasciata quadrifasciata<\/a><\/p>\n<p><a href=\"https:\/\/videira.ifc.edu.br\/fice\/wp-content\/uploads\/sites\/27\/2015\/11\/ENSINO-DE-DERIVADAS-COM-O-USO-DE-TECNOLOGIAS-NO-ENSINO-SUPERIOR.pdf\">ENSINO DE DERIVADAS COM O USO DE TECNOLOGIAS NO ENSINO SUPERIOR<\/a><\/p>\n<p><a href=\"https:\/\/videira.ifc.edu.br\/fice\/wp-content\/uploads\/sites\/27\/2015\/11\/FUNGO-ARBUSCULAR-MICORR\u00cdZICO-Glomus-etunicatum-NO-CONTROLE-DA-FUSARIOSE-EM-PORTA-ENXERO-MICRO-PROPAGADO-DE-VIDEIRA.pdf\">FUNGO ARBUSCULAR MICORR\u00cdZICO Glomus etunicatum NO CONTROLE DA FUSARIOSE EM PORTA-ENXERO MICRO-PROPAGADO DE VIDEIRA<\/a><\/p>\n<p><a href=\"https:\/\/videira.ifc.edu.br\/fice\/wp-content\/uploads\/sites\/27\/2015\/11\/IMIGRANTES-HAITIANOS-NA-CIDADE-DE-VIDEIRA-SC-INSER\u00c7\u00c3O-CULTURAL-SOCIAL-E-ECON\u00d4MICA.pdf\">IMIGRANTES HAITIANOS NA CIDADE DE VIDEIRA-SC INSER\u00c7\u00c3O CULTURAL, SOCIAL E ECON\u00d4MICA<\/a><\/p>\n<p><a href=\"https:\/\/videira.ifc.edu.br\/fice\/wp-content\/uploads\/sites\/27\/2015\/11\/INCLUS\u00c3O-DE-ESTUDANTES-COM-DEFICI\u00caNCIA-INTELECTUAL-NO-ENSINO-SUPERIOR.pdf\">INCLUS\u00c3O DE ESTUDANTES COM DEFICI\u00caNCIA INTELECTUAL NO ENSINO SUPERIOR<\/a><\/p>\n<p><a href=\"https:\/\/videira.ifc.edu.br\/fice\/wp-content\/uploads\/sites\/27\/2015\/11\/LEITURA-E-FORMA\u00c7\u00c3O-DE-PROFESSORES-concep\u00e7\u00f5es-sobre-leitura-no-curso-de-Pedagogia-do-IFC-Videira.pdf\">LEITURA E FORMA\u00c7\u00c3O DE PROFESSORES concep\u00e7\u00f5es sobre leitura no curso de Pedagogia do IFC-Videira<\/a><\/p>\n<p><a href=\"https:\/\/videira.ifc.edu.br\/fice\/wp-content\/uploads\/sites\/27\/2015\/11\/LEVANTAMENTO-DO-POTENCIAL-ENERG\u00c9TICO-NO-APROVEITAMENTO-DE-FONTE-ALTERNATIVA-DE-ENERGIA-NA-REGI\u00c3O-DE-VIDEIRA-SC-UM-ESTUDO-DE-CASO.pdf\">LEVANTAMENTO DO POTENCIAL ENERG\u00c9TICO NO APROVEITAMENTO DE FONTE ALTERNATIVA DE ENERGIA NA REGI\u00c3O DE VIDEIRA-SC UM ESTUDO DE CASO<\/a><\/p>\n<p><a href=\"https:\/\/videira.ifc.edu.br\/fice\/wp-content\/uploads\/sites\/27\/2015\/11\/MAFALDA-A-MENINA-QUE-QUESTIONOU-O-MUNDO-arte-sequencial-como-forma-de-resist\u00eancia-durante-os-regimes-militares-da-Am\u00e9rica-do-Sul-1964-1973.pdf\">MAFALDA, A MENINA QUE QUESTIONOU O MUNDO arte sequencial como forma de resist\u00eancia durante os regimes militares da Am\u00e9rica do Sul (1964-1973)<\/a><\/p>\n<p><a href=\"https:\/\/videira.ifc.edu.br\/fice\/wp-content\/uploads\/sites\/27\/2015\/11\/MODELAGEM-MATEM\u00c1TICA-NO-ENSINO-ENVOLVENDO-GEOMETRIA-E-A-CONSTRU\u00c7\u00c3O-CIVIL.pdf\">MODELAGEM MATEM\u00c1TICA NO ENSINO ENVOLVENDO GEOMETRIA E A CONSTRU\u00c7\u00c3O CIVIL<\/a><\/p>\n<p><a href=\"https:\/\/videira.ifc.edu.br\/fice\/wp-content\/uploads\/sites\/27\/2015\/11\/QUALIDADE-DE-SUCOS-DE-UVA-ORG\u00c2NICOS-DE-DIVERSAS-CULTIVARES-DE-VIDEIRA.pdf\">QUALIDADE DE SUCOS DE UVA ORG\u00c2NICOS DE DIVERSAS CULTIVARES DE VIDEIRA<\/a><\/p>\n<p><a href=\"https:\/\/videira.ifc.edu.br\/fice\/wp-content\/uploads\/sites\/27\/2015\/11\/SISTEMA-SUPERVIS\u00d3RIO-PARA-SALAS-DE-AULA.pdf\">SISTEMA SUPERVIS\u00d3RIO PARA SALAS DE AULA<\/a><\/p>\n<p><a href=\"https:\/\/videira.ifc.edu.br\/fice\/wp-content\/uploads\/sites\/27\/2015\/11\/UTILIZA\u00c7\u00c3O-DE-RASTREAMENTO-DE-OBJETOS-SEM-O-USO-DE-GPS-PARA-OTIMIZAR-O-PERCURSO-DE-DISPOSITIVOS-ROB\u00d3TICOS-AUT\u00d4NOMOS.pdf\">UTILIZA\u00c7\u00c3O DE RASTREAMENTO DE OBJETOS SEM O USO DE GPS PARA OTIMIZAR O PERCURSO DE DISPOSITIVOS ROB\u00d3TICOS AUT\u00d4NOMOS<\/a><\/p>\n<p>&nbsp;<\/p>\n<p><strong>RESUMOS\u00a0EXTENS\u00c3O &#8211; EM ANDAMENTO<\/strong><\/p>\n<p><a href=\"https:\/\/videira.ifc.edu.br\/fice\/wp-content\/uploads\/sites\/27\/2015\/11\/A\u00e7\u00f5es-de-divulga\u00e7\u00e3o-cient\u00edfica-entre-alunos-e-Professores-do-EM.pdf\">A\u00e7\u00f5es de divulga\u00e7\u00e3o cient\u00edfica entre alunos e Professores do EM<\/a><\/p>\n<p><a href=\"https:\/\/videira.ifc.edu.br\/fice\/wp-content\/uploads\/sites\/27\/2015\/11\/Avaliando-o-Avaliar.pdf\">Avaliando o Avaliar<\/a><\/p>\n<p><a href=\"https:\/\/videira.ifc.edu.br\/fice\/wp-content\/uploads\/sites\/27\/2015\/11\/Constru\u00e7\u00e3o-de-Fresadora-CNC-para-confec\u00e7\u00e3o-de-placas-de-circuito-de-impess\u00e3o.pdf\">Constru\u00e7\u00e3o de Fresadora CNC para confec\u00e7\u00e3o de placas de circuito de impess\u00e3o<\/a><\/p>\n<p><a href=\"https:\/\/videira.ifc.edu.br\/fice\/wp-content\/uploads\/sites\/27\/2015\/11\/Educa\u00e7\u00e3o-Ambiental-a-alunos-da-escola-EBM-Fid\u00e9lis-Fantin.pdf\">Educa\u00e7\u00e3o Ambiental a alunos da escola EBM Fid\u00e9lis Fantin<\/a><\/p>\n<p>&nbsp;<\/p>\n<p><strong>RESUMOS PESQUISA\u00a0&#8211; EM ANDAMENTO<\/strong><\/p>\n<p><a href=\"https:\/\/videira.ifc.edu.br\/fice\/wp-content\/uploads\/sites\/27\/2015\/11\/AN\u00c1LISE-E-LEVANTAMENTO-DO-PROCESSO-MIGRAT\u00d3RIO-DOS-HAITIANOS-PARA-O-BRASIL-NO-PER\u00cdODO-DE-2010-A-2015.pdf\">AN\u00c1LISE E LEVANTAMENTO DO PROCESSO MIGRAT\u00d3RIO DOS HAITIANOS PARA O BRASIL NO PER\u00cdODO DE 2010 A 2015<\/a><\/p>\n<p><a href=\"https:\/\/videira.ifc.edu.br\/fice\/wp-content\/uploads\/sites\/27\/2015\/11\/CONSTRU\u00c7\u00c3O-DE-UM-VE\u00cdCULO-EL\u00c9TRICO-NOS-MOLDES-DA-12\u00ba-MARATONA-DE-EFICI\u00caNCIA-ENERG\u00c9TICA.pdf\">CONSTRU\u00c7\u00c3O DE UM VE\u00cdCULO EL\u00c9TRICO NOS MOLDES DA 12\u00ba MARATONA DE EFICI\u00caNCIA ENERG\u00c9TICA<\/a><\/p>\n<p><a href=\"https:\/\/videira.ifc.edu.br\/fice\/wp-content\/uploads\/sites\/27\/2015\/11\/\u201cO-MUNDO-EST\u00c1-DOENTE\u201d-tirinhas-da-Mafalda-nos-livros-did\u00e1ticos-do-PNLD-e-nas-provas-do-Enem-2008-2015.pdf\">\u201cO MUNDO EST\u00c1 DOENTE\u201d tirinhas da Mafalda nos livros did\u00e1ticos do PNLD e nas provas do Enem (2008-2015)<\/a><\/p>\n<p><a href=\"https:\/\/videira.ifc.edu.br\/fice\/wp-content\/uploads\/sites\/27\/2015\/11\/TRANSFORMA\u00c7\u00c3O-DO-CALOR-EM-ENERGIA-EL\u00c9TRICA.pdf\">TRANSFORMA\u00c7\u00c3O DO CALOR EM ENERGIA EL\u00c9TRICA<\/a><\/p>\n","protected":false},"excerpt":{"rendered":"<p>Confira abaixo todos os Projetos apresentados na IV FICE &#8211; Feira de Inicia\u00e7\u00e3o Cient\u00edfica e Extens\u00e3o do IFC Campus Videira. ISSN: 2317-9716 ARTIGOS EXTENS\u00c3O &#8211; CONCLU\u00cdDOS Aplicacao de robotica no auxilio da educacao de disciplinas tecnicas Aplicativo Web para o &hellip; <a href=\"https:\/\/videira.ifc.edu.br\/fice\/edicoes-anteriores\/2015-4a-edicao\/anais-do-evento\/\">Continuar lendo <span class=\"meta-nav\">&rarr;<\/span><\/a><\/p>\n","protected":false},"author":26,"featured_media":0,"parent":632,"menu_order":0,"comment_status":"open","ping_status":"open","template":"","meta":{"footnotes":""},"class_list":["post-414","page","type-page","status-publish","hentry"],"_links":{"self":[{"href":"https:\/\/videira.ifc.edu.br\/fice\/wp-json\/wp\/v2\/pages\/414","targetHints":{"allow":["GET"]}}],"collection":[{"href":"https:\/\/videira.ifc.edu.br\/fice\/wp-json\/wp\/v2\/pages"}],"about":[{"href":"https:\/\/videira.ifc.edu.br\/fice\/wp-json\/wp\/v2\/types\/page"}],"author":[{"embeddable":true,"href":"https:\/\/videira.ifc.edu.br\/fice\/wp-json\/wp\/v2\/users\/26"}],"replies":[{"embeddable":true,"href":"https:\/\/videira.ifc.edu.br\/fice\/wp-json\/wp\/v2\/comments?post=414"}],"version-history":[{"count":1,"href":"https:\/\/videira.ifc.edu.br\/fice\/wp-json\/wp\/v2\/pages\/414\/revisions"}],"predecessor-version":[{"id":449,"href":"https:\/\/videira.ifc.edu.br\/fice\/wp-json\/wp\/v2\/pages\/414\/revisions\/449"}],"up":[{"embeddable":true,"href":"https:\/\/videira.ifc.edu.br\/fice\/wp-json\/wp\/v2\/pages\/632"}],"wp:attachment":[{"href":"https:\/\/videira.ifc.edu.br\/fice\/wp-json\/wp\/v2\/media?parent=414"}],"curies":[{"name":"wp","href":"https:\/\/api.w.org\/{rel}","templated":true}]}}