{"id":520,"date":"2015-11-05T13:42:48","date_gmt":"2015-11-05T16:42:48","guid":{"rendered":"http:\/\/videira.ifc.edu.br\/fice\/?page_id=520"},"modified":"2015-11-05T13:50:21","modified_gmt":"2015-11-05T16:50:21","slug":"anais-do-evento","status":"publish","type":"page","link":"https:\/\/videira.ifc.edu.br\/fice\/edicoes-anteriores\/2013-2a-edicao\/anais-do-evento\/","title":{"rendered":"Anais do Evento"},"content":{"rendered":"<p>Confira abaixo todos os Projetos apresentados na II FICE \u2013 Feira de Inicia\u00e7\u00e3o Cient\u00edfica e Extens\u00e3o do IFC Campus Videira.<\/p>\n<p>ISSN: 2317-9716<\/p>\n<p><strong>ARTIGOS E RESUMOS &#8211; EXTENS\u00c3O<\/strong><\/p>\n<p><a href=\"https:\/\/videira.ifc.edu.br\/fice\/wp-content\/uploads\/sites\/27\/2015\/11\/1-Marcelo-e-Alexandre.pdf\">1 &#8211; Marcelo e Alexandre<\/a><\/p>\n<p><a href=\"https:\/\/videira.ifc.edu.br\/fice\/wp-content\/uploads\/sites\/27\/2015\/11\/2-Artigo-Karla-e-Bruno.pdf\">2 &#8211; Artigo Karla e Bruno<\/a><\/p>\n<p><a href=\"https:\/\/videira.ifc.edu.br\/fice\/wp-content\/uploads\/sites\/27\/2015\/11\/3-Artigo-Marcos-e-Valdecir.pdf\">3 &#8211; Artigo Marcos e Valdecir<\/a><\/p>\n<p><a href=\"https:\/\/videira.ifc.edu.br\/fice\/wp-content\/uploads\/sites\/27\/2015\/11\/4-Artigo-Mari-e-Janieli.pdf\">4 &#8211; Artigo Mari e Janieli<\/a><\/p>\n<p><a href=\"https:\/\/videira.ifc.edu.br\/fice\/wp-content\/uploads\/sites\/27\/2015\/11\/5-Artigo-Vinicius-e-Jo\u00e3o.pdf\">5 &#8211; Artigo Vinicius e Jo\u00e3o<\/a><\/p>\n<p><a href=\"https:\/\/videira.ifc.edu.br\/fice\/wp-content\/uploads\/sites\/27\/2015\/11\/6-Artigo-Amanda-e-Kelly.pdf\">6 &#8211; Artigo Amanda e Kelly<\/a><\/p>\n<p><a href=\"https:\/\/videira.ifc.edu.br\/fice\/wp-content\/uploads\/sites\/27\/2015\/11\/7-Artigo-Jaquiel-e-Ramona.pdf\">7 &#8211; Artigo Jaquiel e Ramona<\/a><\/p>\n<p><a href=\"https:\/\/videira.ifc.edu.br\/fice\/wp-content\/uploads\/sites\/27\/2015\/11\/8-Artigo-Juliana-e-Wagner.pdf\">8 &#8211; Artigo Juliana e Wagner<\/a><\/p>\n<p><a href=\"https:\/\/videira.ifc.edu.br\/fice\/wp-content\/uploads\/sites\/27\/2015\/11\/9-Resumo-Marizete-e-Cl\u00e9lia.pdf\">9 &#8211; Resumo Marizete e Cl\u00e9lia<\/a><\/p>\n<p><a href=\"https:\/\/videira.ifc.edu.br\/fice\/wp-content\/uploads\/sites\/27\/2015\/11\/10-Resumo-Danieli-e-Gustavo.pdf\">10 &#8211; Resumo Danieli e Gustavo<\/a><\/p>\n<p><a href=\"https:\/\/videira.ifc.edu.br\/fice\/wp-content\/uploads\/sites\/27\/2015\/11\/11-Resumo-Marcelo-e-Kelly.pdf\">11 &#8211; Resumo Marcelo e Kelly<\/a><\/p>\n<p><a href=\"https:\/\/videira.ifc.edu.br\/fice\/wp-content\/uploads\/sites\/27\/2015\/11\/12-Resumo-Marin\u00eas-e-B\u00e1rbara.pdf\">12 &#8211; Resumo Marin\u00eas e B\u00e1rbara<\/a><\/p>\n<p><a href=\"https:\/\/videira.ifc.edu.br\/fice\/wp-content\/uploads\/sites\/27\/2015\/11\/13-Resumo-Marcos-e-Ana.pdf\">13 &#8211; Resumo Marcos e Ana<\/a><\/p>\n<p><a href=\"https:\/\/videira.ifc.edu.br\/fice\/wp-content\/uploads\/sites\/27\/2015\/11\/14-Resumo-Vera-e-Renan.pdf\">14 &#8211; Resumo Vera e Renan<\/a><\/p>\n<p><a href=\"https:\/\/videira.ifc.edu.br\/fice\/wp-content\/uploads\/sites\/27\/2015\/11\/16-Resumo-Gilson-e-Sabrina.pdf\">16 &#8211; Resumo Gilson e Sabrina<\/a><\/p>\n<p><a href=\"https:\/\/videira.ifc.edu.br\/fice\/wp-content\/uploads\/sites\/27\/2015\/11\/17-Resumo-Josy-e-Bruna.pdf\">17 &#8211; Resumo Josy e Bruna<\/a><\/p>\n<p><a href=\"https:\/\/videira.ifc.edu.br\/fice\/wp-content\/uploads\/sites\/27\/2015\/11\/18-Resumo-Carlos-e-Luiz-Eduardo.pdf\">18 &#8211; Resumo Carlos e Luiz Eduardo<\/a><\/p>\n<p><a href=\"https:\/\/videira.ifc.edu.br\/fice\/wp-content\/uploads\/sites\/27\/2015\/11\/19-Resumo-Raul-e-Fabiano.pdf\">19 &#8211; Resumo Raul e Fabiano<\/a><\/p>\n<p><a href=\"https:\/\/videira.ifc.edu.br\/fice\/wp-content\/uploads\/sites\/27\/2015\/11\/20-Resumo-Cristiane-e-Higor.pdf\">20 &#8211; Resumo Cristiane e Higor<\/a><\/p>\n<p><a href=\"https:\/\/videira.ifc.edu.br\/fice\/wp-content\/uploads\/sites\/27\/2015\/11\/21-Artigo-Marcelo-e-Nicole.pdf\">21 &#8211; Artigo Marcelo e Nicole<\/a><\/p>\n<p>&nbsp;<\/p>\n<p><strong>ARTIGOS E RESUMOS &#8211; PESQUISA<\/strong><\/p>\n<p><a href=\"https:\/\/videira.ifc.edu.br\/fice\/wp-content\/uploads\/sites\/27\/2015\/11\/1-artigo-Suelen.pdf\">1 artigo Suelen<\/a><\/p>\n<p><a href=\"https:\/\/videira.ifc.edu.br\/fice\/wp-content\/uploads\/sites\/27\/2015\/11\/2-artigo-Natan.pdf\">2 artigo Natan<\/a><\/p>\n<p><a href=\"https:\/\/videira.ifc.edu.br\/fice\/wp-content\/uploads\/sites\/27\/2015\/11\/3-artigo-Adjovani.pdf\">3 artigo Adjovani<\/a><\/p>\n<p><a href=\"https:\/\/videira.ifc.edu.br\/fice\/wp-content\/uploads\/sites\/27\/2015\/11\/4-artigo-Ivandro.pdf\">4 artigo Ivandro<\/a><\/p>\n<p><a href=\"https:\/\/videira.ifc.edu.br\/fice\/wp-content\/uploads\/sites\/27\/2015\/11\/5-artigo-Eduardo-Branc.pdf\">5 artigo Eduardo Branc<\/a><\/p>\n<p><a href=\"https:\/\/videira.ifc.edu.br\/fice\/wp-content\/uploads\/sites\/27\/2015\/11\/6-artigo-Franciele.pdf\">6 artigo Franciele<\/a><\/p>\n<p><a href=\"https:\/\/videira.ifc.edu.br\/fice\/wp-content\/uploads\/sites\/27\/2015\/11\/7-artigo-Andrei.pdf\">7 artigo Andrei<\/a><\/p>\n<p><a href=\"https:\/\/videira.ifc.edu.br\/fice\/wp-content\/uploads\/sites\/27\/2015\/11\/8-artigo-Willian.pdf\">8 artigo Willian<\/a><\/p>\n<p><a href=\"https:\/\/videira.ifc.edu.br\/fice\/wp-content\/uploads\/sites\/27\/2015\/11\/9-artigo-Thiago.pdf\">9 artigo Thiago<\/a><\/p>\n<p><a href=\"https:\/\/videira.ifc.edu.br\/fice\/wp-content\/uploads\/sites\/27\/2015\/11\/10-artigo-Andre-zuconelli.pdf\">10 artigo Andre zuconelli<\/a><\/p>\n<p><a href=\"https:\/\/videira.ifc.edu.br\/fice\/wp-content\/uploads\/sites\/27\/2015\/11\/11-artigo-Murilo.pdf\">11 artigo Murilo<\/a><\/p>\n<p><a href=\"https:\/\/videira.ifc.edu.br\/fice\/wp-content\/uploads\/sites\/27\/2015\/11\/12-artigo-Carolaine.pdf\">12 artigo Carolaine<\/a><\/p>\n<p><a href=\"https:\/\/videira.ifc.edu.br\/fice\/wp-content\/uploads\/sites\/27\/2015\/11\/13-artigo-Karina-e-Douglas.pdf\">13 artigo Karina e Douglas<\/a><\/p>\n<p><a href=\"https:\/\/videira.ifc.edu.br\/fice\/wp-content\/uploads\/sites\/27\/2015\/11\/14-artigo-Jo\u00e3o-Victor.pdf\">14 artigo Jo\u00e3o Victor<\/a><\/p>\n<p><a href=\"https:\/\/videira.ifc.edu.br\/fice\/wp-content\/uploads\/sites\/27\/2015\/11\/15-artigo-Kellen.pdf\">15 artigo Kellen<\/a><\/p>\n<p><a href=\"https:\/\/videira.ifc.edu.br\/fice\/wp-content\/uploads\/sites\/27\/2015\/11\/16-Resumo-Francieli.pdf\">16 Resumo Francieli<\/a><\/p>\n<p><a href=\"https:\/\/videira.ifc.edu.br\/fice\/wp-content\/uploads\/sites\/27\/2015\/11\/17-Resumo-Bruna-Araldi.pdf\">17 Resumo Bruna Araldi<\/a><\/p>\n<p><a href=\"https:\/\/videira.ifc.edu.br\/fice\/wp-content\/uploads\/sites\/27\/2015\/11\/18-Resumo-Daniela.pdf\">18 Resumo Daniela<\/a><\/p>\n<p><a href=\"https:\/\/videira.ifc.edu.br\/fice\/wp-content\/uploads\/sites\/27\/2015\/11\/19-Resumo-Lucas-Bevilaqua.pdf\">19 Resumo Lucas Bevilaqua<\/a><\/p>\n<p><a href=\"https:\/\/videira.ifc.edu.br\/fice\/wp-content\/uploads\/sites\/27\/2015\/11\/20-Resumo-Gustavo.pdf\">20 Resumo Gustavo<\/a><\/p>\n<p><a href=\"https:\/\/videira.ifc.edu.br\/fice\/wp-content\/uploads\/sites\/27\/2015\/11\/21-Resumo-Emerson.pdf\">21 Resumo Emerson<\/a><\/p>\n<p><a href=\"https:\/\/videira.ifc.edu.br\/fice\/wp-content\/uploads\/sites\/27\/2015\/11\/22-Resumo-Julio.pdf\">22 Resumo Julio<\/a><\/p>\n<p><a href=\"https:\/\/videira.ifc.edu.br\/fice\/wp-content\/uploads\/sites\/27\/2015\/11\/23-resumo-luiz-felipe.pdf\">23 resumo luiz felipe<\/a><\/p>\n<p><a href=\"https:\/\/videira.ifc.edu.br\/fice\/wp-content\/uploads\/sites\/27\/2015\/11\/24-resumo-Guilherme.pdf\">24 resumo Guilherme<\/a><\/p>\n<p><a href=\"https:\/\/videira.ifc.edu.br\/fice\/wp-content\/uploads\/sites\/27\/2015\/11\/25-Resumo-Eduardo-N.pdf\">25 Resumo Eduardo N<\/a><\/p>\n<p><a href=\"https:\/\/videira.ifc.edu.br\/fice\/wp-content\/uploads\/sites\/27\/2015\/11\/27-resumo-lucas-Viana.pdf\">27 resumo lucas Viana<\/a><\/p>\n<p><a href=\"https:\/\/videira.ifc.edu.br\/fice\/wp-content\/uploads\/sites\/27\/2015\/11\/28-Resumo-Paula.pdf\">28 Resumo Paula<\/a><\/p>\n<p><a href=\"https:\/\/videira.ifc.edu.br\/fice\/wp-content\/uploads\/sites\/27\/2015\/11\/29-Artigo-Kasiandra.pdf\">29 Artigo Kasiandra<\/a><\/p>\n<p><a href=\"https:\/\/videira.ifc.edu.br\/fice\/wp-content\/uploads\/sites\/27\/2015\/11\/30-Resumo-Val\u00e9ria.pdf\">30 Resumo Val\u00e9ria<\/a><\/p>\n<p><a href=\"https:\/\/videira.ifc.edu.br\/fice\/wp-content\/uploads\/sites\/27\/2015\/11\/32-Resumo-Eduardo-Boff.pdf\">32 Resumo Eduardo Boff<\/a><\/p>\n<p><a href=\"https:\/\/videira.ifc.edu.br\/fice\/wp-content\/uploads\/sites\/27\/2015\/11\/33-Leonardo.pdf\">33 Leonardo<\/a><\/p>\n<p><a href=\"https:\/\/videira.ifc.edu.br\/fice\/wp-content\/uploads\/sites\/27\/2015\/11\/34-Resumo-Eduarda.pdf\">34 Resumo Eduarda<\/a><\/p>\n<p><a href=\"https:\/\/videira.ifc.edu.br\/fice\/wp-content\/uploads\/sites\/27\/2015\/11\/35-Resumo-Morgana.pdf\">35 Resumo Morgana<\/a><\/p>\n<p><a href=\"https:\/\/videira.ifc.edu.br\/fice\/wp-content\/uploads\/sites\/27\/2015\/11\/36-Resumo-Douglas-e-Gabriela.pdf\">36 Resumo Douglas e Gabriela<\/a><\/p>\n<p><a href=\"https:\/\/videira.ifc.edu.br\/fice\/wp-content\/uploads\/sites\/27\/2015\/11\/37-resumo-guilherme-Petroli.pdf\">37 resumo guilherme Petroli<\/a><\/p>\n<p><a href=\"https:\/\/videira.ifc.edu.br\/fice\/wp-content\/uploads\/sites\/27\/2015\/11\/38-Resumo-Gabriel-Duarte.pdf\">38 Resumo Gabriel Duarte<\/a><\/p>\n","protected":false},"excerpt":{"rendered":"<p>Confira abaixo todos os Projetos apresentados na II FICE \u2013 Feira de Inicia\u00e7\u00e3o Cient\u00edfica e Extens\u00e3o do IFC Campus Videira. ISSN: 2317-9716 ARTIGOS E RESUMOS &#8211; EXTENS\u00c3O 1 &#8211; Marcelo e Alexandre 2 &#8211; Artigo Karla e Bruno 3 &#8211; &hellip; <a href=\"https:\/\/videira.ifc.edu.br\/fice\/edicoes-anteriores\/2013-2a-edicao\/anais-do-evento\/\">Continuar lendo <span class=\"meta-nav\">&rarr;<\/span><\/a><\/p>\n","protected":false},"author":26,"featured_media":0,"parent":279,"menu_order":0,"comment_status":"open","ping_status":"open","template":"","meta":{"footnotes":""},"class_list":["post-520","page","type-page","status-publish","hentry"],"_links":{"self":[{"href":"https:\/\/videira.ifc.edu.br\/fice\/wp-json\/wp\/v2\/pages\/520","targetHints":{"allow":["GET"]}}],"collection":[{"href":"https:\/\/videira.ifc.edu.br\/fice\/wp-json\/wp\/v2\/pages"}],"about":[{"href":"https:\/\/videira.ifc.edu.br\/fice\/wp-json\/wp\/v2\/types\/page"}],"author":[{"embeddable":true,"href":"https:\/\/videira.ifc.edu.br\/fice\/wp-json\/wp\/v2\/users\/26"}],"replies":[{"embeddable":true,"href":"https:\/\/videira.ifc.edu.br\/fice\/wp-json\/wp\/v2\/comments?post=520"}],"version-history":[{"count":3,"href":"https:\/\/videira.ifc.edu.br\/fice\/wp-json\/wp\/v2\/pages\/520\/revisions"}],"predecessor-version":[{"id":579,"href":"https:\/\/videira.ifc.edu.br\/fice\/wp-json\/wp\/v2\/pages\/520\/revisions\/579"}],"up":[{"embeddable":true,"href":"https:\/\/videira.ifc.edu.br\/fice\/wp-json\/wp\/v2\/pages\/279"}],"wp:attachment":[{"href":"https:\/\/videira.ifc.edu.br\/fice\/wp-json\/wp\/v2\/media?parent=520"}],"curies":[{"name":"wp","href":"https:\/\/api.w.org\/{rel}","templated":true}]}}