{"id":58,"date":"2013-06-26T14:18:00","date_gmt":"2013-06-26T14:18:00","guid":{"rendered":"http:\/\/eventos.videira.ifc.edu.br\/fice\/?page_id=58"},"modified":"2013-06-26T14:18:00","modified_gmt":"2013-06-26T14:18:00","slug":"cronograma","status":"publish","type":"page","link":"https:\/\/videira.ifc.edu.br\/fice\/edicoes-anteriores\/2013-2a-edicao\/cronograma\/","title":{"rendered":"Cronograma"},"content":{"rendered":"<div>a) Per\u00edodo de Submiss\u00e3o dos trabalhos (inscri\u00e7\u00e3o pela internet): de 24 de<\/div>\n<div>Junho a 08 de Julho;<\/div>\n<div>b) Divulga\u00e7\u00e3o dos resumos selecionados: at\u00e9 11 de Julho;<\/div>\n<div>c) Entrega final dos trabalhos (resumo ou artigo completo e banner para<\/div>\n<div>Coordena\u00e7\u00e3o de Pesquisa e\/ou Extens\u00e3o): at\u00e9 31 de Julho;<\/div>\n<div>d) Montagem dos estandes no local do evento: 11\/09, das 8h \u00e0s 11h e<\/div>\n<div>das 13h30min \u00e0s 17h;<\/div>\n<div>e) Exposi\u00e7\u00e3o ao p\u00fablico:<\/div>\n<div>&#8211; 12\/09 (quinta-feira): das 13h30 \u00e0s 17h30 e das 18h30 \u00e0s 22h.<\/div>\n<div>&#8211; 13\/09 (sexta-feira): das 8h \u00e0s 11h45 e das 13h \u00e0s 16h.<\/div>\n","protected":false},"excerpt":{"rendered":"<p>a) Per\u00edodo de Submiss\u00e3o dos trabalhos (inscri\u00e7\u00e3o pela internet): de 24 de Junho a 08 de Julho; b) Divulga\u00e7\u00e3o dos resumos selecionados: at\u00e9 11 de Julho; c) Entrega final dos trabalhos (resumo ou artigo completo e banner para Coordena\u00e7\u00e3o de &hellip; <a href=\"https:\/\/videira.ifc.edu.br\/fice\/edicoes-anteriores\/2013-2a-edicao\/cronograma\/\">Continuar lendo <span class=\"meta-nav\">&rarr;<\/span><\/a><\/p>\n","protected":false},"author":5,"featured_media":0,"parent":279,"menu_order":10,"comment_status":"open","ping_status":"open","template":"","meta":{"footnotes":""},"class_list":["post-58","page","type-page","status-publish","hentry"],"_links":{"self":[{"href":"https:\/\/videira.ifc.edu.br\/fice\/wp-json\/wp\/v2\/pages\/58","targetHints":{"allow":["GET"]}}],"collection":[{"href":"https:\/\/videira.ifc.edu.br\/fice\/wp-json\/wp\/v2\/pages"}],"about":[{"href":"https:\/\/videira.ifc.edu.br\/fice\/wp-json\/wp\/v2\/types\/page"}],"author":[{"embeddable":true,"href":"https:\/\/videira.ifc.edu.br\/fice\/wp-json\/wp\/v2\/users\/5"}],"replies":[{"embeddable":true,"href":"https:\/\/videira.ifc.edu.br\/fice\/wp-json\/wp\/v2\/comments?post=58"}],"version-history":[{"count":0,"href":"https:\/\/videira.ifc.edu.br\/fice\/wp-json\/wp\/v2\/pages\/58\/revisions"}],"up":[{"embeddable":true,"href":"https:\/\/videira.ifc.edu.br\/fice\/wp-json\/wp\/v2\/pages\/279"}],"wp:attachment":[{"href":"https:\/\/videira.ifc.edu.br\/fice\/wp-json\/wp\/v2\/media?parent=58"}],"curies":[{"name":"wp","href":"https:\/\/api.w.org\/{rel}","templated":true}]}}