{"id":581,"date":"2015-11-05T13:57:00","date_gmt":"2015-11-05T16:57:00","guid":{"rendered":"http:\/\/videira.ifc.edu.br\/fice\/?page_id=581"},"modified":"2015-11-05T13:57:00","modified_gmt":"2015-11-05T16:57:00","slug":"anais-do-evento","status":"publish","type":"page","link":"https:\/\/videira.ifc.edu.br\/fice\/edicoes-anteriores\/2012-1a-edicao\/anais-do-evento\/","title":{"rendered":"Anais do Evento"},"content":{"rendered":"<p>Confira abaixo todos os Projetos apresentados na I FICE \u2013 Feira de Inicia\u00e7\u00e3o Cient\u00edfica e Extens\u00e3o do IFC Campus Videira.<\/p>\n<p>ISSN: 2317-9716<\/p>\n<p><strong>ARTIGOS E RESUMOS &#8211; EXTENS\u00c3O<\/strong><\/p>\n<p><a href=\"https:\/\/videira.ifc.edu.br\/fice\/wp-content\/uploads\/sites\/27\/2015\/11\/Bancada-Did\u00e1tica-Marcos-Fiorin-e-Matheus.pdf\">Bancada Did\u00e1tica &#8211; Marcos Fiorin e Matheus<\/a><\/p>\n<p><a href=\"https:\/\/videira.ifc.edu.br\/fice\/wp-content\/uploads\/sites\/27\/2015\/11\/Estudo-sobre-custo-de-Produ\u00e7\u00e3o-do-Vinho-colonial-da-Regi\u00e3o-de-Videira-SC-Marcos-Paladini-e-Mait\u00ea.pdf\">Estudo sobre custo de Produ\u00e7\u00e3o do Vinho colonial da Regi\u00e3o de Videira-SC &#8211; Marcos Paladini e Mait\u00ea<\/a><\/p>\n<p><a href=\"https:\/\/videira.ifc.edu.br\/fice\/wp-content\/uploads\/sites\/27\/2015\/11\/Estufa-Inteligente-Marcos-Bina-e-Daniel.pdf\">Estufa Inteligente &#8211; Marcos Bina e Daniel<\/a><\/p>\n<p><a href=\"https:\/\/videira.ifc.edu.br\/fice\/wp-content\/uploads\/sites\/27\/2015\/11\/Levantamento-do-curso-de-produtos-agropecuarios-pertencentes-a-cesta-b\u00e1sica-Amanda-e-Shaiane.pdf\">Levantamento do curso de produtos agropecuarios pertencentes a cesta b\u00e1sica &#8211; Amanda e Shaiane<\/a><\/p>\n<p><a href=\"https:\/\/videira.ifc.edu.br\/fice\/wp-content\/uploads\/sites\/27\/2015\/11\/M\u00e1quina-CNC-para-confec\u00e7\u00e3o-de-placas-de-circuito-impresso-Ricardo-e-Cl\u00e9cio.pdf\">M\u00e1quina CNC para confec\u00e7\u00e3o de placas de circuito impresso &#8211; Ricardo e Cl\u00e9cio<\/a><\/p>\n<p><a href=\"https:\/\/videira.ifc.edu.br\/fice\/wp-content\/uploads\/sites\/27\/2015\/11\/Percep\u00e7\u00e3o-do-consumo-consciente-no-IFC-\u2013-C\u00e2mpus-Videira-Marcoa-Paladini-e-Sislaine.pdf\">Percep\u00e7\u00e3o do consumo consciente no IFC \u2013 C\u00e2mpus Videira &#8211; Marcoa Paladini e Sislaine<\/a><\/p>\n<p><a href=\"https:\/\/videira.ifc.edu.br\/fice\/wp-content\/uploads\/sites\/27\/2015\/11\/Responsabilidade-e-consci\u00eancia-com-o-destino-do-lixo-Marcos-Paladini-e-Willian.pdf\">Responsabilidade e consci\u00eancia com o destino do lixo &#8211; Marcos Paladini e Willian<\/a><\/p>\n<p><a href=\"https:\/\/videira.ifc.edu.br\/fice\/wp-content\/uploads\/sites\/27\/2015\/11\/Aplica\u00e7\u00e3o-de-rob\u00f3tica-no-aux\u00edlio-da-Educa\u00e7\u00e3o-de-disciplinas-Marcelo-Cendron-e-Larissa.pdf\">Aplica\u00e7\u00e3o de rob\u00f3tica no aux\u00edlio da Educa\u00e7\u00e3o de disciplinas &#8211; Marcelo Cendron e Larissa<\/a><\/p>\n<p><a href=\"https:\/\/videira.ifc.edu.br\/fice\/wp-content\/uploads\/sites\/27\/2015\/11\/Automatiza\u00e7\u00e3o-de-C\u00e1lculo-de-Corre\u00e7\u00e3o-e-Aduba\u00e7\u00e3o-de-Solo-Marcos-Paladini-e-Valdecir.pdf\">Automatiza\u00e7\u00e3o de C\u00e1lculo de Corre\u00e7\u00e3o e Aduba\u00e7\u00e3o de Solo &#8211; Marcos Paladini e Valdecir<\/a><\/p>\n<p><a href=\"https:\/\/videira.ifc.edu.br\/fice\/wp-content\/uploads\/sites\/27\/2015\/11\/Cole\u00e7\u00e3o-entomol\u00f3gica-Marcelo-Diel-e-Alexandre.pdf\">Cole\u00e7\u00e3o entomol\u00f3gica &#8211; Marcelo Diel e Alexandre<\/a><\/p>\n<p><a href=\"https:\/\/videira.ifc.edu.br\/fice\/wp-content\/uploads\/sites\/27\/2015\/11\/Desenvolvimento-de-equipamentos-did\u00e1ticos-para-as-disciplinas-de-Projeto-Ivo-e-Anderson.pdf\">Desenvolvimento de equipamentos did\u00e1ticos para as disciplinas de Projeto &#8211; Ivo e Anderson<\/a><\/p>\n<p><a href=\"https:\/\/videira.ifc.edu.br\/fice\/wp-content\/uploads\/sites\/27\/2015\/11\/Desenvolvimento-de-um-portal-para-acesso-a-pesquisas-e-dados-astron\u00f4micos-F\u00e1bio-e-Jo\u00e3o-Pedro.pdf\">Desenvolvimento de um portal para acesso a pesquisas e dados astron\u00f4micos &#8211; F\u00e1bio e Jo\u00e3o Pedro<\/a><\/p>\n<p><a href=\"https:\/\/videira.ifc.edu.br\/fice\/wp-content\/uploads\/sites\/27\/2015\/11\/Isolamento-T\u00e9rmico-de-resid\u00eancia-de-fam\u00edlias-carentes-Jaquiel-e-Ana-e-Mauricio.pdf\">Isolamento T\u00e9rmico de resid\u00eancia de fam\u00edlias carentes &#8211; Jaquiel e Ana e Mauricio<\/a><\/p>\n<p><a href=\"https:\/\/videira.ifc.edu.br\/fice\/wp-content\/uploads\/sites\/27\/2015\/11\/Kits-Did\u00e1ticos-de-microcontroladores-Ricardo-e-Dionathan.pdf\">Kits Did\u00e1ticos de microcontroladores &#8211; Ricardo e Dionathan<\/a><\/p>\n<p><a href=\"https:\/\/videira.ifc.edu.br\/fice\/wp-content\/uploads\/sites\/27\/2015\/11\/Literatura-na-rede-Karla-e-Bruno.pdf\">Literatura na rede &#8211; Karla e Bruno<\/a><\/p>\n<p><a href=\"https:\/\/videira.ifc.edu.br\/fice\/wp-content\/uploads\/sites\/27\/2015\/11\/O-impacto-do-per\u00edodo-de-transi\u00e7\u00e3o-das-vacas-leiteiras-na-vis\u00e3o-do-produtor-rural-Amanda-e-Kelly.pdf\">O impacto do per\u00edodo de transi\u00e7\u00e3o das vacas leiteiras na vis\u00e3o do produtor rural &#8211; Amanda e Kelly<\/a><\/p>\n<p><a href=\"https:\/\/videira.ifc.edu.br\/fice\/wp-content\/uploads\/sites\/27\/2015\/11\/Reestrutura\u00e7\u00e3o-do-Laborat\u00f3rio-de-Usinagem-CNC-do-IFC-C\u00e2mpus-Luzerna-Samuel-e-Geovane.pdf\">Reestrutura\u00e7\u00e3o do Laborat\u00f3rio de Usinagem CNC do IFC &#8211; C\u00e2mpus Luzerna &#8211; Samuel e Geovane<\/a><\/p>\n<p>&nbsp;<\/p>\n<p><strong>ARTIGOS E RESUMOS &#8211;\u00a0PESQUISA<\/strong><\/p>\n<p><a href=\"https:\/\/videira.ifc.edu.br\/fice\/wp-content\/uploads\/sites\/27\/2015\/11\/A-UTILIZA\u00c7\u00c3O-DE-AN\u00c1LISE-DE-SOLO-COMO-T\u00c9CNICA-AGRON\u00d4MICA-PARA-ADUBA\u00c7\u00c3O-DE-MILHO-POR-PRODUTORES-DA-REGI\u00c3O-DA-COMUNIDADE-APARECIDA-EM-VIDEIRA-SC..pdf\">A UTILIZA\u00c7\u00c3O DE AN\u00c1LISE DE SOLO COMO T\u00c9CNICA AGRON\u00d4MICA PARA ADUBA\u00c7\u00c3O DE MILHO, POR PRODUTORES DA REGI\u00c3O DA COMUNIDADE APARECIDA EM VIDEIRA-SC.<\/a><\/p>\n<p><a href=\"https:\/\/videira.ifc.edu.br\/fice\/wp-content\/uploads\/sites\/27\/2015\/11\/DEGRADA\u00c7\u00c3O-falta-de-informa\u00e7\u00e3o-ou-de-vontade.pdf\">DEGRADA\u00c7\u00c3O falta de informa\u00e7\u00e3o ou de vontade<\/a><\/p>\n<p><a href=\"https:\/\/videira.ifc.edu.br\/fice\/wp-content\/uploads\/sites\/27\/2015\/11\/DESENVOLVIMENTO-DA-L\u00d3GICA-DE-CONTROLE-DE-UM-ROB\u00d4-DE-SUMO.pdf\">DESENVOLVIMENTO DA L\u00d3GICA DE CONTROLE DE UM ROB\u00d4 DE SUMO<\/a><\/p>\n<p><a href=\"https:\/\/videira.ifc.edu.br\/fice\/wp-content\/uploads\/sites\/27\/2015\/11\/DESENVOLVIMENTO-DE-UM-ROB\u00d4-AUT\u00d4NOMO-PARA-PARTICIPA\u00c7\u00c3O-EM-COMPETI\u00c7\u00c3O-DE-SUM\u00d4.pdf\">DESENVOLVIMENTO DE UM ROB\u00d4 AUT\u00d4NOMO PARA PARTICIPA\u00c7\u00c3O EM COMPETI\u00c7\u00c3O DE SUM\u00d4<\/a><\/p>\n<p><a href=\"https:\/\/videira.ifc.edu.br\/fice\/wp-content\/uploads\/sites\/27\/2015\/11\/DESENVOLVIMENTO-DE-UM-SISTEMA-DE-CONTROLE-AUTOMATIZADO-DA-ILUMINA\u00c7\u00c3O-ARTIFICIAL-DE-INTERIORES.pdf\">DESENVOLVIMENTO DE UM SISTEMA DE CONTROLE AUTOMATIZADO DA ILUMINA\u00c7\u00c3O ARTIFICIAL DE INTERIORES<\/a><\/p>\n<p><a href=\"https:\/\/videira.ifc.edu.br\/fice\/wp-content\/uploads\/sites\/27\/2015\/11\/DESENVOLVIMENTO-DE-UM-TRICICLO-VOLTADO-AOS-PORTADORES-DE-NECESSIDADES-ESPECIAIS.pdf\">DESENVOLVIMENTO DE UM TRICICLO VOLTADO AOS PORTADORES DE NECESSIDADES ESPECIAIS<\/a><\/p>\n<p><a href=\"https:\/\/videira.ifc.edu.br\/fice\/wp-content\/uploads\/sites\/27\/2015\/11\/IMPACTO-DAS-NOVAS-REGRAS-DA-INSTRU\u00c7\u00c3O-NORMATIVA-51-NAS-PROPRIEDADES-PRODUTORAS-DE-LEITE-DO-MUNIC\u00cdPIO-DE-VIDEIRA.pdf\">IMPACTO DAS NOVAS REGRAS DA INSTRU\u00c7\u00c3O NORMATIVA 51 NAS PROPRIEDADES PRODUTORAS DE LEITE DO MUNIC\u00cdPIO DE VIDEIRA<\/a><\/p>\n<p><a href=\"https:\/\/videira.ifc.edu.br\/fice\/wp-content\/uploads\/sites\/27\/2015\/11\/LIVROS-VERSUS-\u00c1RVORES-consci\u00eancia-ambiental.pdf\">LIVROS VERSUS \u00c1RVORES &#8211; consci\u00eancia ambiental<\/a><\/p>\n<p><a href=\"https:\/\/videira.ifc.edu.br\/fice\/wp-content\/uploads\/sites\/27\/2015\/11\/MECANISMOS-DE-COMERCIALIZA\u00c7\u00c3O-UTILIZADOS-PELOS-AGRICULTORES-FAMILIARES-NO-MERCADO-um-estudo-de-caso.pdf\">MECANISMOS DE COMERCIALIZA\u00c7\u00c3O UTILIZADOS PELOS AGRICULTORES FAMILIARES NO MERCADO um estudo de caso<\/a><\/p>\n<p><a href=\"https:\/\/videira.ifc.edu.br\/fice\/wp-content\/uploads\/sites\/27\/2015\/11\/ORIGEM-DOS-PRODUTOS-AGROPECU\u00c1RIOS-NO-COM\u00c9RCIO-DE-VIDEIRA.pdf\">ORIGEM DOS PRODUTOS AGROPECU\u00c1RIOS NO COM\u00c9RCIO DE VIDEIRA<\/a><\/p>\n<p><a href=\"https:\/\/videira.ifc.edu.br\/fice\/wp-content\/uploads\/sites\/27\/2015\/11\/PROPAGA\u00c7\u00c3O-IN-VITRO-DO-PORTA-ENXERTO-DE-VIDEIRA-PAULSEN-1103-E-CONTROLE-DO-CRESCIMENTO-DE-FUNGOS-NO-MEIO-DE-CULTURA.pdf\">PROPAGA\u00c7\u00c3O IN VITRO DO PORTA-ENXERTO DE VIDEIRA PAULSEN 1103 E CONTROLE DO CRESCIMENTO DE FUNGOS NO MEIO DE CULTURA<\/a><\/p>\n<p><a href=\"https:\/\/videira.ifc.edu.br\/fice\/wp-content\/uploads\/sites\/27\/2015\/11\/SEGMENTA\u00c7\u00c3O-DE-IMAGENS-DE-PLACAS-AUTOMOTIVAS.pdf\">SEGMENTA\u00c7\u00c3O DE IMAGENS DE PLACAS AUTOMOTIVAS<\/a><\/p>\n<p><a href=\"https:\/\/videira.ifc.edu.br\/fice\/wp-content\/uploads\/sites\/27\/2015\/11\/ACOMPANHAMENTO-ESTUDANTES-COM-TDAH-NO-ENSINO-T\u00c9CNICO.pdf\">ACOMPANHAMENTO ESTUDANTES COM TDAH NO ENSINO T\u00c9CNICO<\/a><\/p>\n<p><a href=\"https:\/\/videira.ifc.edu.br\/fice\/wp-content\/uploads\/sites\/27\/2015\/11\/AVALIA\u00c7\u00c3O-DA-PRODU\u00c7\u00c3O-E-OCORR\u00caNCIA-DE-DOEN\u00c7AS-NA-VIDEIRA-CULTIVAR-NI\u00c1GARA-ROSADA-NO-SISTEMA-LATADA-COM-E-SEM-COBERTURA-PL\u00c1STICA..pdf\">AVALIA\u00c7\u00c3O DA PRODU\u00c7\u00c3O E OCORR\u00caNCIA DE DOEN\u00c7AS NA VIDEIRA CULTIVAR NI\u00c1GARA ROSADA NO SISTEMA LATADA COM E SEM COBERTURA PL\u00c1STICA.<\/a><\/p>\n<p><a href=\"https:\/\/videira.ifc.edu.br\/fice\/wp-content\/uploads\/sites\/27\/2015\/11\/AVALIA\u00c7\u00c3O-DA-SUPLEMENTA\u00c7\u00c3O-ENERG\u00c9TICA-DE-VACAS-LEITEIRAS-NO-PER\u00cdODO-DE-TRANSI\u00c7\u00c3O-ASPECTOS-METAB\u00d3LICOS.pdf\">AVALIA\u00c7\u00c3O DA SUPLEMENTA\u00c7\u00c3O ENERG\u00c9TICA DE VACAS LEITEIRAS NO PER\u00cdODO DE TRANSI\u00c7\u00c3O ASPECTOS METAB\u00d3LICOS<\/a><\/p>\n<p><a href=\"https:\/\/videira.ifc.edu.br\/fice\/wp-content\/uploads\/sites\/27\/2015\/11\/AVALIAR-A-EFICI\u00caNCIA-ENERG\u00c9TICA-DE-UMA-PLACA-SOLAR-FOTOVOLTAICA-COM-E-SEM-V\u00c1CUO.pdf\">AVALIAR A EFICI\u00caNCIA ENERG\u00c9TICA DE UMA PLACA SOLAR FOTOVOLTAICA COM E SEM V\u00c1CUO<\/a><\/p>\n<p><a href=\"https:\/\/videira.ifc.edu.br\/fice\/wp-content\/uploads\/sites\/27\/2015\/11\/DEFINI\u00c7\u00c3O-DE-AMBIENTE-COMPUTACIONAL-DE-ALTO-DESEMPENHO-PARA-MINERA\u00c7\u00c3O-DE-INFORMA\u00c7\u00c3O-EM-BANCO-DE-DADOS-ASTRON\u00d4MICOS.pdf\">DEFINI\u00c7\u00c3O DE AMBIENTE COMPUTACIONAL DE ALTO DESEMPENHO PARA MINERA\u00c7\u00c3O DE INFORMA\u00c7\u00c3O EM BANCO DE DADOS ASTRON\u00d4MICOS<\/a><\/p>\n<p><a href=\"https:\/\/videira.ifc.edu.br\/fice\/wp-content\/uploads\/sites\/27\/2015\/11\/DIAGN\u00d3STICO-DA-EXPOSI\u00c7\u00c3O-OCUPACIONAL-A-AGROT\u00d3XICOS-PELOS-AGRICULTORES-NA-CULTURA-DO-PESSEGUEIRO-NO-MUNIC\u00cdPIO-DE-VIDEIRA.pdf\">DIAGN\u00d3STICO DA EXPOSI\u00c7\u00c3O OCUPACIONAL A AGROT\u00d3XICOS PELOS AGRICULTORES NA CULTURA DO PESSEGUEIRO NO MUNIC\u00cdPIO DE VIDEIRA<\/a><\/p>\n<p><a href=\"https:\/\/videira.ifc.edu.br\/fice\/wp-content\/uploads\/sites\/27\/2015\/11\/GERADOR-DE-FUN\u00c7\u00d5ES.pdf\">GERADOR DE FUN\u00c7\u00d5ES<\/a><\/p>\n<p><a href=\"https:\/\/videira.ifc.edu.br\/fice\/wp-content\/uploads\/sites\/27\/2015\/11\/INTEGRA\u00c7\u00c3O-DE-APLICA\u00c7\u00d5ES-UTILIZANDO-WEBSERVICE.pdf\">INTEGRA\u00c7\u00c3O DE APLICA\u00c7\u00d5ES UTILIZANDO WEBSERVICE<\/a><\/p>\n<p><a href=\"https:\/\/videira.ifc.edu.br\/fice\/wp-content\/uploads\/sites\/27\/2015\/11\/LEITURA-E-FORMA\u00c7\u00c3O-DE-PROFESSORES-OLHARES-E-REFLEX\u00d5ES.pdf\">LEITURA E FORMA\u00c7\u00c3O DE PROFESSORES OLHARES E REFLEX\u00d5ES<\/a><\/p>\n<p><a href=\"https:\/\/videira.ifc.edu.br\/fice\/wp-content\/uploads\/sites\/27\/2015\/11\/MATERIAL-DID\u00c1TICO-GERADOR-DE-FUN\u00c7\u00d5ES.pdf\">MATERIAL DID\u00c1TICO GERADOR DE FUN\u00c7\u00d5ES<\/a><\/p>\n<p><a href=\"https:\/\/videira.ifc.edu.br\/fice\/wp-content\/uploads\/sites\/27\/2015\/11\/MONITORAMENTO-DO-PERFIL-METAB\u00d3LICO-DE-VACAS-EM-PERIODO-DE-TRANSI\u00c7\u00c3O-EM-DOIS-TIPOS-DE-MANEJO-ALIMENTAR.pdf\">MONITORAMENTO DO PERFIL METAB\u00d3LICO DE VACAS EM PERIODO DE TRANSI\u00c7\u00c3O EM DOIS TIPOS DE MANEJO ALIMENTAR<\/a><\/p>\n<p><a href=\"https:\/\/videira.ifc.edu.br\/fice\/wp-content\/uploads\/sites\/27\/2015\/11\/OS-RECURSOS-DA-TECNOLOGIA-DA-INFORMA\u00c7\u00c3O-PARA-PESSOAS-COM-NECESSIDADES-ESPEC\u00cdFICAS.pdf\">OS RECURSOS DA TECNOLOGIA DA INFORMA\u00c7\u00c3O PARA PESSOAS COM NECESSIDADES ESPEC\u00cdFICAS<\/a><\/p>\n<p><a href=\"https:\/\/videira.ifc.edu.br\/fice\/wp-content\/uploads\/sites\/27\/2015\/11\/PROJETO-DESENVOLVIMENTO-DE-AMBIENTE-PARA-APLICA\u00c7\u00c3O-DAS-T\u00c9CNICAS-DE-MINERA\u00c7\u00c3O-DE-DADOS-EM-PESQUISA-DE-MATCHING-ENTRE-SURVEYS-E-GALAXIAS.pdf\">PROJETO DESENVOLVIMENTO DE AMBIENTE PARA APLICA\u00c7\u00c3O DAS T\u00c9CNICAS DE MINERA\u00c7\u00c3O DE DADOS EM PESQUISA DE MATCHING ENTRE SURVEYS E GALAXIAS<\/a><\/p>\n<p><a href=\"https:\/\/videira.ifc.edu.br\/fice\/wp-content\/uploads\/sites\/27\/2015\/11\/PROPAGA\u00c7\u00c3O-IN-VITRO-E-AVALIA\u00c7\u00c3O-DE-PAR\u00c2METROS-MORFOL\u00d3GICOS-DO-PORTA-ENXERTO-DE-VIDEIRA-PAULSEN-1103.pdf\">PROPAGA\u00c7\u00c3O IN VITRO E AVALIA\u00c7\u00c3O DE PAR\u00c2METROS MORFOL\u00d3GICOS DO PORTA-ENXERTO DE VIDEIRA PAULSEN 1103<\/a><\/p>\n<p><a href=\"https:\/\/videira.ifc.edu.br\/fice\/wp-content\/uploads\/sites\/27\/2015\/11\/RASTREAMENTO-DA-PRODU\u00c7\u00c3O-DE-SUCO-DE-UVA.pdf\">RASTREAMENTO DA PRODU\u00c7\u00c3O DE SUCO DE UVA<\/a><\/p>\n<p><a href=\"https:\/\/videira.ifc.edu.br\/fice\/wp-content\/uploads\/sites\/27\/2015\/11\/REATIVA\u00c7\u00c3O-DO-GRUPO-DE-ESTUDO-E-PESQUISA-EM-AVICULTURA-\u2013-GEPA.pdf\">REATIVA\u00c7\u00c3O DO GRUPO DE ESTUDO E PESQUISA EM AVICULTURA \u2013 GEPA<\/a><\/p>\n<p><a href=\"https:\/\/videira.ifc.edu.br\/fice\/wp-content\/uploads\/sites\/27\/2015\/11\/RESGATE-DA-MEM\u00d3RIA-SOBRE-A-PRODU\u00c7\u00c3O-DA-UVA-E-DO-VINHO-A-PARTIR-DA-D\u00c9CADA-DE-1940-NO-MUNIC\u00cdPIO-DE-VIDEIRA-SC.pdf\">RESGATE DA MEM\u00d3RIA SOBRE A PRODU\u00c7\u00c3O DA UVA E DO VINHO A PARTIR DA D\u00c9CADA DE 1940 NO MUNIC\u00cdPIO DE VIDEIRA SC<\/a><\/p>\n","protected":false},"excerpt":{"rendered":"<p>Confira abaixo todos os Projetos apresentados na I FICE \u2013 Feira de Inicia\u00e7\u00e3o Cient\u00edfica e Extens\u00e3o do IFC Campus Videira. ISSN: 2317-9716 ARTIGOS E RESUMOS &#8211; EXTENS\u00c3O Bancada Did\u00e1tica &#8211; Marcos Fiorin e Matheus Estudo sobre custo de Produ\u00e7\u00e3o do &hellip; <a href=\"https:\/\/videira.ifc.edu.br\/fice\/edicoes-anteriores\/2012-1a-edicao\/anais-do-evento\/\">Continuar lendo <span class=\"meta-nav\">&rarr;<\/span><\/a><\/p>\n","protected":false},"author":26,"featured_media":0,"parent":23,"menu_order":0,"comment_status":"open","ping_status":"open","template":"","meta":{"footnotes":""},"class_list":["post-581","page","type-page","status-publish","hentry"],"_links":{"self":[{"href":"https:\/\/videira.ifc.edu.br\/fice\/wp-json\/wp\/v2\/pages\/581","targetHints":{"allow":["GET"]}}],"collection":[{"href":"https:\/\/videira.ifc.edu.br\/fice\/wp-json\/wp\/v2\/pages"}],"about":[{"href":"https:\/\/videira.ifc.edu.br\/fice\/wp-json\/wp\/v2\/types\/page"}],"author":[{"embeddable":true,"href":"https:\/\/videira.ifc.edu.br\/fice\/wp-json\/wp\/v2\/users\/26"}],"replies":[{"embeddable":true,"href":"https:\/\/videira.ifc.edu.br\/fice\/wp-json\/wp\/v2\/comments?post=581"}],"version-history":[{"count":2,"href":"https:\/\/videira.ifc.edu.br\/fice\/wp-json\/wp\/v2\/pages\/581\/revisions"}],"predecessor-version":[{"id":629,"href":"https:\/\/videira.ifc.edu.br\/fice\/wp-json\/wp\/v2\/pages\/581\/revisions\/629"}],"up":[{"embeddable":true,"href":"https:\/\/videira.ifc.edu.br\/fice\/wp-json\/wp\/v2\/pages\/23"}],"wp:attachment":[{"href":"https:\/\/videira.ifc.edu.br\/fice\/wp-json\/wp\/v2\/media?parent=581"}],"curies":[{"name":"wp","href":"https:\/\/api.w.org\/{rel}","templated":true}]}}