{"id":642,"date":"2016-03-11T13:17:15","date_gmt":"2016-03-11T16:17:15","guid":{"rendered":"http:\/\/videira.ifc.edu.br\/fice\/?page_id=642"},"modified":"2017-05-29T20:55:58","modified_gmt":"2017-05-29T23:55:58","slug":"regulamento","status":"publish","type":"page","link":"https:\/\/videira.ifc.edu.br\/fice\/edicoes-anteriores\/2016-5a-edicao\/regulamento\/","title":{"rendered":"Regulamento"},"content":{"rendered":"<p>Acesse abaixo o Regulamento da 5\u00aa FICE.<\/p>\n<p><a href=\"https:\/\/videira.ifc.edu.br\/fice\/wp-content\/uploads\/sites\/27\/2016\/03\/Regulamento-5\u00aa-FICE.pdf\" rel=\"\">Regulamento 5\u00aa FICE<\/a><\/p>\n<p>&nbsp;<\/p>\n<p>Crit\u00e9rios para avalia\u00e7\u00e3o dos trabalhos:<\/p>\n<p><a href=\"https:\/\/videira.ifc.edu.br\/fice\/wp-content\/uploads\/sites\/27\/2016\/03\/Ficha-de-avalia\u00e7\u00e3o-Projetos-EXTENS\u00c3O-5\u00aa-FICE.pdf\" rel=\"\">Ficha de avalia\u00e7\u00e3o Projetos EXTENS\u00c3O &#8211; 5\u00aa FICE<\/a><\/p>\n<p><a href=\"https:\/\/videira.ifc.edu.br\/fice\/wp-content\/uploads\/sites\/27\/2016\/03\/Ficha-de-avalia\u00e7\u00e3o-Projetos-PESQUISA-5\u00aa-FICE.pdf\" rel=\"\">Ficha de avalia\u00e7\u00e3o Projetos PESQUISA &#8211; 5\u00aa FICE<\/a><\/p>\n","protected":false},"excerpt":{"rendered":"<p>Acesse abaixo o Regulamento da 5\u00aa FICE. Regulamento 5\u00aa FICE &nbsp; Crit\u00e9rios para avalia\u00e7\u00e3o dos trabalhos: Ficha de avalia\u00e7\u00e3o Projetos EXTENS\u00c3O &#8211; 5\u00aa FICE Ficha de avalia\u00e7\u00e3o Projetos PESQUISA &#8211; 5\u00aa FICE<\/p>\n","protected":false},"author":26,"featured_media":0,"parent":732,"menu_order":0,"comment_status":"closed","ping_status":"closed","template":"","meta":{"footnotes":""},"class_list":["post-642","page","type-page","status-publish","hentry"],"_links":{"self":[{"href":"https:\/\/videira.ifc.edu.br\/fice\/wp-json\/wp\/v2\/pages\/642","targetHints":{"allow":["GET"]}}],"collection":[{"href":"https:\/\/videira.ifc.edu.br\/fice\/wp-json\/wp\/v2\/pages"}],"about":[{"href":"https:\/\/videira.ifc.edu.br\/fice\/wp-json\/wp\/v2\/types\/page"}],"author":[{"embeddable":true,"href":"https:\/\/videira.ifc.edu.br\/fice\/wp-json\/wp\/v2\/users\/26"}],"replies":[{"embeddable":true,"href":"https:\/\/videira.ifc.edu.br\/fice\/wp-json\/wp\/v2\/comments?post=642"}],"version-history":[{"count":3,"href":"https:\/\/videira.ifc.edu.br\/fice\/wp-json\/wp\/v2\/pages\/642\/revisions"}],"predecessor-version":[{"id":654,"href":"https:\/\/videira.ifc.edu.br\/fice\/wp-json\/wp\/v2\/pages\/642\/revisions\/654"}],"up":[{"embeddable":true,"href":"https:\/\/videira.ifc.edu.br\/fice\/wp-json\/wp\/v2\/pages\/732"}],"wp:attachment":[{"href":"https:\/\/videira.ifc.edu.br\/fice\/wp-json\/wp\/v2\/media?parent=642"}],"curies":[{"name":"wp","href":"https:\/\/api.w.org\/{rel}","templated":true}]}}