{"id":645,"date":"2016-03-11T13:18:43","date_gmt":"2016-03-11T16:18:43","guid":{"rendered":"http:\/\/videira.ifc.edu.br\/fice\/?page_id=645"},"modified":"2017-05-29T20:55:21","modified_gmt":"2017-05-29T23:55:21","slug":"cronograma","status":"publish","type":"page","link":"https:\/\/videira.ifc.edu.br\/fice\/edicoes-anteriores\/2016-5a-edicao\/cronograma\/","title":{"rendered":"Cronograma"},"content":{"rendered":"<p>a) Per\u00edodo de Submiss\u00e3o dos trabalhos (inscri\u00e7\u00e3o pela internet):\u00a0de 06 a 27 de Junho;<br \/>\nb) Divulga\u00e7\u00e3o dos resumos selecionados: at\u00e9 29 de Junho;<br \/>\nc) Entrega final dos trabalhos (resumo ou artigo completo e\u00a0banner para Coordena\u00e7\u00e3o de Pesquisa e\/ou Extens\u00e3o): at\u00e9 15 de Julho;<br \/>\nd) Montagem dos estandes no local do evento: 14\/09, das 8h \u00e0s\u00a011h e das 13h30min \u00e0s 17h;<br \/>\ne) Exposi\u00e7\u00e3o ao p\u00fablico:<br \/>\n&#8211; 15\/09 (quinta-feira): das 13h30 \u00e0s 17h30 e das 18h30 \u00e0s 22h.<br \/>\n&#8211; 16\/09 (sexta-feira): das 8h \u00e0s 11h45.<br \/>\nf) Encerramento e premia\u00e7\u00e3o: 16\/09, \u00e0s 13h30, no Audit\u00f3rio.<br \/>\ng) Desmontagem dos estandes: 16\/09, ap\u00f3s o encerramento.<\/p>\n","protected":false},"excerpt":{"rendered":"<p>a) Per\u00edodo de Submiss\u00e3o dos trabalhos (inscri\u00e7\u00e3o pela internet):\u00a0de 06 a 27 de Junho; b) Divulga\u00e7\u00e3o dos resumos selecionados: at\u00e9 29 de Junho; c) Entrega final dos trabalhos (resumo ou artigo completo e\u00a0banner para Coordena\u00e7\u00e3o de Pesquisa e\/ou Extens\u00e3o): at\u00e9 &hellip; <a href=\"https:\/\/videira.ifc.edu.br\/fice\/edicoes-anteriores\/2016-5a-edicao\/cronograma\/\">Continuar lendo <span class=\"meta-nav\">&rarr;<\/span><\/a><\/p>\n","protected":false},"author":26,"featured_media":0,"parent":732,"menu_order":0,"comment_status":"closed","ping_status":"closed","template":"","meta":{"footnotes":""},"class_list":["post-645","page","type-page","status-publish","hentry"],"_links":{"self":[{"href":"https:\/\/videira.ifc.edu.br\/fice\/wp-json\/wp\/v2\/pages\/645","targetHints":{"allow":["GET"]}}],"collection":[{"href":"https:\/\/videira.ifc.edu.br\/fice\/wp-json\/wp\/v2\/pages"}],"about":[{"href":"https:\/\/videira.ifc.edu.br\/fice\/wp-json\/wp\/v2\/types\/page"}],"author":[{"embeddable":true,"href":"https:\/\/videira.ifc.edu.br\/fice\/wp-json\/wp\/v2\/users\/26"}],"replies":[{"embeddable":true,"href":"https:\/\/videira.ifc.edu.br\/fice\/wp-json\/wp\/v2\/comments?post=645"}],"version-history":[{"count":2,"href":"https:\/\/videira.ifc.edu.br\/fice\/wp-json\/wp\/v2\/pages\/645\/revisions"}],"predecessor-version":[{"id":663,"href":"https:\/\/videira.ifc.edu.br\/fice\/wp-json\/wp\/v2\/pages\/645\/revisions\/663"}],"up":[{"embeddable":true,"href":"https:\/\/videira.ifc.edu.br\/fice\/wp-json\/wp\/v2\/pages\/732"}],"wp:attachment":[{"href":"https:\/\/videira.ifc.edu.br\/fice\/wp-json\/wp\/v2\/media?parent=645"}],"curies":[{"name":"wp","href":"https:\/\/api.w.org\/{rel}","templated":true}]}}