{"id":744,"date":"2017-05-29T21:22:32","date_gmt":"2017-05-30T00:22:32","guid":{"rendered":"http:\/\/videira.ifc.edu.br\/fice\/?page_id=744"},"modified":"2018-05-09T11:13:05","modified_gmt":"2018-05-09T14:13:05","slug":"regulamento","status":"publish","type":"page","link":"https:\/\/videira.ifc.edu.br\/fice\/edicoes-anteriores\/2017-6a-edicao\/regulamento\/","title":{"rendered":"Regulamento"},"content":{"rendered":"<header class=\"entry-header\">\n<h1 class=\"entry-title\"><\/h1>\n<\/header>\n<div class=\"entry-content\">\n<p>Acesse abaixo o Regulamento da 6\u00aa FICE:<\/p>\n<p><a href=\"https:\/\/videira.ifc.edu.br\/fice\/wp-content\/uploads\/sites\/27\/2017\/05\/Regulamento-VI-FICE-4.pdf\">Regulamento VI FICE<\/a><\/p>\n<p>&nbsp;<\/p>\n<p>Crit\u00e9rios para avalia\u00e7\u00e3o dos trabalhos:<\/p>\n<p><a href=\"https:\/\/videira.ifc.edu.br\/fice\/wp-content\/uploads\/sites\/27\/2017\/05\/Ficha-de-avalia\u00e7\u00e3o-Projetos-EXTENS\u00c3O-6\u00aa-FICE.pdf\">Ficha de avalia\u00e7\u00e3o Projetos EXTENS\u00c3O &#8211; 6\u00aa FICE<\/a><\/p>\n<p><a href=\"https:\/\/videira.ifc.edu.br\/fice\/wp-content\/uploads\/sites\/27\/2017\/05\/Ficha-de-avalia\u00e7\u00e3o-Projetos-PESQUISA-6\u00aa-FICE.pdf\">Ficha de avalia\u00e7\u00e3o Projetos PESQUISA &#8211; 6\u00aa FICE<\/a><\/p>\n<\/div>\n<p>&nbsp;<\/p>\n<div class=\"entry-content\"><\/div>\n","protected":false},"excerpt":{"rendered":"<p>Acesse abaixo o Regulamento da 6\u00aa FICE: Regulamento VI FICE &nbsp; Crit\u00e9rios para avalia\u00e7\u00e3o dos trabalhos: Ficha de avalia\u00e7\u00e3o Projetos EXTENS\u00c3O &#8211; 6\u00aa FICE Ficha de avalia\u00e7\u00e3o Projetos PESQUISA &#8211; 6\u00aa FICE &nbsp;<\/p>\n","protected":false},"author":26,"featured_media":0,"parent":890,"menu_order":0,"comment_status":"closed","ping_status":"closed","template":"","meta":{"footnotes":""},"class_list":["post-744","page","type-page","status-publish","hentry"],"_links":{"self":[{"href":"https:\/\/videira.ifc.edu.br\/fice\/wp-json\/wp\/v2\/pages\/744","targetHints":{"allow":["GET"]}}],"collection":[{"href":"https:\/\/videira.ifc.edu.br\/fice\/wp-json\/wp\/v2\/pages"}],"about":[{"href":"https:\/\/videira.ifc.edu.br\/fice\/wp-json\/wp\/v2\/types\/page"}],"author":[{"embeddable":true,"href":"https:\/\/videira.ifc.edu.br\/fice\/wp-json\/wp\/v2\/users\/26"}],"replies":[{"embeddable":true,"href":"https:\/\/videira.ifc.edu.br\/fice\/wp-json\/wp\/v2\/comments?post=744"}],"version-history":[{"count":9,"href":"https:\/\/videira.ifc.edu.br\/fice\/wp-json\/wp\/v2\/pages\/744\/revisions"}],"predecessor-version":[{"id":820,"href":"https:\/\/videira.ifc.edu.br\/fice\/wp-json\/wp\/v2\/pages\/744\/revisions\/820"}],"up":[{"embeddable":true,"href":"https:\/\/videira.ifc.edu.br\/fice\/wp-json\/wp\/v2\/pages\/890"}],"wp:attachment":[{"href":"https:\/\/videira.ifc.edu.br\/fice\/wp-json\/wp\/v2\/media?parent=744"}],"curies":[{"name":"wp","href":"https:\/\/api.w.org\/{rel}","templated":true}]}}