{"id":751,"date":"2017-05-29T21:32:53","date_gmt":"2017-05-30T00:32:53","guid":{"rendered":"http:\/\/videira.ifc.edu.br\/fice\/?page_id=751"},"modified":"2018-05-09T11:12:38","modified_gmt":"2018-05-09T14:12:38","slug":"cronograma","status":"publish","type":"page","link":"https:\/\/videira.ifc.edu.br\/fice\/edicoes-anteriores\/2017-6a-edicao\/cronograma\/","title":{"rendered":"Cronograma"},"content":{"rendered":"<p align=\"justify\"><span style=\"color: #000000\"><span style=\"font-family: 'Times New Roman', serif\"><span style=\"font-family: Calibri, serif\">a) Per\u00edodo de Submiss\u00e3o dos trabalhos (inscri\u00e7\u00e3o pela internet): de 05 a 22 de Junho; <\/span><\/span><\/span><\/p>\n<p align=\"justify\"><span style=\"color: #000000\"><span style=\"font-family: 'Times New Roman', serif\"><span style=\"font-family: Calibri, serif\">b) Divulga\u00e7\u00e3o dos resumos selecionados: at\u00e9 26 de Junho; <\/span><\/span><\/span><\/p>\n<p align=\"justify\"><span style=\"color: #000000\"><span style=\"font-family: 'Times New Roman', serif\"><span style=\"font-family: Calibri, serif\">c) Entrega final dos trabalhos (resumo ou artigo completo e banner para Coordena\u00e7\u00e3o de Pesquisa e\/ou Extens\u00e3o): at\u00e9 14 de Julho; <\/span><\/span><\/span><\/p>\n<p align=\"justify\"><span style=\"color: #000000\"><span style=\"font-family: 'Times New Roman', serif\"><span style=\"font-family: Calibri, serif\">d) Montagem dos estandes no local do evento: 04\/09, das 8h \u00e0s 11h e das 13h30min \u00e0s 17h; <\/span><\/span><\/span><\/p>\n<p align=\"justify\"><span style=\"color: #000000\"><span style=\"font-family: 'Times New Roman', serif\"><span style=\"font-family: Calibri, serif\">e) Exposi\u00e7\u00e3o ao p\u00fablico: <\/span><\/span><\/span><\/p>\n<p align=\"justify\"><span style=\"color: #000000\"><span style=\"font-family: 'Times New Roman', serif\"><span style=\"font-family: Calibri, serif\">&#8211; 05\/09 (ter\u00e7a-feira): das 13h30 \u00e0s 17h30 e das 18h30 \u00e0s 22h. <\/span><\/span><\/span><\/p>\n<p align=\"justify\"><span style=\"color: #000000\"><span style=\"font-family: 'Times New Roman', serif\"><span style=\"font-family: Calibri, serif\">&#8211; 06\/09 (quarta-feira): das 8h \u00e0s 11h45. <\/span><\/span><\/span><\/p>\n<p align=\"justify\"><span style=\"color: #000000\"><span style=\"font-family: 'Times New Roman', serif\"><span style=\"font-family: Calibri, serif\">f) Encerramento e premia\u00e7\u00e3o: 06\/09, \u00e0s 13h30, no Audit\u00f3rio.<\/span><\/span><\/span><\/p>\n<p align=\"justify\"><span style=\"color: #000000\"><span style=\"font-family: 'Times New Roman', serif\"><span style=\"font-family: Calibri, serif\">g) Desmontagem dos estandes: 06\/09, ap\u00f3s o encerramento.<\/span><\/span><\/span><\/p>\n","protected":false},"excerpt":{"rendered":"<p>a) Per\u00edodo de Submiss\u00e3o dos trabalhos (inscri\u00e7\u00e3o pela internet): de 05 a 22 de Junho; b) Divulga\u00e7\u00e3o dos resumos selecionados: at\u00e9 26 de Junho; c) Entrega final dos trabalhos (resumo ou artigo completo e banner para Coordena\u00e7\u00e3o de Pesquisa e\/ou &hellip; <a href=\"https:\/\/videira.ifc.edu.br\/fice\/edicoes-anteriores\/2017-6a-edicao\/cronograma\/\">Continuar lendo <span class=\"meta-nav\">&rarr;<\/span><\/a><\/p>\n","protected":false},"author":26,"featured_media":0,"parent":890,"menu_order":0,"comment_status":"closed","ping_status":"closed","template":"","meta":{"footnotes":""},"class_list":["post-751","page","type-page","status-publish","hentry"],"_links":{"self":[{"href":"https:\/\/videira.ifc.edu.br\/fice\/wp-json\/wp\/v2\/pages\/751","targetHints":{"allow":["GET"]}}],"collection":[{"href":"https:\/\/videira.ifc.edu.br\/fice\/wp-json\/wp\/v2\/pages"}],"about":[{"href":"https:\/\/videira.ifc.edu.br\/fice\/wp-json\/wp\/v2\/types\/page"}],"author":[{"embeddable":true,"href":"https:\/\/videira.ifc.edu.br\/fice\/wp-json\/wp\/v2\/users\/26"}],"replies":[{"embeddable":true,"href":"https:\/\/videira.ifc.edu.br\/fice\/wp-json\/wp\/v2\/comments?post=751"}],"version-history":[{"count":2,"href":"https:\/\/videira.ifc.edu.br\/fice\/wp-json\/wp\/v2\/pages\/751\/revisions"}],"predecessor-version":[{"id":818,"href":"https:\/\/videira.ifc.edu.br\/fice\/wp-json\/wp\/v2\/pages\/751\/revisions\/818"}],"up":[{"embeddable":true,"href":"https:\/\/videira.ifc.edu.br\/fice\/wp-json\/wp\/v2\/pages\/890"}],"wp:attachment":[{"href":"https:\/\/videira.ifc.edu.br\/fice\/wp-json\/wp\/v2\/media?parent=751"}],"curies":[{"name":"wp","href":"https:\/\/api.w.org\/{rel}","templated":true}]}}