{"id":825,"date":"2017-09-20T09:24:51","date_gmt":"2017-09-20T12:24:51","guid":{"rendered":"http:\/\/videira.ifc.edu.br\/fice\/?page_id=825"},"modified":"2018-05-09T11:12:28","modified_gmt":"2018-05-09T14:12:28","slug":"anais-do-evento","status":"publish","type":"page","link":"https:\/\/videira.ifc.edu.br\/fice\/edicoes-anteriores\/2017-6a-edicao\/anais-do-evento\/","title":{"rendered":"Anais do Evento"},"content":{"rendered":"<p><strong>PROJETOS EXTENS\u00c3O CONCLU\u00cdDO<\/strong><\/p>\n<p><a href=\"https:\/\/videira.ifc.edu.br\/fice\/wp-content\/uploads\/sites\/27\/2017\/09\/1-Educa\u00e7\u00e3o-em-Sa\u00fade-nas-escolas-p\u00fablicas.pdf\">1 &#8211; Educa\u00e7\u00e3o em Sa\u00fade nas escolas p\u00fablicas<\/a><\/p>\n<p><a href=\"https:\/\/videira.ifc.edu.br\/fice\/wp-content\/uploads\/sites\/27\/2017\/09\/2-Pensando-a-Extens\u00e3o-com-Saberes-Diferentes.pdf\">2 &#8211; Pensando a Extens\u00e3o com Saberes Diferentes<\/a><\/p>\n<p><a href=\"https:\/\/videira.ifc.edu.br\/fice\/wp-content\/uploads\/sites\/27\/2017\/09\/3-Inclus\u00e3o-Digital-de-idosos.pdf\">3 &#8211; Inclus\u00e3o Digital de idosos<\/a><\/p>\n<p><a href=\"https:\/\/videira.ifc.edu.br\/fice\/wp-content\/uploads\/sites\/27\/2017\/09\/4-IFilosofia.pdf\">4 &#8211; IFilosofia<\/a><\/p>\n<p><a href=\"https:\/\/videira.ifc.edu.br\/fice\/wp-content\/uploads\/sites\/27\/2017\/09\/5-Desenvolvimento-e-uso-de-ferramenta-para-f\u00f3rum-de-intera\u00e7\u00e3o.pdf\">5 &#8211; Desenvolvimento e uso de ferramenta para f\u00f3rum de intera\u00e7\u00e3o<\/a><\/p>\n<p><a href=\"https:\/\/videira.ifc.edu.br\/fice\/wp-content\/uploads\/sites\/27\/2017\/09\/6-Grupo-de-Dan\u00e7as-Tradicionalistas.pdf\">6 &#8211; Grupo de Dan\u00e7as Tradicionalistas<\/a><\/p>\n<p><a href=\"https:\/\/videira.ifc.edu.br\/fice\/wp-content\/uploads\/sites\/27\/2017\/09\/7-Desenvolvimento-de-uma-fresadora-CNC.pdf\">7 &#8211; Desenvolvimento de uma fresadora CNC<\/a><\/p>\n<p><a href=\"https:\/\/videira.ifc.edu.br\/fice\/wp-content\/uploads\/sites\/27\/2017\/09\/8-Artesanato-em-E.V.A.pdf\">8 &#8211; Artesanato em E.V.A<\/a><\/p>\n<p><a href=\"https:\/\/videira.ifc.edu.br\/fice\/wp-content\/uploads\/sites\/27\/2017\/09\/9-Intervalo-Cultural-.pdf\">9 &#8211; Intervalo Cultural<\/a><\/p>\n<p><a href=\"https:\/\/videira.ifc.edu.br\/fice\/wp-content\/uploads\/sites\/27\/2017\/09\/10-Elaborar-uma-c\u00e2mara-de-desidrata\u00e7\u00e3o-desseca\u00e7\u00e3o-de-plantas-utilizando-a-energia-solar.pdf\">10 &#8211; Elaborar uma c\u00e2mara de desidrata\u00e7\u00e3o-desseca\u00e7\u00e3o de plantas utilizando a energia solar<\/a><\/p>\n<p>&nbsp;<\/p>\n<p><strong>PROJETOS PESQUISA CONCLU\u00cdDO<\/strong><\/p>\n<p><a href=\"https:\/\/videira.ifc.edu.br\/fice\/wp-content\/uploads\/sites\/27\/2017\/09\/1-Indicadores-de-eficacia-do-IFC.pdf\">1 &#8211; Indicadores de eficacia do IFC<\/a><\/p>\n<p><a href=\"https:\/\/videira.ifc.edu.br\/fice\/wp-content\/uploads\/sites\/27\/2017\/09\/2-Michel-Foucault.pdf\">2 &#8211; Michel Foucault<\/a><\/p>\n<p><a href=\"https:\/\/videira.ifc.edu.br\/fice\/wp-content\/uploads\/sites\/27\/2017\/09\/3-Um-interface-de-software.pdf\">3 &#8211; Um interface de software<\/a><\/p>\n<p><a href=\"https:\/\/videira.ifc.edu.br\/fice\/wp-content\/uploads\/sites\/27\/2017\/09\/4-Um-interface-administrativa.pdf\">4 &#8211; Um interface administrativa<\/a><\/p>\n<p><a href=\"https:\/\/videira.ifc.edu.br\/fice\/wp-content\/uploads\/sites\/27\/2017\/09\/5-Analyticint.pdf\">5 &#8211; Analyticint<\/a><\/p>\n<p><a href=\"https:\/\/videira.ifc.edu.br\/fice\/wp-content\/uploads\/sites\/27\/2017\/09\/6-A-midia-audivisual-e-o-ensino-de-hist\u00f3ria.pdf\">6 &#8211; A midia audivisual e o ensino de hist\u00f3ria<\/a><\/p>\n<p><a href=\"https:\/\/videira.ifc.edu.br\/fice\/wp-content\/uploads\/sites\/27\/2017\/09\/8-Otimiza\u00e7\u00e3o-do-desempenho.pdf\">8 &#8211; Otimiza\u00e7\u00e3o do desempenho<\/a><\/p>\n<p><a href=\"https:\/\/videira.ifc.edu.br\/fice\/wp-content\/uploads\/sites\/27\/2017\/09\/9-Levantamento-dos-requisitos.pdf\">9 &#8211; Levantamento dos requisitos<\/a><\/p>\n<p><a href=\"https:\/\/videira.ifc.edu.br\/fice\/wp-content\/uploads\/sites\/27\/2017\/09\/10-Analise-comparativa-entre-modelos-distintos.pdf\">10 &#8211; Analise comparativa entre modelos distintos<\/a><\/p>\n<p><a href=\"https:\/\/videira.ifc.edu.br\/fice\/wp-content\/uploads\/sites\/27\/2017\/09\/11-Detec\u00e7\u00e3o-da-radia\u00e7\u00e3o.pdf\">11 &#8211; Detec\u00e7\u00e3o da radia\u00e7\u00e3o<\/a><\/p>\n<p><a href=\"https:\/\/videira.ifc.edu.br\/fice\/wp-content\/uploads\/sites\/27\/2017\/09\/12-A-saga-dos-circuitos-el\u00e9tricos.pdf\">12 &#8211; A saga dos circuitos el\u00e9tricos<\/a><\/p>\n<p><a href=\"https:\/\/videira.ifc.edu.br\/fice\/wp-content\/uploads\/sites\/27\/2017\/09\/13-Estudo-do-consumo-de-energias.pdf\">13 &#8211; Estudo do consumo de energias<\/a><\/p>\n<p><a href=\"https:\/\/videira.ifc.edu.br\/fice\/wp-content\/uploads\/sites\/27\/2017\/09\/14-O-uso-da-geogebra.pdf\">14 &#8211; O uso da geogebra<\/a><\/p>\n<p><a href=\"https:\/\/videira.ifc.edu.br\/fice\/wp-content\/uploads\/sites\/27\/2017\/09\/15-Verifica\u00e7\u00e3o-do-potencial-energ\u00e9tico.pdf\">15 &#8211; Verifica\u00e7\u00e3o do potencial energ\u00e9tico<\/a><\/p>\n<p><a href=\"https:\/\/videira.ifc.edu.br\/fice\/wp-content\/uploads\/sites\/27\/2017\/09\/16-Levantamento-hist\u00f3rico-e-atua\u00e7\u00e3o-da-banda-sinf\u00f4nica.pdf\">16 &#8211; Levantamento hist\u00f3rico e atua\u00e7\u00e3o da banda sinf\u00f4nica<\/a><\/p>\n<p><a href=\"https:\/\/videira.ifc.edu.br\/fice\/wp-content\/uploads\/sites\/27\/2017\/09\/18-O-caso-Eichmann.pdf\">18 &#8211; O caso Eichmann<\/a><\/p>\n<p><a href=\"https:\/\/videira.ifc.edu.br\/fice\/wp-content\/uploads\/sites\/27\/2017\/09\/19-Levantamento-e-an\u00e1lise-do-processo-migrat\u00f3rio-dos-haitianos.pdf\">19 &#8211; Levantamento e an\u00e1lise do processo migrat\u00f3rio dos haitianos<\/a><\/p>\n<p><a href=\"https:\/\/videira.ifc.edu.br\/fice\/wp-content\/uploads\/sites\/27\/2017\/09\/20-Constru\u00e7\u00e3o-de-um-ve\u00edculo-eletrico.pdf\">20 &#8211; Constru\u00e7\u00e3o de um ve\u00edculo eletrico<\/a><\/p>\n<p><a href=\"https:\/\/videira.ifc.edu.br\/fice\/wp-content\/uploads\/sites\/27\/2017\/09\/21-Avaliar-diferentes-concentra\u00e7\u00f5es-de-AIB.pdf\">21 &#8211; Avaliar diferentes concentra\u00e7\u00f5es de AIB<\/a><\/p>\n<p><a href=\"https:\/\/videira.ifc.edu.br\/fice\/wp-content\/uploads\/sites\/27\/2017\/09\/22-A-festa-terminada.pdf\">22 &#8211; A festa terminada<\/a><\/p>\n<p><a href=\"https:\/\/videira.ifc.edu.br\/fice\/wp-content\/uploads\/sites\/27\/2017\/09\/23-Albert-Einsten.pdf\">23 &#8211; Albert Einsten<\/a><\/p>\n<p>&nbsp;<\/p>\n<p>&nbsp;<\/p>\n<p><strong>PROJETOS EXTENS\u00c3O EM ANDAMENTO<\/strong><\/p>\n<p><a href=\"https:\/\/videira.ifc.edu.br\/fice\/wp-content\/uploads\/sites\/27\/2017\/09\/1-Atividades-Culturais-Canto-Italiano-1.pdf\">1 &#8211; Atividades Culturais &#8211; Canto Italiano<\/a><\/p>\n<p><a href=\"https:\/\/videira.ifc.edu.br\/fice\/wp-content\/uploads\/sites\/27\/2017\/09\/2-OBI-1.pdf\">2 &#8211; OBI<\/a><\/p>\n<p><a href=\"https:\/\/videira.ifc.edu.br\/fice\/wp-content\/uploads\/sites\/27\/2017\/09\/3-N\u00facleo-de-estudos-do-contestado.pdf\">3 &#8211; N\u00facleo de estudos do contestado<\/a><\/p>\n<p><a href=\"https:\/\/videira.ifc.edu.br\/fice\/wp-content\/uploads\/sites\/27\/2017\/09\/4-O-uso-do-material-concreto-no-ensino-da-Matem\u00e1tica-em-turmas-de-5\u00ba-ano-do-Ensino-Fundamental-1.pdf\">4 &#8211; O uso do material concreto no ensino da Matem\u00e1tica em turmas de 5\u00ba ano do Ensino Fundamental<\/a><\/p>\n<p><a href=\"https:\/\/videira.ifc.edu.br\/fice\/wp-content\/uploads\/sites\/27\/2017\/09\/5-Grupo-de-Dan\u00e7as-Birivas-1.pdf\">5 &#8211; Grupo de Dan\u00e7as Birivas<\/a><\/p>\n<p><a href=\"https:\/\/videira.ifc.edu.br\/fice\/wp-content\/uploads\/sites\/27\/2017\/09\/6-Mulheres-Mil-1.pdf\">6 &#8211; Mulheres Mil<\/a><\/p>\n<p><a href=\"https:\/\/videira.ifc.edu.br\/fice\/wp-content\/uploads\/sites\/27\/2017\/09\/7-Horta-terap\u00eautica.pdf\">7 &#8211; Horta terap\u00eautica<\/a><\/p>\n<p><a href=\"https:\/\/videira.ifc.edu.br\/fice\/wp-content\/uploads\/sites\/27\/2017\/09\/8-Caf\u00e9-com-seguran\u00e7a.pdf\">8 &#8211; Caf\u00e9 com seguran\u00e7a<\/a><\/p>\n<p><a href=\"https:\/\/videira.ifc.edu.br\/fice\/wp-content\/uploads\/sites\/27\/2017\/09\/9-Jornal-da-Seguran\u00e7a.pdf\">9 &#8211; Jornal da Seguran\u00e7a<\/a><\/p>\n<p><a href=\"https:\/\/videira.ifc.edu.br\/fice\/wp-content\/uploads\/sites\/27\/2017\/09\/10-Techrecicla-1.pdf\">10 &#8211; Techrecicla<\/a><\/p>\n<p><a href=\"https:\/\/videira.ifc.edu.br\/fice\/wp-content\/uploads\/sites\/27\/2017\/09\/11-Inform\u00e1tica-B\u00e1sica-para-jovens-1.pdf\">11 &#8211; Inform\u00e1tica B\u00e1sica para jovens<\/a><\/p>\n<p>&nbsp;<\/p>\n<p><strong>PROJETOS PESQUISA EM ANDAMENTO<\/strong><\/p>\n<p><a href=\"https:\/\/videira.ifc.edu.br\/fice\/wp-content\/uploads\/sites\/27\/2017\/09\/1-Inform\u00e1tica-na-escola.pdf\">1 &#8211; Inform\u00e1tica na escola<\/a><\/p>\n<p><a href=\"https:\/\/videira.ifc.edu.br\/fice\/wp-content\/uploads\/sites\/27\/2017\/09\/2-Levantamento-do-mapeamento.pdf\">2 &#8211; Levantamento do mapeamento<\/a><\/p>\n<p><a href=\"https:\/\/videira.ifc.edu.br\/fice\/wp-content\/uploads\/sites\/27\/2017\/09\/3-Apliaca\u00e7\u00e3o-JAVA-utilizando-MONGODB.pdf\">3 &#8211; Apliaca\u00e7\u00e3o JAVA utilizando MONGODB<\/a><\/p>\n<p><a href=\"https:\/\/videira.ifc.edu.br\/fice\/wp-content\/uploads\/sites\/27\/2017\/09\/4-Compara\u00e7\u00e3o-de-c\u00e1lculos.pdf\">4 &#8211; Compara\u00e7\u00e3o de c\u00e1lculos<\/a><\/p>\n<p><a href=\"https:\/\/videira.ifc.edu.br\/fice\/wp-content\/uploads\/sites\/27\/2017\/09\/5-A-trajet\u00f3ria-de-Sarah-Baartman.pdf\">5 &#8211; A trajet\u00f3ria de Sarah Baartman<\/a><\/p>\n<p><a href=\"https:\/\/videira.ifc.edu.br\/fice\/wp-content\/uploads\/sites\/27\/2017\/09\/6-Sistema-autonomo-de-consu\u00e7\u00e3o-interna.pdf\">6 &#8211; Sistema autonomo de consu\u00e7\u00e3o interna<\/a><\/p>\n<p><a href=\"https:\/\/videira.ifc.edu.br\/fice\/wp-content\/uploads\/sites\/27\/2017\/09\/7-Benza-c\u00e1-e-se-cure-acol\u00e1.pdf\">7 &#8211; Benza c\u00e1 e se cure acol\u00e1<\/a><\/p>\n<p><a href=\"https:\/\/videira.ifc.edu.br\/fice\/wp-content\/uploads\/sites\/27\/2017\/09\/8-Reflex\u00f5es-de-algumas-pesquisas.pdf\">8 &#8211; Reflex\u00f5es de algumas pesquisas<\/a><\/p>\n<p>&nbsp;<\/p>\n","protected":false},"excerpt":{"rendered":"<p>PROJETOS EXTENS\u00c3O CONCLU\u00cdDO 1 &#8211; Educa\u00e7\u00e3o em Sa\u00fade nas escolas p\u00fablicas 2 &#8211; Pensando a Extens\u00e3o com Saberes Diferentes 3 &#8211; Inclus\u00e3o Digital de idosos 4 &#8211; IFilosofia 5 &#8211; Desenvolvimento e uso de ferramenta para f\u00f3rum de intera\u00e7\u00e3o 6 &hellip; <a href=\"https:\/\/videira.ifc.edu.br\/fice\/edicoes-anteriores\/2017-6a-edicao\/anais-do-evento\/\">Continuar lendo <span class=\"meta-nav\">&rarr;<\/span><\/a><\/p>\n","protected":false},"author":26,"featured_media":0,"parent":890,"menu_order":0,"comment_status":"closed","ping_status":"closed","template":"","meta":{"footnotes":""},"class_list":["post-825","page","type-page","status-publish","hentry"],"_links":{"self":[{"href":"https:\/\/videira.ifc.edu.br\/fice\/wp-json\/wp\/v2\/pages\/825","targetHints":{"allow":["GET"]}}],"collection":[{"href":"https:\/\/videira.ifc.edu.br\/fice\/wp-json\/wp\/v2\/pages"}],"about":[{"href":"https:\/\/videira.ifc.edu.br\/fice\/wp-json\/wp\/v2\/types\/page"}],"author":[{"embeddable":true,"href":"https:\/\/videira.ifc.edu.br\/fice\/wp-json\/wp\/v2\/users\/26"}],"replies":[{"embeddable":true,"href":"https:\/\/videira.ifc.edu.br\/fice\/wp-json\/wp\/v2\/comments?post=825"}],"version-history":[{"count":1,"href":"https:\/\/videira.ifc.edu.br\/fice\/wp-json\/wp\/v2\/pages\/825\/revisions"}],"predecessor-version":[{"id":888,"href":"https:\/\/videira.ifc.edu.br\/fice\/wp-json\/wp\/v2\/pages\/825\/revisions\/888"}],"up":[{"embeddable":true,"href":"https:\/\/videira.ifc.edu.br\/fice\/wp-json\/wp\/v2\/pages\/890"}],"wp:attachment":[{"href":"https:\/\/videira.ifc.edu.br\/fice\/wp-json\/wp\/v2\/media?parent=825"}],"curies":[{"name":"wp","href":"https:\/\/api.w.org\/{rel}","templated":true}]}}