{"id":901,"date":"2018-05-25T09:25:23","date_gmt":"2018-05-25T12:25:23","guid":{"rendered":"http:\/\/videira.ifc.edu.br\/fice\/?page_id=901"},"modified":"2019-06-05T14:27:21","modified_gmt":"2019-06-05T17:27:21","slug":"regulamento","status":"publish","type":"page","link":"https:\/\/videira.ifc.edu.br\/fice\/edicoes-anteriores\/2018-7a-edicao\/regulamento\/","title":{"rendered":"Regulamento"},"content":{"rendered":"<header class=\"entry-header\">\n<h1 class=\"entry-title\"><\/h1>\n<\/header>\n<div class=\"entry-content\">\n<p>Acesse abaixo o Regulamento da 7\u00aa FICE:<\/p>\n<\/div>\n<p><a href=\"https:\/\/videira.ifc.edu.br\/fice\/wp-content\/uploads\/sites\/27\/2018\/05\/Regulamento-VII-FICE.pdf\">Regulamento VII FICE<\/a><\/p>\n<div class=\"entry-content\">\n<p>&nbsp;<\/p>\n<p>Crit\u00e9rios para avalia\u00e7\u00e3o dos trabalhos:<\/p>\n<p><a href=\"https:\/\/videira.ifc.edu.br\/fice\/wp-content\/uploads\/sites\/27\/2018\/05\/Ficha-de-avalia\u00e7\u00e3o-Projetos-EXTENS\u00c3O-7\u00aa-FICE.pdf\">Ficha de avalia\u00e7\u00e3o Projetos EXTENS\u00c3O &#8211; 7\u00aa FICE<\/a><\/p>\n<p><a href=\"https:\/\/videira.ifc.edu.br\/fice\/wp-content\/uploads\/sites\/27\/2018\/05\/Ficha-de-avalia\u00e7\u00e3o-Projetos-PESQUISA-7\u00aa-FICE.pdf\">Ficha de avalia\u00e7\u00e3o Projetos PESQUISA &#8211; 7\u00aa FICE<\/a><\/p>\n<p>&nbsp;<\/p>\n<\/div>\n","protected":false},"excerpt":{"rendered":"<p>Acesse abaixo o Regulamento da 7\u00aa FICE: Regulamento VII FICE &nbsp; Crit\u00e9rios para avalia\u00e7\u00e3o dos trabalhos: Ficha de avalia\u00e7\u00e3o Projetos EXTENS\u00c3O &#8211; 7\u00aa FICE Ficha de avalia\u00e7\u00e3o Projetos PESQUISA &#8211; 7\u00aa FICE &nbsp;<\/p>\n","protected":false},"author":26,"featured_media":0,"parent":987,"menu_order":0,"comment_status":"closed","ping_status":"closed","template":"","meta":{"footnotes":""},"class_list":["post-901","page","type-page","status-publish","hentry"],"_links":{"self":[{"href":"https:\/\/videira.ifc.edu.br\/fice\/wp-json\/wp\/v2\/pages\/901","targetHints":{"allow":["GET"]}}],"collection":[{"href":"https:\/\/videira.ifc.edu.br\/fice\/wp-json\/wp\/v2\/pages"}],"about":[{"href":"https:\/\/videira.ifc.edu.br\/fice\/wp-json\/wp\/v2\/types\/page"}],"author":[{"embeddable":true,"href":"https:\/\/videira.ifc.edu.br\/fice\/wp-json\/wp\/v2\/users\/26"}],"replies":[{"embeddable":true,"href":"https:\/\/videira.ifc.edu.br\/fice\/wp-json\/wp\/v2\/comments?post=901"}],"version-history":[{"count":1,"href":"https:\/\/videira.ifc.edu.br\/fice\/wp-json\/wp\/v2\/pages\/901\/revisions"}],"predecessor-version":[{"id":905,"href":"https:\/\/videira.ifc.edu.br\/fice\/wp-json\/wp\/v2\/pages\/901\/revisions\/905"}],"up":[{"embeddable":true,"href":"https:\/\/videira.ifc.edu.br\/fice\/wp-json\/wp\/v2\/pages\/987"}],"wp:attachment":[{"href":"https:\/\/videira.ifc.edu.br\/fice\/wp-json\/wp\/v2\/media?parent=901"}],"curies":[{"name":"wp","href":"https:\/\/api.w.org\/{rel}","templated":true}]}}