{"id":924,"date":"2018-09-10T19:43:27","date_gmt":"2018-09-10T22:43:27","guid":{"rendered":"http:\/\/videira.ifc.edu.br\/fice\/?page_id=924"},"modified":"2019-06-05T14:26:38","modified_gmt":"2019-06-05T17:26:38","slug":"anais-do-evento","status":"publish","type":"page","link":"https:\/\/videira.ifc.edu.br\/fice\/edicoes-anteriores\/2018-7a-edicao\/anais-do-evento\/","title":{"rendered":"Anais do Evento (ISSN &#8211; 2317-9716)"},"content":{"rendered":"<p><strong>PROJETOS EXTENS\u00c3O CONCLU\u00cdDO<\/strong><\/p>\n<p><a href=\"https:\/\/videira.ifc.edu.br\/fice\/wp-content\/uploads\/sites\/27\/2018\/09\/1-CONSTRUINDO-A-AUTONOMIA.pdf\">1 &#8211; CONSTRUINDO A AUTONOMIA<\/a><\/p>\n<p><a href=\"https:\/\/videira.ifc.edu.br\/fice\/wp-content\/uploads\/sites\/27\/2018\/09\/2-ATIVIDADES-CULTURAIS-NO-IFC-VIDEIRA-CANTO-ITALIANO.pdf\">2 &#8211; ATIVIDADES CULTURAIS NO IFC VIDEIRA &#8211; CANTO ITALIANO<\/a><\/p>\n<p><a href=\"https:\/\/videira.ifc.edu.br\/fice\/wp-content\/uploads\/sites\/27\/2018\/09\/3-ATIVIDADES-CULTURAIS-NO-IFC-DAN\u00c7A-E-CANTO-ITALIANO-INFANTIL.pdf\">3 &#8211; ATIVIDADES CULTURAIS NO IFC &#8211; DAN\u00c7A E CANTO ITALIANO INFANTIL<\/a><\/p>\n<p><a href=\"https:\/\/videira.ifc.edu.br\/fice\/wp-content\/uploads\/sites\/27\/2018\/09\/4-IFC-INCENTIVANDO-AS-ESCOLAS-A-PARTICIPAR-DA-OBI.pdf\">4 &#8211; IFC INCENTIVANDO AS ESCOLAS A PARTICIPAR DA OBI<\/a><\/p>\n<p><a href=\"https:\/\/videira.ifc.edu.br\/fice\/wp-content\/uploads\/sites\/27\/2018\/09\/5-O-USO-DO-MATERIAL-CONCRETO.pdf\">5 &#8211; O USO DO MATERIAL CONCRETO<\/a><\/p>\n<p><a href=\"https:\/\/videira.ifc.edu.br\/fice\/wp-content\/uploads\/sites\/27\/2018\/09\/6-ELABORA\u00c7\u00c3O-DE-ENFARDADEIRA-MANUAL.pdf\">6 &#8211; ELABORA\u00c7\u00c3O DE ENFARDADEIRA MANUAL<\/a><\/p>\n<p><a href=\"https:\/\/videira.ifc.edu.br\/fice\/wp-content\/uploads\/sites\/27\/2018\/09\/7-APOIO-AO-SETOR-DE-EST\u00c1GIOS.pdf\">7 &#8211; APOIO AO SETOR DE EST\u00c1GIOS<\/a><\/p>\n<p><a href=\"https:\/\/videira.ifc.edu.br\/fice\/wp-content\/uploads\/sites\/27\/2018\/09\/8-IFILSOSOFIA-MICHEL-FOCAULT.pdf\">8 &#8211; IFILSOSOFIA MICHEL FOCAULT<\/a><\/p>\n<p><a href=\"https:\/\/videira.ifc.edu.br\/fice\/wp-content\/uploads\/sites\/27\/2018\/09\/9-FORMA\u00c7\u00c3O-CONTINUADA-EM-SERVI\u00c7O.pdf\">9 &#8211; FORMA\u00c7\u00c3O CONTINUADA EM SERVI\u00c7O<\/a><\/p>\n<p><a href=\"https:\/\/videira.ifc.edu.br\/fice\/wp-content\/uploads\/sites\/27\/2018\/09\/10-INFORM\u00c1TICA-B\u00c1SICA-PARA-JOVENS.pdf\">10 &#8211; INFORM\u00c1TICA B\u00c1SICA PARA JOVENS<\/a><\/p>\n<p><a href=\"https:\/\/videira.ifc.edu.br\/fice\/wp-content\/uploads\/sites\/27\/2018\/09\/11-CTG-HERDEIROS-DO-PAGO.pdf\">11 &#8211; CTG HERDEIROS DO PAGO<\/a><\/p>\n<p><a href=\"https:\/\/videira.ifc.edu.br\/fice\/wp-content\/uploads\/sites\/27\/2018\/09\/12-ARTESANATO-EM-E.V.A.pdf\">12 &#8211; ARTESANATO EM E.V.A<\/a><\/p>\n<p><a href=\"https:\/\/videira.ifc.edu.br\/fice\/wp-content\/uploads\/sites\/27\/2018\/09\/13-INTERVALO-CULTURAL.pdf\">13 &#8211; INTERVALO CULTURAL<\/a><\/p>\n<p>&nbsp;<\/p>\n<p><strong>PROJETOS PESQUISA CONCLU\u00cdDO<\/strong><\/p>\n<p><a href=\"https:\/\/videira.ifc.edu.br\/fice\/wp-content\/uploads\/sites\/27\/2018\/09\/1-USO-DE-M\u00d3DULO-HIDR\u00c1ULICO.pdf\">1 &#8211; USO DE M\u00d3DULO HIDR\u00c1ULICO<\/a><\/p>\n<p><a href=\"https:\/\/videira.ifc.edu.br\/fice\/wp-content\/uploads\/sites\/27\/2018\/09\/2-APLICA\u00c7\u00c3O-E-DESENVOLVIMEN-DE-REDES-DE-SENSORES.pdf\">2 &#8211; APLICA\u00c7\u00c3O E DESENVOLVIMEN DE REDES DE SENSORES<\/a><\/p>\n<p><a href=\"https:\/\/videira.ifc.edu.br\/fice\/wp-content\/uploads\/sites\/27\/2018\/09\/3-IMPLANTA\u00c7\u00c3O-DE-UMA-\u00c1REA-AGROSTOL\u00d3GICA.pdf\">3 &#8211; IMPLANTA\u00c7\u00c3O DE UMA \u00c1REA AGROSTOL\u00d3GICA<\/a><\/p>\n<p><a href=\"https:\/\/videira.ifc.edu.br\/fice\/wp-content\/uploads\/sites\/27\/2018\/09\/4-LEVANTAMENTO-E-MAPEAMENTO.pdf\">4 &#8211; LEVANTAMENTO E MAPEAMENTO<\/a><\/p>\n<p><a href=\"https:\/\/videira.ifc.edu.br\/fice\/wp-content\/uploads\/sites\/27\/2018\/09\/5-INFORM\u00c1TICA-NA-ESCOLA.pdf\">5 &#8211; INFORM\u00c1TICA NA ESCOLA<\/a><\/p>\n<p><a href=\"https:\/\/videira.ifc.edu.br\/fice\/wp-content\/uploads\/sites\/27\/2018\/09\/6-ENTRE-RISOS-E-CR\u00cdTICAS.pdf\">6 &#8211; ENTRE RISOS E CR\u00cdTICAS<\/a><\/p>\n<p><a href=\"https:\/\/videira.ifc.edu.br\/fice\/wp-content\/uploads\/sites\/27\/2018\/09\/7-A-TRAJET\u00d3RIA-DE-SARAH-BAARTMANN.pdf\">7 &#8211; A TRAJET\u00d3RIA DE SARAH BAARTMANN<\/a><\/p>\n<p><a href=\"https:\/\/videira.ifc.edu.br\/fice\/wp-content\/uploads\/sites\/27\/2018\/09\/8-ENSILAGEM-DO-BAGA\u00c7O-DE-MA\u00c7A.pdf\">8 &#8211; ENSILAGEM DO BAGA\u00c7O DE MA\u00c7A<\/a><\/p>\n<p><a href=\"https:\/\/videira.ifc.edu.br\/fice\/wp-content\/uploads\/sites\/27\/2018\/09\/9-ESTUDO-DAS-PROVAS-DE-REDE.pdf\">9 &#8211; ESTUDO DAS PROVAS DE REDE<\/a><\/p>\n<p><a href=\"https:\/\/videira.ifc.edu.br\/fice\/wp-content\/uploads\/sites\/27\/2018\/09\/10-SUPERANDO-A-VIOL\u00caNCIA-DE-G\u00caNERO.pdf\">10 &#8211; SUPERANDO A VIOL\u00caNCIA DE G\u00caNERO<\/a><\/p>\n<p><a href=\"https:\/\/videira.ifc.edu.br\/fice\/wp-content\/uploads\/sites\/27\/2018\/09\/11-O-EST\u00c1GIO-SUPERVISIONADO.pdf\">11 &#8211; O EST\u00c1GIO SUPERVISIONADO<\/a><\/p>\n<p><a href=\"https:\/\/videira.ifc.edu.br\/fice\/wp-content\/uploads\/sites\/27\/2018\/09\/12-ESTUDOS-DESCOLONIAIS-EPIS.pdf\">12 &#8211; ESTUDOS DESCOLONIAIS EPIS<\/a><\/p>\n<p><a href=\"https:\/\/videira.ifc.edu.br\/fice\/wp-content\/uploads\/sites\/27\/2018\/09\/13-SISTEMA-AUT\u00d4NOMO-DE-CONDU\u00c7\u00c3O-INTERNA-1.pdf\">13 &#8211; SISTEMA AUT\u00d4NOMO DE CONDU\u00c7\u00c3O INTERNA<\/a><\/p>\n<p><a href=\"https:\/\/videira.ifc.edu.br\/fice\/wp-content\/uploads\/sites\/27\/2018\/09\/14-PARRES\u00cdA-EDUCA\u00c7\u00c3O-E-DEMOCRACIA-1.pdf\">14 &#8211; PARRES\u00cdA, EDUCA\u00c7\u00c3O E DEMOCRACIA<\/a><\/p>\n<p><a href=\"https:\/\/videira.ifc.edu.br\/fice\/wp-content\/uploads\/sites\/27\/2018\/09\/15-REFLEX\u00d5ES-DE-ALGUMAS-PESQUISAS-1.pdf\">15 &#8211; REFLEX\u00d5ES DE ALGUMAS PESQUISAS<\/a><\/p>\n<p><a href=\"https:\/\/videira.ifc.edu.br\/fice\/wp-content\/uploads\/sites\/27\/2018\/09\/16-BOLSA-DE-AUXILIO-A-ESTUDANTES-1.pdf\">16 &#8211; BOLSA DE AUXILIO A ESTUDANTES<\/a><\/p>\n<p><a href=\"https:\/\/videira.ifc.edu.br\/fice\/wp-content\/uploads\/sites\/27\/2018\/09\/17-LEVANTAMENTO-HIST\u00d3RICO-E-ATUA\u00c7\u00c3O-DA-BANDA-SINF\u00d4NICA-1.pdf\">17 &#8211; LEVANTAMENTO HIST\u00d3RICO E ATUA\u00c7\u00c3O DA BANDA SINF\u00d4NICA<\/a><\/p>\n<p><a href=\"https:\/\/videira.ifc.edu.br\/fice\/wp-content\/uploads\/sites\/27\/2018\/09\/18-MEDIDOR-DE-ENERGIA-RESIDENCIAL-1.pdf\">18 &#8211; MEDIDOR DE ENERGIA RESIDENCIAL<\/a><\/p>\n<p><a href=\"https:\/\/videira.ifc.edu.br\/fice\/wp-content\/uploads\/sites\/27\/2018\/09\/19-RESGATE-VEGETATIVO-POR-SEMIANELAMENTO-1.pdf\">19 &#8211; RESGATE VEGETATIVO POR SEMIANELAMENTO<\/a><\/p>\n<p><a href=\"https:\/\/videira.ifc.edu.br\/fice\/wp-content\/uploads\/sites\/27\/2018\/09\/20-ENSINO-PROFISSIONAL-INTEGRADO-AO-ENSINO-M\u00c9DIO-1.pdf\">20 &#8211; ENSINO PROFISSIONAL INTEGRADO AO ENSINO M\u00c9DIO<\/a><\/p>\n<p><a href=\"https:\/\/videira.ifc.edu.br\/fice\/wp-content\/uploads\/sites\/27\/2018\/09\/21-A-EXPERI\u00caNCIA-DE-INF\u00c2NCIA-EM-INSTUI\u00c7\u00d5ES-DE-EDUCA\u00c7\u00c3O-INFANTIL-1.pdf\">21 &#8211; A EXPERI\u00caNCIA DE INF\u00c2NCIA EM INSTUI\u00c7\u00d5ES DE EDUCA\u00c7\u00c3O INFANTIL<\/a><\/p>\n<p>&nbsp;<\/p>\n<p><strong>PROJETOS EXTENS\u00c3O EM ANDAMENTO<\/strong><\/p>\n<p><a href=\"https:\/\/videira.ifc.edu.br\/fice\/wp-content\/uploads\/sites\/27\/2018\/09\/1-ARRANJOS-PRODUTIVOS-LOCAIS.pdf\">1 &#8211; ARRANJOS PRODUTIVOS LOCAIS<\/a><\/p>\n<p><a href=\"https:\/\/videira.ifc.edu.br\/fice\/wp-content\/uploads\/sites\/27\/2018\/09\/2-IFC-INCENTIVANDO-AS-ESCOLAS-A-PARTICIPAR-DA-OBI-2018.pdf\">2 &#8211; IFC INCENTIVANDO AS ESCOLAS A PARTICIPAR DA OBI 2018<\/a><\/p>\n<p><a href=\"https:\/\/videira.ifc.edu.br\/fice\/wp-content\/uploads\/sites\/27\/2018\/09\/3-ENSINO-DE-L\u00d3GICA-DE-PROGRAMA\u00c7\u00c3O.pdf\">3 &#8211; ENSINO DE L\u00d3GICA DE PROGRAMA\u00c7\u00c3O<\/a><\/p>\n<p><a href=\"https:\/\/videira.ifc.edu.br\/fice\/wp-content\/uploads\/sites\/27\/2018\/09\/4-CAF\u00c9-COM-SEGURAN\u00c7A.pdf\">4 &#8211; CAF\u00c9 COM SEGURAN\u00c7A<\/a><\/p>\n<p><a href=\"https:\/\/videira.ifc.edu.br\/fice\/wp-content\/uploads\/sites\/27\/2018\/09\/5-N\u00daCLEO-DE-ESTUDOS-DO-CONTESTADO.pdf\">5 &#8211; N\u00daCLEO DE ESTUDOS DO CONTESTADO<\/a><\/p>\n<p><a href=\"https:\/\/videira.ifc.edu.br\/fice\/wp-content\/uploads\/sites\/27\/2018\/09\/6-IFILSOSOFIA-A-DEMOCRACIA.pdf\">6 &#8211; IFILSOSOFIA A DEMOCRACIA<\/a><\/p>\n<p><a href=\"https:\/\/videira.ifc.edu.br\/fice\/wp-content\/uploads\/sites\/27\/2018\/09\/7-CONCESS\u00c3O-DE-BOLSA-PARA-AUXILIAR-NA-COORDENA\u00c7\u00c3O-DE-EXTENS\u00c3O.pdf\">7 &#8211; CONCESS\u00c3O DE BOLSA PARA AUXILIAR NA COORDENA\u00c7\u00c3O DE EXTENS\u00c3O<\/a><\/p>\n<p>&nbsp;<\/p>\n<p><strong>PROJETOS PESQUISA EM ANDAMENTO<\/strong><\/p>\n<p><a href=\"https:\/\/videira.ifc.edu.br\/fice\/wp-content\/uploads\/sites\/27\/2018\/09\/1-TECNOLOGIAS-DE-CONVERSORES-EST\u00c1TICOS.pdf\">1 &#8211; TECNOLOGIAS DE CONVERSORES EST\u00c1TICOS<\/a><\/p>\n<p><a href=\"https:\/\/videira.ifc.edu.br\/fice\/wp-content\/uploads\/sites\/27\/2018\/09\/2-PROJETO-E-IMPLEMENTA\u00c7\u00c3O-DE-CONVERSORES-CC-CC_.pdf\">2 &#8211; PROJETO E IMPLEMENTA\u00c7\u00c3O DE CONVERSORES CC-CC_<\/a><\/p>\n<p><a href=\"https:\/\/videira.ifc.edu.br\/fice\/wp-content\/uploads\/sites\/27\/2018\/09\/3-FERRAMENTA-WEB-PARA-AVALIAR-OS-COMPETIDORES-OBI.pdf\">3 &#8211; FERRAMENTA WEB PARA AVALIAR OS COMPETIDORES OBI<\/a><\/p>\n<p><a href=\"https:\/\/videira.ifc.edu.br\/fice\/wp-content\/uploads\/sites\/27\/2018\/09\/4-BENZA-C\u00c1-E-SE-CURE-ACOL\u00c1.pdf\">4 &#8211; BENZA C\u00c1 E SE CURE ACOL\u00c1<\/a><\/p>\n<p><a href=\"https:\/\/videira.ifc.edu.br\/fice\/wp-content\/uploads\/sites\/27\/2018\/09\/5-FERRAMENTA-WEB-PARA-AVALIAR-OS-COMPETIDORES-OBI.pdf\">5 &#8211; FERRAMENTA WEB PARA AVALIAR OS COMPETIDORES OBI<\/a><\/p>\n<p><a href=\"https:\/\/videira.ifc.edu.br\/fice\/wp-content\/uploads\/sites\/27\/2018\/09\/7-COORDENA\u00c7\u00c3O-DE-PESQUISA-P\u00d3S-GRADUA\u00c7\u00c3O-E-INOVA\u00c7\u00c3O.pdf\">7 &#8211; COORDENA\u00c7\u00c3O DE PESQUISA, P\u00d3S-GRADUA\u00c7\u00c3O E INOVA\u00c7\u00c3O<\/a><\/p>\n","protected":false},"excerpt":{"rendered":"<p>PROJETOS EXTENS\u00c3O CONCLU\u00cdDO 1 &#8211; CONSTRUINDO A AUTONOMIA 2 &#8211; ATIVIDADES CULTURAIS NO IFC VIDEIRA &#8211; CANTO ITALIANO 3 &#8211; ATIVIDADES CULTURAIS NO IFC &#8211; DAN\u00c7A E CANTO ITALIANO INFANTIL 4 &#8211; IFC INCENTIVANDO AS ESCOLAS A PARTICIPAR DA OBI &hellip; <a href=\"https:\/\/videira.ifc.edu.br\/fice\/edicoes-anteriores\/2018-7a-edicao\/anais-do-evento\/\">Continuar lendo <span class=\"meta-nav\">&rarr;<\/span><\/a><\/p>\n","protected":false},"author":26,"featured_media":0,"parent":987,"menu_order":0,"comment_status":"closed","ping_status":"closed","template":"","meta":{"footnotes":""},"class_list":["post-924","page","type-page","status-publish","hentry"],"_links":{"self":[{"href":"https:\/\/videira.ifc.edu.br\/fice\/wp-json\/wp\/v2\/pages\/924","targetHints":{"allow":["GET"]}}],"collection":[{"href":"https:\/\/videira.ifc.edu.br\/fice\/wp-json\/wp\/v2\/pages"}],"about":[{"href":"https:\/\/videira.ifc.edu.br\/fice\/wp-json\/wp\/v2\/types\/page"}],"author":[{"embeddable":true,"href":"https:\/\/videira.ifc.edu.br\/fice\/wp-json\/wp\/v2\/users\/26"}],"replies":[{"embeddable":true,"href":"https:\/\/videira.ifc.edu.br\/fice\/wp-json\/wp\/v2\/comments?post=924"}],"version-history":[{"count":2,"href":"https:\/\/videira.ifc.edu.br\/fice\/wp-json\/wp\/v2\/pages\/924\/revisions"}],"predecessor-version":[{"id":983,"href":"https:\/\/videira.ifc.edu.br\/fice\/wp-json\/wp\/v2\/pages\/924\/revisions\/983"}],"up":[{"embeddable":true,"href":"https:\/\/videira.ifc.edu.br\/fice\/wp-json\/wp\/v2\/pages\/987"}],"wp:attachment":[{"href":"https:\/\/videira.ifc.edu.br\/fice\/wp-json\/wp\/v2\/media?parent=924"}],"curies":[{"name":"wp","href":"https:\/\/api.w.org\/{rel}","templated":true}]}}