{"id":996,"date":"2019-06-05T15:10:45","date_gmt":"2019-06-05T18:10:45","guid":{"rendered":"http:\/\/videira.ifc.edu.br\/fice\/?page_id=996"},"modified":"2020-08-20T14:19:33","modified_gmt":"2020-08-20T17:19:33","slug":"cronograma","status":"publish","type":"page","link":"https:\/\/videira.ifc.edu.br\/fice\/edicoes-anteriores\/2019-8a-edicao\/cronograma\/","title":{"rendered":"Cronograma"},"content":{"rendered":"\n<p>a) Per\u00edodo de Submiss\u00e3o dos trabalhos (inscri\u00e7\u00e3o pela internet): de 11 de Junho a 31 de Julho;<br> b) Divulga\u00e7\u00e3o dos resumos selecionados: at\u00e9 02 de Agosto;<br> c) Entrega final dos trabalhos (resumo ou artigo completo e banner para<br> Coordena\u00e7\u00e3o de Pesquisa e\/ou Extens\u00e3o): at\u00e9 16 de Agosto;<br> d) Montagem dos estandes no local do evento: 04\/09, das 8h \u00e0s 11h e das<br> 13h30min \u00e0s 17h;<br> e) Exposi\u00e7\u00e3o ao p\u00fablico:<\/p>\n\n\n\n<ul class=\"wp-block-list\"><li>05\/09 (quinta-feira): das 13h30 \u00e0s 17h30 e das 18h30 \u00e0s 22h.<\/li><li>06\/09 (sexta-feira): das 8h \u00e0s 11h45.<\/li><\/ul>\n\n\n\n<p>f) Encerramento e premia\u00e7\u00e3o: 06\/09, \u00e0s 13h30, no Audit\u00f3rio.<br>\ng) Desmontagem dos estandes: 06\/09, ap\u00f3s o encerramento.<\/p>\n\n\n\n<p><\/p>\n","protected":false},"excerpt":{"rendered":"<p>a) Per\u00edodo de Submiss\u00e3o dos trabalhos (inscri\u00e7\u00e3o pela internet): de 11 de Junho a 31 de Julho; b) Divulga\u00e7\u00e3o dos resumos selecionados: at\u00e9 02 de Agosto; c) Entrega final dos trabalhos (resumo ou artigo completo e banner para Coordena\u00e7\u00e3o de &hellip; <a href=\"https:\/\/videira.ifc.edu.br\/fice\/edicoes-anteriores\/2019-8a-edicao\/cronograma\/\">Continuar lendo <span class=\"meta-nav\">&rarr;<\/span><\/a><\/p>\n","protected":false},"author":26,"featured_media":0,"parent":1089,"menu_order":0,"comment_status":"closed","ping_status":"closed","template":"","meta":{"footnotes":""},"class_list":["post-996","page","type-page","status-publish","hentry"],"_links":{"self":[{"href":"https:\/\/videira.ifc.edu.br\/fice\/wp-json\/wp\/v2\/pages\/996","targetHints":{"allow":["GET"]}}],"collection":[{"href":"https:\/\/videira.ifc.edu.br\/fice\/wp-json\/wp\/v2\/pages"}],"about":[{"href":"https:\/\/videira.ifc.edu.br\/fice\/wp-json\/wp\/v2\/types\/page"}],"author":[{"embeddable":true,"href":"https:\/\/videira.ifc.edu.br\/fice\/wp-json\/wp\/v2\/users\/26"}],"replies":[{"embeddable":true,"href":"https:\/\/videira.ifc.edu.br\/fice\/wp-json\/wp\/v2\/comments?post=996"}],"version-history":[{"count":1,"href":"https:\/\/videira.ifc.edu.br\/fice\/wp-json\/wp\/v2\/pages\/996\/revisions"}],"predecessor-version":[{"id":997,"href":"https:\/\/videira.ifc.edu.br\/fice\/wp-json\/wp\/v2\/pages\/996\/revisions\/997"}],"up":[{"embeddable":true,"href":"https:\/\/videira.ifc.edu.br\/fice\/wp-json\/wp\/v2\/pages\/1089"}],"wp:attachment":[{"href":"https:\/\/videira.ifc.edu.br\/fice\/wp-json\/wp\/v2\/media?parent=996"}],"curies":[{"name":"wp","href":"https:\/\/api.w.org\/{rel}","templated":true}]}}