{"id":40,"date":"2013-11-20T18:36:04","date_gmt":"2013-11-20T18:36:04","guid":{"rendered":"http:\/\/eventos.videira.ifc.edu.br\/sast\/?page_id=40"},"modified":"2016-11-29T13:27:23","modified_gmt":"2016-11-29T16:27:23","slug":"programacao","status":"publish","type":"page","link":"https:\/\/videira.ifc.edu.br\/sast\/programacao\/","title":{"rendered":"Programa\u00e7\u00e3o 2\u00aa SEMANA ACAD\u00caMICA DE SEGURAN\u00c7A NO TRABALHO &#8211; SAST 2016"},"content":{"rendered":"<table width=\"823\" cellspacing=\"0\" cellpadding=\"7\">\n<tbody>\n<tr valign=\"TOP\">\n<td bgcolor=\"#ffffff\" width=\"125\">\n<p align=\"CENTER\"><span style=\"color: #000000\"><strong>QUARTA-FEIRA<br \/>\n<\/strong><strong>30\/11\/2016<\/strong><\/span><\/p>\n<\/td>\n<td bgcolor=\"#ffffff\" width=\"469\">\n<p align=\"CENTER\"><span style=\"color: #000000\"><strong>ABERTURA DO EVENTO<\/strong><\/span><\/p>\n<\/td>\n<\/tr>\n<tr valign=\"TOP\">\n<td bgcolor=\"#ffffff\" width=\"125\"><span style=\"color: #000000\">\u00a0<\/span><\/td>\n<td bgcolor=\"#ffffff\" width=\"469\"><strong>19:30 &#8211; Apresenta\u00e7\u00e3o cultural<\/strong><\/p>\n<p><strong>Performance: PROTE\u00c7\u00c3O!\u00a0<\/strong><\/p>\n<p>SINOPSE: A prote\u00e7\u00e3o mora nas margens da arte. O artista, em geral, n\u00e3o cria em ambiente confort\u00e1vel, que n\u00e3o o leve aos limites de sua express\u00e3o. \u00c9 atrav\u00e9s da arte que expressamos o grito n\u00e3o dado, a esperan\u00e7a contida e o amor que se deseja alcan\u00e7ar. Mas tamb\u00e9m \u00e9 pela arte que nos ligamos ao que somos e \u00e0quilo que amamos de verdade. Ironicamente, com a arte estamos seguros e nosso amor estar\u00e1 a salvo.<\/p>\n<p>Dire\u00e7\u00e3o: Kleber Ribeiro<\/p>\n<p>Coreografia: Whatana Girotto<\/p>\n<p>Composi\u00e7\u00e3o: Rodrigo Pivetta Werlang<\/p>\n<p>Poesia: Angela Zatta<\/p>\n<p>V\u00eddeo: Geovani Domingos<\/p>\n<p>Bailarinos: Diesi Sgarbi, Flavia Gr\u00fctzmacher dos Santos, Jo\u00e3o Henrique da Silva, Kleber Ribeiro, Mar\u00edlia Zonta, Rafael dos Santos Cerqueira, Valquiria Sgarbi Villabruna, Whatana Girotto.<\/p>\n<p>Dura\u00e7\u00e3o: 15 minutos<\/p>\n<p>&nbsp;<\/p>\n<p><span style=\"color: #000000\"><strong><span style=\"font-family: Calibri, serif\"><span style=\"font-family: Arial, serif\">19:45 Abertura Oficial<\/span><\/span><\/strong><\/span><\/p>\n<p><span style=\"color: #000000\"><strong>20:00 Palestra: &#8220;<\/strong><\/span><strong>PESQUISA E DESENVOLVIMENTO TECNOL\u00d3GICO EM METEOROLOGIA APLICADA AO\u00a0TRABALHO, SA\u00daDE E AMBIENTE&#8221;\u00a0<\/strong><\/p>\n<p><strong>Ministrante:<\/strong> Dr. Daniel Pires Bitencourt &#8211; Fundacentro SC<\/p>\n<p>&nbsp;<\/td>\n<\/tr>\n<tr valign=\"TOP\">\n<td bgcolor=\"#ffffff\" width=\"125\">\n<p align=\"CENTER\"><span style=\"color: #000000\"><strong>QUINTA-FEIRA<br \/>\n<\/strong><strong>01\/12\/2016<\/strong><\/span><\/p>\n<\/td>\n<td bgcolor=\"#ffffff\" width=\"469\">\n<p align=\"CENTER\"><span style=\"color: #000000\"><strong>MESA REDONDA<\/strong><\/span><\/p>\n<\/td>\n<\/tr>\n<tr valign=\"TOP\">\n<td bgcolor=\"#ffffff\" width=\"125\"><span style=\"color: #000000\">\u00a0<\/span><\/td>\n<td bgcolor=\"#ffffff\" width=\"469\">\n<p style=\"text-align: left\" align=\"CENTER\"><span style=\"color: #000000\"><strong><span style=\"font-family: Calibri, serif\"><span style=\"font-family: Arial, serif\">19:30<\/span><span style=\"font-family: Arial, serif\"> &#8211;\u00a0Apresenta\u00e7\u00e3o cultural musical<br \/>\n<\/span><\/span><\/strong><span style=\"font-family: Calibri, serif\"><span style=\"font-family: Arial, serif\">Alunos do IFC Videira<\/span><\/span><br \/>\n<\/span><\/p>\n<p style=\"text-align: left\" align=\"CENTER\"><span style=\"color: #000000\"><strong><span style=\"font-family: Calibri, serif\"><span style=\"font-family: Arial, serif\">19:45<\/span><span style=\"font-family: Arial, serif\">\u00a0\u2013 Mesa Redonda com a Tem\u00e1tica: &#8220;TRABALHO RURAL&#8221;<\/span><\/span><\/strong><\/span><\/p>\n<ul>\n<li style=\"text-align: left\"><strong>&#8220;A influ\u00eancia atmosf\u00e9rica na precariza\u00e7\u00e3o do trabalho&#8221;<\/strong> Dr. Daniel Pires Bitencourt \u2013 Pesquisador e Docente \u2013 Fundacentro\/SC;<\/li>\n<li style=\"text-align: left\"><strong>\u201cPercep\u00e7\u00e3o de risco na agricultura\u201d<\/strong> &#8211; Dr. Eduardo Moro \u2013 Docente \u2013 IFC Conc\u00f3rdia;<\/li>\n<li style=\"text-align: left\">Dr. Gilson Ribeiro Nachtigall\u00a0\u2013 Docente \u2013 IFC Videira;<\/li>\n<li style=\"text-align: left\"><strong>\u201cO trabalho da extens\u00e3o rural com mulheres\u00a0agricultoras\u201d<\/strong> &#8211; Esp. Gerusa Rossi \u2013 Extensionista social \u2013 EPAGRI\/SC;<\/li>\n<li style=\"text-align: left\"><strong>\u201cA Modifica\u00e7\u00e3o Artificial do Tempo\u201d <\/strong>&#8211; Esp. Jo\u00e3o Lu\u00eds Walter Rolim &#8211; Diretor e Meteorologista da AGF;<\/li>\n<li style=\"text-align: left\"><strong>&#8220;Aspectos de Seguran\u00e7a e Sa\u00fade no Trabalho Rural&#8221;<\/strong> &#8211; Esp. Fernanda Zanotti \u00a0\u2013 Docente \u2013 IFC Videira.<\/li>\n<\/ul>\n<p>Ap\u00f3s as explana\u00e7\u00f5es ser\u00e1 disponibilizado tempo\u00a0\u00e0 questionamentos.<\/td>\n<\/tr>\n<tr valign=\"TOP\">\n<td bgcolor=\"#ffffff\" width=\"125\">\n<p align=\"CENTER\"><span style=\"color: #000000\"><strong>SEXTA- FEIRA<br \/>\n<\/strong><strong>01\/12\/2016<\/strong><\/span><\/p>\n<\/td>\n<td bgcolor=\"#ffffff\" width=\"469\">\n<p align=\"CENTER\"><span style=\"color: #000000\"><strong>TEATRO E PALESTRA<\/strong><\/span><\/p>\n<\/td>\n<\/tr>\n<tr valign=\"TOP\">\n<td bgcolor=\"#ffffff\" width=\"125\"><span style=\"color: #000000\">\u00a0<\/span><\/td>\n<td bgcolor=\"#ffffff\" width=\"469\">\n<p style=\"text-align: left\" align=\"CENTER\"><span style=\"color: #000000\"><strong><span style=\"font-family: Calibri, serif\"><span style=\"font-family: Arial, serif\">19:30<\/span><span style=\"font-family: Arial, serif\"> \u2013 Apresenta\u00e7\u00e3o Cultural:<\/span><\/span><\/strong><\/span><\/p>\n<p>\u201cCORPOS, FUGAS E NASCIMENTOS: UMA HIST\u00d3RIA DAS MULHERES\u201d<\/p>\n<p><strong>Produ\u00e7\u00e3o e Roteiro: <\/strong>COLETIVO ART\u00cdSTICO HEK\u00c1T\u00c9<\/p>\n<p><strong>Dire\u00e7\u00e3o:<\/strong> Michele Le\u00e3o<\/p>\n<p><strong>Auxiliar de dire\u00e7\u00e3o:<\/strong> Ander Passini e Flavia Gr\u00fctzmacher dos Santos<\/p>\n<p>SINOPSE: Corpos, fugas e nascimentos: Uma hist\u00f3ria das Mulheres \u00e9 uma pe\u00e7a teatral que re\u00fane variadas esquetes teatrais que se empenham em retratar o processo de costura; a costura perfaz a rela\u00e7\u00e3o metaf\u00f3rica entre a hist\u00f3ria de vida das mulheres e o mundo do trabalho. Ao longo das esquetes s\u00e3o apresentadas as incont\u00e1veis dificuldades vivenciadas cotidianamente pelas mulheres no trabalho, na fam\u00edlia, e consigo mesmas; contudo no decorrer das hist\u00f3rias s\u00e3o consideradas as possibilidades de fugas e (re) nascimentos destas mulheres.<\/p>\n<p>Tempo de Dura\u00e7\u00e3o: 45 min.<\/p>\n<p>Atrizes e Atores: Anderson Gomes, Ander Passini, Andressa Schons, Eduarda Perazzoli, Flavia Gr\u00fctzmacher dos Santos, Jonatan Almeida Wosniak, Joyce Costa, Kawany Oliveira, La\u00eds Pezzi, Larissa Monteiro, Leticia Emanuelle Rigo, Maik Jhon, Michel Mesalira e Michele Le\u00e3o.<\/p>\n<p>&nbsp;<\/p>\n<p style=\"text-align: left\" align=\"CENTER\"><span style=\"color: #000000\"><strong><span style=\"font-family: Calibri, serif\"><span style=\"font-family: Arial, serif\">20:15 &#8211;\u00a0<\/span><\/span><\/strong><\/span><span style=\"color: #000000\"><strong><span style=\"font-family: Calibri, serif\"><span style=\"font-family: Arial, serif\">\u00a0P<\/span><\/span><\/strong><\/span><strong>alestra:<\/strong> \u201cPROGRAMA TRABALHO SEGURO\u201d<\/p>\n<p><strong>Ministrante: <\/strong>Ju\u00edza Gestora Auxiliar do Programa Trabalho Seguro, Dr\u00aa Lisiane Vieira.<\/td>\n<\/tr>\n<tr valign=\"TOP\">\n<td bgcolor=\"#ffffff\" width=\"125\"><\/td>\n<td bgcolor=\"#ffffff\" width=\"469\">Nos dias 30\/11 e 02\/12 o evento ser\u00e1 Traduzido em <strong>LIBRAS<\/strong>, com o Tradutor Int\u00e9rprete de L\u00edngua de Sinais\/Portugu\u00eas (TILSP), <strong>Ramon Cunha<\/strong>.<\/p>\n<p><strong>\u00a0Evento gratuito!<\/strong><\/td>\n<\/tr>\n<tr valign=\"TOP\">\n<td bgcolor=\"#ffffff\" width=\"125\"><\/td>\n<td bgcolor=\"#ffffff\" width=\"469\"><\/td>\n<\/tr>\n<tr valign=\"TOP\">\n<td bgcolor=\"#ffffff\" width=\"125\">\n<p align=\"CENTER\"><span style=\"color: #000000\"><strong>\u00a0<\/strong><\/span><\/p>\n<\/td>\n<td style=\"text-align: center\" bgcolor=\"#ffffff\" width=\"469\"><\/td>\n<\/tr>\n<\/tbody>\n<\/table>\n","protected":false},"excerpt":{"rendered":"<p>QUARTA-FEIRA 30\/11\/2016 ABERTURA DO EVENTO \u00a0 19:30 &#8211; Apresenta\u00e7\u00e3o cultural Performance: PROTE\u00c7\u00c3O!\u00a0 SINOPSE: A prote\u00e7\u00e3o mora nas margens da arte. O artista, em geral, n\u00e3o cria em ambiente confort\u00e1vel, que n\u00e3o o leve aos limites de sua express\u00e3o. \u00c9 atrav\u00e9s &hellip; <a href=\"https:\/\/videira.ifc.edu.br\/sast\/programacao\/\">Continuar lendo <span class=\"meta-nav\">&rarr;<\/span><\/a><\/p>\n","protected":false},"author":13,"featured_media":0,"parent":0,"menu_order":0,"comment_status":"open","ping_status":"open","template":"sidebar-page.php","meta":{"footnotes":""},"class_list":["post-40","page","type-page","status-publish","hentry"],"_links":{"self":[{"href":"https:\/\/videira.ifc.edu.br\/sast\/wp-json\/wp\/v2\/pages\/40","targetHints":{"allow":["GET"]}}],"collection":[{"href":"https:\/\/videira.ifc.edu.br\/sast\/wp-json\/wp\/v2\/pages"}],"about":[{"href":"https:\/\/videira.ifc.edu.br\/sast\/wp-json\/wp\/v2\/types\/page"}],"author":[{"embeddable":true,"href":"https:\/\/videira.ifc.edu.br\/sast\/wp-json\/wp\/v2\/users\/13"}],"replies":[{"embeddable":true,"href":"https:\/\/videira.ifc.edu.br\/sast\/wp-json\/wp\/v2\/comments?post=40"}],"version-history":[{"count":8,"href":"https:\/\/videira.ifc.edu.br\/sast\/wp-json\/wp\/v2\/pages\/40\/revisions"}],"predecessor-version":[{"id":75,"href":"https:\/\/videira.ifc.edu.br\/sast\/wp-json\/wp\/v2\/pages\/40\/revisions\/75"}],"wp:attachment":[{"href":"https:\/\/videira.ifc.edu.br\/sast\/wp-json\/wp\/v2\/media?parent=40"}],"curies":[{"name":"wp","href":"https:\/\/api.w.org\/{rel}","templated":true}]}}