{"id":59,"date":"2016-11-21T10:31:29","date_gmt":"2016-11-21T13:31:29","guid":{"rendered":"http:\/\/videira.ifc.edu.br\/sast\/?page_id=59"},"modified":"2016-11-21T10:31:29","modified_gmt":"2016-11-21T13:31:29","slug":"curriculo-dos-palestrantes","status":"publish","type":"page","link":"https:\/\/videira.ifc.edu.br\/sast\/programacao\/curriculo-dos-palestrantes\/","title":{"rendered":"Curr\u00edculo dos Palestrantes"},"content":{"rendered":"<p><strong>Mini curr\u00edculos:<\/strong><\/p>\n<p><strong>Dr. Daniel Pires Bitencourt:<\/strong> Gradua\u00e7\u00e3o em Meteorologia pela Universidade Federal de Pelotas (1992), mestrado em Meteorologia pelo Instituto Nacional de Pesquisas Espaciais (1996), doutorado em F\u00edsica pela Universidade Federal de Santa Maria (2008) e p\u00f3s-doutorado no National Weather Center, Universidade de Oklahoma, EUA. \u00c9 pesquisador e docente permanente do Programa de P\u00f3s-Gradua\u00e7\u00e3o &#8220;Trabalho, Sa\u00fade e Ambiente&#8221; na Funda\u00e7\u00e3o Jorge Duprat Figueiredo de Seguran\u00e7a e Medicina do Trabalho. \u00c9 revisor dos peri\u00f3dicos Revista Brasileira de Meteorologia e Ci\u00eancia &amp; Natura. Tem experi\u00eancia na \u00e1rea de Meteorologia, atuando principalmente nos seguintes temas: meteorologia de mesoescala, modelagem num\u00e9rica, eventos meteorol\u00f3gicos de alto impacto e meteorologia aplicada \u00e0 sa\u00fade p\u00fablica e prote\u00e7\u00e3o civil.<\/p>\n<p><strong>Dr. Eduardo Jo\u00e3o Moro:<\/strong> Gradua\u00e7\u00e3o em Publicidade e Propaganda, pela Universidade do Sul de Santa Catarina &#8211; UFSC; gradua\u00e7\u00e3o em Ci\u00eancias Sociais, pela UFSC; e mestrado e doutorado em Sociologia Pol\u00edtica, ambos pela UFSC. Atua como docente no Instituto Federal Catarinense \u2013 Campus Conc\u00f3rdia, onde coordenou o curso de P\u00f3s-Gradua\u00e7\u00e3o em Desenvolvimento Territorial com \u00eanfase em Agricultura Familiar e Meio Ambiente, em parceria com a EMBRAPA Su\u00ednos e Aves, e atualmente coordena o Grupo de Pesquisa em Educa\u00e7\u00e3o, Meio Ambiente e Agricultura Familiar (GEMAF), que re\u00fane um grupo de profissionais que vem desenvolvendo pesquisas acerca de fen\u00f4menos sociais e econ\u00f4micos da regi\u00e3o, tais como a pluriatividade, a resili\u00eancia, a sucess\u00e3o familiar, dentre outros.<\/p>\n<p><strong>Esp. Gerusa Rossi:<\/strong> T\u00e9cnica em Enfermagem e graduada em Administra\u00e7\u00e3o com \u00eanfase em Marketing, pela FACVEST &#8211;\u00a0 Lages\/SC. Possui p\u00f3s gradua\u00e7\u00e3o em Gest\u00e3o de Pessoas junto a Unoesc, campus Joa\u00e7aba\/SC e traz em seu hist\u00f3rico profissional as atividades de enfermeira em ambulat\u00f3rio e posteriormente na ger\u00eancia do Pronto Atendimento Municipal Tito Bianchini, todos na cidade de Lages. Ingressou no servi\u00e7o p\u00fablico estadual em 2004, na fun\u00e7\u00e3o de Extensionista Social, fun\u00e7\u00e3o que desenvolve at\u00e9 a presente data, ocupando-se com programas de capital social e humano, Educa\u00e7\u00e3o Ambiental, Gest\u00e3o de Neg\u00f3cios e Mercados, Sa\u00fade da Mulher Agricultora, Horta Familiar, A\u00e7\u00e3o Jovem Rural e Saneamento B\u00e1sico.<\/p>\n<p><strong>Esp. Jo\u00e3o Lu\u00eds Walter Rolim:<\/strong> Meteorologista Formado pela Universidade Federal de Pelotas (Ufpel) \u2013 1986 P\u00f3s Gradua\u00e7\u00e3o Avalia\u00e7\u00e3o de Impactos Ambientais e Biodiversidade UNOESC (2007). Trabalha a 28 anos na modifica\u00e7\u00e3o Artificial do Tempo, Combate ao Granizo, Aumento de Chuva (SABESP- SP 2001 e Chapada Diamantina-BA 2013). Diretor e Meteorologista da AGF.<\/p>\n<p><strong>Esp. Fernanda Zanotti:<\/strong> Graduada em Engenharia Ambiental (2010) e Especialista em Engenharia de Seguran\u00e7a no Trabalho (2011) pela Universidade Alto Vale do Rio do Peixe \u2013 UNIARP \u2013 Ca\u00e7ador\/SC. Atualmente Mestranda no programa \u201cTrabalho, Sa\u00fade e Ambiente\u201d, pela Funda\u00e7\u00e3o Jorge Duprat Figueiredo de Seguran\u00e7a e Medicina no Trabalho \u2013 Fundacentro\/ SP, desenvolvendo pesquisa intitulada: \u201cAspectos de seguran\u00e7a e sa\u00fade do agricultor familiar no munic\u00edpio de Videira\/SC: os desafios da preven\u00e7\u00e3o de acidentes e doen\u00e7as relacionadas ao trabalho na pluriatividade\u201d. Atua como docente com Dedica\u00e7\u00e3o Exclusiva ao Instituto Federal Catarinense \u2013 IFC Campus Videira, h\u00e1 4 anos. Leciona para o curso t\u00e9cnico em Seguran\u00e7a do Trabalho.<\/p>\n<p><strong>Dr\u00aa Lisiane Vieira:<\/strong>\u00a0Graduada em Economia e em Direito pela Universidade Regional de Blumenau (FURB), ambos em 1996. Especialista em Finan\u00e7as Empresariais (FURB\/Conv\u00eanio com a FGV), em 1997, e em Direito (FURB\/Conv\u00eanio com a PUC\/SP), em 2002.\u00a0 Ju\u00edza do Trabalho desde 09\/05\/2002, com atua\u00e7\u00e3o nos TRTs da 3\u00aa Regi\u00e3o (Minas Gerais), 15\u00aa Regi\u00e3o (Campinas-SP), 5\u00aaRegi\u00e3o (Bahia) e 12\u00aa Regi\u00e3o (Santa Catarina).\u00a0\u00a0 Atualmente Coordenadora Regional do Programa Trabalho Seguro do TRT da 12\u00aa Regi\u00e3o.<\/p>\n","protected":false},"excerpt":{"rendered":"<p>Mini curr\u00edculos: Dr. Daniel Pires Bitencourt: Gradua\u00e7\u00e3o em Meteorologia pela Universidade Federal de Pelotas (1992), mestrado em Meteorologia pelo Instituto Nacional de Pesquisas Espaciais (1996), doutorado em F\u00edsica pela Universidade Federal de Santa Maria (2008) e p\u00f3s-doutorado no National Weather &hellip; <a href=\"https:\/\/videira.ifc.edu.br\/sast\/programacao\/curriculo-dos-palestrantes\/\">Continuar lendo <span class=\"meta-nav\">&rarr;<\/span><\/a><\/p>\n","protected":false},"author":70,"featured_media":0,"parent":40,"menu_order":0,"comment_status":"closed","ping_status":"closed","template":"","meta":{"footnotes":""},"class_list":["post-59","page","type-page","status-publish","hentry"],"_links":{"self":[{"href":"https:\/\/videira.ifc.edu.br\/sast\/wp-json\/wp\/v2\/pages\/59","targetHints":{"allow":["GET"]}}],"collection":[{"href":"https:\/\/videira.ifc.edu.br\/sast\/wp-json\/wp\/v2\/pages"}],"about":[{"href":"https:\/\/videira.ifc.edu.br\/sast\/wp-json\/wp\/v2\/types\/page"}],"author":[{"embeddable":true,"href":"https:\/\/videira.ifc.edu.br\/sast\/wp-json\/wp\/v2\/users\/70"}],"replies":[{"embeddable":true,"href":"https:\/\/videira.ifc.edu.br\/sast\/wp-json\/wp\/v2\/comments?post=59"}],"version-history":[{"count":2,"href":"https:\/\/videira.ifc.edu.br\/sast\/wp-json\/wp\/v2\/pages\/59\/revisions"}],"predecessor-version":[{"id":61,"href":"https:\/\/videira.ifc.edu.br\/sast\/wp-json\/wp\/v2\/pages\/59\/revisions\/61"}],"up":[{"embeddable":true,"href":"https:\/\/videira.ifc.edu.br\/sast\/wp-json\/wp\/v2\/pages\/40"}],"wp:attachment":[{"href":"https:\/\/videira.ifc.edu.br\/sast\/wp-json\/wp\/v2\/media?parent=59"}],"curies":[{"name":"wp","href":"https:\/\/api.w.org\/{rel}","templated":true}]}}