{"id":10,"date":"2013-03-11T21:00:38","date_gmt":"2013-03-11T21:00:38","guid":{"rendered":"http:\/\/eventos.videira.ifc.edu.br\/pedagogia\/?page_id=10"},"modified":"2013-03-11T21:00:38","modified_gmt":"2013-03-11T21:00:38","slug":"conteudo-programatico","status":"publish","type":"page","link":"https:\/\/videira.ifc.edu.br\/simposio-pedagogia\/edicoes-anteriores\/2012-i-simposio-da-pedagogia\/conteudo-programatico\/","title":{"rendered":"Conte\u00fado Program\u00e1tico"},"content":{"rendered":"<h2>Conte\u00fado Program\u00e1tico<\/h2>\n<p>Hor\u00e1rio: 19h \u00e0s 22h<\/p>\n<table>\n<tbody>\n<tr>\n<th>DATA<\/th>\n<th>TURNO<\/th>\n<th>CONTE\u00daDO<\/th>\n<th>DOCENTE<\/th>\n<th>CARGA HOR\u00c1RIA<\/th>\n<\/tr>\n<tr>\n<td>09\/05<\/td>\n<td>Noturno<\/td>\n<td>Processos Educativos e Dimens\u00e3o Humana.<\/td>\n<td>Rosa Elisabete Militz Wypyczynski Martins (UDESC).<\/td>\n<td>4h<\/td>\n<\/tr>\n<tr>\n<td rowspan=\"4\">10\/05<\/td>\n<td rowspan=\"4\">Noturno<\/td>\n<td>Oficina 1: As TICs e a educa\u00e7\u00e3o<\/td>\n<td>Dda. Roberta Pasquali (IF-SC \/ Chapec\u00f3)<\/td>\n<td rowspan=\"4\">4h<\/td>\n<\/tr>\n<tr>\n<td>Oficina 2: Juventude e educa\u00e7\u00e3o<\/td>\n<td>Dra. Olga Celestina da Silva Durand (PPGE\/CED\/UFSC)<\/td>\n<\/tr>\n<tr>\n<td>Oficina 3: Sexualidade na arte<\/td>\n<td>Esp. Daniel Schwambach (IFC\/Videira)<\/td>\n<\/tr>\n<tr>\n<td>Oficina 4: Corporeidade e educa\u00e7\u00e3o<\/td>\n<td>Msc. Alexandre Vanzuita (IFC\/Videira)<\/td>\n<\/tr>\n<tr>\n<td>11\/05<\/td>\n<td>Noturno<\/td>\n<td>Mesa-redonda: temas atuais em educa\u00e7\u00e3o e suas rela\u00e7\u00f5es com a forma\u00e7\u00e3o de professores e com a pr\u00e1tica pedag\u00f3gica<\/td>\n<td>Dda. Roberta Pasqualli (IF-SC \/ Chapec\u00f3)<br \/>\nMsc. Fernando Taques (IFC \/ Ibirama)<br \/>\nOlga Celestina da Silva Durand (PPGE\/CED\/UFSC)<\/td>\n<td>4h<\/td>\n<\/tr>\n<\/tbody>\n<\/table>\n","protected":false},"excerpt":{"rendered":"<p>Conte\u00fado Program\u00e1tico Hor\u00e1rio: 19h \u00e0s 22h DATA TURNO CONTE\u00daDO DOCENTE CARGA HOR\u00c1RIA 09\/05 Noturno Processos Educativos e Dimens\u00e3o Humana. Rosa Elisabete Militz Wypyczynski Martins (UDESC). 4h 10\/05 Noturno Oficina 1: As TICs e a educa\u00e7\u00e3o Dda. Roberta Pasquali (IF-SC \/ &hellip; <a href=\"https:\/\/videira.ifc.edu.br\/simposio-pedagogia\/edicoes-anteriores\/2012-i-simposio-da-pedagogia\/conteudo-programatico\/\">Continuar lendo <span class=\"meta-nav\">&rarr;<\/span><\/a><\/p>\n","protected":false},"author":9,"featured_media":31,"parent":9,"menu_order":0,"comment_status":"open","ping_status":"open","template":"","meta":{"footnotes":""},"class_list":["post-10","page","type-page","status-publish","has-post-thumbnail","hentry"],"_links":{"self":[{"href":"https:\/\/videira.ifc.edu.br\/simposio-pedagogia\/wp-json\/wp\/v2\/pages\/10","targetHints":{"allow":["GET"]}}],"collection":[{"href":"https:\/\/videira.ifc.edu.br\/simposio-pedagogia\/wp-json\/wp\/v2\/pages"}],"about":[{"href":"https:\/\/videira.ifc.edu.br\/simposio-pedagogia\/wp-json\/wp\/v2\/types\/page"}],"author":[{"embeddable":true,"href":"https:\/\/videira.ifc.edu.br\/simposio-pedagogia\/wp-json\/wp\/v2\/users\/9"}],"replies":[{"embeddable":true,"href":"https:\/\/videira.ifc.edu.br\/simposio-pedagogia\/wp-json\/wp\/v2\/comments?post=10"}],"version-history":[{"count":0,"href":"https:\/\/videira.ifc.edu.br\/simposio-pedagogia\/wp-json\/wp\/v2\/pages\/10\/revisions"}],"up":[{"embeddable":true,"href":"https:\/\/videira.ifc.edu.br\/simposio-pedagogia\/wp-json\/wp\/v2\/pages\/9"}],"wp:featuredmedia":[{"embeddable":true,"href":"https:\/\/videira.ifc.edu.br\/simposio-pedagogia\/wp-json\/wp\/v2\/media\/31"}],"wp:attachment":[{"href":"https:\/\/videira.ifc.edu.br\/simposio-pedagogia\/wp-json\/wp\/v2\/media?parent=10"}],"curies":[{"name":"wp","href":"https:\/\/api.w.org\/{rel}","templated":true}]}}