{"id":104,"date":"2013-03-19T12:40:45","date_gmt":"2013-03-19T12:40:45","guid":{"rendered":"http:\/\/eventos.videira.ifc.edu.br\/pedagogia\/?page_id=104"},"modified":"2013-03-19T12:40:45","modified_gmt":"2013-03-19T12:40:45","slug":"ensino-de-ciencias-linguagens-da-natureza","status":"publish","type":"page","link":"https:\/\/videira.ifc.edu.br\/simposio-pedagogia\/edicoes-anteriores\/2013-2o-simposio-da-pedagogia\/oficinas\/ensino-de-ciencias-linguagens-da-natureza\/","title":{"rendered":"Ensino de Ci\u00eancias: Linguagens da Natureza"},"content":{"rendered":"<p>Professor: Sandra Maria Wirzbicki<\/p>\n<p>Curr\u00edculo: Cursa Doutorado em Educa\u00e7\u00e3o nas Ci\u00eancias no Programa de P\u00f3s -Gradua\u00e7\u00e3o Qu\u00edmica da Vida e Sa\u00fade da Universidade Federal do Rio Grande do Sul (UFRGS). Possui Mestrado em Educa\u00e7\u00e3o nas Ci\u00eancias (2010) e gradua\u00e7\u00e3o em Ci\u00eancias &#8211; Licenciatura Plena Habilita\u00e7\u00e3o Biologia pela Universidade Regional do Noroeste do Estado do Rio Grande do Sul (2005).<\/p>\n<p>Ementa:<\/p>\n<p>Diante da complexidade da pr\u00e1tica educativa, que objetiva a forma\u00e7\u00e3o de um cidad\u00e3o cr\u00edtico, inserido numa sociedade em que o conhecimento cient\u00edfico e tecnol\u00f3gico s\u00e3o amplamente valorizados, os Par\u00e2metros Curriculares Nacionais (PCN) (BRASIL, 1997) atribuem \u00e0 \u00e1rea de Ci\u00eancias Naturais o papel de colaborar para a compreens\u00e3o do mundo e suas transforma\u00e7\u00f5es, situando o homem como indiv\u00edduo participativo e integrante do Universo. Nessa perspectiva, a Oficina \u201cLinguagens da Natureza\u201d buscar\u00e1 aproximar os educadores dos anos iniciais a conceitos e procedimentos da \u00e1rea de Ci\u00eancias que contribuam para a amplia\u00e7\u00e3o das explica\u00e7\u00f5es sobre os fen\u00f4menos da natureza, para o entendimento e o questionamento dos diferentes modos de nela intervir e, ainda, para a compreens\u00e3o das mais variadas formas de utilizar os recursos naturais, de maneira sustent\u00e1vel. O trabalho ter\u00e1 abordagem te\u00f3rica (baseada nos par\u00e2metros, diretrizes e orienta\u00e7\u00f5es nacionais) e pr\u00e1tica (a partir de situa\u00e7\u00f5es locais: trabalho de campo), voltado para a amplia\u00e7\u00e3o das experi\u00eancias e para a constru\u00e7\u00e3o de conhecimentos diversificados sobre o meio, atrav\u00e9s do contato com diferentes elementos, fen\u00f4menos, acontecimentos, observa\u00e7\u00f5es e explica\u00e7\u00f5es, de modo a compreend\u00ea-los e represent\u00e1-los.<\/p>\n","protected":false},"excerpt":{"rendered":"<p>Professor: Sandra Maria Wirzbicki Curr\u00edculo: Cursa Doutorado em Educa\u00e7\u00e3o nas Ci\u00eancias no Programa de P\u00f3s -Gradua\u00e7\u00e3o Qu\u00edmica da Vida e Sa\u00fade da Universidade Federal do Rio Grande do Sul (UFRGS). Possui Mestrado em Educa\u00e7\u00e3o nas Ci\u00eancias (2010) e gradua\u00e7\u00e3o em &hellip; <a href=\"https:\/\/videira.ifc.edu.br\/simposio-pedagogia\/edicoes-anteriores\/2013-2o-simposio-da-pedagogia\/oficinas\/ensino-de-ciencias-linguagens-da-natureza\/\">Continuar lendo <span class=\"meta-nav\">&rarr;<\/span><\/a><\/p>\n","protected":false},"author":9,"featured_media":0,"parent":130,"menu_order":0,"comment_status":"closed","ping_status":"closed","template":"","meta":{"footnotes":""},"class_list":["post-104","page","type-page","status-publish","hentry"],"_links":{"self":[{"href":"https:\/\/videira.ifc.edu.br\/simposio-pedagogia\/wp-json\/wp\/v2\/pages\/104","targetHints":{"allow":["GET"]}}],"collection":[{"href":"https:\/\/videira.ifc.edu.br\/simposio-pedagogia\/wp-json\/wp\/v2\/pages"}],"about":[{"href":"https:\/\/videira.ifc.edu.br\/simposio-pedagogia\/wp-json\/wp\/v2\/types\/page"}],"author":[{"embeddable":true,"href":"https:\/\/videira.ifc.edu.br\/simposio-pedagogia\/wp-json\/wp\/v2\/users\/9"}],"replies":[{"embeddable":true,"href":"https:\/\/videira.ifc.edu.br\/simposio-pedagogia\/wp-json\/wp\/v2\/comments?post=104"}],"version-history":[{"count":0,"href":"https:\/\/videira.ifc.edu.br\/simposio-pedagogia\/wp-json\/wp\/v2\/pages\/104\/revisions"}],"up":[{"embeddable":true,"href":"https:\/\/videira.ifc.edu.br\/simposio-pedagogia\/wp-json\/wp\/v2\/pages\/130"}],"wp:attachment":[{"href":"https:\/\/videira.ifc.edu.br\/simposio-pedagogia\/wp-json\/wp\/v2\/media?parent=104"}],"curies":[{"name":"wp","href":"https:\/\/api.w.org\/{rel}","templated":true}]}}