{"id":109,"date":"2013-03-19T13:14:36","date_gmt":"2013-03-19T13:14:36","guid":{"rendered":"http:\/\/eventos.videira.ifc.edu.br\/pedagogia\/?page_id=109"},"modified":"2013-03-19T13:14:36","modified_gmt":"2013-03-19T13:14:36","slug":"corpo-midias-e-escola-possibilidades-de-intervencao-pedagogica-msc-iracema-munarim-msc-rogerio-santos-pereira","status":"publish","type":"page","link":"https:\/\/videira.ifc.edu.br\/simposio-pedagogia\/edicoes-anteriores\/2013-2o-simposio-da-pedagogia\/oficinas\/corpo-midias-e-escola-possibilidades-de-intervencao-pedagogica-msc-iracema-munarim-msc-rogerio-santos-pereira\/","title":{"rendered":"Corpo, m\u00eddias e escola: possibilidades de interven\u00e7\u00e3o pedag\u00f3gica"},"content":{"rendered":"<p>Professores:<\/p>\n<p>Rog\u00e9rio Santos Pereira (Doutorando em Educa\u00e7\u00e3o \u2013 PPGE\/UFSC) e\u00a0Iracema Munarim (Doutoranda em Educa\u00e7\u00e3o \u2013 PPGE\/UFSC)<\/p>\n<p>Ementa:<br \/>\nPartir das transforma\u00e7\u00f5es na sociedade impulsionadas pelas tecnologias digitais \u2013 possibilidades e riscos \u2013 para se aproximar da Educa\u00e7\u00e3o e suas especificidades. As rela\u00e7\u00f5es entre corpo e m\u00eddias. O lugar do corpo na escola, o movimento como linguagem. Modos de aprender, de ser, estar, se relacionar, comunicar. Temas ser\u00e3o debatidos no decorrer da oficina a partir de exemplos cotidianos e possibilidades de interven\u00e7\u00e3o pedag\u00f3gica.<\/p>\n","protected":false},"excerpt":{"rendered":"<p>Professores: Rog\u00e9rio Santos Pereira (Doutorando em Educa\u00e7\u00e3o \u2013 PPGE\/UFSC) e\u00a0Iracema Munarim (Doutoranda em Educa\u00e7\u00e3o \u2013 PPGE\/UFSC) Ementa: Partir das transforma\u00e7\u00f5es na sociedade impulsionadas pelas tecnologias digitais \u2013 possibilidades e riscos \u2013 para se aproximar da Educa\u00e7\u00e3o e suas especificidades. As &hellip; <a href=\"https:\/\/videira.ifc.edu.br\/simposio-pedagogia\/edicoes-anteriores\/2013-2o-simposio-da-pedagogia\/oficinas\/corpo-midias-e-escola-possibilidades-de-intervencao-pedagogica-msc-iracema-munarim-msc-rogerio-santos-pereira\/\">Continuar lendo <span class=\"meta-nav\">&rarr;<\/span><\/a><\/p>\n","protected":false},"author":9,"featured_media":0,"parent":130,"menu_order":0,"comment_status":"closed","ping_status":"closed","template":"","meta":{"footnotes":""},"class_list":["post-109","page","type-page","status-publish","hentry"],"_links":{"self":[{"href":"https:\/\/videira.ifc.edu.br\/simposio-pedagogia\/wp-json\/wp\/v2\/pages\/109","targetHints":{"allow":["GET"]}}],"collection":[{"href":"https:\/\/videira.ifc.edu.br\/simposio-pedagogia\/wp-json\/wp\/v2\/pages"}],"about":[{"href":"https:\/\/videira.ifc.edu.br\/simposio-pedagogia\/wp-json\/wp\/v2\/types\/page"}],"author":[{"embeddable":true,"href":"https:\/\/videira.ifc.edu.br\/simposio-pedagogia\/wp-json\/wp\/v2\/users\/9"}],"replies":[{"embeddable":true,"href":"https:\/\/videira.ifc.edu.br\/simposio-pedagogia\/wp-json\/wp\/v2\/comments?post=109"}],"version-history":[{"count":0,"href":"https:\/\/videira.ifc.edu.br\/simposio-pedagogia\/wp-json\/wp\/v2\/pages\/109\/revisions"}],"up":[{"embeddable":true,"href":"https:\/\/videira.ifc.edu.br\/simposio-pedagogia\/wp-json\/wp\/v2\/pages\/130"}],"wp:attachment":[{"href":"https:\/\/videira.ifc.edu.br\/simposio-pedagogia\/wp-json\/wp\/v2\/media?parent=109"}],"curies":[{"name":"wp","href":"https:\/\/api.w.org\/{rel}","templated":true}]}}