{"id":114,"date":"2013-03-19T13:16:55","date_gmt":"2013-03-19T13:16:55","guid":{"rendered":"http:\/\/eventos.videira.ifc.edu.br\/pedagogia\/?page_id=114"},"modified":"2013-03-19T13:16:55","modified_gmt":"2013-03-19T13:16:55","slug":"o-desenho-infantil-da-figura-humana-uma-abordagem-socio-interacionista","status":"publish","type":"page","link":"https:\/\/videira.ifc.edu.br\/simposio-pedagogia\/edicoes-anteriores\/2013-2o-simposio-da-pedagogia\/oficinas\/o-desenho-infantil-da-figura-humana-uma-abordagem-socio-interacionista\/","title":{"rendered":"O desenho infantil da figura humana: uma abordagem s\u00f3cio-interacionista"},"content":{"rendered":"<p>Professora:<br \/>\nFrancini Carla Grzeca<\/p>\n<p>Curr\u00edculo: Professora do Instituto Federal Catarinense, atua no curso de Pedagogia no c\u00e2mpus Videira. Mestre em educa\u00e7\u00e3o pela Universidade do Noroeste do Estado do Rio Grande do Sul &#8211; UNIJU\u00cd (2010). Graduada em Pedagogia pela UNIJU\u00cd (2007)<\/p>\n<p>Ementa: A oficina referendada pela teoria hist\u00f3rico-cultural buscar\u00e1 evidenciar o car\u00e1ter cultural da representa\u00e7\u00e3o pictogr\u00e1fica da crian\u00e7a e o papel mediador do professor no desenvolvimento da representa\u00e7\u00e3o gr\u00e1fica da figura humana. Por meio de an\u00e1lise de desenhos infantis e de viv\u00eancias art\u00edstico criadoras as participantes poder\u00e3o criar e recriar situa\u00e7\u00f5es de aprendizagens significativas para os alunos da educa\u00e7\u00e3o infantil.<\/p>\n","protected":false},"excerpt":{"rendered":"<p>Professora: Francini Carla Grzeca Curr\u00edculo: Professora do Instituto Federal Catarinense, atua no curso de Pedagogia no c\u00e2mpus Videira. Mestre em educa\u00e7\u00e3o pela Universidade do Noroeste do Estado do Rio Grande do Sul &#8211; UNIJU\u00cd (2010). Graduada em Pedagogia pela UNIJU\u00cd &hellip; <a href=\"https:\/\/videira.ifc.edu.br\/simposio-pedagogia\/edicoes-anteriores\/2013-2o-simposio-da-pedagogia\/oficinas\/o-desenho-infantil-da-figura-humana-uma-abordagem-socio-interacionista\/\">Continuar lendo <span class=\"meta-nav\">&rarr;<\/span><\/a><\/p>\n","protected":false},"author":9,"featured_media":0,"parent":130,"menu_order":0,"comment_status":"closed","ping_status":"closed","template":"","meta":{"footnotes":""},"class_list":["post-114","page","type-page","status-publish","hentry"],"_links":{"self":[{"href":"https:\/\/videira.ifc.edu.br\/simposio-pedagogia\/wp-json\/wp\/v2\/pages\/114","targetHints":{"allow":["GET"]}}],"collection":[{"href":"https:\/\/videira.ifc.edu.br\/simposio-pedagogia\/wp-json\/wp\/v2\/pages"}],"about":[{"href":"https:\/\/videira.ifc.edu.br\/simposio-pedagogia\/wp-json\/wp\/v2\/types\/page"}],"author":[{"embeddable":true,"href":"https:\/\/videira.ifc.edu.br\/simposio-pedagogia\/wp-json\/wp\/v2\/users\/9"}],"replies":[{"embeddable":true,"href":"https:\/\/videira.ifc.edu.br\/simposio-pedagogia\/wp-json\/wp\/v2\/comments?post=114"}],"version-history":[{"count":0,"href":"https:\/\/videira.ifc.edu.br\/simposio-pedagogia\/wp-json\/wp\/v2\/pages\/114\/revisions"}],"up":[{"embeddable":true,"href":"https:\/\/videira.ifc.edu.br\/simposio-pedagogia\/wp-json\/wp\/v2\/pages\/130"}],"wp:attachment":[{"href":"https:\/\/videira.ifc.edu.br\/simposio-pedagogia\/wp-json\/wp\/v2\/media?parent=114"}],"curies":[{"name":"wp","href":"https:\/\/api.w.org\/{rel}","templated":true}]}}