{"id":118,"date":"2013-03-19T13:23:24","date_gmt":"2013-03-19T13:23:24","guid":{"rendered":"http:\/\/eventos.videira.ifc.edu.br\/pedagogia\/?page_id=118"},"modified":"2013-03-19T13:23:24","modified_gmt":"2013-03-19T13:23:24","slug":"ler-e-escrever-pratica-docente-no-1-ano","status":"publish","type":"page","link":"https:\/\/videira.ifc.edu.br\/simposio-pedagogia\/edicoes-anteriores\/2013-2o-simposio-da-pedagogia\/oficinas\/ler-e-escrever-pratica-docente-no-1-ano\/","title":{"rendered":"Ler e escrever &#8211; pr\u00e1tica docente no 1\u00b0 ano"},"content":{"rendered":"<p>Professora:<br \/>\nCristiane Wagner Goulart<\/p>\n<p>Curr\u00edculo: Coordenadora Pedag\u00f3gica do Centro Educacional Universo (Florian\u00f3polis). Gradua\u00e7\u00e3o em Pedagogia pela UNIJU\u00cd. Especializa\u00e7\u00e3o em Psicopedagogia CELER.<\/p>\n<p>Ementa: Relato de uma experi\u00eancia de alfabetiza\u00e7\u00e3o no primeiro ano do Ensino Fundamental de nove anos. Lei n\u00ba11.274\/06, que diz sobre a implanta\u00e7\u00e3o de uma pol\u00edtica de amplia\u00e7\u00e3o do ensino fundamental de oito para nove anos de educa\u00e7\u00e3o. Metodologia de trabalho que respeite o ritmo de aprendizagem de cada um e o tempo de inf\u00e2ncia. Relato da constru\u00e7\u00e3o de um projeto: momentos l\u00fadicos com objetivos claros e bem definidos. Perspectiva de alfabetiza\u00e7\u00e3o natural da crian\u00e7a em que o sujeito social interage com as \u00e1reas do conhecimento. Perfil do educador: intera\u00e7\u00e3o com as crian\u00e7as, diagnosticando avan\u00e7os, descobertas e constru\u00e7\u00e3o de hip\u00f3teses realizadas ao consolidarem seus conhecimentos, auxiliando os educandos a superarem suas dificuldades e limita\u00e7\u00f5es.<\/p>\n","protected":false},"excerpt":{"rendered":"<p>Professora: Cristiane Wagner Goulart Curr\u00edculo: Coordenadora Pedag\u00f3gica do Centro Educacional Universo (Florian\u00f3polis). Gradua\u00e7\u00e3o em Pedagogia pela UNIJU\u00cd. Especializa\u00e7\u00e3o em Psicopedagogia CELER. Ementa: Relato de uma experi\u00eancia de alfabetiza\u00e7\u00e3o no primeiro ano do Ensino Fundamental de nove anos. Lei n\u00ba11.274\/06, que &hellip; <a href=\"https:\/\/videira.ifc.edu.br\/simposio-pedagogia\/edicoes-anteriores\/2013-2o-simposio-da-pedagogia\/oficinas\/ler-e-escrever-pratica-docente-no-1-ano\/\">Continuar lendo <span class=\"meta-nav\">&rarr;<\/span><\/a><\/p>\n","protected":false},"author":9,"featured_media":0,"parent":130,"menu_order":0,"comment_status":"closed","ping_status":"closed","template":"","meta":{"footnotes":""},"class_list":["post-118","page","type-page","status-publish","hentry"],"_links":{"self":[{"href":"https:\/\/videira.ifc.edu.br\/simposio-pedagogia\/wp-json\/wp\/v2\/pages\/118","targetHints":{"allow":["GET"]}}],"collection":[{"href":"https:\/\/videira.ifc.edu.br\/simposio-pedagogia\/wp-json\/wp\/v2\/pages"}],"about":[{"href":"https:\/\/videira.ifc.edu.br\/simposio-pedagogia\/wp-json\/wp\/v2\/types\/page"}],"author":[{"embeddable":true,"href":"https:\/\/videira.ifc.edu.br\/simposio-pedagogia\/wp-json\/wp\/v2\/users\/9"}],"replies":[{"embeddable":true,"href":"https:\/\/videira.ifc.edu.br\/simposio-pedagogia\/wp-json\/wp\/v2\/comments?post=118"}],"version-history":[{"count":0,"href":"https:\/\/videira.ifc.edu.br\/simposio-pedagogia\/wp-json\/wp\/v2\/pages\/118\/revisions"}],"up":[{"embeddable":true,"href":"https:\/\/videira.ifc.edu.br\/simposio-pedagogia\/wp-json\/wp\/v2\/pages\/130"}],"wp:attachment":[{"href":"https:\/\/videira.ifc.edu.br\/simposio-pedagogia\/wp-json\/wp\/v2\/media?parent=118"}],"curies":[{"name":"wp","href":"https:\/\/api.w.org\/{rel}","templated":true}]}}