{"id":122,"date":"2013-03-19T13:25:06","date_gmt":"2013-03-19T13:25:06","guid":{"rendered":"http:\/\/eventos.videira.ifc.edu.br\/pedagogia\/?page_id=122"},"modified":"2013-03-19T13:25:06","modified_gmt":"2013-03-19T13:25:06","slug":"genero-e-sexualidade-na-sala-de-aula-experiencias-e-metodologias","status":"publish","type":"page","link":"https:\/\/videira.ifc.edu.br\/simposio-pedagogia\/edicoes-anteriores\/2013-2o-simposio-da-pedagogia\/oficinas\/genero-e-sexualidade-na-sala-de-aula-experiencias-e-metodologias\/","title":{"rendered":"G\u00eanero e sexualidade na sala de aula: experi\u00eancias e metodologias"},"content":{"rendered":"<p>Professor: Cl\u00e1udio Leite Leandro<\/p>\n<p>Curr\u00edculo: Mestre em Antropologia Social pela UFSC &#8211; Universidade Federal de Santa Catarina, e licenciado em Ci\u00eancias Sociais pela UEM Universidade Estadual de Maring\u00e1. Atualmente \u00e9 doutorando em Ci\u00eancias Sociais pela Unicamp &#8211; Universidade Estadual de Campinas<\/p>\n<p>Ementa:A oficina pretende dispor informa\u00e7\u00f5es e metodologias na abordagem da sexualidade e do g\u00eanero no \u00e2mbito da sala de aula, procurando fornecer subs\u00eddios para pr\u00e1ticas pedag\u00f3gicas. O objetivo \u00e9 promover um di\u00e1logo que possibilite professoras e professores criar instrumentos pedag\u00f3gicos que auxiliem a gerir tens\u00f5es que se produzem no contexto escolar, al\u00e9m de produzir discuss\u00f5es com alunos e alunas sobre temas como: sexo, diversidade sexual, orienta\u00e7\u00e3o sexual, identidades de g\u00eanero. Pretende-se que a oficina seja um espa\u00e7o de compartilhamento de experi\u00eancias de educadoras e educadores sobre possibilidades, limites e tens\u00f5es nas quest\u00f5es ligadas ao g\u00eanero e \u00e0 sexualidade no espa\u00e7o escolar.<\/p>\n","protected":false},"excerpt":{"rendered":"<p>Professor: Cl\u00e1udio Leite Leandro Curr\u00edculo: Mestre em Antropologia Social pela UFSC &#8211; Universidade Federal de Santa Catarina, e licenciado em Ci\u00eancias Sociais pela UEM Universidade Estadual de Maring\u00e1. Atualmente \u00e9 doutorando em Ci\u00eancias Sociais pela Unicamp &#8211; Universidade Estadual de &hellip; <a href=\"https:\/\/videira.ifc.edu.br\/simposio-pedagogia\/edicoes-anteriores\/2013-2o-simposio-da-pedagogia\/oficinas\/genero-e-sexualidade-na-sala-de-aula-experiencias-e-metodologias\/\">Continuar lendo <span class=\"meta-nav\">&rarr;<\/span><\/a><\/p>\n","protected":false},"author":9,"featured_media":0,"parent":130,"menu_order":0,"comment_status":"closed","ping_status":"closed","template":"","meta":{"footnotes":""},"class_list":["post-122","page","type-page","status-publish","hentry"],"_links":{"self":[{"href":"https:\/\/videira.ifc.edu.br\/simposio-pedagogia\/wp-json\/wp\/v2\/pages\/122","targetHints":{"allow":["GET"]}}],"collection":[{"href":"https:\/\/videira.ifc.edu.br\/simposio-pedagogia\/wp-json\/wp\/v2\/pages"}],"about":[{"href":"https:\/\/videira.ifc.edu.br\/simposio-pedagogia\/wp-json\/wp\/v2\/types\/page"}],"author":[{"embeddable":true,"href":"https:\/\/videira.ifc.edu.br\/simposio-pedagogia\/wp-json\/wp\/v2\/users\/9"}],"replies":[{"embeddable":true,"href":"https:\/\/videira.ifc.edu.br\/simposio-pedagogia\/wp-json\/wp\/v2\/comments?post=122"}],"version-history":[{"count":0,"href":"https:\/\/videira.ifc.edu.br\/simposio-pedagogia\/wp-json\/wp\/v2\/pages\/122\/revisions"}],"up":[{"embeddable":true,"href":"https:\/\/videira.ifc.edu.br\/simposio-pedagogia\/wp-json\/wp\/v2\/pages\/130"}],"wp:attachment":[{"href":"https:\/\/videira.ifc.edu.br\/simposio-pedagogia\/wp-json\/wp\/v2\/media?parent=122"}],"curies":[{"name":"wp","href":"https:\/\/api.w.org\/{rel}","templated":true}]}}