{"id":126,"date":"2013-03-19T13:28:08","date_gmt":"2013-03-19T13:28:08","guid":{"rendered":"http:\/\/eventos.videira.ifc.edu.br\/pedagogia\/?page_id=126"},"modified":"2013-03-19T13:28:08","modified_gmt":"2013-03-19T13:28:08","slug":"sobre-o-im-possivel-em-nos-educacao-politicas-publicas-e-psicanalise-na-atualidade","status":"publish","type":"page","link":"https:\/\/videira.ifc.edu.br\/simposio-pedagogia\/edicoes-anteriores\/2013-2o-simposio-da-pedagogia\/oficinas\/sobre-o-im-possivel-em-nos-educacao-politicas-publicas-e-psicanalise-na-atualidade\/","title":{"rendered":"Sobre o im-poss\u00edvel em n\u00f3s: educa\u00e7\u00e3o, pol\u00edticas p\u00fablicas e psican\u00e1lise na atualidade"},"content":{"rendered":"<p>Professora: Rita de C\u00e1ssia Flores M\u00fcller<\/p>\n<p>Curr\u00edculo:\u00a0<span style=\"color: #000000\">Doutora em Teoria Psicanal\u00edtica pela Universidade Federal do Rio de Janeiro (2012-UFRJ). Mestre em Psicologia pela Universidade Federal de Santa Catarina (2008-UFSC). Graduada em Psicologia pela Universidade Federal de Santa Catarina<\/span><\/p>\n<p>Ementa:Quais os desafios do of\u00edcio de educar na atualidade? A partir da psican\u00e1lise, convidamos a todos para percorrer a afirma\u00e7\u00e3o de Freud de que educar, governar e clinicar s\u00e3o tarefas de sucesso insuficiente e, quando n\u00e3o, imposs\u00edveis. Aceitando que o imposs\u00edvel n\u00e3o significa impratic\u00e1vel, como reagimos \u00e0 reflex\u00e3o de Freud de que \u00e9 im-poss\u00edvel educar? Por que as pol\u00edticas de educa\u00e7\u00e3o e sa\u00fade falham? Vozes dissonantes ser\u00e3o bem vindas para que o imposs\u00edvel em n\u00f3s se fa\u00e7a ouvir.<\/p>\n","protected":false},"excerpt":{"rendered":"<p>Professora: Rita de C\u00e1ssia Flores M\u00fcller Curr\u00edculo:\u00a0Doutora em Teoria Psicanal\u00edtica pela Universidade Federal do Rio de Janeiro (2012-UFRJ). Mestre em Psicologia pela Universidade Federal de Santa Catarina (2008-UFSC). Graduada em Psicologia pela Universidade Federal de Santa Catarina Ementa:Quais os desafios &hellip; <a href=\"https:\/\/videira.ifc.edu.br\/simposio-pedagogia\/edicoes-anteriores\/2013-2o-simposio-da-pedagogia\/oficinas\/sobre-o-im-possivel-em-nos-educacao-politicas-publicas-e-psicanalise-na-atualidade\/\">Continuar lendo <span class=\"meta-nav\">&rarr;<\/span><\/a><\/p>\n","protected":false},"author":9,"featured_media":0,"parent":130,"menu_order":0,"comment_status":"closed","ping_status":"closed","template":"","meta":{"footnotes":""},"class_list":["post-126","page","type-page","status-publish","hentry"],"_links":{"self":[{"href":"https:\/\/videira.ifc.edu.br\/simposio-pedagogia\/wp-json\/wp\/v2\/pages\/126","targetHints":{"allow":["GET"]}}],"collection":[{"href":"https:\/\/videira.ifc.edu.br\/simposio-pedagogia\/wp-json\/wp\/v2\/pages"}],"about":[{"href":"https:\/\/videira.ifc.edu.br\/simposio-pedagogia\/wp-json\/wp\/v2\/types\/page"}],"author":[{"embeddable":true,"href":"https:\/\/videira.ifc.edu.br\/simposio-pedagogia\/wp-json\/wp\/v2\/users\/9"}],"replies":[{"embeddable":true,"href":"https:\/\/videira.ifc.edu.br\/simposio-pedagogia\/wp-json\/wp\/v2\/comments?post=126"}],"version-history":[{"count":0,"href":"https:\/\/videira.ifc.edu.br\/simposio-pedagogia\/wp-json\/wp\/v2\/pages\/126\/revisions"}],"up":[{"embeddable":true,"href":"https:\/\/videira.ifc.edu.br\/simposio-pedagogia\/wp-json\/wp\/v2\/pages\/130"}],"wp:attachment":[{"href":"https:\/\/videira.ifc.edu.br\/simposio-pedagogia\/wp-json\/wp\/v2\/media?parent=126"}],"curies":[{"name":"wp","href":"https:\/\/api.w.org\/{rel}","templated":true}]}}