{"id":13,"date":"2013-03-11T21:01:14","date_gmt":"2013-03-11T21:01:14","guid":{"rendered":"http:\/\/eventos.videira.ifc.edu.br\/pedagogia\/?page_id=13"},"modified":"2013-03-11T21:01:14","modified_gmt":"2013-03-11T21:01:14","slug":"objetivos","status":"publish","type":"page","link":"https:\/\/videira.ifc.edu.br\/simposio-pedagogia\/edicoes-anteriores\/2012-i-simposio-da-pedagogia\/objetivos\/","title":{"rendered":"Objetivos"},"content":{"rendered":"<h2>Objetivo Geral<\/h2>\n<p>Refletir sobre as quest\u00f5es atuais que interv\u00eam no cotidiano escolar e na forma\u00e7\u00e3o de professores, ampliando os horizontes sobre a doc\u00eancia.<\/p>\n<h2>Objetivos Espec\u00edficos<\/h2>\n<p>&nbsp;<\/p>\n<ul>\n<li>Refletir sobre a influ\u00eancia dos aspectos sociais, culturais, socioafetivos e econ\u00f4micos do entorno no cotidiano escolar, de modo a qualificar as pr\u00e1ticas pedag\u00f3gicas.<\/li>\n<li>Ampliar os conhecimentos de temas espec\u00edficos, como musicalidade, corporeidade, tecnologias e de conceitos sobre juventude, atrav\u00e9s de oficinas.<\/li>\n<li>Debater de forma consistente sobre temas atuais em educa\u00e7\u00e3o e sua rela\u00e7\u00e3o com a forma\u00e7\u00e3o na educa\u00e7\u00e3o infantil, nos anos iniciais do Ensino Fundamental e na Educa\u00e7\u00e3o de Jovens e Adultos.<\/li>\n<\/ul>\n","protected":false},"excerpt":{"rendered":"<p>Objetivo Geral Refletir sobre as quest\u00f5es atuais que interv\u00eam no cotidiano escolar e na forma\u00e7\u00e3o de professores, ampliando os horizontes sobre a doc\u00eancia. Objetivos Espec\u00edficos &nbsp; Refletir sobre a influ\u00eancia dos aspectos sociais, culturais, socioafetivos e econ\u00f4micos do entorno no &hellip; <a href=\"https:\/\/videira.ifc.edu.br\/simposio-pedagogia\/edicoes-anteriores\/2012-i-simposio-da-pedagogia\/objetivos\/\">Continuar lendo <span class=\"meta-nav\">&rarr;<\/span><\/a><\/p>\n","protected":false},"author":9,"featured_media":31,"parent":9,"menu_order":0,"comment_status":"open","ping_status":"open","template":"","meta":{"footnotes":""},"class_list":["post-13","page","type-page","status-publish","has-post-thumbnail","hentry"],"_links":{"self":[{"href":"https:\/\/videira.ifc.edu.br\/simposio-pedagogia\/wp-json\/wp\/v2\/pages\/13","targetHints":{"allow":["GET"]}}],"collection":[{"href":"https:\/\/videira.ifc.edu.br\/simposio-pedagogia\/wp-json\/wp\/v2\/pages"}],"about":[{"href":"https:\/\/videira.ifc.edu.br\/simposio-pedagogia\/wp-json\/wp\/v2\/types\/page"}],"author":[{"embeddable":true,"href":"https:\/\/videira.ifc.edu.br\/simposio-pedagogia\/wp-json\/wp\/v2\/users\/9"}],"replies":[{"embeddable":true,"href":"https:\/\/videira.ifc.edu.br\/simposio-pedagogia\/wp-json\/wp\/v2\/comments?post=13"}],"version-history":[{"count":0,"href":"https:\/\/videira.ifc.edu.br\/simposio-pedagogia\/wp-json\/wp\/v2\/pages\/13\/revisions"}],"up":[{"embeddable":true,"href":"https:\/\/videira.ifc.edu.br\/simposio-pedagogia\/wp-json\/wp\/v2\/pages\/9"}],"wp:featuredmedia":[{"embeddable":true,"href":"https:\/\/videira.ifc.edu.br\/simposio-pedagogia\/wp-json\/wp\/v2\/media\/31"}],"wp:attachment":[{"href":"https:\/\/videira.ifc.edu.br\/simposio-pedagogia\/wp-json\/wp\/v2\/media?parent=13"}],"curies":[{"name":"wp","href":"https:\/\/api.w.org\/{rel}","templated":true}]}}