{"id":156,"date":"2013-03-22T12:40:51","date_gmt":"2013-03-22T12:40:51","guid":{"rendered":"http:\/\/eventos.videira.ifc.edu.br\/pedagogia\/?page_id=156"},"modified":"2013-03-22T12:40:51","modified_gmt":"2013-03-22T12:40:51","slug":"comissao-organizadora","status":"publish","type":"page","link":"https:\/\/videira.ifc.edu.br\/simposio-pedagogia\/edicoes-anteriores\/2013-2o-simposio-da-pedagogia\/comissao-organizadora\/","title":{"rendered":"Comiss\u00e3o Organizadora"},"content":{"rendered":"<p>1) Comiss\u00e3o de divulga\u00e7\u00e3o e inscri\u00e7\u00f5es: Tiago Heineck, Juliana Carla Bauerle Motta, Daniel Mazon da Silva, Giovana Von Mecheln, \u00c9merson L. Monsani.<br \/>\n2) Comiss\u00e3o de recep\u00e7\u00e3o e organiza\u00e7\u00e3o de palestras e oficinas: M\u00e1rio Ferreira Resende e Francini Carla Grzeca.<br \/>\n3) Comiss\u00e3o cient\u00edfica: Pollyana dos Santos, Filomena Rodrigues da Silva e Jane Suzete Valter.<br \/>\n4) Comiss\u00e3o de infraestrutura: Marizete Bortolanza Spessatto e Gabriela Frizzo Patricio.<\/p>\n","protected":false},"excerpt":{"rendered":"<p>1) Comiss\u00e3o de divulga\u00e7\u00e3o e inscri\u00e7\u00f5es: Tiago Heineck, Juliana Carla Bauerle Motta, Daniel Mazon da Silva, Giovana Von Mecheln, \u00c9merson L. Monsani. 2) Comiss\u00e3o de recep\u00e7\u00e3o e organiza\u00e7\u00e3o de palestras e oficinas: M\u00e1rio Ferreira Resende e Francini Carla Grzeca. 3) &hellip; <a href=\"https:\/\/videira.ifc.edu.br\/simposio-pedagogia\/edicoes-anteriores\/2013-2o-simposio-da-pedagogia\/comissao-organizadora\/\">Continuar lendo <span class=\"meta-nav\">&rarr;<\/span><\/a><\/p>\n","protected":false},"author":9,"featured_media":0,"parent":188,"menu_order":800,"comment_status":"closed","ping_status":"closed","template":"","meta":{"footnotes":""},"class_list":["post-156","page","type-page","status-publish","hentry"],"_links":{"self":[{"href":"https:\/\/videira.ifc.edu.br\/simposio-pedagogia\/wp-json\/wp\/v2\/pages\/156","targetHints":{"allow":["GET"]}}],"collection":[{"href":"https:\/\/videira.ifc.edu.br\/simposio-pedagogia\/wp-json\/wp\/v2\/pages"}],"about":[{"href":"https:\/\/videira.ifc.edu.br\/simposio-pedagogia\/wp-json\/wp\/v2\/types\/page"}],"author":[{"embeddable":true,"href":"https:\/\/videira.ifc.edu.br\/simposio-pedagogia\/wp-json\/wp\/v2\/users\/9"}],"replies":[{"embeddable":true,"href":"https:\/\/videira.ifc.edu.br\/simposio-pedagogia\/wp-json\/wp\/v2\/comments?post=156"}],"version-history":[{"count":0,"href":"https:\/\/videira.ifc.edu.br\/simposio-pedagogia\/wp-json\/wp\/v2\/pages\/156\/revisions"}],"up":[{"embeddable":true,"href":"https:\/\/videira.ifc.edu.br\/simposio-pedagogia\/wp-json\/wp\/v2\/pages\/188"}],"wp:attachment":[{"href":"https:\/\/videira.ifc.edu.br\/simposio-pedagogia\/wp-json\/wp\/v2\/media?parent=156"}],"curies":[{"name":"wp","href":"https:\/\/api.w.org\/{rel}","templated":true}]}}