{"id":196,"date":"2014-04-23T11:29:19","date_gmt":"2014-04-23T11:29:19","guid":{"rendered":"http:\/\/eventos.videira.ifc.edu.br\/pedagogia\/?page_id=196"},"modified":"2014-04-23T11:29:19","modified_gmt":"2014-04-23T11:29:19","slug":"palestras","status":"publish","type":"page","link":"https:\/\/videira.ifc.edu.br\/simposio-pedagogia\/palestras\/","title":{"rendered":"Palestras"},"content":{"rendered":"<h4><strong>Palestra de abertura: 19\/05\/2014<\/strong><\/h4>\n<h4><strong>Tema: G\u00eanero e educa\u00e7\u00e3o: di\u00e1logos poss\u00edveis e necess\u00e1rios<\/strong><\/h4>\n<h4><strong><\/strong><strong>Palestrante<\/strong>:\u00a0Caroline Jaques Cubas<\/h4>\n<h4><strong>Curr\u00edculo<\/strong>: Possui gradua\u00e7\u00e3o em Hist\u00f3ria pela Universidade do Vale do Itaja\u00ed, especializa\u00e7\u00e3o em Hist\u00f3ria pela Universidade do Estado de Santa Catarina. Mestrado em Hist\u00f3ria pela Universidade Federal de Santa Catarina. \u00c9 aluna do Programa de P\u00f3s-Gradua\u00e7\u00e3o em Hist\u00f3ria, em n\u00edvel de doutorado, com um est\u00e1gio realizado na Universit\u00e9 de Rennes. Tem experi\u00eancia na \u00e1rea de Hist\u00f3ria, com \u00eanfase nas discuss\u00f5es que se referem \u00e0 quest\u00f5es de identidades, g\u00eanero e religiosidade. Professora de hist\u00f3ria da Faed\/Udesc.<\/h4>\n<hr \/>\n<h4><strong>Palestra de encerramento: 23\/05\/2014 <\/strong><\/h4>\n<h4><strong>Tema: Educa\u00e7\u00e3o, Diversidade e Inclus\u00e3o: desafios contempor\u00e2neos para uma educa\u00e7\u00e3o\u00a0<\/strong><strong>emancipadora<br \/>\nPalestrante:\u00a0<\/strong>S\u00f4nia Regina de Souza Fernandes<br \/>\n<strong>Curr\u00edculo:\u00a0<\/strong>Gradua\u00e7\u00e3o em Pedagogia pela Universidade do Planalto Catarinense\/UNIPLAC\/SC. Mestrado e Doutorado em Educa\u00e7\u00e3o pela Universidade do Vale do Rio dos Sinos\/UNISINOS\/RS. Doutoramento sandu\u00edche na Faculdade de Psicologia e Ci\u00eancias da Educa\u00e7\u00e3o da Universidade do Porto\/UP\/Portugal. Professora e pesquisadora com experi\u00eancia na \u00e1rea de Educa\u00e7\u00e3o B\u00e1sica e Superior. Linha de Pesquisa: Pol\u00edticas e Processos Pedag\u00f3gicos em Educa\u00e7\u00e3o e Forma\u00e7\u00e3o de Professores. Experi\u00eancia em processos de forma\u00e7\u00e3o continuada de professores da Educa\u00e7\u00e3o B\u00e1sica e Superior. Atualmente \u00e9 docente no Instituto Federal Catarinense\/Campus de Cambori\u00fa e coordena o setor de Ensino Superior.<\/h4>\n","protected":false},"excerpt":{"rendered":"<p>Palestra de abertura: 19\/05\/2014 Tema: G\u00eanero e educa\u00e7\u00e3o: di\u00e1logos poss\u00edveis e necess\u00e1rios Palestrante:\u00a0Caroline Jaques Cubas Curr\u00edculo: Possui gradua\u00e7\u00e3o em Hist\u00f3ria pela Universidade do Vale do Itaja\u00ed, especializa\u00e7\u00e3o em Hist\u00f3ria pela Universidade do Estado de Santa Catarina. Mestrado em Hist\u00f3ria pela &hellip; <a href=\"https:\/\/videira.ifc.edu.br\/simposio-pedagogia\/palestras\/\">Continuar lendo <span class=\"meta-nav\">&rarr;<\/span><\/a><\/p>\n","protected":false},"author":9,"featured_media":0,"parent":0,"menu_order":0,"comment_status":"closed","ping_status":"closed","template":"","meta":{"footnotes":""},"class_list":["post-196","page","type-page","status-publish","hentry"],"_links":{"self":[{"href":"https:\/\/videira.ifc.edu.br\/simposio-pedagogia\/wp-json\/wp\/v2\/pages\/196","targetHints":{"allow":["GET"]}}],"collection":[{"href":"https:\/\/videira.ifc.edu.br\/simposio-pedagogia\/wp-json\/wp\/v2\/pages"}],"about":[{"href":"https:\/\/videira.ifc.edu.br\/simposio-pedagogia\/wp-json\/wp\/v2\/types\/page"}],"author":[{"embeddable":true,"href":"https:\/\/videira.ifc.edu.br\/simposio-pedagogia\/wp-json\/wp\/v2\/users\/9"}],"replies":[{"embeddable":true,"href":"https:\/\/videira.ifc.edu.br\/simposio-pedagogia\/wp-json\/wp\/v2\/comments?post=196"}],"version-history":[{"count":0,"href":"https:\/\/videira.ifc.edu.br\/simposio-pedagogia\/wp-json\/wp\/v2\/pages\/196\/revisions"}],"wp:attachment":[{"href":"https:\/\/videira.ifc.edu.br\/simposio-pedagogia\/wp-json\/wp\/v2\/media?parent=196"}],"curies":[{"name":"wp","href":"https:\/\/api.w.org\/{rel}","templated":true}]}}