{"id":198,"date":"2014-04-23T11:31:23","date_gmt":"2014-04-23T11:31:23","guid":{"rendered":"http:\/\/eventos.videira.ifc.edu.br\/pedagogia\/?page_id=198"},"modified":"2014-04-23T11:31:23","modified_gmt":"2014-04-23T11:31:23","slug":"mesa-redonda-diversidade-em-debate","status":"publish","type":"page","link":"https:\/\/videira.ifc.edu.br\/simposio-pedagogia\/mesa-redonda-diversidade-em-debate\/","title":{"rendered":"Mesa-redonda"},"content":{"rendered":"<p><strong>Diversidade em Debate<\/strong><\/p>\n<p>Data: 22\/05\/2014<\/p>\n<p><strong>Tema: RELATO DE EXPERI\u00caNCIA: FORMA\u00c7\u00c3O DE PROFESSORES NA PERSPECTIVA DA EDUCA\u00c7\u00c3O INCLUSIVA<br \/>\n<\/strong><strong>Participante: Marines Dias Gon\u00e7alves<br \/>\nCurr\u00edculo:<\/strong> Licenciada em Pedagogia com habilita\u00e7\u00e3o em Educa\u00e7\u00e3o Especial. Especializa\u00e7\u00e3o tamb\u00e9m em Educa\u00e7\u00e3o Especial. Possui experi\u00eancia profissional na \u00e1rea de Educa\u00e7\u00e3o Inclusiva. Atualmente \u00e9 docente no ensino superior do IFC- Campus Rio do Sul, atuando principalmente nas disciplinas de Libras e Educa\u00e7\u00e3o Inclusiva. Possui o certificado de profici\u00eancia em L\u00edngua Brasileira de Sinais- PROLIBRAS. Coordena as atividades do N\u00facleo de Atendimento \u00e0s Pessoas com necessidades Espec\u00edficas.<\/p>\n<p><strong>Tema: Educa\u00e7\u00e3o Escolar Ind\u00edgena<\/strong><br \/>\n<strong>Participante: Luc\u00ed Teresinha Marchiori dos Santos Bernardi<\/strong><br \/>\n<strong>Curr\u00edculo:<\/strong> Possui gradua\u00e7\u00e3o em Matem\u00e1tica pela Universidade de Passo Fundo e mestrado em Educa\u00e7\u00e3o pela Universidade Federal de Santa Catarina e Doutorado em Educa\u00e7\u00e3o Cient\u00edfica e Tecnol\u00f3gica pela Universidade Federal de Santa Catarina. Atualmente \u00e9 professora permanente e coordenadora do Programa de P\u00f3s-Gradua\u00e7\u00e3o stricto sensu em Educa\u00e7\u00e3o da Universidade Comunit\u00e1ria da Regi\u00e3o de Chapec\u00f3 &#8211; Unochapec\u00f3. Tem experi\u00eancia na \u00e1rea de Educa\u00e7\u00e3o, com \u00eanfase em Educa\u00e7\u00e3o Matem\u00e1tica, atuando principalmente nos seguintes temas: Educa\u00e7\u00e3o Matem\u00e1tica, Forma\u00e7\u00e3o do Professor que ensina Matem\u00e1tica, Educa\u00e7\u00e3o Ind\u00edgena e do Campo<\/p>\n<p><strong>Tema: G\u00eanero, sexualidade e educa\u00e7\u00e3o<br \/>\nParticipante: Fernando Jos\u00e9 Taques<br \/>\n<\/strong><strong>Curr\u00edculo<\/strong>: Professor do Instituto Federal Catarinense (IFC) Campus Ibirama, Diretor-Geral da mesma institui\u00e7\u00e3o e doutor em Sociologia Pol\u00edtica pela Universidade Federal de Santa Catarina (UFSC), possui gradua\u00e7\u00e3o em Ci\u00eancias Sociais e mestrado em Sociologia Pol\u00edtica pela mesma Universidade. Tem experi\u00eancia na \u00e1rea de Sociologia, com \u00eanfase principalmente nos seguintes temas: Educa\u00e7\u00e3o e Cultura, Movimentos Sociais, ONGs, Sexualidades, Movimento LGBT, Empoderamento e Direitos Humanos.<\/p>\n<p>&nbsp;<\/p>\n","protected":false},"excerpt":{"rendered":"<p>Diversidade em Debate Data: 22\/05\/2014 Tema: RELATO DE EXPERI\u00caNCIA: FORMA\u00c7\u00c3O DE PROFESSORES NA PERSPECTIVA DA EDUCA\u00c7\u00c3O INCLUSIVA Participante: Marines Dias Gon\u00e7alves Curr\u00edculo: Licenciada em Pedagogia com habilita\u00e7\u00e3o em Educa\u00e7\u00e3o Especial. Especializa\u00e7\u00e3o tamb\u00e9m em Educa\u00e7\u00e3o Especial. Possui experi\u00eancia profissional na \u00e1rea &hellip; <a href=\"https:\/\/videira.ifc.edu.br\/simposio-pedagogia\/mesa-redonda-diversidade-em-debate\/\">Continuar lendo <span class=\"meta-nav\">&rarr;<\/span><\/a><\/p>\n","protected":false},"author":9,"featured_media":0,"parent":0,"menu_order":0,"comment_status":"closed","ping_status":"closed","template":"","meta":{"footnotes":""},"class_list":["post-198","page","type-page","status-publish","hentry"],"_links":{"self":[{"href":"https:\/\/videira.ifc.edu.br\/simposio-pedagogia\/wp-json\/wp\/v2\/pages\/198","targetHints":{"allow":["GET"]}}],"collection":[{"href":"https:\/\/videira.ifc.edu.br\/simposio-pedagogia\/wp-json\/wp\/v2\/pages"}],"about":[{"href":"https:\/\/videira.ifc.edu.br\/simposio-pedagogia\/wp-json\/wp\/v2\/types\/page"}],"author":[{"embeddable":true,"href":"https:\/\/videira.ifc.edu.br\/simposio-pedagogia\/wp-json\/wp\/v2\/users\/9"}],"replies":[{"embeddable":true,"href":"https:\/\/videira.ifc.edu.br\/simposio-pedagogia\/wp-json\/wp\/v2\/comments?post=198"}],"version-history":[{"count":0,"href":"https:\/\/videira.ifc.edu.br\/simposio-pedagogia\/wp-json\/wp\/v2\/pages\/198\/revisions"}],"wp:attachment":[{"href":"https:\/\/videira.ifc.edu.br\/simposio-pedagogia\/wp-json\/wp\/v2\/media?parent=198"}],"curies":[{"name":"wp","href":"https:\/\/api.w.org\/{rel}","templated":true}]}}