{"id":230,"date":"2014-04-24T19:46:50","date_gmt":"2014-04-24T19:46:50","guid":{"rendered":"http:\/\/eventos.videira.ifc.edu.br\/pedagogia\/?page_id=230"},"modified":"2014-04-24T19:46:50","modified_gmt":"2014-04-24T19:46:50","slug":"normas-para-publicacao","status":"publish","type":"page","link":"https:\/\/videira.ifc.edu.br\/simposio-pedagogia\/normas-para-publicacao\/","title":{"rendered":"Normas para publica\u00e7\u00e3o"},"content":{"rendered":"<p>&nbsp;<\/p>\n<p class=\"western\" align=\"JUSTIFY\"><strong>1- Tipos de resumos\/apresenta\u00e7\u00e3o<\/strong><\/p>\n<p class=\"western\" align=\"JUSTIFY\">Podem ser submetidos resumos de:<\/p>\n<ol>\n<li>\n<p class=\"western\" align=\"JUSTIFY\">trabalhos cient\u00edficos de estudantes ou professores de ensino superior e\/ou pesquisadores e\/ou profissionais de educa\u00e7\u00e3o b\u00e1sica e t\u00e9cnica;<\/p>\n<\/li>\n<li>\n<p class=\"western\" align=\"JUSTIFY\">trabalhos com experi\u00eancias ou pr\u00e1ticas de ensino-aprendizagem, de professores de educa\u00e7\u00e3o b\u00e1sica ou t\u00e9cnica.<\/p>\n<\/li>\n<\/ol>\n<p class=\"western\" align=\"JUSTIFY\"><strong>2- Resumos que n\u00e3o ser\u00e3o aceitos<\/strong><\/p>\n<p class=\"western\" align=\"JUSTIFY\">N\u00e3o ser\u00e3o aceitos, pela comiss\u00e3o organizadora do evento e pela comiss\u00e3o cient\u00edfica, o resumo enquadrado em quaisquer dos itens a seguir:<\/p>\n<ol>\n<li>\n<p class=\"western\" align=\"JUSTIFY\">Resumo com mais de 04 (quatro) autores (contando o orientador);<\/p>\n<\/li>\n<li>\n<p class=\"western\" align=\"JUSTIFY\">Resumo de trabalho j\u00e1 publicado;<\/p>\n<\/li>\n<li>\n<p class=\"western\" align=\"JUSTIFY\">Simples descri\u00e7\u00e3o de projeto, inten\u00e7\u00e3o de trabalho;<\/p>\n<\/li>\n<li>\n<p class=\"western\" align=\"JUSTIFY\">Trabalho que n\u00e3o se caracterize como pesquisa cient\u00edfica ou de professor de educa\u00e7\u00e3o b\u00e1sica ou t\u00e9cnica;<\/p>\n<\/li>\n<li>\n<p class=\"western\" align=\"JUSTIFY\">Resumo sem rigorosa revis\u00e3o gramatical, ortogr\u00e1fica, de digita\u00e7\u00e3o, de conte\u00fado e dados da pesquisa, incluindo \u00e1rea, nomes dos<\/p>\n<\/li>\n<li>\n<p class=\"western\" align=\"JUSTIFY\">autores, t\u00edtulo etc.;<\/p>\n<\/li>\n<li>\n<p class=\"western\" align=\"JUSTIFY\">Resumo com tabelas, gr\u00e1ficos, fotos, imagens de qualquer g\u00eanero ou de f\u00f3rmulas matem\u00e1ticas e qu\u00edmicas (se necess\u00e1rio<span style=\"color: #800000\">, <\/span>descrever por extenso).<\/p>\n<\/li>\n<\/ol>\n<p class=\"western\" align=\"JUSTIFY\"><strong>3- Inscri\u00e7\u00e3o do autor<\/strong><\/p>\n<ol>\n<li>\n<p class=\"western\" style=\"font-weight: normal\" align=\"JUSTIFY\">O per\u00edodo de inscri\u00e7\u00e3o do resumo \u00e9 de <span style=\"text-decoration: underline\">24 de abril a 12\u00a0de maio de 2014<\/span>.<\/p>\n<\/li>\n<li>\n<p class=\"western\" style=\"font-weight: normal\" align=\"JUSTIFY\">Apenas um dos autores dever\u00e1 submeter o resumo para avalia\u00e7\u00e3o. Solicitamos que o respons\u00e1vel informe no t\u00edtulo\/assunto do e-mail seu n\u00famero de inscri\u00e7\u00e3o, conforme descrito abaixo;<\/p>\n<\/li>\n<li>\n<p class=\"western\" style=\"font-weight: normal\" align=\"JUSTIFY\">Os resumos dever\u00e3o ser enviados para o e-mail: <span style=\"color: #777777\"><span style=\"font-family: 'Liberation Serif', serif\"><span style=\"font-size: medium\"><b><a href=\"mailto:superior.pedagogia@ifc-videira.edu.br\">superior.pedagogia@ifc-videira.edu.br<\/a> <\/b><\/span><\/span><\/span><span style=\"color: #000000\"><span style=\"font-family: 'Liberation Serif', serif\"><span style=\"font-size: medium\">e dever\u00e3o conter as seguintes identifica\u00e7\u00f5es no t\u00edtulo\/assunto do e-mail: Resumo &#8211; III Simp\u00f3sio Pedagogia &#8211; n\u00famero de inscri\u00e7\u00e3o do autor: XXXXX.<\/span><\/span><\/span><\/p>\n<\/li>\n<li>\n<p class=\"western\" style=\"font-weight: normal\" align=\"JUSTIFY\">Lembramos que todos os autores dever\u00e3o fazer a inscri\u00e7\u00e3o no evento;<\/p>\n<\/li>\n<li>\n<p class=\"western\" style=\"font-weight: normal\" align=\"JUSTIFY\">O autor que enviar o resumo \u00e9 respons\u00e1vel legalmente por todo seu conte\u00fado (incluindo \u00e1rea, t\u00edtulo, nomes dos autores, institui\u00e7\u00f5es etc.). A comiss\u00e3o organizadora do III Simp\u00f3sio de Pedagogia \u00e9 isenta de qualquer responsabilidade sobre o conte\u00fado do p\u00f4ster que for divulgado (programa, atestado, e-mail, p\u00f4ster, site, livro eletr\u00f4nico e outros).<\/p>\n<\/li>\n<\/ol>\n<p class=\"western\" align=\"JUSTIFY\"><strong>4- Divulga\u00e7\u00e3o dos resultados<\/strong><\/p>\n<p class=\"western\" align=\"JUSTIFY\">Os pareceres de aceite ou recusa do resumo ser\u00e3o divulgados no dia 12 de maio de 2014.<\/p>\n<p class=\"western\" style=\"font-weight: normal\" align=\"JUSTIFY\">OBSERVA\u00c7\u00c3O: n\u00e3o caber\u00e1 altera\u00e7\u00e3o ou substitui\u00e7\u00e3o ao resumo recusado. A inscri\u00e7\u00e3o do autor n\u00e3o ser\u00e1 cancelada.<\/p>\n<p class=\"western\" style=\"font-weight: normal\" align=\"JUSTIFY\"><strong>5- Programa\u00e7\u00e3o do P\u00f4ster<\/strong><\/p>\n<p class=\"western\" style=\"font-weight: normal\" align=\"JUSTIFY\">Os p\u00f4steres ser\u00e3o apresentados no dia 22 de maio de 2014, das 18h30 \u00e0s 19h30.<\/p>\n<p class=\"western\" style=\"font-weight: normal\" align=\"JUSTIFY\">Os respons\u00e1veis devem estar presentes no local com pelo menos 20 min<span style=\"color: #000000\">utos<\/span> de anteced\u00eancia para montagem do material a ser apresentado.<\/p>\n<p class=\"western\" style=\"font-weight: normal\" align=\"JUSTIFY\">Ser\u00e1 entregue 1 (um) certificado de apresenta\u00e7\u00e3o por p\u00f4ster e o mesmo ser\u00e1 destinado apenas aos autores.<\/p>\n<p class=\"western\" style=\"font-weight: normal\" align=\"JUSTIFY\"><strong>6- Normatiza\u00e7\u00e3o para os resumos<\/strong><\/p>\n<ol>\n<li>\n<p class=\"western\" style=\"font-weight: normal\" align=\"JUSTIFY\">Prepare o resumo em um editor de textos, com fonte Arial, tamanho 10. Para envio do arquivo por e-mail, solicitamos que o mesmo seja salvo no formato PDF.<\/p>\n<\/li>\n<li>\n<p class=\"western\" style=\"font-weight: normal\" align=\"JUSTIFY\"><span style=\"text-decoration: underline\">O resumo n\u00e3o deve conter:<\/span> par\u00e1grafos com recuos, espa\u00e7amentos ou tabula\u00e7\u00f5es; tabelas, gr\u00e1ficos, imagens de qualquer g\u00eanero ou fotos (esses dados podem ser colocados no p\u00f4ster, se for o caso).<\/p>\n<\/li>\n<li>\n<p class=\"western\" style=\"font-weight: normal\" align=\"JUSTIFY\">Campos e limites do resumo<\/p>\n<\/li>\n<\/ol>\n<p class=\"western\" style=\"font-weight: normal\" align=\"JUSTIFY\">\u00a0<b>T\u00edtulo:<\/b> m\u00e1ximo de 15 palavras \u2013 deve ser escrito em letras mai\u00fasculas<\/p>\n<p class=\"western\" style=\"font-weight: normal\" align=\"JUSTIFY\">\u00a0<b>Autores: <\/b><span style=\"font-weight: normal\">no m\u00e1ximo 4 autores; deve ser incluso e contado o orientador (quando houver).<\/span><\/p>\n<p class=\"western\" style=\"font-weight: normal\" align=\"JUSTIFY\">Escrever os nomes por extenso e usando inciais mai\u00fasculas.<\/p>\n<p class=\"western\" style=\"font-weight: normal\" align=\"JUSTIFY\">N\u00e3o inverter os nomes, n\u00e3o colocar v\u00edrgula e n\u00e3o abreviar.<\/p>\n<p class=\"western\" style=\"font-weight: normal\" align=\"JUSTIFY\">N\u00e3o acrescentar titula\u00e7\u00f5es junto ao nome (ex.: mestre, orientador etc.) &#8211; se necess\u00e1rio, incluir junto ao campo da Institui\u00e7\u00e3o dos autores (a seguir).<\/p>\n<p class=\"western\" align=\"JUSTIFY\"><b>E-mail: <\/b><span style=\"font-weight: normal\">informar somente o e-mail do primeiro autor<\/span><\/p>\n<p class=\"western\" align=\"JUSTIFY\"><b>Institui\u00e7\u00e3o dos autores e orientadores: <\/b><span style=\"font-weight: normal\">podem constar no m\u00e1ximo 4 institui\u00e7\u00f5es.<\/span><\/p>\n<p class=\"western\" style=\"font-weight: normal\" align=\"JUSTIFY\">Se necess\u00e1rio, neste campo tamb\u00e9m poder\u00e1 constar a titula\u00e7\u00e3o do autor.<\/p>\n<p class=\"western\" style=\"font-weight: normal\" align=\"JUSTIFY\">Obs: a identifica\u00e7\u00e3o do orientador \u00e9 obrigat\u00f3ria.<\/p>\n<p class=\"western\" align=\"JUSTIFY\"><b>Corpo do texto: <\/b><span style=\"font-weight: normal\">devem constar no corpo do texto informa\u00e7\u00f5es referentes \u00e0: introdu\u00e7\u00e3o, metodologia, resultados\/discuss\u00f5es e considera\u00e7\u00f5es finais. <\/span><\/p>\n<p class=\"western\" style=\"font-weight: normal\" align=\"JUSTIFY\">O texto deve estar de acordo com as normas da ABNT.<\/p>\n<p class=\"western\" style=\"font-weight: normal\" align=\"JUSTIFY\">O resumo <span style=\"color: #000000\">deve <\/span>conter, no m\u00ednimo, 250 palavras e, no m\u00e1ximo, 300.<\/p>\n<p class=\"western\" align=\"JUSTIFY\"><b>Palavras- chaves: <\/b><span style=\"font-weight: normal\">informar 3 palavras-chaves<\/span><span style=\"color: #000000\"><span style=\"font-weight: normal\">, separadas por ponto e v\u00edrgula. <\/span><\/span><\/p>\n<p>&nbsp;<\/p>\n<p class=\"western\" align=\"JUSTIFY\"><strong>Normas para o p\u00f4ster<\/strong><\/p>\n<p class=\"western\" align=\"JUSTIFY\"><strong>1- Prepara\u00e7\u00e3o do p\u00f4ster<\/strong><\/p>\n<p class=\"western\" align=\"JUSTIFY\">O p\u00f4ster dever\u00e1 ser confeccionado pelos autores apenas se o resumo submetido obtiver aceite para apresenta\u00e7\u00e3o.<\/p>\n<p class=\"western\" style=\"font-weight: normal\" align=\"JUSTIFY\"><strong>2- Estrutura e conte\u00fado<\/strong><\/p>\n<ol>\n<li>\n<p class=\"western\" style=\"font-weight: normal\" align=\"JUSTIFY\">Dimens\u00f5es do p\u00f4ster:<span style=\"color: #000000\"> largura: 90cm<\/span><\/p>\n<p class=\"western\" style=\"font-weight: normal\" align=\"JUSTIFY\"><span style=\"color: #000000\"> altura: 1,20cm<\/span><\/p>\n<\/li>\n<li>\n<p class=\"western\" style=\"font-weight: normal\" align=\"JUSTIFY\"><span style=\"color: #000000\">Dever\u00e1 constar no p\u00f4ster: <\/span><\/p>\n<p class=\"western\" style=\"font-weight: normal\" align=\"JUSTIFY\"><span style=\"color: #000000\">&#8211; \u00e1rea do conhecimento <\/span><\/p>\n<p class=\"western\" style=\"font-weight: normal\" align=\"JUSTIFY\"><span style=\"color: #000000\">&#8211; t\u00edtulo id\u00eantico ao do resumo aceito <\/span><\/p>\n<p class=\"western\" style=\"font-weight: normal\" align=\"JUSTIFY\"><span style=\"color: #000000\">&#8211; nomes e institui\u00e7\u00f5es dos autores <\/span><\/p>\n<p class=\"western\" style=\"font-weight: normal\" align=\"JUSTIFY\"><span style=\"color: #000000\">&#8211; introdu\u00e7\u00e3o; metodologia; resultados\/discuss\u00f5es; conclus\u00f5es<\/span><\/p>\n<\/li>\n<li>\n<p class=\"western\" style=\"font-weight: normal\" align=\"JUSTIFY\"><span style=\"color: #000000\">O p\u00f4ster dever\u00e1 ter clareza: utilizar o m\u00ednimo de texto e o m\u00e1ximo de figuras, fotos, tabelas e recursos gr\u00e1ficos poss\u00edveis; organizar as informa\u00e7\u00f5es de modo que as id<span style=\"color: #800000\">e<\/span>ias centrais do trabalho sejam facilmente compreendidas; o texto do p\u00f4ster dever\u00e1 ser leg\u00edvel a uma dist\u00e2ncia de pelo menos dois metros.<\/span><\/p>\n<\/li>\n<li>\n<p class=\"western\" style=\"font-weight: normal\" align=\"JUSTIFY\"><span style=\"color: #000000\">\u00c9 proibido na apresenta\u00e7\u00e3o do p\u00f4ster: <\/span><\/p>\n<p class=\"western\" style=\"font-weight: normal\" align=\"JUSTIFY\"><span style=\"color: #000000\">&#8211; apresentar com retroprojetor, computador, microfone e\/ou outros equipamentos el\u00e9tricos; <\/span><\/p>\n<p class=\"western\" style=\"font-weight: normal\" align=\"JUSTIFY\"><span style=\"color: #000000\">&#8211; utilizar aparelhos e instrumentos sonoros que interfiram na comunica\u00e7\u00e3o dos autores da sess\u00e3o; <\/span><\/p>\n<p class=\"western\" style=\"font-weight: normal\" align=\"JUSTIFY\"><span style=\"color: #000000\">&#8211; apresentar o p\u00f4ster fora da data, local ou hor\u00e1rios programados; <\/span><\/p>\n<p class=\"western\" style=\"font-weight: normal\" align=\"JUSTIFY\"><span style=\"color: #000000\">&#8211; que um \u00fanico autor apresente mais de um p\u00f4ster em um \u00fanico dia do evento; <\/span><\/p>\n<p class=\"western\" style=\"font-weight: normal\" align=\"JUSTIFY\"><span style=\"color: #000000\">&#8211; apresenta\u00e7\u00e3o por terceiros: n\u00e3o autores; <\/span><\/p>\n<p class=\"western\" style=\"font-weight: normal\" align=\"JUSTIFY\"><span style=\"color: #000000\">&#8211; apresenta\u00e7\u00e3o oral ou perform\u00e1tica; <\/span><\/p>\n<p class=\"western\" style=\"font-weight: normal\" align=\"JUSTIFY\"><span style=\"color: #000000\">&#8211; sem o crach\u00e1 da inscri\u00e7\u00e3o que ser\u00e1 entregue ano ato do credenciamento.<\/span><\/p>\n<\/li>\n<\/ol>\n<p class=\"western\" align=\"JUSTIFY\"><strong><span style=\"color: #000000\">3- Local, data e hor\u00e1rio de apresenta\u00e7\u00e3o do p\u00f4ster<\/span><\/strong><\/p>\n<p class=\"western\" style=\"font-weight: normal\" align=\"JUSTIFY\"><span style=\"color: #000000\">Local: O local ser\u00e1 divulgado no momento de envio da aprova\u00e7\u00e3o do resumo.<\/span><\/p>\n<p class=\"western\" style=\"font-weight: normal\" align=\"JUSTIFY\"><span style=\"color: #000000\">Data: 22 de maio de 2014. <\/span><\/p>\n<p class=\"western\" style=\"font-weight: normal\" align=\"JUSTIFY\"><span style=\"color: #000000\">Hor\u00e1rio: 18h30 \u00e0s 19h30.<\/span><\/p>\n<p class=\"western\" style=\"font-weight: normal\" align=\"JUSTIFY\"><strong>4- Certifica\u00e7\u00e3o\u00a0<\/strong><\/p>\n<ol>\n<li>\n<p class=\"western\" style=\"font-weight: normal\" align=\"JUSTIFY\"><span style=\"color: #000000\">Durante a sess\u00e3o a comiss\u00e3o cient\u00edfica registrar\u00e1 as apresenta\u00e7\u00f5es. No final da <span style=\"color: #800000\">s<\/span>ess\u00e3o ser\u00e1 entregue ao autor presente no local de cada p\u00f4ster o certificado de apresenta\u00e7\u00e3o. <\/span><\/p>\n<\/li>\n<li>\n<p class=\"western\" align=\"JUSTIFY\"><span style=\"color: #000000\"><span style=\"text-decoration: underline\"><span style=\"font-weight: normal\">Aten\u00e7\u00e3o :<\/span><\/span><span style=\"font-weight: normal\"> a comiss\u00e3o cient\u00edfica estar\u00e1 <\/span><span style=\"font-weight: normal\">isenta da obrigatoriedade da entrega do certificado de apresenta\u00e7\u00e3o de p\u00f4ster se:<\/span><\/span><\/p>\n<p class=\"western\" style=\"font-weight: normal\" align=\"JUSTIFY\"><span style=\"color: #000000\">&#8211; o p\u00f4ster estiver fixado em data ou espa\u00e7o diferente da programa\u00e7\u00e3o; <\/span><\/p>\n<p class=\"western\" style=\"font-weight: normal\" align=\"JUSTIFY\"><span style=\"color: #000000\">&#8211; o p\u00f4ster estiver sozinho, sem o autor presente; <\/span><\/p>\n<p class=\"western\" style=\"font-weight: normal\" align=\"JUSTIFY\"><span style=\"color: #000000\">&#8211; o autor estiver sem o crach\u00e1; <\/span><\/p>\n<p class=\"western\" style=\"font-weight: normal\" align=\"JUSTIFY\"><span style=\"color: #000000\">&#8211; o autor estiver apresentando mais de um p\u00f4ster simultaneamente; <\/span><\/p>\n<p class=\"western\" style=\"font-weight: normal\" align=\"JUSTIFY\"><span style=\"color: #000000\">&#8211; o autor permanecer apenas parte do tempo da sess\u00e3o; <\/span><\/p>\n<p class=\"western\" style=\"font-weight: normal\" align=\"JUSTIFY\"><span style=\"color: #000000\">&#8211; nenhum dos autores que conste no resumo estiver presente. <\/span><\/p>\n<\/li>\n<\/ol>\n<p>&nbsp;<\/p>\n<p>&nbsp;<\/p>\n<p>&nbsp;<\/p>\n<p>&nbsp;<\/p>\n<p>&nbsp;<\/p>\n","protected":false},"excerpt":{"rendered":"<p>&nbsp; 1- Tipos de resumos\/apresenta\u00e7\u00e3o Podem ser submetidos resumos de: trabalhos cient\u00edficos de estudantes ou professores de ensino superior e\/ou pesquisadores e\/ou profissionais de educa\u00e7\u00e3o b\u00e1sica e t\u00e9cnica; trabalhos com experi\u00eancias ou pr\u00e1ticas de ensino-aprendizagem, de professores de educa\u00e7\u00e3o b\u00e1sica &hellip; <a href=\"https:\/\/videira.ifc.edu.br\/simposio-pedagogia\/normas-para-publicacao\/\">Continuar lendo <span class=\"meta-nav\">&rarr;<\/span><\/a><\/p>\n","protected":false},"author":9,"featured_media":0,"parent":0,"menu_order":0,"comment_status":"closed","ping_status":"closed","template":"","meta":{"footnotes":""},"class_list":["post-230","page","type-page","status-publish","hentry"],"_links":{"self":[{"href":"https:\/\/videira.ifc.edu.br\/simposio-pedagogia\/wp-json\/wp\/v2\/pages\/230","targetHints":{"allow":["GET"]}}],"collection":[{"href":"https:\/\/videira.ifc.edu.br\/simposio-pedagogia\/wp-json\/wp\/v2\/pages"}],"about":[{"href":"https:\/\/videira.ifc.edu.br\/simposio-pedagogia\/wp-json\/wp\/v2\/types\/page"}],"author":[{"embeddable":true,"href":"https:\/\/videira.ifc.edu.br\/simposio-pedagogia\/wp-json\/wp\/v2\/users\/9"}],"replies":[{"embeddable":true,"href":"https:\/\/videira.ifc.edu.br\/simposio-pedagogia\/wp-json\/wp\/v2\/comments?post=230"}],"version-history":[{"count":0,"href":"https:\/\/videira.ifc.edu.br\/simposio-pedagogia\/wp-json\/wp\/v2\/pages\/230\/revisions"}],"wp:attachment":[{"href":"https:\/\/videira.ifc.edu.br\/simposio-pedagogia\/wp-json\/wp\/v2\/media?parent=230"}],"curies":[{"name":"wp","href":"https:\/\/api.w.org\/{rel}","templated":true}]}}