{"id":55,"date":"2013-03-18T19:09:40","date_gmt":"2013-03-18T19:09:40","guid":{"rendered":"http:\/\/eventos.videira.ifc.edu.br\/pedagogia\/?page_id=55"},"modified":"2013-03-18T19:09:40","modified_gmt":"2013-03-18T19:09:40","slug":"normas-e-editais","status":"publish","type":"page","link":"https:\/\/videira.ifc.edu.br\/simposio-pedagogia\/edicoes-anteriores\/2013-2o-simposio-da-pedagogia\/normas-e-editais\/","title":{"rendered":"Normas para Trabalhos"},"content":{"rendered":"<p>Nesta p\u00e1gina voc\u00ea pode verificar as normas para trabalhos e p\u00f4ster.<\/p>\n","protected":false},"excerpt":{"rendered":"<p>Nesta p\u00e1gina voc\u00ea pode verificar as normas para trabalhos e p\u00f4ster.<\/p>\n","protected":false},"author":9,"featured_media":0,"parent":188,"menu_order":30,"comment_status":"closed","ping_status":"closed","template":"","meta":{"footnotes":""},"class_list":["post-55","page","type-page","status-publish","hentry"],"_links":{"self":[{"href":"https:\/\/videira.ifc.edu.br\/simposio-pedagogia\/wp-json\/wp\/v2\/pages\/55","targetHints":{"allow":["GET"]}}],"collection":[{"href":"https:\/\/videira.ifc.edu.br\/simposio-pedagogia\/wp-json\/wp\/v2\/pages"}],"about":[{"href":"https:\/\/videira.ifc.edu.br\/simposio-pedagogia\/wp-json\/wp\/v2\/types\/page"}],"author":[{"embeddable":true,"href":"https:\/\/videira.ifc.edu.br\/simposio-pedagogia\/wp-json\/wp\/v2\/users\/9"}],"replies":[{"embeddable":true,"href":"https:\/\/videira.ifc.edu.br\/simposio-pedagogia\/wp-json\/wp\/v2\/comments?post=55"}],"version-history":[{"count":0,"href":"https:\/\/videira.ifc.edu.br\/simposio-pedagogia\/wp-json\/wp\/v2\/pages\/55\/revisions"}],"up":[{"embeddable":true,"href":"https:\/\/videira.ifc.edu.br\/simposio-pedagogia\/wp-json\/wp\/v2\/pages\/188"}],"wp:attachment":[{"href":"https:\/\/videira.ifc.edu.br\/simposio-pedagogia\/wp-json\/wp\/v2\/media?parent=55"}],"curies":[{"name":"wp","href":"https:\/\/api.w.org\/{rel}","templated":true}]}}